{"id":83611,"date":"2019-04-04T21:31:18","date_gmt":"2019-04-04T21:31:18","guid":{"rendered":"https:\/\/www.phyt-inov.com\/produit\/mundspuelung-mit-rotem-propolis\/"},"modified":"2026-03-30T09:05:25","modified_gmt":"2026-03-30T09:05:25","slug":"mundspuelung-mit-rotem-propolis","status":"publish","type":"product","link":"https:\/\/www.phyt-inov.com\/de\/produit\/mundspuelung-mit-rotem-propolis\/","title":{"rendered":"Mundsp\u00fclung mit rotem Propolis"},"content":{"rendered":"<p><strong>Ein neues Konzept der Mund- und Zahnpflege<\/strong><\/p>\n<p>Ein frischer Atem und eine ausgewogene Mundflora sind wichtig, um sich zu jeder Tageszeit sicher zu f\u00fchlen.<\/p>\n<p>Einige Tropfen der Phyt-Inov Mundsp\u00fclung mit rotem Propolis, Birkensaft und \u00e4therischen \u00d6len in etwas Wasser erfrischen den Mund langanhaltend und angenehm.<\/p>\n<p>Wohltuend als Erg\u00e4nzung zu einer nat\u00fcrlichen Behandlung von Winterbeschwerden.<\/p>\n<p>Die regelm\u00e4\u00dfige Anwendung dieser Propolis-Mundsp\u00fclung ist die perfekte Erg\u00e4nzung zum Z\u00e4hneputzen f\u00fcr Zahnfleisch und Mundflora.<\/p>\n<p>Pflanzenextrakte und \u00e4therische \u00d6le wie Thymian, Rosmarin, Salbei, Melisse, Minze und Myrrhe tragen zur Regulierung der Mundflora bei und sorgen f\u00fcr frischen Atem.<\/p>\n","protected":false},"excerpt":{"rendered":"<p>Entdecken Sie unsere zu 100 % nat\u00fcrliche und biologische Mundsp\u00fclung von au\u00dfergew\u00f6hnlicher Qualit\u00e4t, angereichert mit rotem Propolis.<\/p>\n<p>Sie bietet optimalen Schutz und respektiert das nat\u00fcrliche Gleichgewicht Ihrer Mundflora.<\/p>\n<p>Genie\u00dfen Sie langanhaltende Frische und authentische Pflege f\u00fcr eine perfekte Mundhygiene.<\/p>\n","protected":false},"featured_media":83612,"comment_status":"open","ping_status":"closed","template":"","meta":{"_et_pb_use_builder":"","_et_pb_old_content":"","_et_gb_content_width":""},"product_brand":[],"product_cat":[103,144,107],"product_tag":[],"class_list":{"0":"post-83611","1":"product","2":"type-product","3":"status-publish","4":"has-post-thumbnail","6":"product_cat-hygiene-gesundheitsprodukte","7":"product_cat-hygiene-schonheit-und-hautpflege","8":"product_cat-schatze-des-bienenstocks","10":"first","11":"instock","12":"shipping-taxable","13":"purchasable","14":"product-type-simple"},"yoast_head":"<!-- This site is optimized with the Yoast SEO plugin v27.3 - https:\/\/yoast.com\/product\/yoast-seo-wordpress\/ -->\n<title>Mundsp\u00fclung mit rotem Propolis \u2013 Zahnfleisch und Atem \u2013 Phyt-Inov\u00ae offiziell \u2013 50-ml-Flakon 100 % nat\u00fcrlichen und biologischen Ursprungs | Phyt-inov.com<\/title>\n<meta name=\"description\" content=\"Phyt-Inov international\u00ae offiziell, f\u00fchrendes Schweizer Labor f\u00fcr nat\u00fcrliche und biologische Pflege und Kosmetik f\u00fcr die Gesundheit und Sch\u00f6nheit der Haut, bietet seine biologische Mundsp\u00fclung an (50 ml, ohne Konservierungsstoffe, ohne PEG) \u2013 Die Mundsp\u00fclung ist ein Natur-\/Bio-Produkt von Phyt Inov zur kr\u00e4ftigen Mundsp\u00fclung f\u00fcr einen langanhaltend frischen Atem und zum Gurgeln. (nat\u00fcrliche und biologische Mundsp\u00fclung\/rotes Propolis).\" \/>\n<meta name=\"robots\" content=\"index, follow, max-snippet:-1, max-image-preview:large, max-video-preview:-1\" \/>\n<link rel=\"canonical\" href=\"https:\/\/www.phyt-inov.com\/de\/produit\/mundspuelung-mit-rotem-propolis\/\" \/>\n<meta property=\"og:locale\" content=\"de_DE\" \/>\n<meta property=\"og:type\" content=\"article\" \/>\n<meta property=\"og:title\" content=\"Mundsp\u00fclung mit rotem Propolis \u2013 Zahnfleisch und Atem \u2013 Phyt-Inov\u00ae offiziell \u2013 50-ml-Flakon 100 % nat\u00fcrlichen und biologischen Ursprungs | Phyt-inov.com\" \/>\n<meta property=\"og:description\" content=\"Phyt-Inov international\u00ae offiziell, f\u00fchrendes Schweizer Labor f\u00fcr nat\u00fcrliche und biologische Pflege und Kosmetik f\u00fcr die Gesundheit und Sch\u00f6nheit der Haut, bietet seine biologische Mundsp\u00fclung an (50 ml, ohne Konservierungsstoffe, ohne PEG) \u2013 Die Mundsp\u00fclung ist ein Natur-\/Bio-Produkt von Phyt Inov zur kr\u00e4ftigen Mundsp\u00fclung f\u00fcr einen langanhaltend frischen Atem und zum Gurgeln. (nat\u00fcrliche und biologische Mundsp\u00fclung\/rotes Propolis).\" \/>\n<meta property=\"og:url\" content=\"https:\/\/www.phyt-inov.com\/de\/produit\/mundspuelung-mit-rotem-propolis\/\" \/>\n<meta property=\"og:site_name\" content=\"Phyt-Inov\" \/>\n<meta property=\"article:publisher\" content=\"https:\/\/www.facebook.com\/phytinov\/\" \/>\n<meta property=\"article:modified_time\" content=\"2026-03-30T09:05:25+00:00\" \/>\n<meta property=\"og:image\" content=\"https:\/\/www.phyt-inov.com\/wp-content\/uploads\/2025\/09\/Bain-de-bouche-50-ml-11.2018-pour-2-Sites-scaled-2.jpg\" \/>\n\t<meta property=\"og:image:width\" content=\"1950\" \/>\n\t<meta property=\"og:image:height\" content=\"2560\" \/>\n\t<meta property=\"og:image:type\" content=\"image\/jpeg\" \/>\n<meta name=\"twitter:card\" content=\"summary_large_image\" \/>\n<meta name=\"twitter:label1\" content=\"Gesch\u00e4tzte Lesezeit\" \/>\n\t<meta name=\"twitter:data1\" content=\"1\u00a0Minute\" \/>\n<script type=\"application\/ld+json\" class=\"yoast-schema-graph\">{\"@context\":\"https:\\\/\\\/schema.org\",\"@graph\":[{\"@type\":\"WebPage\",\"@id\":\"https:\\\/\\\/www.phyt-inov.com\\\/de\\\/produit\\\/mundspuelung-mit-rotem-propolis\\\/\",\"url\":\"https:\\\/\\\/www.phyt-inov.com\\\/de\\\/produit\\\/mundspuelung-mit-rotem-propolis\\\/\",\"name\":\"Mundsp\u00fclung mit rotem Propolis \u2013 Zahnfleisch und Atem \u2013 Phyt-Inov\u00ae offiziell \u2013 50-ml-Flakon 100 % nat\u00fcrlichen und biologischen Ursprungs | Phyt-inov.com\",\"isPartOf\":{\"@id\":\"https:\\\/\\\/www.phyt-inov.com\\\/de\\\/#website\"},\"primaryImageOfPage\":{\"@id\":\"https:\\\/\\\/www.phyt-inov.com\\\/de\\\/produit\\\/mundspuelung-mit-rotem-propolis\\\/#primaryimage\"},\"image\":{\"@id\":\"https:\\\/\\\/www.phyt-inov.com\\\/de\\\/produit\\\/mundspuelung-mit-rotem-propolis\\\/#primaryimage\"},\"thumbnailUrl\":\"https:\\\/\\\/www.phyt-inov.com\\\/wp-content\\\/uploads\\\/2025\\\/09\\\/Bain-de-bouche-50-ml-11.2018-pour-2-Sites-scaled-2.jpg\",\"datePublished\":\"2019-04-04T21:31:18+00:00\",\"dateModified\":\"2026-03-30T09:05:25+00:00\",\"description\":\"Phyt-Inov international\u00ae offiziell, f\u00fchrendes Schweizer Labor f\u00fcr nat\u00fcrliche und biologische Pflege und Kosmetik f\u00fcr die Gesundheit und Sch\u00f6nheit der Haut, bietet seine biologische Mundsp\u00fclung an (50 ml, ohne Konservierungsstoffe, ohne PEG) \u2013 Die Mundsp\u00fclung ist ein Natur-\\\/Bio-Produkt von Phyt Inov zur kr\u00e4ftigen Mundsp\u00fclung f\u00fcr einen langanhaltend frischen Atem und zum Gurgeln. (nat\u00fcrliche und biologische Mundsp\u00fclung\\\/rotes Propolis).\",\"breadcrumb\":{\"@id\":\"https:\\\/\\\/www.phyt-inov.com\\\/de\\\/produit\\\/mundspuelung-mit-rotem-propolis\\\/#breadcrumb\"},\"inLanguage\":\"de\",\"potentialAction\":[{\"@type\":\"ReadAction\",\"target\":[\"https:\\\/\\\/www.phyt-inov.com\\\/de\\\/produit\\\/mundspuelung-mit-rotem-propolis\\\/\"]}]},{\"@type\":\"ImageObject\",\"inLanguage\":\"de\",\"@id\":\"https:\\\/\\\/www.phyt-inov.com\\\/de\\\/produit\\\/mundspuelung-mit-rotem-propolis\\\/#primaryimage\",\"url\":\"https:\\\/\\\/www.phyt-inov.com\\\/wp-content\\\/uploads\\\/2025\\\/09\\\/Bain-de-bouche-50-ml-11.2018-pour-2-Sites-scaled-2.jpg\",\"contentUrl\":\"https:\\\/\\\/www.phyt-inov.com\\\/wp-content\\\/uploads\\\/2025\\\/09\\\/Bain-de-bouche-50-ml-11.2018-pour-2-Sites-scaled-2.jpg\",\"width\":1950,\"height\":2560,\"caption\":\"Phyt-Inov Produkt Mundsp\u00fclung\"},{\"@type\":\"BreadcrumbList\",\"@id\":\"https:\\\/\\\/www.phyt-inov.com\\\/de\\\/produit\\\/mundspuelung-mit-rotem-propolis\\\/#breadcrumb\",\"itemListElement\":[{\"@type\":\"ListItem\",\"position\":1,\"name\":\"Accueil\",\"item\":\"https:\\\/\\\/www.phyt-inov.com\\\/de\\\/startseite\\\/\"},{\"@type\":\"ListItem\",\"position\":2,\"name\":\"Shop\",\"item\":\"https:\\\/\\\/www.phyt-inov.com\\\/de\\\/shop\\\/\"},{\"@type\":\"ListItem\",\"position\":3,\"name\":\"Mundsp\u00fclung mit rotem Propolis\"}]},{\"@type\":\"WebSite\",\"@id\":\"https:\\\/\\\/www.phyt-inov.com\\\/de\\\/#website\",\"url\":\"https:\\\/\\\/www.phyt-inov.com\\\/de\\\/\",\"name\":\"Phyt-Inov International\",\"description\":\"L&#039;efficacit\u00e9 naturelle pour vos soins quotidiens\",\"publisher\":{\"@id\":\"https:\\\/\\\/www.phyt-inov.com\\\/de\\\/#organization\"},\"alternateName\":\"phyt-inov\",\"potentialAction\":[{\"@type\":\"SearchAction\",\"target\":{\"@type\":\"EntryPoint\",\"urlTemplate\":\"https:\\\/\\\/www.phyt-inov.com\\\/de\\\/?s={search_term_string}\"},\"query-input\":{\"@type\":\"PropertyValueSpecification\",\"valueRequired\":true,\"valueName\":\"search_term_string\"}}],\"inLanguage\":\"de\"},{\"@type\":\"Organization\",\"@id\":\"https:\\\/\\\/www.phyt-inov.com\\\/de\\\/#organization\",\"name\":\"Phyt-Inov\",\"alternateName\":\"Phyt-Inov\",\"url\":\"https:\\\/\\\/www.phyt-inov.com\\\/de\\\/\",\"logo\":{\"@type\":\"ImageObject\",\"inLanguage\":\"de\",\"@id\":\"https:\\\/\\\/www.phyt-inov.com\\\/de\\\/#\\\/schema\\\/logo\\\/image\\\/\",\"url\":\"https:\\\/\\\/www.phyt-inov.com\\\/wp-content\\\/uploads\\\/2025\\\/09\\\/Logo-site-phyt-inov4_Plan-de-travail-1-2048x760-1.png\",\"contentUrl\":\"https:\\\/\\\/www.phyt-inov.com\\\/wp-content\\\/uploads\\\/2025\\\/09\\\/Logo-site-phyt-inov4_Plan-de-travail-1-2048x760-1.png\",\"width\":2048,\"height\":760,\"caption\":\"Phyt-Inov\"},\"image\":{\"@id\":\"https:\\\/\\\/www.phyt-inov.com\\\/de\\\/#\\\/schema\\\/logo\\\/image\\\/\"},\"sameAs\":[\"https:\\\/\\\/www.facebook.com\\\/phytinov\\\/\",\"https:\\\/\\\/www.youtube.com\\\/channel\\\/UCE05sYsSXuuKbLqs4Au3e4Q\",\"https:\\\/\\\/www.instagram.com\\\/phytinov\\\/\"]}]}<\/script>\n<!-- \/ Yoast SEO plugin. -->","yoast_head_json":{"title":"Mundsp\u00fclung mit rotem Propolis \u2013 Zahnfleisch und Atem \u2013 Phyt-Inov\u00ae offiziell \u2013 50-ml-Flakon 100 % nat\u00fcrlichen und biologischen Ursprungs | Phyt-inov.com","description":"Phyt-Inov international\u00ae offiziell, f\u00fchrendes Schweizer Labor f\u00fcr nat\u00fcrliche und biologische Pflege und Kosmetik f\u00fcr die Gesundheit und Sch\u00f6nheit der Haut, bietet seine biologische Mundsp\u00fclung an (50 ml, ohne Konservierungsstoffe, ohne PEG) \u2013 Die Mundsp\u00fclung ist ein Natur-\/Bio-Produkt von Phyt Inov zur kr\u00e4ftigen Mundsp\u00fclung f\u00fcr einen langanhaltend frischen Atem und zum Gurgeln. (nat\u00fcrliche und biologische Mundsp\u00fclung\/rotes Propolis).","robots":{"index":"index","follow":"follow","max-snippet":"max-snippet:-1","max-image-preview":"max-image-preview:large","max-video-preview":"max-video-preview:-1"},"canonical":"https:\/\/www.phyt-inov.com\/de\/produit\/mundspuelung-mit-rotem-propolis\/","og_locale":"de_DE","og_type":"article","og_title":"Mundsp\u00fclung mit rotem Propolis \u2013 Zahnfleisch und Atem \u2013 Phyt-Inov\u00ae offiziell \u2013 50-ml-Flakon 100 % nat\u00fcrlichen und biologischen Ursprungs | Phyt-inov.com","og_description":"Phyt-Inov international\u00ae offiziell, f\u00fchrendes Schweizer Labor f\u00fcr nat\u00fcrliche und biologische Pflege und Kosmetik f\u00fcr die Gesundheit und Sch\u00f6nheit der Haut, bietet seine biologische Mundsp\u00fclung an (50 ml, ohne Konservierungsstoffe, ohne PEG) \u2013 Die Mundsp\u00fclung ist ein Natur-\/Bio-Produkt von Phyt Inov zur kr\u00e4ftigen Mundsp\u00fclung f\u00fcr einen langanhaltend frischen Atem und zum Gurgeln. (nat\u00fcrliche und biologische Mundsp\u00fclung\/rotes Propolis).","og_url":"https:\/\/www.phyt-inov.com\/de\/produit\/mundspuelung-mit-rotem-propolis\/","og_site_name":"Phyt-Inov","article_publisher":"https:\/\/www.facebook.com\/phytinov\/","article_modified_time":"2026-03-30T09:05:25+00:00","og_image":[{"width":1950,"height":2560,"url":"https:\/\/www.phyt-inov.com\/wp-content\/uploads\/2025\/09\/Bain-de-bouche-50-ml-11.2018-pour-2-Sites-scaled-2.jpg","type":"image\/jpeg"}],"twitter_card":"summary_large_image","twitter_misc":{"Gesch\u00e4tzte Lesezeit":"1\u00a0Minute"},"schema":{"@context":"https:\/\/schema.org","@graph":[{"@type":"WebPage","@id":"https:\/\/www.phyt-inov.com\/de\/produit\/mundspuelung-mit-rotem-propolis\/","url":"https:\/\/www.phyt-inov.com\/de\/produit\/mundspuelung-mit-rotem-propolis\/","name":"Mundsp\u00fclung mit rotem Propolis \u2013 Zahnfleisch und Atem \u2013 Phyt-Inov\u00ae offiziell \u2013 50-ml-Flakon 100 % nat\u00fcrlichen und biologischen Ursprungs | Phyt-inov.com","isPartOf":{"@id":"https:\/\/www.phyt-inov.com\/de\/#website"},"primaryImageOfPage":{"@id":"https:\/\/www.phyt-inov.com\/de\/produit\/mundspuelung-mit-rotem-propolis\/#primaryimage"},"image":{"@id":"https:\/\/www.phyt-inov.com\/de\/produit\/mundspuelung-mit-rotem-propolis\/#primaryimage"},"thumbnailUrl":"https:\/\/www.phyt-inov.com\/wp-content\/uploads\/2025\/09\/Bain-de-bouche-50-ml-11.2018-pour-2-Sites-scaled-2.jpg","datePublished":"2019-04-04T21:31:18+00:00","dateModified":"2026-03-30T09:05:25+00:00","description":"Phyt-Inov international\u00ae offiziell, f\u00fchrendes Schweizer Labor f\u00fcr nat\u00fcrliche und biologische Pflege und Kosmetik f\u00fcr die Gesundheit und Sch\u00f6nheit der Haut, bietet seine biologische Mundsp\u00fclung an (50 ml, ohne Konservierungsstoffe, ohne PEG) \u2013 Die Mundsp\u00fclung ist ein Natur-\/Bio-Produkt von Phyt Inov zur kr\u00e4ftigen Mundsp\u00fclung f\u00fcr einen langanhaltend frischen Atem und zum Gurgeln. (nat\u00fcrliche und biologische Mundsp\u00fclung\/rotes Propolis).","breadcrumb":{"@id":"https:\/\/www.phyt-inov.com\/de\/produit\/mundspuelung-mit-rotem-propolis\/#breadcrumb"},"inLanguage":"de","potentialAction":[{"@type":"ReadAction","target":["https:\/\/www.phyt-inov.com\/de\/produit\/mundspuelung-mit-rotem-propolis\/"]}]},{"@type":"ImageObject","inLanguage":"de","@id":"https:\/\/www.phyt-inov.com\/de\/produit\/mundspuelung-mit-rotem-propolis\/#primaryimage","url":"https:\/\/www.phyt-inov.com\/wp-content\/uploads\/2025\/09\/Bain-de-bouche-50-ml-11.2018-pour-2-Sites-scaled-2.jpg","contentUrl":"https:\/\/www.phyt-inov.com\/wp-content\/uploads\/2025\/09\/Bain-de-bouche-50-ml-11.2018-pour-2-Sites-scaled-2.jpg","width":1950,"height":2560,"caption":"Phyt-Inov Produkt Mundsp\u00fclung"},{"@type":"BreadcrumbList","@id":"https:\/\/www.phyt-inov.com\/de\/produit\/mundspuelung-mit-rotem-propolis\/#breadcrumb","itemListElement":[{"@type":"ListItem","position":1,"name":"Accueil","item":"https:\/\/www.phyt-inov.com\/de\/startseite\/"},{"@type":"ListItem","position":2,"name":"Shop","item":"https:\/\/www.phyt-inov.com\/de\/shop\/"},{"@type":"ListItem","position":3,"name":"Mundsp\u00fclung mit rotem Propolis"}]},{"@type":"WebSite","@id":"https:\/\/www.phyt-inov.com\/de\/#website","url":"https:\/\/www.phyt-inov.com\/de\/","name":"Phyt-Inov International","description":"L&#039;efficacit\u00e9 naturelle pour vos soins quotidiens","publisher":{"@id":"https:\/\/www.phyt-inov.com\/de\/#organization"},"alternateName":"phyt-inov","potentialAction":[{"@type":"SearchAction","target":{"@type":"EntryPoint","urlTemplate":"https:\/\/www.phyt-inov.com\/de\/?s={search_term_string}"},"query-input":{"@type":"PropertyValueSpecification","valueRequired":true,"valueName":"search_term_string"}}],"inLanguage":"de"},{"@type":"Organization","@id":"https:\/\/www.phyt-inov.com\/de\/#organization","name":"Phyt-Inov","alternateName":"Phyt-Inov","url":"https:\/\/www.phyt-inov.com\/de\/","logo":{"@type":"ImageObject","inLanguage":"de","@id":"https:\/\/www.phyt-inov.com\/de\/#\/schema\/logo\/image\/","url":"https:\/\/www.phyt-inov.com\/wp-content\/uploads\/2025\/09\/Logo-site-phyt-inov4_Plan-de-travail-1-2048x760-1.png","contentUrl":"https:\/\/www.phyt-inov.com\/wp-content\/uploads\/2025\/09\/Logo-site-phyt-inov4_Plan-de-travail-1-2048x760-1.png","width":2048,"height":760,"caption":"Phyt-Inov"},"image":{"@id":"https:\/\/www.phyt-inov.com\/de\/#\/schema\/logo\/image\/"},"sameAs":["https:\/\/www.facebook.com\/phytinov\/","https:\/\/www.youtube.com\/channel\/UCE05sYsSXuuKbLqs4Au3e4Q","https:\/\/www.instagram.com\/phytinov\/"]}]}},"jetpack_sharing_enabled":true,"_links":{"self":[{"href":"https:\/\/www.phyt-inov.com\/de\/wp-json\/wp\/v2\/product\/83611","targetHints":{"allow":["GET"]}}],"collection":[{"href":"https:\/\/www.phyt-inov.com\/de\/wp-json\/wp\/v2\/product"}],"about":[{"href":"https:\/\/www.phyt-inov.com\/de\/wp-json\/wp\/v2\/types\/product"}],"replies":[{"embeddable":true,"href":"https:\/\/www.phyt-inov.com\/de\/wp-json\/wp\/v2\/comments?post=83611"}],"wp:featuredmedia":[{"embeddable":true,"href":"https:\/\/www.phyt-inov.com\/de\/wp-json\/wp\/v2\/media\/83612"}],"wp:attachment":[{"href":"https:\/\/www.phyt-inov.com\/de\/wp-json\/wp\/v2\/media?parent=83611"}],"wp:term":[{"taxonomy":"product_brand","embeddable":true,"href":"https:\/\/www.phyt-inov.com\/de\/wp-json\/wp\/v2\/product_brand?post=83611"},{"taxonomy":"product_cat","embeddable":true,"href":"https:\/\/www.phyt-inov.com\/de\/wp-json\/wp\/v2\/product_cat?post=83611"},{"taxonomy":"product_tag","embeddable":true,"href":"https:\/\/www.phyt-inov.com\/de\/wp-json\/wp\/v2\/product_tag?post=83611"}],"curies":[{"name":"wp","href":"https:\/\/api.w.org\/{rel}","templated":true}]}}