{"id":83600,"date":"2019-04-04T21:31:19","date_gmt":"2019-04-04T21:31:19","guid":{"rendered":"https:\/\/www.phyt-inov.com\/produit\/creme-maske\/"},"modified":"2019-04-04T21:31:19","modified_gmt":"2019-04-04T21:31:19","slug":"creme-maske","status":"publish","type":"product","link":"https:\/\/www.phyt-inov.com\/de\/produit\/creme-maske\/","title":{"rendered":"Creme-Maske"},"content":{"rendered":"<p><b>Biomaxi, f\u00fcr ein Maximum an Bio im Gesamtanteil der Inhaltsstoffe.<\/b><\/p>\n<p>Nach dem sanften A\u00e7ai-Aprikosen-Peeling oder bei Bedarf auch h\u00e4ufiger die Creme-Maske in d\u00fcnnen Schichten auf Gesicht, Hals und Dekollet\u00e9 sowie auf die Augenpartie auftragen und 10 bis 15 Minuten einwirken lassen; \u00dcberschuss bei Bedarf mit der Lotion entfernen und je nach Hautbed\u00fcrfnis ein Serum-Creme (N\u00e4hrend oder Tonisierend) oder das Floras\u00e9rum A auftragen.<br \/>\nKann auch abends aufgetragen und \u00fcber Nacht belassen werden: Sie ist eingezogen, da keine okklusiven Bestandteile enthalten sind.<\/p>\n<p><b>Airless-Spender 50 ml.<\/b><br \/>\nKeine Konservierungsstoffe.<br \/>\n<b>100 %<\/b> der Inhaltsstoffe sind nat\u00fcrlichen Ursprungs.<br \/>\n<b>91,3 %<\/b> der Inhaltsstoffe stammen aus biologischer Landwirtschaft.<\/p>\n","protected":false},"excerpt":{"rendered":"<p><b>Sanftheit und samtiges Hautgef\u00fchl, sofortiger Glow<\/b><\/p>\n<p>Flaggschiffprodukt, das die Philosophie von Flora d\u2019Essarts widerspiegelt.<br \/>\nDiese reichhaltige Creme-Maske mit rund drei\u00dfig pflanzlichen Wirkstoffen, darunter 55 % Bio-Birkensaft, wurde entwickelt, um m\u00fcde Haut, die durch Sonneneinstrahlung, klimatische Strapazen, Umweltverschmutzung usw. angegriffen ist, zu n\u00e4hren, zu entspannen und zu regenerieren.<\/p>\n<p><b>Ergebnis<\/b>: Entspannung und ein echter Glow.<\/p>\n","protected":false},"featured_media":83601,"comment_status":"open","ping_status":"closed","template":"","meta":{"_et_pb_use_builder":"","_et_pb_old_content":"","_et_gb_content_width":""},"product_brand":[],"product_cat":[154,144],"product_tag":[],"class_list":{"0":"post-83600","1":"product","2":"type-product","3":"status-publish","4":"has-post-thumbnail","6":"product_cat-bio-kosmetik","7":"product_cat-hygiene-schonheit-und-hautpflege","9":"first","10":"instock","11":"shipping-taxable","12":"purchasable","13":"product-type-simple"},"yoast_head":"<!-- This site is optimized with the Yoast SEO plugin v27.3 - https:\/\/yoast.com\/product\/yoast-seo-wordpress\/ -->\n<title>Creme-Maske \u2013 Flora d\u2019Essarts \u2013 Phyt-Inov\u00ae offiziell \u2013 Bio-Creme f\u00fcr die Haut- und Gesichtspflege \u2013 Sanftheit und samtiges Hautgef\u00fchl \u2013 50 ml, 100 % nat\u00fcrlich und ultrabiologisch | Phyt-inov.com<\/title>\n<meta name=\"description\" content=\"Phyt-Inov international\u00ae offiziell, f\u00fchrendes Schweizer Referenzlabor f\u00fcr nat\u00fcrliche und biologische Pflege und Kosmetik f\u00fcr die Gesundheit und Sch\u00f6nheit der Haut, bietet seine Creme-Maske Flora d\u2019Essarts (50 ml ohne Konservierungsstoffe und ohne PEG) an \u2013 Die Creme-Maske Flora d\u2019Essarts ist ein Natur-\/Bio-Produkt von Phyt Inov zur Bewahrung der Hautsch\u00f6nheit (Birkensaft\/Sonnenblumen\u00f6l\/Ringelblume\/Kamille\/Jojoba\/Lavendel). Diese Creme-Maske wurde entwickelt, um m\u00fcde Haut, die durch Sonneneinstrahlung, klimatische Strapazen und Umweltverschmutzung angegriffen ist, zu n\u00e4hren, zu entspannen und zu regenerieren.\" \/>\n<meta name=\"robots\" content=\"index, follow, max-snippet:-1, max-image-preview:large, max-video-preview:-1\" \/>\n<link rel=\"canonical\" href=\"https:\/\/www.phyt-inov.com\/de\/produit\/creme-maske\/\" \/>\n<meta property=\"og:locale\" content=\"de_DE\" \/>\n<meta property=\"og:type\" content=\"article\" \/>\n<meta property=\"og:title\" content=\"Creme-Maske \u2013 Flora d\u2019Essarts \u2013 Phyt-Inov\u00ae offiziell \u2013 Bio-Creme f\u00fcr die Haut- und Gesichtspflege \u2013 Sanftheit und samtiges Hautgef\u00fchl \u2013 50 ml, 100 % nat\u00fcrlich und ultrabiologisch | Phyt-inov.com\" \/>\n<meta property=\"og:description\" content=\"Phyt-Inov international\u00ae offiziell, f\u00fchrendes Schweizer Referenzlabor f\u00fcr nat\u00fcrliche und biologische Pflege und Kosmetik f\u00fcr die Gesundheit und Sch\u00f6nheit der Haut, bietet seine Creme-Maske Flora d\u2019Essarts (50 ml ohne Konservierungsstoffe und ohne PEG) an \u2013 Die Creme-Maske Flora d\u2019Essarts ist ein Natur-\/Bio-Produkt von Phyt Inov zur Bewahrung der Hautsch\u00f6nheit (Birkensaft\/Sonnenblumen\u00f6l\/Ringelblume\/Kamille\/Jojoba\/Lavendel). Diese Creme-Maske wurde entwickelt, um m\u00fcde Haut, die durch Sonneneinstrahlung, klimatische Strapazen und Umweltverschmutzung angegriffen ist, zu n\u00e4hren, zu entspannen und zu regenerieren.\" \/>\n<meta property=\"og:url\" content=\"https:\/\/www.phyt-inov.com\/de\/produit\/creme-maske\/\" \/>\n<meta property=\"og:site_name\" content=\"Phyt-Inov\" \/>\n<meta property=\"article:publisher\" content=\"https:\/\/www.facebook.com\/phytinov\/\" \/>\n<meta property=\"og:image\" content=\"https:\/\/www.phyt-inov.com\/wp-content\/uploads\/2025\/09\/Masque-Creme-light-2-scaled-1.jpg\" \/>\n\t<meta property=\"og:image:width\" content=\"2048\" \/>\n\t<meta property=\"og:image:height\" content=\"2560\" \/>\n\t<meta property=\"og:image:type\" content=\"image\/jpeg\" \/>\n<meta name=\"twitter:card\" content=\"summary_large_image\" \/>\n<meta name=\"twitter:label1\" content=\"Gesch\u00e4tzte Lesezeit\" \/>\n\t<meta name=\"twitter:data1\" content=\"1\u00a0Minute\" \/>\n<script type=\"application\/ld+json\" class=\"yoast-schema-graph\">{\"@context\":\"https:\\\/\\\/schema.org\",\"@graph\":[{\"@type\":\"WebPage\",\"@id\":\"https:\\\/\\\/www.phyt-inov.com\\\/de\\\/produit\\\/creme-maske\\\/\",\"url\":\"https:\\\/\\\/www.phyt-inov.com\\\/de\\\/produit\\\/creme-maske\\\/\",\"name\":\"Creme-Maske \u2013 Flora d\u2019Essarts \u2013 Phyt-Inov\u00ae offiziell \u2013 Bio-Creme f\u00fcr die Haut- und Gesichtspflege \u2013 Sanftheit und samtiges Hautgef\u00fchl \u2013 50 ml, 100 % nat\u00fcrlich und ultrabiologisch | Phyt-inov.com\",\"isPartOf\":{\"@id\":\"https:\\\/\\\/www.phyt-inov.com\\\/de\\\/#website\"},\"primaryImageOfPage\":{\"@id\":\"https:\\\/\\\/www.phyt-inov.com\\\/de\\\/produit\\\/creme-maske\\\/#primaryimage\"},\"image\":{\"@id\":\"https:\\\/\\\/www.phyt-inov.com\\\/de\\\/produit\\\/creme-maske\\\/#primaryimage\"},\"thumbnailUrl\":\"https:\\\/\\\/www.phyt-inov.com\\\/wp-content\\\/uploads\\\/2025\\\/09\\\/Masque-Creme-light-2-scaled-1.jpg\",\"datePublished\":\"2019-04-04T21:31:19+00:00\",\"description\":\"Phyt-Inov international\u00ae offiziell, f\u00fchrendes Schweizer Referenzlabor f\u00fcr nat\u00fcrliche und biologische Pflege und Kosmetik f\u00fcr die Gesundheit und Sch\u00f6nheit der Haut, bietet seine Creme-Maske Flora d\u2019Essarts (50 ml ohne Konservierungsstoffe und ohne PEG) an \u2013 Die Creme-Maske Flora d\u2019Essarts ist ein Natur-\\\/Bio-Produkt von Phyt Inov zur Bewahrung der Hautsch\u00f6nheit (Birkensaft\\\/Sonnenblumen\u00f6l\\\/Ringelblume\\\/Kamille\\\/Jojoba\\\/Lavendel). Diese Creme-Maske wurde entwickelt, um m\u00fcde Haut, die durch Sonneneinstrahlung, klimatische Strapazen und Umweltverschmutzung angegriffen ist, zu n\u00e4hren, zu entspannen und zu regenerieren.\",\"breadcrumb\":{\"@id\":\"https:\\\/\\\/www.phyt-inov.com\\\/de\\\/produit\\\/creme-maske\\\/#breadcrumb\"},\"inLanguage\":\"de\",\"potentialAction\":[{\"@type\":\"ReadAction\",\"target\":[\"https:\\\/\\\/www.phyt-inov.com\\\/de\\\/produit\\\/creme-maske\\\/\"]}]},{\"@type\":\"ImageObject\",\"inLanguage\":\"de\",\"@id\":\"https:\\\/\\\/www.phyt-inov.com\\\/de\\\/produit\\\/creme-maske\\\/#primaryimage\",\"url\":\"https:\\\/\\\/www.phyt-inov.com\\\/wp-content\\\/uploads\\\/2025\\\/09\\\/Masque-Creme-light-2-scaled-1.jpg\",\"contentUrl\":\"https:\\\/\\\/www.phyt-inov.com\\\/wp-content\\\/uploads\\\/2025\\\/09\\\/Masque-Creme-light-2-scaled-1.jpg\",\"width\":2048,\"height\":2560,\"caption\":\"flora d'essarts creme-maske\"},{\"@type\":\"BreadcrumbList\",\"@id\":\"https:\\\/\\\/www.phyt-inov.com\\\/de\\\/produit\\\/creme-maske\\\/#breadcrumb\",\"itemListElement\":[{\"@type\":\"ListItem\",\"position\":1,\"name\":\"Accueil\",\"item\":\"https:\\\/\\\/www.phyt-inov.com\\\/de\\\/startseite\\\/\"},{\"@type\":\"ListItem\",\"position\":2,\"name\":\"Shop\",\"item\":\"https:\\\/\\\/www.phyt-inov.com\\\/de\\\/shop\\\/\"},{\"@type\":\"ListItem\",\"position\":3,\"name\":\"Creme-Maske\"}]},{\"@type\":\"WebSite\",\"@id\":\"https:\\\/\\\/www.phyt-inov.com\\\/de\\\/#website\",\"url\":\"https:\\\/\\\/www.phyt-inov.com\\\/de\\\/\",\"name\":\"Phyt-Inov International\",\"description\":\"L&#039;efficacit\u00e9 naturelle pour vos soins quotidiens\",\"publisher\":{\"@id\":\"https:\\\/\\\/www.phyt-inov.com\\\/de\\\/#organization\"},\"alternateName\":\"phyt-inov\",\"potentialAction\":[{\"@type\":\"SearchAction\",\"target\":{\"@type\":\"EntryPoint\",\"urlTemplate\":\"https:\\\/\\\/www.phyt-inov.com\\\/de\\\/?s={search_term_string}\"},\"query-input\":{\"@type\":\"PropertyValueSpecification\",\"valueRequired\":true,\"valueName\":\"search_term_string\"}}],\"inLanguage\":\"de\"},{\"@type\":\"Organization\",\"@id\":\"https:\\\/\\\/www.phyt-inov.com\\\/de\\\/#organization\",\"name\":\"Phyt-Inov\",\"alternateName\":\"Phyt-Inov\",\"url\":\"https:\\\/\\\/www.phyt-inov.com\\\/de\\\/\",\"logo\":{\"@type\":\"ImageObject\",\"inLanguage\":\"de\",\"@id\":\"https:\\\/\\\/www.phyt-inov.com\\\/de\\\/#\\\/schema\\\/logo\\\/image\\\/\",\"url\":\"https:\\\/\\\/www.phyt-inov.com\\\/wp-content\\\/uploads\\\/2025\\\/09\\\/Logo-site-phyt-inov4_Plan-de-travail-1-2048x760-1.png\",\"contentUrl\":\"https:\\\/\\\/www.phyt-inov.com\\\/wp-content\\\/uploads\\\/2025\\\/09\\\/Logo-site-phyt-inov4_Plan-de-travail-1-2048x760-1.png\",\"width\":2048,\"height\":760,\"caption\":\"Phyt-Inov\"},\"image\":{\"@id\":\"https:\\\/\\\/www.phyt-inov.com\\\/de\\\/#\\\/schema\\\/logo\\\/image\\\/\"},\"sameAs\":[\"https:\\\/\\\/www.facebook.com\\\/phytinov\\\/\",\"https:\\\/\\\/www.youtube.com\\\/channel\\\/UCE05sYsSXuuKbLqs4Au3e4Q\",\"https:\\\/\\\/www.instagram.com\\\/phytinov\\\/\"]}]}<\/script>\n<!-- \/ Yoast SEO plugin. -->","yoast_head_json":{"title":"Creme-Maske \u2013 Flora d\u2019Essarts \u2013 Phyt-Inov\u00ae offiziell \u2013 Bio-Creme f\u00fcr die Haut- und Gesichtspflege \u2013 Sanftheit und samtiges Hautgef\u00fchl \u2013 50 ml, 100 % nat\u00fcrlich und ultrabiologisch | Phyt-inov.com","description":"Phyt-Inov international\u00ae offiziell, f\u00fchrendes Schweizer Referenzlabor f\u00fcr nat\u00fcrliche und biologische Pflege und Kosmetik f\u00fcr die Gesundheit und Sch\u00f6nheit der Haut, bietet seine Creme-Maske Flora d\u2019Essarts (50 ml ohne Konservierungsstoffe und ohne PEG) an \u2013 Die Creme-Maske Flora d\u2019Essarts ist ein Natur-\/Bio-Produkt von Phyt Inov zur Bewahrung der Hautsch\u00f6nheit (Birkensaft\/Sonnenblumen\u00f6l\/Ringelblume\/Kamille\/Jojoba\/Lavendel). Diese Creme-Maske wurde entwickelt, um m\u00fcde Haut, die durch Sonneneinstrahlung, klimatische Strapazen und Umweltverschmutzung angegriffen ist, zu n\u00e4hren, zu entspannen und zu regenerieren.","robots":{"index":"index","follow":"follow","max-snippet":"max-snippet:-1","max-image-preview":"max-image-preview:large","max-video-preview":"max-video-preview:-1"},"canonical":"https:\/\/www.phyt-inov.com\/de\/produit\/creme-maske\/","og_locale":"de_DE","og_type":"article","og_title":"Creme-Maske \u2013 Flora d\u2019Essarts \u2013 Phyt-Inov\u00ae offiziell \u2013 Bio-Creme f\u00fcr die Haut- und Gesichtspflege \u2013 Sanftheit und samtiges Hautgef\u00fchl \u2013 50 ml, 100 % nat\u00fcrlich und ultrabiologisch | Phyt-inov.com","og_description":"Phyt-Inov international\u00ae offiziell, f\u00fchrendes Schweizer Referenzlabor f\u00fcr nat\u00fcrliche und biologische Pflege und Kosmetik f\u00fcr die Gesundheit und Sch\u00f6nheit der Haut, bietet seine Creme-Maske Flora d\u2019Essarts (50 ml ohne Konservierungsstoffe und ohne PEG) an \u2013 Die Creme-Maske Flora d\u2019Essarts ist ein Natur-\/Bio-Produkt von Phyt Inov zur Bewahrung der Hautsch\u00f6nheit (Birkensaft\/Sonnenblumen\u00f6l\/Ringelblume\/Kamille\/Jojoba\/Lavendel). Diese Creme-Maske wurde entwickelt, um m\u00fcde Haut, die durch Sonneneinstrahlung, klimatische Strapazen und Umweltverschmutzung angegriffen ist, zu n\u00e4hren, zu entspannen und zu regenerieren.","og_url":"https:\/\/www.phyt-inov.com\/de\/produit\/creme-maske\/","og_site_name":"Phyt-Inov","article_publisher":"https:\/\/www.facebook.com\/phytinov\/","og_image":[{"width":2048,"height":2560,"url":"https:\/\/www.phyt-inov.com\/wp-content\/uploads\/2025\/09\/Masque-Creme-light-2-scaled-1.jpg","type":"image\/jpeg"}],"twitter_card":"summary_large_image","twitter_misc":{"Gesch\u00e4tzte Lesezeit":"1\u00a0Minute"},"schema":{"@context":"https:\/\/schema.org","@graph":[{"@type":"WebPage","@id":"https:\/\/www.phyt-inov.com\/de\/produit\/creme-maske\/","url":"https:\/\/www.phyt-inov.com\/de\/produit\/creme-maske\/","name":"Creme-Maske \u2013 Flora d\u2019Essarts \u2013 Phyt-Inov\u00ae offiziell \u2013 Bio-Creme f\u00fcr die Haut- und Gesichtspflege \u2013 Sanftheit und samtiges Hautgef\u00fchl \u2013 50 ml, 100 % nat\u00fcrlich und ultrabiologisch | Phyt-inov.com","isPartOf":{"@id":"https:\/\/www.phyt-inov.com\/de\/#website"},"primaryImageOfPage":{"@id":"https:\/\/www.phyt-inov.com\/de\/produit\/creme-maske\/#primaryimage"},"image":{"@id":"https:\/\/www.phyt-inov.com\/de\/produit\/creme-maske\/#primaryimage"},"thumbnailUrl":"https:\/\/www.phyt-inov.com\/wp-content\/uploads\/2025\/09\/Masque-Creme-light-2-scaled-1.jpg","datePublished":"2019-04-04T21:31:19+00:00","description":"Phyt-Inov international\u00ae offiziell, f\u00fchrendes Schweizer Referenzlabor f\u00fcr nat\u00fcrliche und biologische Pflege und Kosmetik f\u00fcr die Gesundheit und Sch\u00f6nheit der Haut, bietet seine Creme-Maske Flora d\u2019Essarts (50 ml ohne Konservierungsstoffe und ohne PEG) an \u2013 Die Creme-Maske Flora d\u2019Essarts ist ein Natur-\/Bio-Produkt von Phyt Inov zur Bewahrung der Hautsch\u00f6nheit (Birkensaft\/Sonnenblumen\u00f6l\/Ringelblume\/Kamille\/Jojoba\/Lavendel). Diese Creme-Maske wurde entwickelt, um m\u00fcde Haut, die durch Sonneneinstrahlung, klimatische Strapazen und Umweltverschmutzung angegriffen ist, zu n\u00e4hren, zu entspannen und zu regenerieren.","breadcrumb":{"@id":"https:\/\/www.phyt-inov.com\/de\/produit\/creme-maske\/#breadcrumb"},"inLanguage":"de","potentialAction":[{"@type":"ReadAction","target":["https:\/\/www.phyt-inov.com\/de\/produit\/creme-maske\/"]}]},{"@type":"ImageObject","inLanguage":"de","@id":"https:\/\/www.phyt-inov.com\/de\/produit\/creme-maske\/#primaryimage","url":"https:\/\/www.phyt-inov.com\/wp-content\/uploads\/2025\/09\/Masque-Creme-light-2-scaled-1.jpg","contentUrl":"https:\/\/www.phyt-inov.com\/wp-content\/uploads\/2025\/09\/Masque-Creme-light-2-scaled-1.jpg","width":2048,"height":2560,"caption":"flora d'essarts creme-maske"},{"@type":"BreadcrumbList","@id":"https:\/\/www.phyt-inov.com\/de\/produit\/creme-maske\/#breadcrumb","itemListElement":[{"@type":"ListItem","position":1,"name":"Accueil","item":"https:\/\/www.phyt-inov.com\/de\/startseite\/"},{"@type":"ListItem","position":2,"name":"Shop","item":"https:\/\/www.phyt-inov.com\/de\/shop\/"},{"@type":"ListItem","position":3,"name":"Creme-Maske"}]},{"@type":"WebSite","@id":"https:\/\/www.phyt-inov.com\/de\/#website","url":"https:\/\/www.phyt-inov.com\/de\/","name":"Phyt-Inov International","description":"L&#039;efficacit\u00e9 naturelle pour vos soins quotidiens","publisher":{"@id":"https:\/\/www.phyt-inov.com\/de\/#organization"},"alternateName":"phyt-inov","potentialAction":[{"@type":"SearchAction","target":{"@type":"EntryPoint","urlTemplate":"https:\/\/www.phyt-inov.com\/de\/?s={search_term_string}"},"query-input":{"@type":"PropertyValueSpecification","valueRequired":true,"valueName":"search_term_string"}}],"inLanguage":"de"},{"@type":"Organization","@id":"https:\/\/www.phyt-inov.com\/de\/#organization","name":"Phyt-Inov","alternateName":"Phyt-Inov","url":"https:\/\/www.phyt-inov.com\/de\/","logo":{"@type":"ImageObject","inLanguage":"de","@id":"https:\/\/www.phyt-inov.com\/de\/#\/schema\/logo\/image\/","url":"https:\/\/www.phyt-inov.com\/wp-content\/uploads\/2025\/09\/Logo-site-phyt-inov4_Plan-de-travail-1-2048x760-1.png","contentUrl":"https:\/\/www.phyt-inov.com\/wp-content\/uploads\/2025\/09\/Logo-site-phyt-inov4_Plan-de-travail-1-2048x760-1.png","width":2048,"height":760,"caption":"Phyt-Inov"},"image":{"@id":"https:\/\/www.phyt-inov.com\/de\/#\/schema\/logo\/image\/"},"sameAs":["https:\/\/www.facebook.com\/phytinov\/","https:\/\/www.youtube.com\/channel\/UCE05sYsSXuuKbLqs4Au3e4Q","https:\/\/www.instagram.com\/phytinov\/"]}]}},"jetpack_sharing_enabled":true,"_links":{"self":[{"href":"https:\/\/www.phyt-inov.com\/de\/wp-json\/wp\/v2\/product\/83600","targetHints":{"allow":["GET"]}}],"collection":[{"href":"https:\/\/www.phyt-inov.com\/de\/wp-json\/wp\/v2\/product"}],"about":[{"href":"https:\/\/www.phyt-inov.com\/de\/wp-json\/wp\/v2\/types\/product"}],"replies":[{"embeddable":true,"href":"https:\/\/www.phyt-inov.com\/de\/wp-json\/wp\/v2\/comments?post=83600"}],"wp:featuredmedia":[{"embeddable":true,"href":"https:\/\/www.phyt-inov.com\/de\/wp-json\/wp\/v2\/media\/83601"}],"wp:attachment":[{"href":"https:\/\/www.phyt-inov.com\/de\/wp-json\/wp\/v2\/media?parent=83600"}],"wp:term":[{"taxonomy":"product_brand","embeddable":true,"href":"https:\/\/www.phyt-inov.com\/de\/wp-json\/wp\/v2\/product_brand?post=83600"},{"taxonomy":"product_cat","embeddable":true,"href":"https:\/\/www.phyt-inov.com\/de\/wp-json\/wp\/v2\/product_cat?post=83600"},{"taxonomy":"product_tag","embeddable":true,"href":"https:\/\/www.phyt-inov.com\/de\/wp-json\/wp\/v2\/product_tag?post=83600"}],"curies":[{"name":"wp","href":"https:\/\/api.w.org\/{rel}","templated":true}]}}