{"id":83588,"date":"2019-04-04T21:31:20","date_gmt":"2019-04-04T21:31:20","guid":{"rendered":"https:\/\/www.phyt-inov.com\/produit\/stimulierende-ausgleichende-milch\/"},"modified":"2026-03-30T09:04:35","modified_gmt":"2026-03-30T09:04:35","slug":"stimulierende-ausgleichende-milch","status":"publish","type":"product","link":"https:\/\/www.phyt-inov.com\/de\/produit\/stimulierende-ausgleichende-milch\/","title":{"rendered":"Stimulierende, ausgleichende Milch"},"content":{"rendered":"<p><b>Biomaxi, f\u00fcr ein Maximum an Bio im Gesamtanteil der Inhaltsstoffe.<\/b><\/p>\n<p>Nach dem Duschen oder Baden durch leichte Massage auf den ganzen K\u00f6rper und das Gesicht auftragen, einschlie\u00dflich Augenpartie, Lippenkontur und Dekollet\u00e9 \u2026 Durch die hohe Konzentration an ungefiltertem und nicht pasteurisiertem Bio-Birkensaft <b>(68 %)<\/b> wirkt es zudem abschwellend bei Tr\u00e4nens\u00e4cken.<br \/>\nSehr sanft und hervorragend f\u00fcr die Babymassage.<\/p>\n<p><b>Flakon mit 200 ml.<\/b><br \/>\nKeine Konservierungsstoffe.<br \/>\n<b>100 %<\/b> der Inhaltsstoffe sind nat\u00fcrlichen Ursprungs.<br \/>\n<b>94 %<\/b> der Inhaltsstoffe stammen aus biologischer Landwirtschaft.<\/p>\n","protected":false},"excerpt":{"rendered":"<p><b>Gesicht und K\u00f6rper<\/b><br \/>\nAls vollwertige Pflege revitalisiert dieses Serum-Milch die Epidermis und schenkt der Haut Frische und samtige Geschmeidigkeit zur\u00fcck. H\u00e4ufig wird dieses Produkt f\u00fcr Haut jeden Alters verwendet, auch f\u00fcr die empfindlichste und zarteste Haut wie die von Babys und Kleinkindern.<br \/>\nDie milchige Textur macht diese Pflege besonders vielseitig: erfrischend und beruhigend, wird sie auch nach Sonnenexposition empfohlen.<br \/>\nAlle Empfindungen von rauer, rissiger, erhitzter Haut sowie Unvertr\u00e4glichkeiten durch verschiedene Faktoren (Enthaarung, Seifen oder Waschmittel, Reibung durch Kleidung oder Schuhe \u2026) finden mit dieser Pflege eine L\u00f6sung.<br \/>\nZudem besitzt sie reinigende und kl\u00e4rende Eigenschaften, indem man das Produkt zum Abschminken empfindlicher Haut \u201eemulgiert\u201c. <\/p>\n","protected":false},"featured_media":83589,"comment_status":"open","ping_status":"closed","template":"","meta":{"_et_pb_use_builder":"","_et_pb_old_content":"","_et_gb_content_width":""},"product_brand":[],"product_cat":[154,144],"product_tag":[],"class_list":{"0":"post-83588","1":"product","2":"type-product","3":"status-publish","4":"has-post-thumbnail","6":"product_cat-bio-kosmetik","7":"product_cat-hygiene-schonheit-und-hautpflege","9":"first","10":"instock","11":"shipping-taxable","12":"purchasable","13":"product-type-simple"},"yoast_head":"<!-- This site is optimized with the Yoast SEO plugin v27.3 - https:\/\/yoast.com\/product\/yoast-seo-wordpress\/ -->\n<title>Stimulierende, ausgleichende Milch \u2013 Flora d\u2019Essarts \u2013 Phyt-Inov\u00ae offiziell \u2013 Bio-Creme f\u00fcr die Haut- und Gesichtspflege \u2013 erfrischend und beruhigend \u2013 F\u00fcr revitalisierungsbed\u00fcrftige Haut \u2013 200 ml, 100 % nat\u00fcrlich und ultra-bio | Phyt-inov.com<\/title>\n<meta name=\"description\" content=\"Phyt-Inov international\u00ae offiziell, das f\u00fchrende Schweizer Labor f\u00fcr nat\u00fcrliche und biologische Pflege- und Kosmetikprodukte f\u00fcr die Gesundheit und Sch\u00f6nheit der Haut, bietet seine Stimulierende, ausgleichende Milch Flora d\u2019Essarts (200 ml ohne Konservierungsstoffe und ohne PEG) an \u2013 Die Stimulierende, ausgleichende Milch Flora d\u2019Essarts ist ein nat\u00fcrliches\/Bio-Produkt von Phyt Inov zur Bewahrung der Hautsch\u00f6nheit (Birkensaft\/Sesam\u00f6l\/Karotte\/Aprikose\/Palmarosa\/Ringelblume). Dieses Serum-Milch revitalisiert die Epidermis und schenkt der Haut Frische und samtige Geschmeidigkeit zur\u00fcck. H\u00e4ufig wird dieses Produkt f\u00fcr Haut jeden Alters verwendet, auch f\u00fcr die empfindlichste und zarteste Haut wie die von Babys und Kleinkindern. Es wird au\u00dferdem nach Sonnenexposition empfohlen.\" \/>\n<meta name=\"robots\" content=\"index, follow, max-snippet:-1, max-image-preview:large, max-video-preview:-1\" \/>\n<link rel=\"canonical\" href=\"https:\/\/www.phyt-inov.com\/de\/produit\/stimulierende-ausgleichende-milch\/\" \/>\n<meta property=\"og:locale\" content=\"de_DE\" \/>\n<meta property=\"og:type\" content=\"article\" \/>\n<meta property=\"og:title\" content=\"Stimulierende, ausgleichende Milch \u2013 Flora d\u2019Essarts \u2013 Phyt-Inov\u00ae offiziell \u2013 Bio-Creme f\u00fcr die Haut- und Gesichtspflege \u2013 erfrischend und beruhigend \u2013 F\u00fcr revitalisierungsbed\u00fcrftige Haut \u2013 200 ml, 100 % nat\u00fcrlich und ultra-bio | Phyt-inov.com\" \/>\n<meta property=\"og:description\" content=\"Phyt-Inov international\u00ae offiziell, das f\u00fchrende Schweizer Labor f\u00fcr nat\u00fcrliche und biologische Pflege- und Kosmetikprodukte f\u00fcr die Gesundheit und Sch\u00f6nheit der Haut, bietet seine Stimulierende, ausgleichende Milch Flora d\u2019Essarts (200 ml ohne Konservierungsstoffe und ohne PEG) an \u2013 Die Stimulierende, ausgleichende Milch Flora d\u2019Essarts ist ein nat\u00fcrliches\/Bio-Produkt von Phyt Inov zur Bewahrung der Hautsch\u00f6nheit (Birkensaft\/Sesam\u00f6l\/Karotte\/Aprikose\/Palmarosa\/Ringelblume). Dieses Serum-Milch revitalisiert die Epidermis und schenkt der Haut Frische und samtige Geschmeidigkeit zur\u00fcck. H\u00e4ufig wird dieses Produkt f\u00fcr Haut jeden Alters verwendet, auch f\u00fcr die empfindlichste und zarteste Haut wie die von Babys und Kleinkindern. Es wird au\u00dferdem nach Sonnenexposition empfohlen.\" \/>\n<meta property=\"og:url\" content=\"https:\/\/www.phyt-inov.com\/de\/produit\/stimulierende-ausgleichende-milch\/\" \/>\n<meta property=\"og:site_name\" content=\"Phyt-Inov\" \/>\n<meta property=\"article:publisher\" content=\"https:\/\/www.facebook.com\/phytinov\/\" \/>\n<meta property=\"article:modified_time\" content=\"2026-03-30T09:04:35+00:00\" \/>\n<meta property=\"og:image\" content=\"https:\/\/www.phyt-inov.com\/wp-content\/uploads\/2025\/09\/1812031744559275-1-scaled-1.jpg\" \/>\n\t<meta property=\"og:image:width\" content=\"2048\" \/>\n\t<meta property=\"og:image:height\" content=\"2560\" \/>\n\t<meta property=\"og:image:type\" content=\"image\/jpeg\" \/>\n<meta name=\"twitter:card\" content=\"summary_large_image\" \/>\n<script type=\"application\/ld+json\" class=\"yoast-schema-graph\">{\"@context\":\"https:\\\/\\\/schema.org\",\"@graph\":[{\"@type\":\"WebPage\",\"@id\":\"https:\\\/\\\/www.phyt-inov.com\\\/de\\\/produit\\\/stimulierende-ausgleichende-milch\\\/\",\"url\":\"https:\\\/\\\/www.phyt-inov.com\\\/de\\\/produit\\\/stimulierende-ausgleichende-milch\\\/\",\"name\":\"Stimulierende, ausgleichende Milch \u2013 Flora d\u2019Essarts \u2013 Phyt-Inov\u00ae offiziell \u2013 Bio-Creme f\u00fcr die Haut- und Gesichtspflege \u2013 erfrischend und beruhigend \u2013 F\u00fcr revitalisierungsbed\u00fcrftige Haut \u2013 200 ml, 100 % nat\u00fcrlich und ultra-bio | Phyt-inov.com\",\"isPartOf\":{\"@id\":\"https:\\\/\\\/www.phyt-inov.com\\\/de\\\/#website\"},\"primaryImageOfPage\":{\"@id\":\"https:\\\/\\\/www.phyt-inov.com\\\/de\\\/produit\\\/stimulierende-ausgleichende-milch\\\/#primaryimage\"},\"image\":{\"@id\":\"https:\\\/\\\/www.phyt-inov.com\\\/de\\\/produit\\\/stimulierende-ausgleichende-milch\\\/#primaryimage\"},\"thumbnailUrl\":\"https:\\\/\\\/www.phyt-inov.com\\\/wp-content\\\/uploads\\\/2025\\\/09\\\/1812031744559275-1-scaled-1.jpg\",\"datePublished\":\"2019-04-04T21:31:20+00:00\",\"dateModified\":\"2026-03-30T09:04:35+00:00\",\"description\":\"Phyt-Inov international\u00ae offiziell, das f\u00fchrende Schweizer Labor f\u00fcr nat\u00fcrliche und biologische Pflege- und Kosmetikprodukte f\u00fcr die Gesundheit und Sch\u00f6nheit der Haut, bietet seine Stimulierende, ausgleichende Milch Flora d\u2019Essarts (200 ml ohne Konservierungsstoffe und ohne PEG) an \u2013 Die Stimulierende, ausgleichende Milch Flora d\u2019Essarts ist ein nat\u00fcrliches\\\/Bio-Produkt von Phyt Inov zur Bewahrung der Hautsch\u00f6nheit (Birkensaft\\\/Sesam\u00f6l\\\/Karotte\\\/Aprikose\\\/Palmarosa\\\/Ringelblume). Dieses Serum-Milch revitalisiert die Epidermis und schenkt der Haut Frische und samtige Geschmeidigkeit zur\u00fcck. H\u00e4ufig wird dieses Produkt f\u00fcr Haut jeden Alters verwendet, auch f\u00fcr die empfindlichste und zarteste Haut wie die von Babys und Kleinkindern. Es wird au\u00dferdem nach Sonnenexposition empfohlen.\",\"breadcrumb\":{\"@id\":\"https:\\\/\\\/www.phyt-inov.com\\\/de\\\/produit\\\/stimulierende-ausgleichende-milch\\\/#breadcrumb\"},\"inLanguage\":\"de\",\"potentialAction\":[{\"@type\":\"ReadAction\",\"target\":[\"https:\\\/\\\/www.phyt-inov.com\\\/de\\\/produit\\\/stimulierende-ausgleichende-milch\\\/\"]}]},{\"@type\":\"ImageObject\",\"inLanguage\":\"de\",\"@id\":\"https:\\\/\\\/www.phyt-inov.com\\\/de\\\/produit\\\/stimulierende-ausgleichende-milch\\\/#primaryimage\",\"url\":\"https:\\\/\\\/www.phyt-inov.com\\\/wp-content\\\/uploads\\\/2025\\\/09\\\/1812031744559275-1-scaled-1.jpg\",\"contentUrl\":\"https:\\\/\\\/www.phyt-inov.com\\\/wp-content\\\/uploads\\\/2025\\\/09\\\/1812031744559275-1-scaled-1.jpg\",\"width\":2048,\"height\":2560,\"caption\":\"flora d\u2019esarts stimulierende und ausgleichende Milch\"},{\"@type\":\"BreadcrumbList\",\"@id\":\"https:\\\/\\\/www.phyt-inov.com\\\/de\\\/produit\\\/stimulierende-ausgleichende-milch\\\/#breadcrumb\",\"itemListElement\":[{\"@type\":\"ListItem\",\"position\":1,\"name\":\"Accueil\",\"item\":\"https:\\\/\\\/www.phyt-inov.com\\\/de\\\/startseite\\\/\"},{\"@type\":\"ListItem\",\"position\":2,\"name\":\"Shop\",\"item\":\"https:\\\/\\\/www.phyt-inov.com\\\/de\\\/shop\\\/\"},{\"@type\":\"ListItem\",\"position\":3,\"name\":\"Stimulierende, ausgleichende Milch\"}]},{\"@type\":\"WebSite\",\"@id\":\"https:\\\/\\\/www.phyt-inov.com\\\/de\\\/#website\",\"url\":\"https:\\\/\\\/www.phyt-inov.com\\\/de\\\/\",\"name\":\"Phyt-Inov International\",\"description\":\"L&#039;efficacit\u00e9 naturelle pour vos soins quotidiens\",\"publisher\":{\"@id\":\"https:\\\/\\\/www.phyt-inov.com\\\/de\\\/#organization\"},\"alternateName\":\"phyt-inov\",\"potentialAction\":[{\"@type\":\"SearchAction\",\"target\":{\"@type\":\"EntryPoint\",\"urlTemplate\":\"https:\\\/\\\/www.phyt-inov.com\\\/de\\\/?s={search_term_string}\"},\"query-input\":{\"@type\":\"PropertyValueSpecification\",\"valueRequired\":true,\"valueName\":\"search_term_string\"}}],\"inLanguage\":\"de\"},{\"@type\":\"Organization\",\"@id\":\"https:\\\/\\\/www.phyt-inov.com\\\/de\\\/#organization\",\"name\":\"Phyt-Inov\",\"alternateName\":\"Phyt-Inov\",\"url\":\"https:\\\/\\\/www.phyt-inov.com\\\/de\\\/\",\"logo\":{\"@type\":\"ImageObject\",\"inLanguage\":\"de\",\"@id\":\"https:\\\/\\\/www.phyt-inov.com\\\/de\\\/#\\\/schema\\\/logo\\\/image\\\/\",\"url\":\"https:\\\/\\\/www.phyt-inov.com\\\/wp-content\\\/uploads\\\/2025\\\/09\\\/Logo-site-phyt-inov4_Plan-de-travail-1-2048x760-1.png\",\"contentUrl\":\"https:\\\/\\\/www.phyt-inov.com\\\/wp-content\\\/uploads\\\/2025\\\/09\\\/Logo-site-phyt-inov4_Plan-de-travail-1-2048x760-1.png\",\"width\":2048,\"height\":760,\"caption\":\"Phyt-Inov\"},\"image\":{\"@id\":\"https:\\\/\\\/www.phyt-inov.com\\\/de\\\/#\\\/schema\\\/logo\\\/image\\\/\"},\"sameAs\":[\"https:\\\/\\\/www.facebook.com\\\/phytinov\\\/\",\"https:\\\/\\\/www.youtube.com\\\/channel\\\/UCE05sYsSXuuKbLqs4Au3e4Q\",\"https:\\\/\\\/www.instagram.com\\\/phytinov\\\/\"]}]}<\/script>\n<!-- \/ Yoast SEO plugin. -->","yoast_head_json":{"title":"Stimulierende, ausgleichende Milch \u2013 Flora d\u2019Essarts \u2013 Phyt-Inov\u00ae offiziell \u2013 Bio-Creme f\u00fcr die Haut- und Gesichtspflege \u2013 erfrischend und beruhigend \u2013 F\u00fcr revitalisierungsbed\u00fcrftige Haut \u2013 200 ml, 100 % nat\u00fcrlich und ultra-bio | Phyt-inov.com","description":"Phyt-Inov international\u00ae offiziell, das f\u00fchrende Schweizer Labor f\u00fcr nat\u00fcrliche und biologische Pflege- und Kosmetikprodukte f\u00fcr die Gesundheit und Sch\u00f6nheit der Haut, bietet seine Stimulierende, ausgleichende Milch Flora d\u2019Essarts (200 ml ohne Konservierungsstoffe und ohne PEG) an \u2013 Die Stimulierende, ausgleichende Milch Flora d\u2019Essarts ist ein nat\u00fcrliches\/Bio-Produkt von Phyt Inov zur Bewahrung der Hautsch\u00f6nheit (Birkensaft\/Sesam\u00f6l\/Karotte\/Aprikose\/Palmarosa\/Ringelblume). Dieses Serum-Milch revitalisiert die Epidermis und schenkt der Haut Frische und samtige Geschmeidigkeit zur\u00fcck. H\u00e4ufig wird dieses Produkt f\u00fcr Haut jeden Alters verwendet, auch f\u00fcr die empfindlichste und zarteste Haut wie die von Babys und Kleinkindern. Es wird au\u00dferdem nach Sonnenexposition empfohlen.","robots":{"index":"index","follow":"follow","max-snippet":"max-snippet:-1","max-image-preview":"max-image-preview:large","max-video-preview":"max-video-preview:-1"},"canonical":"https:\/\/www.phyt-inov.com\/de\/produit\/stimulierende-ausgleichende-milch\/","og_locale":"de_DE","og_type":"article","og_title":"Stimulierende, ausgleichende Milch \u2013 Flora d\u2019Essarts \u2013 Phyt-Inov\u00ae offiziell \u2013 Bio-Creme f\u00fcr die Haut- und Gesichtspflege \u2013 erfrischend und beruhigend \u2013 F\u00fcr revitalisierungsbed\u00fcrftige Haut \u2013 200 ml, 100 % nat\u00fcrlich und ultra-bio | Phyt-inov.com","og_description":"Phyt-Inov international\u00ae offiziell, das f\u00fchrende Schweizer Labor f\u00fcr nat\u00fcrliche und biologische Pflege- und Kosmetikprodukte f\u00fcr die Gesundheit und Sch\u00f6nheit der Haut, bietet seine Stimulierende, ausgleichende Milch Flora d\u2019Essarts (200 ml ohne Konservierungsstoffe und ohne PEG) an \u2013 Die Stimulierende, ausgleichende Milch Flora d\u2019Essarts ist ein nat\u00fcrliches\/Bio-Produkt von Phyt Inov zur Bewahrung der Hautsch\u00f6nheit (Birkensaft\/Sesam\u00f6l\/Karotte\/Aprikose\/Palmarosa\/Ringelblume). Dieses Serum-Milch revitalisiert die Epidermis und schenkt der Haut Frische und samtige Geschmeidigkeit zur\u00fcck. H\u00e4ufig wird dieses Produkt f\u00fcr Haut jeden Alters verwendet, auch f\u00fcr die empfindlichste und zarteste Haut wie die von Babys und Kleinkindern. Es wird au\u00dferdem nach Sonnenexposition empfohlen.","og_url":"https:\/\/www.phyt-inov.com\/de\/produit\/stimulierende-ausgleichende-milch\/","og_site_name":"Phyt-Inov","article_publisher":"https:\/\/www.facebook.com\/phytinov\/","article_modified_time":"2026-03-30T09:04:35+00:00","og_image":[{"width":2048,"height":2560,"url":"https:\/\/www.phyt-inov.com\/wp-content\/uploads\/2025\/09\/1812031744559275-1-scaled-1.jpg","type":"image\/jpeg"}],"twitter_card":"summary_large_image","schema":{"@context":"https:\/\/schema.org","@graph":[{"@type":"WebPage","@id":"https:\/\/www.phyt-inov.com\/de\/produit\/stimulierende-ausgleichende-milch\/","url":"https:\/\/www.phyt-inov.com\/de\/produit\/stimulierende-ausgleichende-milch\/","name":"Stimulierende, ausgleichende Milch \u2013 Flora d\u2019Essarts \u2013 Phyt-Inov\u00ae offiziell \u2013 Bio-Creme f\u00fcr die Haut- und Gesichtspflege \u2013 erfrischend und beruhigend \u2013 F\u00fcr revitalisierungsbed\u00fcrftige Haut \u2013 200 ml, 100 % nat\u00fcrlich und ultra-bio | Phyt-inov.com","isPartOf":{"@id":"https:\/\/www.phyt-inov.com\/de\/#website"},"primaryImageOfPage":{"@id":"https:\/\/www.phyt-inov.com\/de\/produit\/stimulierende-ausgleichende-milch\/#primaryimage"},"image":{"@id":"https:\/\/www.phyt-inov.com\/de\/produit\/stimulierende-ausgleichende-milch\/#primaryimage"},"thumbnailUrl":"https:\/\/www.phyt-inov.com\/wp-content\/uploads\/2025\/09\/1812031744559275-1-scaled-1.jpg","datePublished":"2019-04-04T21:31:20+00:00","dateModified":"2026-03-30T09:04:35+00:00","description":"Phyt-Inov international\u00ae offiziell, das f\u00fchrende Schweizer Labor f\u00fcr nat\u00fcrliche und biologische Pflege- und Kosmetikprodukte f\u00fcr die Gesundheit und Sch\u00f6nheit der Haut, bietet seine Stimulierende, ausgleichende Milch Flora d\u2019Essarts (200 ml ohne Konservierungsstoffe und ohne PEG) an \u2013 Die Stimulierende, ausgleichende Milch Flora d\u2019Essarts ist ein nat\u00fcrliches\/Bio-Produkt von Phyt Inov zur Bewahrung der Hautsch\u00f6nheit (Birkensaft\/Sesam\u00f6l\/Karotte\/Aprikose\/Palmarosa\/Ringelblume). Dieses Serum-Milch revitalisiert die Epidermis und schenkt der Haut Frische und samtige Geschmeidigkeit zur\u00fcck. H\u00e4ufig wird dieses Produkt f\u00fcr Haut jeden Alters verwendet, auch f\u00fcr die empfindlichste und zarteste Haut wie die von Babys und Kleinkindern. Es wird au\u00dferdem nach Sonnenexposition empfohlen.","breadcrumb":{"@id":"https:\/\/www.phyt-inov.com\/de\/produit\/stimulierende-ausgleichende-milch\/#breadcrumb"},"inLanguage":"de","potentialAction":[{"@type":"ReadAction","target":["https:\/\/www.phyt-inov.com\/de\/produit\/stimulierende-ausgleichende-milch\/"]}]},{"@type":"ImageObject","inLanguage":"de","@id":"https:\/\/www.phyt-inov.com\/de\/produit\/stimulierende-ausgleichende-milch\/#primaryimage","url":"https:\/\/www.phyt-inov.com\/wp-content\/uploads\/2025\/09\/1812031744559275-1-scaled-1.jpg","contentUrl":"https:\/\/www.phyt-inov.com\/wp-content\/uploads\/2025\/09\/1812031744559275-1-scaled-1.jpg","width":2048,"height":2560,"caption":"flora d\u2019esarts stimulierende und ausgleichende Milch"},{"@type":"BreadcrumbList","@id":"https:\/\/www.phyt-inov.com\/de\/produit\/stimulierende-ausgleichende-milch\/#breadcrumb","itemListElement":[{"@type":"ListItem","position":1,"name":"Accueil","item":"https:\/\/www.phyt-inov.com\/de\/startseite\/"},{"@type":"ListItem","position":2,"name":"Shop","item":"https:\/\/www.phyt-inov.com\/de\/shop\/"},{"@type":"ListItem","position":3,"name":"Stimulierende, ausgleichende Milch"}]},{"@type":"WebSite","@id":"https:\/\/www.phyt-inov.com\/de\/#website","url":"https:\/\/www.phyt-inov.com\/de\/","name":"Phyt-Inov International","description":"L&#039;efficacit\u00e9 naturelle pour vos soins quotidiens","publisher":{"@id":"https:\/\/www.phyt-inov.com\/de\/#organization"},"alternateName":"phyt-inov","potentialAction":[{"@type":"SearchAction","target":{"@type":"EntryPoint","urlTemplate":"https:\/\/www.phyt-inov.com\/de\/?s={search_term_string}"},"query-input":{"@type":"PropertyValueSpecification","valueRequired":true,"valueName":"search_term_string"}}],"inLanguage":"de"},{"@type":"Organization","@id":"https:\/\/www.phyt-inov.com\/de\/#organization","name":"Phyt-Inov","alternateName":"Phyt-Inov","url":"https:\/\/www.phyt-inov.com\/de\/","logo":{"@type":"ImageObject","inLanguage":"de","@id":"https:\/\/www.phyt-inov.com\/de\/#\/schema\/logo\/image\/","url":"https:\/\/www.phyt-inov.com\/wp-content\/uploads\/2025\/09\/Logo-site-phyt-inov4_Plan-de-travail-1-2048x760-1.png","contentUrl":"https:\/\/www.phyt-inov.com\/wp-content\/uploads\/2025\/09\/Logo-site-phyt-inov4_Plan-de-travail-1-2048x760-1.png","width":2048,"height":760,"caption":"Phyt-Inov"},"image":{"@id":"https:\/\/www.phyt-inov.com\/de\/#\/schema\/logo\/image\/"},"sameAs":["https:\/\/www.facebook.com\/phytinov\/","https:\/\/www.youtube.com\/channel\/UCE05sYsSXuuKbLqs4Au3e4Q","https:\/\/www.instagram.com\/phytinov\/"]}]}},"jetpack_sharing_enabled":true,"_links":{"self":[{"href":"https:\/\/www.phyt-inov.com\/de\/wp-json\/wp\/v2\/product\/83588","targetHints":{"allow":["GET"]}}],"collection":[{"href":"https:\/\/www.phyt-inov.com\/de\/wp-json\/wp\/v2\/product"}],"about":[{"href":"https:\/\/www.phyt-inov.com\/de\/wp-json\/wp\/v2\/types\/product"}],"replies":[{"embeddable":true,"href":"https:\/\/www.phyt-inov.com\/de\/wp-json\/wp\/v2\/comments?post=83588"}],"wp:featuredmedia":[{"embeddable":true,"href":"https:\/\/www.phyt-inov.com\/de\/wp-json\/wp\/v2\/media\/83589"}],"wp:attachment":[{"href":"https:\/\/www.phyt-inov.com\/de\/wp-json\/wp\/v2\/media?parent=83588"}],"wp:term":[{"taxonomy":"product_brand","embeddable":true,"href":"https:\/\/www.phyt-inov.com\/de\/wp-json\/wp\/v2\/product_brand?post=83588"},{"taxonomy":"product_cat","embeddable":true,"href":"https:\/\/www.phyt-inov.com\/de\/wp-json\/wp\/v2\/product_cat?post=83588"},{"taxonomy":"product_tag","embeddable":true,"href":"https:\/\/www.phyt-inov.com\/de\/wp-json\/wp\/v2\/product_tag?post=83588"}],"curies":[{"name":"wp","href":"https:\/\/api.w.org\/{rel}","templated":true}]}}