{"id":83557,"date":"2019-04-04T21:31:26","date_gmt":"2019-04-04T21:31:26","guid":{"rendered":"https:\/\/www.phyt-inov.com\/produit\/bropaine-150-kapseln\/"},"modified":"2026-03-30T09:06:56","modified_gmt":"2026-03-30T09:06:56","slug":"bropaine-150-kapseln","status":"publish","type":"product","link":"https:\/\/www.phyt-inov.com\/de\/produit\/bropaine-150-kapseln\/","title":{"rendered":"Bropa\u00efne 150 Kapseln"},"content":{"rendered":"<p>Dose mit 150 pflanzlichen Kapseln \u00e0 400 mg.<\/p>\n<p>Nettogewicht: 72 g.<\/p>\n<p><strong>Verzehrempfehlung:<\/strong> Nehmen Sie 2 Kapseln 2-mal t\u00e4glich vor den Mahlzeiten ein.<\/p>\n<p>\u201eF\u00fcr Ihre Gesundheit: Essen Sie mindestens f\u00fcnf Portionen Obst und Gem\u00fcse pro Tag\u201c<br \/>\n\u201eF\u00fcr Ihre Gesundheit: Treiben Sie regelm\u00e4\u00dfig k\u00f6rperliche Aktivit\u00e4t\u201c<br \/>\n\u201eF\u00fcr Ihre Gesundheit: Vermeiden Sie zu fettes, zu s\u00fc\u00dfes, zu salziges Essen\u201c<br \/>\n\u201eF\u00fcr Ihre Gesundheit: Vermeiden Sie Zwischenmahlzeiten\u201c<br \/>\nwww.mangerbouger.fr<\/p>\n","protected":false},"excerpt":{"rendered":"<p>Bropa\u00efne ist eine Kombination aus zwei Enzymen aus Ananas und Papaya (Bromelain und Papain).<\/p>\n<p>Bromelain gilt als ungiftig und ohne Nebenwirkungen, mit Ausnahme sehr seltener allergischer Reaktionen. Es kann \u00fcber lange Zeitr\u00e4ume in Dosierungen von 200 bis 2000 mg verwendet werden. <\/p>\n","protected":false},"featured_media":83561,"comment_status":"open","ping_status":"closed","template":"","meta":{"_et_pb_use_builder":"","_et_pb_old_content":"","_et_gb_content_width":""},"product_brand":[],"product_cat":[108,142,126,128,145],"product_tag":[],"class_list":{"0":"post-83557","1":"product","2":"type-product","3":"status-publish","4":"has-post-thumbnail","6":"product_cat-atemwege","7":"product_cat-entzundliche-beschwerden","8":"product_cat-naturliches-protokoll-zur-zellunterstutzung","9":"product_cat-tiere","10":"product_cat-verdauungskomfort","12":"first","13":"instock","14":"shipping-taxable","15":"purchasable","16":"product-type-simple"},"yoast_head":"<!-- This site is optimized with the Yoast SEO plugin v27.3 - https:\/\/yoast.com\/product\/yoast-seo-wordpress\/ -->\n<title>Kombination aus 2 Enzymen aus Ananas und Papaya (Bromelain und Papain) \u2013 Formel von Jean Pierre Willem \u2013 Bropa\u00efne 150 Kapseln \u00e0 400 mg | Phyt-inov.com<\/title>\n<meta name=\"description\" content=\"Phyt-Inov international\u00ae offiziell, Schweizer Labor entwickelt mit Jean Pierre Willem Bropa\u00efne (150 Kapseln \u00e0 400 mg), Kombination aus 2 Enzymen: Bromelain und Papain. Erhalt einer guten Funktion des Immunsystems. Unterst\u00fctzt die Verringerung von Entz\u00fcndungen, hilft der guten Funktion des Verdauungssystems, unterst\u00fctzt die Behebung von Problemen mit gesch\u00e4digtem Gewebe, Gelenksteifigkeit und Sportverletzungen. Hilft, Schwellungen aller Art zu reduzieren.\" \/>\n<meta name=\"robots\" content=\"index, follow, max-snippet:-1, max-image-preview:large, max-video-preview:-1\" \/>\n<link rel=\"canonical\" href=\"https:\/\/www.phyt-inov.com\/de\/produit\/bropaine-150-kapseln\/\" \/>\n<meta property=\"og:locale\" content=\"de_DE\" \/>\n<meta property=\"og:type\" content=\"article\" \/>\n<meta property=\"og:title\" content=\"Kombination aus 2 Enzymen aus Ananas und Papaya (Bromelain und Papain) \u2013 Formel von Jean Pierre Willem \u2013 Bropa\u00efne 150 Kapseln \u00e0 400 mg | Phyt-inov.com\" \/>\n<meta property=\"og:description\" content=\"Phyt-Inov international\u00ae offiziell, Schweizer Labor entwickelt mit Jean Pierre Willem Bropa\u00efne (150 Kapseln \u00e0 400 mg), Kombination aus 2 Enzymen: Bromelain und Papain. Erhalt einer guten Funktion des Immunsystems. Unterst\u00fctzt die Verringerung von Entz\u00fcndungen, hilft der guten Funktion des Verdauungssystems, unterst\u00fctzt die Behebung von Problemen mit gesch\u00e4digtem Gewebe, Gelenksteifigkeit und Sportverletzungen. Hilft, Schwellungen aller Art zu reduzieren.\" \/>\n<meta property=\"og:url\" content=\"https:\/\/www.phyt-inov.com\/de\/produit\/bropaine-150-kapseln\/\" \/>\n<meta property=\"og:site_name\" content=\"Phyt-Inov\" \/>\n<meta property=\"article:publisher\" content=\"https:\/\/www.facebook.com\/phytinov\/\" \/>\n<meta property=\"article:modified_time\" content=\"2026-03-30T09:06:56+00:00\" \/>\n<meta property=\"og:image\" content=\"https:\/\/www.phyt-inov.com\/wp-content\/uploads\/2019\/04\/photo-des-pdts-phyt-inov-3-scaled.png\" \/>\n\t<meta property=\"og:image:width\" content=\"2048\" \/>\n\t<meta property=\"og:image:height\" content=\"2560\" \/>\n\t<meta property=\"og:image:type\" content=\"image\/png\" \/>\n<meta name=\"twitter:card\" content=\"summary_large_image\" \/>\n<script type=\"application\/ld+json\" class=\"yoast-schema-graph\">{\"@context\":\"https:\\\/\\\/schema.org\",\"@graph\":[{\"@type\":\"WebPage\",\"@id\":\"https:\\\/\\\/www.phyt-inov.com\\\/de\\\/produit\\\/bropaine-150-kapseln\\\/\",\"url\":\"https:\\\/\\\/www.phyt-inov.com\\\/de\\\/produit\\\/bropaine-150-kapseln\\\/\",\"name\":\"Kombination aus 2 Enzymen aus Ananas und Papaya (Bromelain und Papain) \u2013 Formel von Jean Pierre Willem \u2013 Bropa\u00efne 150 Kapseln \u00e0 400 mg | Phyt-inov.com\",\"isPartOf\":{\"@id\":\"https:\\\/\\\/www.phyt-inov.com\\\/de\\\/#website\"},\"primaryImageOfPage\":{\"@id\":\"https:\\\/\\\/www.phyt-inov.com\\\/de\\\/produit\\\/bropaine-150-kapseln\\\/#primaryimage\"},\"image\":{\"@id\":\"https:\\\/\\\/www.phyt-inov.com\\\/de\\\/produit\\\/bropaine-150-kapseln\\\/#primaryimage\"},\"thumbnailUrl\":\"https:\\\/\\\/www.phyt-inov.com\\\/wp-content\\\/uploads\\\/2019\\\/04\\\/photo-des-pdts-phyt-inov-3-scaled.png\",\"datePublished\":\"2019-04-04T21:31:26+00:00\",\"dateModified\":\"2026-03-30T09:06:56+00:00\",\"description\":\"Phyt-Inov international\u00ae offiziell, Schweizer Labor entwickelt mit Jean Pierre Willem Bropa\u00efne (150 Kapseln \u00e0 400 mg), Kombination aus 2 Enzymen: Bromelain und Papain. Erhalt einer guten Funktion des Immunsystems. Unterst\u00fctzt die Verringerung von Entz\u00fcndungen, hilft der guten Funktion des Verdauungssystems, unterst\u00fctzt die Behebung von Problemen mit gesch\u00e4digtem Gewebe, Gelenksteifigkeit und Sportverletzungen. Hilft, Schwellungen aller Art zu reduzieren.\",\"breadcrumb\":{\"@id\":\"https:\\\/\\\/www.phyt-inov.com\\\/de\\\/produit\\\/bropaine-150-kapseln\\\/#breadcrumb\"},\"inLanguage\":\"de\",\"potentialAction\":[{\"@type\":\"ReadAction\",\"target\":[\"https:\\\/\\\/www.phyt-inov.com\\\/de\\\/produit\\\/bropaine-150-kapseln\\\/\"]}]},{\"@type\":\"ImageObject\",\"inLanguage\":\"de\",\"@id\":\"https:\\\/\\\/www.phyt-inov.com\\\/de\\\/produit\\\/bropaine-150-kapseln\\\/#primaryimage\",\"url\":\"https:\\\/\\\/www.phyt-inov.com\\\/wp-content\\\/uploads\\\/2019\\\/04\\\/photo-des-pdts-phyt-inov-3-scaled.png\",\"contentUrl\":\"https:\\\/\\\/www.phyt-inov.com\\\/wp-content\\\/uploads\\\/2019\\\/04\\\/photo-des-pdts-phyt-inov-3-scaled.png\",\"width\":2048,\"height\":2560,\"caption\":\"Phyt-Inov Produkt Bropa\u00efne\"},{\"@type\":\"BreadcrumbList\",\"@id\":\"https:\\\/\\\/www.phyt-inov.com\\\/de\\\/produit\\\/bropaine-150-kapseln\\\/#breadcrumb\",\"itemListElement\":[{\"@type\":\"ListItem\",\"position\":1,\"name\":\"Accueil\",\"item\":\"https:\\\/\\\/www.phyt-inov.com\\\/de\\\/startseite\\\/\"},{\"@type\":\"ListItem\",\"position\":2,\"name\":\"Shop\",\"item\":\"https:\\\/\\\/www.phyt-inov.com\\\/de\\\/shop\\\/\"},{\"@type\":\"ListItem\",\"position\":3,\"name\":\"Bropa\u00efne 150 Kapseln\"}]},{\"@type\":\"WebSite\",\"@id\":\"https:\\\/\\\/www.phyt-inov.com\\\/de\\\/#website\",\"url\":\"https:\\\/\\\/www.phyt-inov.com\\\/de\\\/\",\"name\":\"Phyt-Inov International\",\"description\":\"L&#039;efficacit\u00e9 naturelle pour vos soins quotidiens\",\"publisher\":{\"@id\":\"https:\\\/\\\/www.phyt-inov.com\\\/de\\\/#organization\"},\"alternateName\":\"phyt-inov\",\"potentialAction\":[{\"@type\":\"SearchAction\",\"target\":{\"@type\":\"EntryPoint\",\"urlTemplate\":\"https:\\\/\\\/www.phyt-inov.com\\\/de\\\/?s={search_term_string}\"},\"query-input\":{\"@type\":\"PropertyValueSpecification\",\"valueRequired\":true,\"valueName\":\"search_term_string\"}}],\"inLanguage\":\"de\"},{\"@type\":\"Organization\",\"@id\":\"https:\\\/\\\/www.phyt-inov.com\\\/de\\\/#organization\",\"name\":\"Phyt-Inov\",\"alternateName\":\"Phyt-Inov\",\"url\":\"https:\\\/\\\/www.phyt-inov.com\\\/de\\\/\",\"logo\":{\"@type\":\"ImageObject\",\"inLanguage\":\"de\",\"@id\":\"https:\\\/\\\/www.phyt-inov.com\\\/de\\\/#\\\/schema\\\/logo\\\/image\\\/\",\"url\":\"https:\\\/\\\/www.phyt-inov.com\\\/wp-content\\\/uploads\\\/2025\\\/09\\\/Logo-site-phyt-inov4_Plan-de-travail-1-2048x760-1.png\",\"contentUrl\":\"https:\\\/\\\/www.phyt-inov.com\\\/wp-content\\\/uploads\\\/2025\\\/09\\\/Logo-site-phyt-inov4_Plan-de-travail-1-2048x760-1.png\",\"width\":2048,\"height\":760,\"caption\":\"Phyt-Inov\"},\"image\":{\"@id\":\"https:\\\/\\\/www.phyt-inov.com\\\/de\\\/#\\\/schema\\\/logo\\\/image\\\/\"},\"sameAs\":[\"https:\\\/\\\/www.facebook.com\\\/phytinov\\\/\",\"https:\\\/\\\/www.youtube.com\\\/channel\\\/UCE05sYsSXuuKbLqs4Au3e4Q\",\"https:\\\/\\\/www.instagram.com\\\/phytinov\\\/\"]}]}<\/script>\n<!-- \/ Yoast SEO plugin. -->","yoast_head_json":{"title":"Kombination aus 2 Enzymen aus Ananas und Papaya (Bromelain und Papain) \u2013 Formel von Jean Pierre Willem \u2013 Bropa\u00efne 150 Kapseln \u00e0 400 mg | Phyt-inov.com","description":"Phyt-Inov international\u00ae offiziell, Schweizer Labor entwickelt mit Jean Pierre Willem Bropa\u00efne (150 Kapseln \u00e0 400 mg), Kombination aus 2 Enzymen: Bromelain und Papain. Erhalt einer guten Funktion des Immunsystems. Unterst\u00fctzt die Verringerung von Entz\u00fcndungen, hilft der guten Funktion des Verdauungssystems, unterst\u00fctzt die Behebung von Problemen mit gesch\u00e4digtem Gewebe, Gelenksteifigkeit und Sportverletzungen. Hilft, Schwellungen aller Art zu reduzieren.","robots":{"index":"index","follow":"follow","max-snippet":"max-snippet:-1","max-image-preview":"max-image-preview:large","max-video-preview":"max-video-preview:-1"},"canonical":"https:\/\/www.phyt-inov.com\/de\/produit\/bropaine-150-kapseln\/","og_locale":"de_DE","og_type":"article","og_title":"Kombination aus 2 Enzymen aus Ananas und Papaya (Bromelain und Papain) \u2013 Formel von Jean Pierre Willem \u2013 Bropa\u00efne 150 Kapseln \u00e0 400 mg | Phyt-inov.com","og_description":"Phyt-Inov international\u00ae offiziell, Schweizer Labor entwickelt mit Jean Pierre Willem Bropa\u00efne (150 Kapseln \u00e0 400 mg), Kombination aus 2 Enzymen: Bromelain und Papain. Erhalt einer guten Funktion des Immunsystems. Unterst\u00fctzt die Verringerung von Entz\u00fcndungen, hilft der guten Funktion des Verdauungssystems, unterst\u00fctzt die Behebung von Problemen mit gesch\u00e4digtem Gewebe, Gelenksteifigkeit und Sportverletzungen. Hilft, Schwellungen aller Art zu reduzieren.","og_url":"https:\/\/www.phyt-inov.com\/de\/produit\/bropaine-150-kapseln\/","og_site_name":"Phyt-Inov","article_publisher":"https:\/\/www.facebook.com\/phytinov\/","article_modified_time":"2026-03-30T09:06:56+00:00","og_image":[{"width":2048,"height":2560,"url":"https:\/\/www.phyt-inov.com\/wp-content\/uploads\/2019\/04\/photo-des-pdts-phyt-inov-3-scaled.png","type":"image\/png"}],"twitter_card":"summary_large_image","schema":{"@context":"https:\/\/schema.org","@graph":[{"@type":"WebPage","@id":"https:\/\/www.phyt-inov.com\/de\/produit\/bropaine-150-kapseln\/","url":"https:\/\/www.phyt-inov.com\/de\/produit\/bropaine-150-kapseln\/","name":"Kombination aus 2 Enzymen aus Ananas und Papaya (Bromelain und Papain) \u2013 Formel von Jean Pierre Willem \u2013 Bropa\u00efne 150 Kapseln \u00e0 400 mg | Phyt-inov.com","isPartOf":{"@id":"https:\/\/www.phyt-inov.com\/de\/#website"},"primaryImageOfPage":{"@id":"https:\/\/www.phyt-inov.com\/de\/produit\/bropaine-150-kapseln\/#primaryimage"},"image":{"@id":"https:\/\/www.phyt-inov.com\/de\/produit\/bropaine-150-kapseln\/#primaryimage"},"thumbnailUrl":"https:\/\/www.phyt-inov.com\/wp-content\/uploads\/2019\/04\/photo-des-pdts-phyt-inov-3-scaled.png","datePublished":"2019-04-04T21:31:26+00:00","dateModified":"2026-03-30T09:06:56+00:00","description":"Phyt-Inov international\u00ae offiziell, Schweizer Labor entwickelt mit Jean Pierre Willem Bropa\u00efne (150 Kapseln \u00e0 400 mg), Kombination aus 2 Enzymen: Bromelain und Papain. Erhalt einer guten Funktion des Immunsystems. Unterst\u00fctzt die Verringerung von Entz\u00fcndungen, hilft der guten Funktion des Verdauungssystems, unterst\u00fctzt die Behebung von Problemen mit gesch\u00e4digtem Gewebe, Gelenksteifigkeit und Sportverletzungen. Hilft, Schwellungen aller Art zu reduzieren.","breadcrumb":{"@id":"https:\/\/www.phyt-inov.com\/de\/produit\/bropaine-150-kapseln\/#breadcrumb"},"inLanguage":"de","potentialAction":[{"@type":"ReadAction","target":["https:\/\/www.phyt-inov.com\/de\/produit\/bropaine-150-kapseln\/"]}]},{"@type":"ImageObject","inLanguage":"de","@id":"https:\/\/www.phyt-inov.com\/de\/produit\/bropaine-150-kapseln\/#primaryimage","url":"https:\/\/www.phyt-inov.com\/wp-content\/uploads\/2019\/04\/photo-des-pdts-phyt-inov-3-scaled.png","contentUrl":"https:\/\/www.phyt-inov.com\/wp-content\/uploads\/2019\/04\/photo-des-pdts-phyt-inov-3-scaled.png","width":2048,"height":2560,"caption":"Phyt-Inov Produkt Bropa\u00efne"},{"@type":"BreadcrumbList","@id":"https:\/\/www.phyt-inov.com\/de\/produit\/bropaine-150-kapseln\/#breadcrumb","itemListElement":[{"@type":"ListItem","position":1,"name":"Accueil","item":"https:\/\/www.phyt-inov.com\/de\/startseite\/"},{"@type":"ListItem","position":2,"name":"Shop","item":"https:\/\/www.phyt-inov.com\/de\/shop\/"},{"@type":"ListItem","position":3,"name":"Bropa\u00efne 150 Kapseln"}]},{"@type":"WebSite","@id":"https:\/\/www.phyt-inov.com\/de\/#website","url":"https:\/\/www.phyt-inov.com\/de\/","name":"Phyt-Inov International","description":"L&#039;efficacit\u00e9 naturelle pour vos soins quotidiens","publisher":{"@id":"https:\/\/www.phyt-inov.com\/de\/#organization"},"alternateName":"phyt-inov","potentialAction":[{"@type":"SearchAction","target":{"@type":"EntryPoint","urlTemplate":"https:\/\/www.phyt-inov.com\/de\/?s={search_term_string}"},"query-input":{"@type":"PropertyValueSpecification","valueRequired":true,"valueName":"search_term_string"}}],"inLanguage":"de"},{"@type":"Organization","@id":"https:\/\/www.phyt-inov.com\/de\/#organization","name":"Phyt-Inov","alternateName":"Phyt-Inov","url":"https:\/\/www.phyt-inov.com\/de\/","logo":{"@type":"ImageObject","inLanguage":"de","@id":"https:\/\/www.phyt-inov.com\/de\/#\/schema\/logo\/image\/","url":"https:\/\/www.phyt-inov.com\/wp-content\/uploads\/2025\/09\/Logo-site-phyt-inov4_Plan-de-travail-1-2048x760-1.png","contentUrl":"https:\/\/www.phyt-inov.com\/wp-content\/uploads\/2025\/09\/Logo-site-phyt-inov4_Plan-de-travail-1-2048x760-1.png","width":2048,"height":760,"caption":"Phyt-Inov"},"image":{"@id":"https:\/\/www.phyt-inov.com\/de\/#\/schema\/logo\/image\/"},"sameAs":["https:\/\/www.facebook.com\/phytinov\/","https:\/\/www.youtube.com\/channel\/UCE05sYsSXuuKbLqs4Au3e4Q","https:\/\/www.instagram.com\/phytinov\/"]}]}},"jetpack_sharing_enabled":true,"_links":{"self":[{"href":"https:\/\/www.phyt-inov.com\/de\/wp-json\/wp\/v2\/product\/83557","targetHints":{"allow":["GET"]}}],"collection":[{"href":"https:\/\/www.phyt-inov.com\/de\/wp-json\/wp\/v2\/product"}],"about":[{"href":"https:\/\/www.phyt-inov.com\/de\/wp-json\/wp\/v2\/types\/product"}],"replies":[{"embeddable":true,"href":"https:\/\/www.phyt-inov.com\/de\/wp-json\/wp\/v2\/comments?post=83557"}],"wp:featuredmedia":[{"embeddable":true,"href":"https:\/\/www.phyt-inov.com\/de\/wp-json\/wp\/v2\/media\/83561"}],"wp:attachment":[{"href":"https:\/\/www.phyt-inov.com\/de\/wp-json\/wp\/v2\/media?parent=83557"}],"wp:term":[{"taxonomy":"product_brand","embeddable":true,"href":"https:\/\/www.phyt-inov.com\/de\/wp-json\/wp\/v2\/product_brand?post=83557"},{"taxonomy":"product_cat","embeddable":true,"href":"https:\/\/www.phyt-inov.com\/de\/wp-json\/wp\/v2\/product_cat?post=83557"},{"taxonomy":"product_tag","embeddable":true,"href":"https:\/\/www.phyt-inov.com\/de\/wp-json\/wp\/v2\/product_tag?post=83557"}],"curies":[{"name":"wp","href":"https:\/\/api.w.org\/{rel}","templated":true}]}}