{"id":83549,"date":"2019-04-04T21:31:27","date_gmt":"2019-04-04T21:31:27","guid":{"rendered":"https:\/\/www.phyt-inov.com\/produit\/enzy20-200-kapseln\/"},"modified":"2019-04-04T21:31:27","modified_gmt":"2019-04-04T21:31:27","slug":"enzy20-200-kapseln","status":"publish","type":"product","link":"https:\/\/www.phyt-inov.com\/de\/produit\/enzy20-200-kapseln\/","title":{"rendered":"Enzy20 200 Kapseln"},"content":{"rendered":"<p>Ein Enzym ist ein Molek\u00fcl, meist ein von Zellen produziertes Protein, das biochemische Reaktionen im menschlichen K\u00f6rper millionenfach beschleunigt. Ohne Enzyme w\u00fcrden diese Reaktionen wesentlich l\u00e4nger dauern (eine Sekunde mit Enzym entspr\u00e4che zw\u00f6lf Tagen ohne) und Leben w\u00e4re schlichtweg unm\u00f6glich. <\/p>\n<p>Durch die einzigartige F\u00e4higkeit, sich an Substanzen zu binden, Transformationen zu bewirken und sich anschlie\u00dfend f\u00fcr den n\u00e4chsten Vorgang wieder zu l\u00f6sen, steuern Enzyme alle dynamischen Lebensprozesse und garantieren den Fortbestand unserer Vitalfunktionen.<\/p>\n<p>Zehntausende Enzyme sind in unserem K\u00f6rper aktiv; sie sind notwendig, um Nahrung zu verdauen, das Gehirn zu stimulieren, Zellenergie bereitzustellen und alle Gewebe, Organe und Zellen zu entschlacken.<\/p>\n<p>Enzyme sind unverzichtbar, da sie f\u00fcr fast alle chemischen Reaktionen im menschlichen Organismus notwendig sind.<\/p>\n<p>Sie wirken in kleinsten Mengen. Ein Enzymmolek\u00fcl wandelt pro Minute hunderte bis Millionen Substratmolek\u00fcle um und bleibt am Ende der Reaktion unversehrt.  <\/p>\n<p>Enzyme sind spezifisch: Sie katalysieren nur eine bestimmte Art von Reaktion (Wirkungsspezifit\u00e4t). Es gibt zahlreiche Enzyme: \u00dcber 2.500 wurden bereits identifiziert, doch viele weitere warten noch auf ihre Entdeckung. <\/p>\n","protected":false},"excerpt":{"rendered":"<p>Abbildung unverbindlich.<\/p>\n<p><strong>ENZY 20<\/strong> vereint in einer einzigen Kapsel \u00fcber 20 essenzielle Inhaltsstoffe, darunter Enzyme, Vitamine und Mineralien. Chrom tr\u00e4gt zum normalen Stoffwechsel von Makron\u00e4hrstoffen und zur Regulierung des Blutzuckerspiegels bei, w\u00e4hrend Calcium die optimale Funktion der Verdauungsenzyme unterst\u00fctzt. Ein umfassendes Supplement zur F\u00f6rderung von Verdauung und Stoffwechsel.  <\/p>\n","protected":false},"featured_media":83550,"comment_status":"open","ping_status":"closed","template":"","meta":{"_et_pb_use_builder":"","_et_pb_old_content":"","_et_gb_content_width":""},"product_brand":[],"product_cat":[143,145],"product_tag":[],"class_list":{"0":"post-83549","1":"product","2":"type-product","3":"status-publish","4":"has-post-thumbnail","6":"product_cat-stoffwechselstorungen","7":"product_cat-verdauungskomfort","9":"first","10":"instock","11":"shipping-taxable","12":"purchasable","13":"product-type-simple"},"yoast_head":"<!-- This site is optimized with the Yoast SEO plugin v27.3 - https:\/\/yoast.com\/product\/yoast-seo-wordpress\/ -->\n<title>Enzy20 \u2013 Offizielles Phyt-Inov\u00ae (entwickelt mit Jean-Pierre Willem\/Referent f\u00fcr Naturheilkunde) \u2013 Naturprodukt auf Basis von Enzymen, Vitaminen und Mineralien \u2013 Nahrungserg\u00e4nzungsmittel f\u00fcr eine normale Verdauungsfunktion \u2013 Normaler Blutzuckerspiegel \u2013 200 pflanzliche Kapseln | Phyt-inov.com<\/title>\n<meta name=\"description\" content=\"Phyt-Inov international\u00ae offiziell, f\u00fchrendes Schweizer Labor f\u00fcr Naturprodukte zur Verdauung (Enzy20), entwickelt mit Jean-Pierre Willem. Das offizielle Enzy20\/Phyt\u2019Inov (200 pflanzliche Kapseln) ist ein Natur-\/Bio-Produkt von Phyt Inov zur Unterst\u00fctzung der Verdauung. Als Nahrungserg\u00e4nzungsmittel f\u00f6rdert es die normale Funktion der Verdauungsenzyme, tr\u00e4gt zum Stoffwechsel von Makron\u00e4hrstoffen bei und erh\u00e4lt einen normalen Blutzuckerspiegel aufrecht.\" \/>\n<meta name=\"robots\" content=\"index, follow, max-snippet:-1, max-image-preview:large, max-video-preview:-1\" \/>\n<link rel=\"canonical\" href=\"https:\/\/www.phyt-inov.com\/de\/produit\/enzy20-200-kapseln\/\" \/>\n<meta property=\"og:locale\" content=\"de_DE\" \/>\n<meta property=\"og:type\" content=\"article\" \/>\n<meta property=\"og:title\" content=\"Enzy20 \u2013 Offizielles Phyt-Inov\u00ae (entwickelt mit Jean-Pierre Willem\/Referent f\u00fcr Naturheilkunde) \u2013 Naturprodukt auf Basis von Enzymen, Vitaminen und Mineralien \u2013 Nahrungserg\u00e4nzungsmittel f\u00fcr eine normale Verdauungsfunktion \u2013 Normaler Blutzuckerspiegel \u2013 200 pflanzliche Kapseln | Phyt-inov.com\" \/>\n<meta property=\"og:description\" content=\"Phyt-Inov international\u00ae offiziell, f\u00fchrendes Schweizer Labor f\u00fcr Naturprodukte zur Verdauung (Enzy20), entwickelt mit Jean-Pierre Willem. Das offizielle Enzy20\/Phyt\u2019Inov (200 pflanzliche Kapseln) ist ein Natur-\/Bio-Produkt von Phyt Inov zur Unterst\u00fctzung der Verdauung. Als Nahrungserg\u00e4nzungsmittel f\u00f6rdert es die normale Funktion der Verdauungsenzyme, tr\u00e4gt zum Stoffwechsel von Makron\u00e4hrstoffen bei und erh\u00e4lt einen normalen Blutzuckerspiegel aufrecht.\" \/>\n<meta property=\"og:url\" content=\"https:\/\/www.phyt-inov.com\/de\/produit\/enzy20-200-kapseln\/\" \/>\n<meta property=\"og:site_name\" content=\"Phyt-Inov\" \/>\n<meta property=\"article:publisher\" content=\"https:\/\/www.facebook.com\/phytinov\/\" \/>\n<meta property=\"og:image\" content=\"https:\/\/www.phyt-inov.com\/wp-content\/uploads\/2025\/09\/Enzy-20.png\" \/>\n\t<meta property=\"og:image:width\" content=\"819\" \/>\n\t<meta property=\"og:image:height\" content=\"1024\" \/>\n\t<meta property=\"og:image:type\" content=\"image\/png\" \/>\n<meta name=\"twitter:card\" content=\"summary_large_image\" \/>\n<meta name=\"twitter:label1\" content=\"Gesch\u00e4tzte Lesezeit\" \/>\n\t<meta name=\"twitter:data1\" content=\"1\u00a0Minute\" \/>\n<script type=\"application\/ld+json\" class=\"yoast-schema-graph\">{\"@context\":\"https:\\\/\\\/schema.org\",\"@graph\":[{\"@type\":\"WebPage\",\"@id\":\"https:\\\/\\\/www.phyt-inov.com\\\/de\\\/produit\\\/enzy20-200-kapseln\\\/\",\"url\":\"https:\\\/\\\/www.phyt-inov.com\\\/de\\\/produit\\\/enzy20-200-kapseln\\\/\",\"name\":\"Enzy20 \u2013 Offizielles Phyt-Inov\u00ae (entwickelt mit Jean-Pierre Willem\\\/Referent f\u00fcr Naturheilkunde) \u2013 Naturprodukt auf Basis von Enzymen, Vitaminen und Mineralien \u2013 Nahrungserg\u00e4nzungsmittel f\u00fcr eine normale Verdauungsfunktion \u2013 Normaler Blutzuckerspiegel \u2013 200 pflanzliche Kapseln | Phyt-inov.com\",\"isPartOf\":{\"@id\":\"https:\\\/\\\/www.phyt-inov.com\\\/de\\\/#website\"},\"primaryImageOfPage\":{\"@id\":\"https:\\\/\\\/www.phyt-inov.com\\\/de\\\/produit\\\/enzy20-200-kapseln\\\/#primaryimage\"},\"image\":{\"@id\":\"https:\\\/\\\/www.phyt-inov.com\\\/de\\\/produit\\\/enzy20-200-kapseln\\\/#primaryimage\"},\"thumbnailUrl\":\"https:\\\/\\\/www.phyt-inov.com\\\/wp-content\\\/uploads\\\/2025\\\/09\\\/Enzy-20.png\",\"datePublished\":\"2019-04-04T21:31:27+00:00\",\"description\":\"Phyt-Inov international\u00ae offiziell, f\u00fchrendes Schweizer Labor f\u00fcr Naturprodukte zur Verdauung (Enzy20), entwickelt mit Jean-Pierre Willem. Das offizielle Enzy20\\\/Phyt\u2019Inov (200 pflanzliche Kapseln) ist ein Natur-\\\/Bio-Produkt von Phyt Inov zur Unterst\u00fctzung der Verdauung. Als Nahrungserg\u00e4nzungsmittel f\u00f6rdert es die normale Funktion der Verdauungsenzyme, tr\u00e4gt zum Stoffwechsel von Makron\u00e4hrstoffen bei und erh\u00e4lt einen normalen Blutzuckerspiegel aufrecht.\",\"breadcrumb\":{\"@id\":\"https:\\\/\\\/www.phyt-inov.com\\\/de\\\/produit\\\/enzy20-200-kapseln\\\/#breadcrumb\"},\"inLanguage\":\"de\",\"potentialAction\":[{\"@type\":\"ReadAction\",\"target\":[\"https:\\\/\\\/www.phyt-inov.com\\\/de\\\/produit\\\/enzy20-200-kapseln\\\/\"]}]},{\"@type\":\"ImageObject\",\"inLanguage\":\"de\",\"@id\":\"https:\\\/\\\/www.phyt-inov.com\\\/de\\\/produit\\\/enzy20-200-kapseln\\\/#primaryimage\",\"url\":\"https:\\\/\\\/www.phyt-inov.com\\\/wp-content\\\/uploads\\\/2025\\\/09\\\/Enzy-20.png\",\"contentUrl\":\"https:\\\/\\\/www.phyt-inov.com\\\/wp-content\\\/uploads\\\/2025\\\/09\\\/Enzy-20.png\",\"width\":6400,\"height\":8000,\"caption\":\"Phyt-Inov Produkt Enzy 20\"},{\"@type\":\"BreadcrumbList\",\"@id\":\"https:\\\/\\\/www.phyt-inov.com\\\/de\\\/produit\\\/enzy20-200-kapseln\\\/#breadcrumb\",\"itemListElement\":[{\"@type\":\"ListItem\",\"position\":1,\"name\":\"Accueil\",\"item\":\"https:\\\/\\\/www.phyt-inov.com\\\/de\\\/startseite\\\/\"},{\"@type\":\"ListItem\",\"position\":2,\"name\":\"Shop\",\"item\":\"https:\\\/\\\/www.phyt-inov.com\\\/de\\\/shop\\\/\"},{\"@type\":\"ListItem\",\"position\":3,\"name\":\"Enzy20 200 Kapseln\"}]},{\"@type\":\"WebSite\",\"@id\":\"https:\\\/\\\/www.phyt-inov.com\\\/de\\\/#website\",\"url\":\"https:\\\/\\\/www.phyt-inov.com\\\/de\\\/\",\"name\":\"Phyt-Inov International\",\"description\":\"L&#039;efficacit\u00e9 naturelle pour vos soins quotidiens\",\"publisher\":{\"@id\":\"https:\\\/\\\/www.phyt-inov.com\\\/de\\\/#organization\"},\"alternateName\":\"phyt-inov\",\"potentialAction\":[{\"@type\":\"SearchAction\",\"target\":{\"@type\":\"EntryPoint\",\"urlTemplate\":\"https:\\\/\\\/www.phyt-inov.com\\\/de\\\/?s={search_term_string}\"},\"query-input\":{\"@type\":\"PropertyValueSpecification\",\"valueRequired\":true,\"valueName\":\"search_term_string\"}}],\"inLanguage\":\"de\"},{\"@type\":\"Organization\",\"@id\":\"https:\\\/\\\/www.phyt-inov.com\\\/de\\\/#organization\",\"name\":\"Phyt-Inov\",\"alternateName\":\"Phyt-Inov\",\"url\":\"https:\\\/\\\/www.phyt-inov.com\\\/de\\\/\",\"logo\":{\"@type\":\"ImageObject\",\"inLanguage\":\"de\",\"@id\":\"https:\\\/\\\/www.phyt-inov.com\\\/de\\\/#\\\/schema\\\/logo\\\/image\\\/\",\"url\":\"https:\\\/\\\/www.phyt-inov.com\\\/wp-content\\\/uploads\\\/2025\\\/09\\\/Logo-site-phyt-inov4_Plan-de-travail-1-2048x760-1.png\",\"contentUrl\":\"https:\\\/\\\/www.phyt-inov.com\\\/wp-content\\\/uploads\\\/2025\\\/09\\\/Logo-site-phyt-inov4_Plan-de-travail-1-2048x760-1.png\",\"width\":2048,\"height\":760,\"caption\":\"Phyt-Inov\"},\"image\":{\"@id\":\"https:\\\/\\\/www.phyt-inov.com\\\/de\\\/#\\\/schema\\\/logo\\\/image\\\/\"},\"sameAs\":[\"https:\\\/\\\/www.facebook.com\\\/phytinov\\\/\",\"https:\\\/\\\/www.youtube.com\\\/channel\\\/UCE05sYsSXuuKbLqs4Au3e4Q\",\"https:\\\/\\\/www.instagram.com\\\/phytinov\\\/\"]}]}<\/script>\n<!-- \/ Yoast SEO plugin. -->","yoast_head_json":{"title":"Enzy20 \u2013 Offizielles Phyt-Inov\u00ae (entwickelt mit Jean-Pierre Willem\/Referent f\u00fcr Naturheilkunde) \u2013 Naturprodukt auf Basis von Enzymen, Vitaminen und Mineralien \u2013 Nahrungserg\u00e4nzungsmittel f\u00fcr eine normale Verdauungsfunktion \u2013 Normaler Blutzuckerspiegel \u2013 200 pflanzliche Kapseln | Phyt-inov.com","description":"Phyt-Inov international\u00ae offiziell, f\u00fchrendes Schweizer Labor f\u00fcr Naturprodukte zur Verdauung (Enzy20), entwickelt mit Jean-Pierre Willem. Das offizielle Enzy20\/Phyt\u2019Inov (200 pflanzliche Kapseln) ist ein Natur-\/Bio-Produkt von Phyt Inov zur Unterst\u00fctzung der Verdauung. Als Nahrungserg\u00e4nzungsmittel f\u00f6rdert es die normale Funktion der Verdauungsenzyme, tr\u00e4gt zum Stoffwechsel von Makron\u00e4hrstoffen bei und erh\u00e4lt einen normalen Blutzuckerspiegel aufrecht.","robots":{"index":"index","follow":"follow","max-snippet":"max-snippet:-1","max-image-preview":"max-image-preview:large","max-video-preview":"max-video-preview:-1"},"canonical":"https:\/\/www.phyt-inov.com\/de\/produit\/enzy20-200-kapseln\/","og_locale":"de_DE","og_type":"article","og_title":"Enzy20 \u2013 Offizielles Phyt-Inov\u00ae (entwickelt mit Jean-Pierre Willem\/Referent f\u00fcr Naturheilkunde) \u2013 Naturprodukt auf Basis von Enzymen, Vitaminen und Mineralien \u2013 Nahrungserg\u00e4nzungsmittel f\u00fcr eine normale Verdauungsfunktion \u2013 Normaler Blutzuckerspiegel \u2013 200 pflanzliche Kapseln | Phyt-inov.com","og_description":"Phyt-Inov international\u00ae offiziell, f\u00fchrendes Schweizer Labor f\u00fcr Naturprodukte zur Verdauung (Enzy20), entwickelt mit Jean-Pierre Willem. Das offizielle Enzy20\/Phyt\u2019Inov (200 pflanzliche Kapseln) ist ein Natur-\/Bio-Produkt von Phyt Inov zur Unterst\u00fctzung der Verdauung. Als Nahrungserg\u00e4nzungsmittel f\u00f6rdert es die normale Funktion der Verdauungsenzyme, tr\u00e4gt zum Stoffwechsel von Makron\u00e4hrstoffen bei und erh\u00e4lt einen normalen Blutzuckerspiegel aufrecht.","og_url":"https:\/\/www.phyt-inov.com\/de\/produit\/enzy20-200-kapseln\/","og_site_name":"Phyt-Inov","article_publisher":"https:\/\/www.facebook.com\/phytinov\/","og_image":[{"url":"https:\/\/www.phyt-inov.com\/wp-content\/uploads\/2025\/09\/Enzy-20.png","width":819,"height":1024,"type":"image\/png"}],"twitter_card":"summary_large_image","twitter_misc":{"Gesch\u00e4tzte Lesezeit":"1\u00a0Minute"},"schema":{"@context":"https:\/\/schema.org","@graph":[{"@type":"WebPage","@id":"https:\/\/www.phyt-inov.com\/de\/produit\/enzy20-200-kapseln\/","url":"https:\/\/www.phyt-inov.com\/de\/produit\/enzy20-200-kapseln\/","name":"Enzy20 \u2013 Offizielles Phyt-Inov\u00ae (entwickelt mit Jean-Pierre Willem\/Referent f\u00fcr Naturheilkunde) \u2013 Naturprodukt auf Basis von Enzymen, Vitaminen und Mineralien \u2013 Nahrungserg\u00e4nzungsmittel f\u00fcr eine normale Verdauungsfunktion \u2013 Normaler Blutzuckerspiegel \u2013 200 pflanzliche Kapseln | Phyt-inov.com","isPartOf":{"@id":"https:\/\/www.phyt-inov.com\/de\/#website"},"primaryImageOfPage":{"@id":"https:\/\/www.phyt-inov.com\/de\/produit\/enzy20-200-kapseln\/#primaryimage"},"image":{"@id":"https:\/\/www.phyt-inov.com\/de\/produit\/enzy20-200-kapseln\/#primaryimage"},"thumbnailUrl":"https:\/\/www.phyt-inov.com\/wp-content\/uploads\/2025\/09\/Enzy-20.png","datePublished":"2019-04-04T21:31:27+00:00","description":"Phyt-Inov international\u00ae offiziell, f\u00fchrendes Schweizer Labor f\u00fcr Naturprodukte zur Verdauung (Enzy20), entwickelt mit Jean-Pierre Willem. Das offizielle Enzy20\/Phyt\u2019Inov (200 pflanzliche Kapseln) ist ein Natur-\/Bio-Produkt von Phyt Inov zur Unterst\u00fctzung der Verdauung. Als Nahrungserg\u00e4nzungsmittel f\u00f6rdert es die normale Funktion der Verdauungsenzyme, tr\u00e4gt zum Stoffwechsel von Makron\u00e4hrstoffen bei und erh\u00e4lt einen normalen Blutzuckerspiegel aufrecht.","breadcrumb":{"@id":"https:\/\/www.phyt-inov.com\/de\/produit\/enzy20-200-kapseln\/#breadcrumb"},"inLanguage":"de","potentialAction":[{"@type":"ReadAction","target":["https:\/\/www.phyt-inov.com\/de\/produit\/enzy20-200-kapseln\/"]}]},{"@type":"ImageObject","inLanguage":"de","@id":"https:\/\/www.phyt-inov.com\/de\/produit\/enzy20-200-kapseln\/#primaryimage","url":"https:\/\/www.phyt-inov.com\/wp-content\/uploads\/2025\/09\/Enzy-20.png","contentUrl":"https:\/\/www.phyt-inov.com\/wp-content\/uploads\/2025\/09\/Enzy-20.png","width":6400,"height":8000,"caption":"Phyt-Inov Produkt Enzy 20"},{"@type":"BreadcrumbList","@id":"https:\/\/www.phyt-inov.com\/de\/produit\/enzy20-200-kapseln\/#breadcrumb","itemListElement":[{"@type":"ListItem","position":1,"name":"Accueil","item":"https:\/\/www.phyt-inov.com\/de\/startseite\/"},{"@type":"ListItem","position":2,"name":"Shop","item":"https:\/\/www.phyt-inov.com\/de\/shop\/"},{"@type":"ListItem","position":3,"name":"Enzy20 200 Kapseln"}]},{"@type":"WebSite","@id":"https:\/\/www.phyt-inov.com\/de\/#website","url":"https:\/\/www.phyt-inov.com\/de\/","name":"Phyt-Inov International","description":"L&#039;efficacit\u00e9 naturelle pour vos soins quotidiens","publisher":{"@id":"https:\/\/www.phyt-inov.com\/de\/#organization"},"alternateName":"phyt-inov","potentialAction":[{"@type":"SearchAction","target":{"@type":"EntryPoint","urlTemplate":"https:\/\/www.phyt-inov.com\/de\/?s={search_term_string}"},"query-input":{"@type":"PropertyValueSpecification","valueRequired":true,"valueName":"search_term_string"}}],"inLanguage":"de"},{"@type":"Organization","@id":"https:\/\/www.phyt-inov.com\/de\/#organization","name":"Phyt-Inov","alternateName":"Phyt-Inov","url":"https:\/\/www.phyt-inov.com\/de\/","logo":{"@type":"ImageObject","inLanguage":"de","@id":"https:\/\/www.phyt-inov.com\/de\/#\/schema\/logo\/image\/","url":"https:\/\/www.phyt-inov.com\/wp-content\/uploads\/2025\/09\/Logo-site-phyt-inov4_Plan-de-travail-1-2048x760-1.png","contentUrl":"https:\/\/www.phyt-inov.com\/wp-content\/uploads\/2025\/09\/Logo-site-phyt-inov4_Plan-de-travail-1-2048x760-1.png","width":2048,"height":760,"caption":"Phyt-Inov"},"image":{"@id":"https:\/\/www.phyt-inov.com\/de\/#\/schema\/logo\/image\/"},"sameAs":["https:\/\/www.facebook.com\/phytinov\/","https:\/\/www.youtube.com\/channel\/UCE05sYsSXuuKbLqs4Au3e4Q","https:\/\/www.instagram.com\/phytinov\/"]}]}},"jetpack_sharing_enabled":true,"_links":{"self":[{"href":"https:\/\/www.phyt-inov.com\/de\/wp-json\/wp\/v2\/product\/83549","targetHints":{"allow":["GET"]}}],"collection":[{"href":"https:\/\/www.phyt-inov.com\/de\/wp-json\/wp\/v2\/product"}],"about":[{"href":"https:\/\/www.phyt-inov.com\/de\/wp-json\/wp\/v2\/types\/product"}],"replies":[{"embeddable":true,"href":"https:\/\/www.phyt-inov.com\/de\/wp-json\/wp\/v2\/comments?post=83549"}],"wp:featuredmedia":[{"embeddable":true,"href":"https:\/\/www.phyt-inov.com\/de\/wp-json\/wp\/v2\/media\/83550"}],"wp:attachment":[{"href":"https:\/\/www.phyt-inov.com\/de\/wp-json\/wp\/v2\/media?parent=83549"}],"wp:term":[{"taxonomy":"product_brand","embeddable":true,"href":"https:\/\/www.phyt-inov.com\/de\/wp-json\/wp\/v2\/product_brand?post=83549"},{"taxonomy":"product_cat","embeddable":true,"href":"https:\/\/www.phyt-inov.com\/de\/wp-json\/wp\/v2\/product_cat?post=83549"},{"taxonomy":"product_tag","embeddable":true,"href":"https:\/\/www.phyt-inov.com\/de\/wp-json\/wp\/v2\/product_tag?post=83549"}],"curies":[{"name":"wp","href":"https:\/\/api.w.org\/{rel}","templated":true}]}}