{"id":83541,"date":"2019-04-04T21:31:30","date_gmt":"2019-04-04T21:31:30","guid":{"rendered":"https:\/\/www.phyt-inov.com\/produit\/pipercumine-ingwer\/"},"modified":"2026-03-30T09:06:37","modified_gmt":"2026-03-30T09:06:37","slug":"pipercumine-ingwer","status":"publish","type":"product","link":"https:\/\/www.phyt-inov.com\/de\/produit\/pipercumine-ingwer\/","title":{"rendered":"Pipercumine Ingwer"},"content":{"rendered":"<p>Packung mit 100 pflanzlichen Kapseln \u00e0 282 mg.<\/p>\n<p>Nettogewicht: 35,9 g.<\/p>\n<p><strong>Anwendungsempfehlung:<\/strong> 1 Kapsel t\u00e4glich vor der Mahlzeit einnehmen.<\/p>\n","protected":false},"excerpt":{"rendered":"<p>Curcumin, Piperin und Gingerole: eine wirksame Synergie.<\/p>\n<p>Kurkuma und Ingwer helfen, den Gelenkkomfort zu erhalten. Kurkuma hilft, die Flexibilit\u00e4t der Gelenke zu erhalten. <\/p>\n<p>Curcumin allein ist sehr schwer verwertbar. Piperin, aus schwarzem Pfeffer extrahiert, potenziert die Eigenschaften von Curcumin erheblich, indem es dessen Aktivit\u00e4t um das 20- bis 1000-fache steigert. <\/p>\n<p>Die Aufnahme von Piperin wird durch Ingwer gew\u00e4hrleistet, was wichtige Kreuzsynergien erm\u00f6glicht.<\/p>\n","protected":false},"featured_media":83542,"comment_status":"open","ping_status":"closed","template":"","meta":{"_et_pb_use_builder":"","_et_pb_old_content":"","_et_gb_content_width":""},"product_brand":[],"product_cat":[148,142,146,128,118],"product_tag":[],"class_list":{"0":"post-83541","1":"product","2":"type-product","3":"status-publish","4":"has-post-thumbnail","6":"product_cat-begleitung-fur-sportler","7":"product_cat-entzundliche-beschwerden","8":"product_cat-hepato-biliare-unterstutzung-entgiftung","9":"product_cat-tiere","10":"product_cat-wohlbefinden-der-knochen-und-gelenke","12":"first","13":"instock","14":"shipping-taxable","15":"purchasable","16":"product-type-simple"},"yoast_head":"<!-- This site is optimized with the Yoast SEO plugin v27.3 - https:\/\/yoast.com\/product\/yoast-seo-wordpress\/ -->\n<title>Nat\u00fcrliches Produkt bei Entz\u00fcndungen von Phyt-Inov\u00ae offiziell (entwickelt mit JP Willem) \u2013 Nahrungserg\u00e4nzung f\u00fcr Darmkomfort \u2013 Ingwer antioxidative Unterst\u00fctzung \u2013 Kurkuma lindert Empfindlichkeit \u2013 Pipercumine 100 pflanzliche Kapseln | Phyt-inov.com<\/title>\n<meta name=\"description\" content=\"Phyt-Inov\u00ae international, f\u00fchrendes Schweizer Labor f\u00fcr Bio-Nahrungserg\u00e4nzungsmittel, nat\u00fcrliche Gesundheit und Detox, bietet Pipercumine an, entwickelt mit JP Willem (100 pflanzliche Kapseln), ein nat\u00fcrliches Produkt auf Basis von Curcumin, Piperin und Gingerolen, die eine perfekte Synergie bilden (Nahrungserg\u00e4nzungsmittel\/Starkes Antioxidans\/Empfindliche Gelenke\/Verdauung), um Gelenke, Muskeln, Kopf und Bauch zu beruhigen und zu einer guten Verdauung beizutragen.\" \/>\n<meta name=\"robots\" content=\"index, follow, max-snippet:-1, max-image-preview:large, max-video-preview:-1\" \/>\n<link rel=\"canonical\" href=\"https:\/\/www.phyt-inov.com\/de\/produit\/pipercumine-ingwer\/\" \/>\n<meta property=\"og:locale\" content=\"de_DE\" \/>\n<meta property=\"og:type\" content=\"article\" \/>\n<meta property=\"og:title\" content=\"Nat\u00fcrliches Produkt bei Entz\u00fcndungen von Phyt-Inov\u00ae offiziell (entwickelt mit JP Willem) \u2013 Nahrungserg\u00e4nzung f\u00fcr Darmkomfort \u2013 Ingwer antioxidative Unterst\u00fctzung \u2013 Kurkuma lindert Empfindlichkeit \u2013 Pipercumine 100 pflanzliche Kapseln | Phyt-inov.com\" \/>\n<meta property=\"og:description\" content=\"Phyt-Inov\u00ae international, f\u00fchrendes Schweizer Labor f\u00fcr Bio-Nahrungserg\u00e4nzungsmittel, nat\u00fcrliche Gesundheit und Detox, bietet Pipercumine an, entwickelt mit JP Willem (100 pflanzliche Kapseln), ein nat\u00fcrliches Produkt auf Basis von Curcumin, Piperin und Gingerolen, die eine perfekte Synergie bilden (Nahrungserg\u00e4nzungsmittel\/Starkes Antioxidans\/Empfindliche Gelenke\/Verdauung), um Gelenke, Muskeln, Kopf und Bauch zu beruhigen und zu einer guten Verdauung beizutragen.\" \/>\n<meta property=\"og:url\" content=\"https:\/\/www.phyt-inov.com\/de\/produit\/pipercumine-ingwer\/\" \/>\n<meta property=\"og:site_name\" content=\"Phyt-Inov\" \/>\n<meta property=\"article:publisher\" content=\"https:\/\/www.facebook.com\/phytinov\/\" \/>\n<meta property=\"article:modified_time\" content=\"2026-03-30T09:06:37+00:00\" \/>\n<meta property=\"og:image\" content=\"https:\/\/www.phyt-inov.com\/wp-content\/uploads\/2025\/09\/Pipercumine.png\" \/>\n\t<meta property=\"og:image:width\" content=\"819\" \/>\n\t<meta property=\"og:image:height\" content=\"1024\" \/>\n\t<meta property=\"og:image:type\" content=\"image\/png\" \/>\n<meta name=\"twitter:card\" content=\"summary_large_image\" \/>\n<script type=\"application\/ld+json\" class=\"yoast-schema-graph\">{\"@context\":\"https:\\\/\\\/schema.org\",\"@graph\":[{\"@type\":\"WebPage\",\"@id\":\"https:\\\/\\\/www.phyt-inov.com\\\/de\\\/produit\\\/pipercumine-ingwer\\\/\",\"url\":\"https:\\\/\\\/www.phyt-inov.com\\\/de\\\/produit\\\/pipercumine-ingwer\\\/\",\"name\":\"Nat\u00fcrliches Produkt bei Entz\u00fcndungen von Phyt-Inov\u00ae offiziell (entwickelt mit JP Willem) \u2013 Nahrungserg\u00e4nzung f\u00fcr Darmkomfort \u2013 Ingwer antioxidative Unterst\u00fctzung \u2013 Kurkuma lindert Empfindlichkeit \u2013 Pipercumine 100 pflanzliche Kapseln | Phyt-inov.com\",\"isPartOf\":{\"@id\":\"https:\\\/\\\/www.phyt-inov.com\\\/de\\\/#website\"},\"primaryImageOfPage\":{\"@id\":\"https:\\\/\\\/www.phyt-inov.com\\\/de\\\/produit\\\/pipercumine-ingwer\\\/#primaryimage\"},\"image\":{\"@id\":\"https:\\\/\\\/www.phyt-inov.com\\\/de\\\/produit\\\/pipercumine-ingwer\\\/#primaryimage\"},\"thumbnailUrl\":\"https:\\\/\\\/www.phyt-inov.com\\\/wp-content\\\/uploads\\\/2025\\\/09\\\/Pipercumine.png\",\"datePublished\":\"2019-04-04T21:31:30+00:00\",\"dateModified\":\"2026-03-30T09:06:37+00:00\",\"description\":\"Phyt-Inov\u00ae international, f\u00fchrendes Schweizer Labor f\u00fcr Bio-Nahrungserg\u00e4nzungsmittel, nat\u00fcrliche Gesundheit und Detox, bietet Pipercumine an, entwickelt mit JP Willem (100 pflanzliche Kapseln), ein nat\u00fcrliches Produkt auf Basis von Curcumin, Piperin und Gingerolen, die eine perfekte Synergie bilden (Nahrungserg\u00e4nzungsmittel\\\/Starkes Antioxidans\\\/Empfindliche Gelenke\\\/Verdauung), um Gelenke, Muskeln, Kopf und Bauch zu beruhigen und zu einer guten Verdauung beizutragen.\",\"breadcrumb\":{\"@id\":\"https:\\\/\\\/www.phyt-inov.com\\\/de\\\/produit\\\/pipercumine-ingwer\\\/#breadcrumb\"},\"inLanguage\":\"de\",\"potentialAction\":[{\"@type\":\"ReadAction\",\"target\":[\"https:\\\/\\\/www.phyt-inov.com\\\/de\\\/produit\\\/pipercumine-ingwer\\\/\"]}]},{\"@type\":\"ImageObject\",\"inLanguage\":\"de\",\"@id\":\"https:\\\/\\\/www.phyt-inov.com\\\/de\\\/produit\\\/pipercumine-ingwer\\\/#primaryimage\",\"url\":\"https:\\\/\\\/www.phyt-inov.com\\\/wp-content\\\/uploads\\\/2025\\\/09\\\/Pipercumine.png\",\"contentUrl\":\"https:\\\/\\\/www.phyt-inov.com\\\/wp-content\\\/uploads\\\/2025\\\/09\\\/Pipercumine.png\",\"width\":6400,\"height\":8000,\"caption\":\"phyt-inov Produkt Pipercumine Ingwer\"},{\"@type\":\"BreadcrumbList\",\"@id\":\"https:\\\/\\\/www.phyt-inov.com\\\/de\\\/produit\\\/pipercumine-ingwer\\\/#breadcrumb\",\"itemListElement\":[{\"@type\":\"ListItem\",\"position\":1,\"name\":\"Accueil\",\"item\":\"https:\\\/\\\/www.phyt-inov.com\\\/de\\\/startseite\\\/\"},{\"@type\":\"ListItem\",\"position\":2,\"name\":\"Shop\",\"item\":\"https:\\\/\\\/www.phyt-inov.com\\\/de\\\/shop\\\/\"},{\"@type\":\"ListItem\",\"position\":3,\"name\":\"Pipercumine Ingwer\"}]},{\"@type\":\"WebSite\",\"@id\":\"https:\\\/\\\/www.phyt-inov.com\\\/de\\\/#website\",\"url\":\"https:\\\/\\\/www.phyt-inov.com\\\/de\\\/\",\"name\":\"Phyt-Inov International\",\"description\":\"L&#039;efficacit\u00e9 naturelle pour vos soins quotidiens\",\"publisher\":{\"@id\":\"https:\\\/\\\/www.phyt-inov.com\\\/de\\\/#organization\"},\"alternateName\":\"phyt-inov\",\"potentialAction\":[{\"@type\":\"SearchAction\",\"target\":{\"@type\":\"EntryPoint\",\"urlTemplate\":\"https:\\\/\\\/www.phyt-inov.com\\\/de\\\/?s={search_term_string}\"},\"query-input\":{\"@type\":\"PropertyValueSpecification\",\"valueRequired\":true,\"valueName\":\"search_term_string\"}}],\"inLanguage\":\"de\"},{\"@type\":\"Organization\",\"@id\":\"https:\\\/\\\/www.phyt-inov.com\\\/de\\\/#organization\",\"name\":\"Phyt-Inov\",\"alternateName\":\"Phyt-Inov\",\"url\":\"https:\\\/\\\/www.phyt-inov.com\\\/de\\\/\",\"logo\":{\"@type\":\"ImageObject\",\"inLanguage\":\"de\",\"@id\":\"https:\\\/\\\/www.phyt-inov.com\\\/de\\\/#\\\/schema\\\/logo\\\/image\\\/\",\"url\":\"https:\\\/\\\/www.phyt-inov.com\\\/wp-content\\\/uploads\\\/2025\\\/09\\\/Logo-site-phyt-inov4_Plan-de-travail-1-2048x760-1.png\",\"contentUrl\":\"https:\\\/\\\/www.phyt-inov.com\\\/wp-content\\\/uploads\\\/2025\\\/09\\\/Logo-site-phyt-inov4_Plan-de-travail-1-2048x760-1.png\",\"width\":2048,\"height\":760,\"caption\":\"Phyt-Inov\"},\"image\":{\"@id\":\"https:\\\/\\\/www.phyt-inov.com\\\/de\\\/#\\\/schema\\\/logo\\\/image\\\/\"},\"sameAs\":[\"https:\\\/\\\/www.facebook.com\\\/phytinov\\\/\",\"https:\\\/\\\/www.youtube.com\\\/channel\\\/UCE05sYsSXuuKbLqs4Au3e4Q\",\"https:\\\/\\\/www.instagram.com\\\/phytinov\\\/\"]}]}<\/script>\n<!-- \/ Yoast SEO plugin. -->","yoast_head_json":{"title":"Nat\u00fcrliches Produkt bei Entz\u00fcndungen von Phyt-Inov\u00ae offiziell (entwickelt mit JP Willem) \u2013 Nahrungserg\u00e4nzung f\u00fcr Darmkomfort \u2013 Ingwer antioxidative Unterst\u00fctzung \u2013 Kurkuma lindert Empfindlichkeit \u2013 Pipercumine 100 pflanzliche Kapseln | Phyt-inov.com","description":"Phyt-Inov\u00ae international, f\u00fchrendes Schweizer Labor f\u00fcr Bio-Nahrungserg\u00e4nzungsmittel, nat\u00fcrliche Gesundheit und Detox, bietet Pipercumine an, entwickelt mit JP Willem (100 pflanzliche Kapseln), ein nat\u00fcrliches Produkt auf Basis von Curcumin, Piperin und Gingerolen, die eine perfekte Synergie bilden (Nahrungserg\u00e4nzungsmittel\/Starkes Antioxidans\/Empfindliche Gelenke\/Verdauung), um Gelenke, Muskeln, Kopf und Bauch zu beruhigen und zu einer guten Verdauung beizutragen.","robots":{"index":"index","follow":"follow","max-snippet":"max-snippet:-1","max-image-preview":"max-image-preview:large","max-video-preview":"max-video-preview:-1"},"canonical":"https:\/\/www.phyt-inov.com\/de\/produit\/pipercumine-ingwer\/","og_locale":"de_DE","og_type":"article","og_title":"Nat\u00fcrliches Produkt bei Entz\u00fcndungen von Phyt-Inov\u00ae offiziell (entwickelt mit JP Willem) \u2013 Nahrungserg\u00e4nzung f\u00fcr Darmkomfort \u2013 Ingwer antioxidative Unterst\u00fctzung \u2013 Kurkuma lindert Empfindlichkeit \u2013 Pipercumine 100 pflanzliche Kapseln | Phyt-inov.com","og_description":"Phyt-Inov\u00ae international, f\u00fchrendes Schweizer Labor f\u00fcr Bio-Nahrungserg\u00e4nzungsmittel, nat\u00fcrliche Gesundheit und Detox, bietet Pipercumine an, entwickelt mit JP Willem (100 pflanzliche Kapseln), ein nat\u00fcrliches Produkt auf Basis von Curcumin, Piperin und Gingerolen, die eine perfekte Synergie bilden (Nahrungserg\u00e4nzungsmittel\/Starkes Antioxidans\/Empfindliche Gelenke\/Verdauung), um Gelenke, Muskeln, Kopf und Bauch zu beruhigen und zu einer guten Verdauung beizutragen.","og_url":"https:\/\/www.phyt-inov.com\/de\/produit\/pipercumine-ingwer\/","og_site_name":"Phyt-Inov","article_publisher":"https:\/\/www.facebook.com\/phytinov\/","article_modified_time":"2026-03-30T09:06:37+00:00","og_image":[{"url":"https:\/\/www.phyt-inov.com\/wp-content\/uploads\/2025\/09\/Pipercumine.png","width":819,"height":1024,"type":"image\/png"}],"twitter_card":"summary_large_image","schema":{"@context":"https:\/\/schema.org","@graph":[{"@type":"WebPage","@id":"https:\/\/www.phyt-inov.com\/de\/produit\/pipercumine-ingwer\/","url":"https:\/\/www.phyt-inov.com\/de\/produit\/pipercumine-ingwer\/","name":"Nat\u00fcrliches Produkt bei Entz\u00fcndungen von Phyt-Inov\u00ae offiziell (entwickelt mit JP Willem) \u2013 Nahrungserg\u00e4nzung f\u00fcr Darmkomfort \u2013 Ingwer antioxidative Unterst\u00fctzung \u2013 Kurkuma lindert Empfindlichkeit \u2013 Pipercumine 100 pflanzliche Kapseln | Phyt-inov.com","isPartOf":{"@id":"https:\/\/www.phyt-inov.com\/de\/#website"},"primaryImageOfPage":{"@id":"https:\/\/www.phyt-inov.com\/de\/produit\/pipercumine-ingwer\/#primaryimage"},"image":{"@id":"https:\/\/www.phyt-inov.com\/de\/produit\/pipercumine-ingwer\/#primaryimage"},"thumbnailUrl":"https:\/\/www.phyt-inov.com\/wp-content\/uploads\/2025\/09\/Pipercumine.png","datePublished":"2019-04-04T21:31:30+00:00","dateModified":"2026-03-30T09:06:37+00:00","description":"Phyt-Inov\u00ae international, f\u00fchrendes Schweizer Labor f\u00fcr Bio-Nahrungserg\u00e4nzungsmittel, nat\u00fcrliche Gesundheit und Detox, bietet Pipercumine an, entwickelt mit JP Willem (100 pflanzliche Kapseln), ein nat\u00fcrliches Produkt auf Basis von Curcumin, Piperin und Gingerolen, die eine perfekte Synergie bilden (Nahrungserg\u00e4nzungsmittel\/Starkes Antioxidans\/Empfindliche Gelenke\/Verdauung), um Gelenke, Muskeln, Kopf und Bauch zu beruhigen und zu einer guten Verdauung beizutragen.","breadcrumb":{"@id":"https:\/\/www.phyt-inov.com\/de\/produit\/pipercumine-ingwer\/#breadcrumb"},"inLanguage":"de","potentialAction":[{"@type":"ReadAction","target":["https:\/\/www.phyt-inov.com\/de\/produit\/pipercumine-ingwer\/"]}]},{"@type":"ImageObject","inLanguage":"de","@id":"https:\/\/www.phyt-inov.com\/de\/produit\/pipercumine-ingwer\/#primaryimage","url":"https:\/\/www.phyt-inov.com\/wp-content\/uploads\/2025\/09\/Pipercumine.png","contentUrl":"https:\/\/www.phyt-inov.com\/wp-content\/uploads\/2025\/09\/Pipercumine.png","width":6400,"height":8000,"caption":"phyt-inov Produkt Pipercumine Ingwer"},{"@type":"BreadcrumbList","@id":"https:\/\/www.phyt-inov.com\/de\/produit\/pipercumine-ingwer\/#breadcrumb","itemListElement":[{"@type":"ListItem","position":1,"name":"Accueil","item":"https:\/\/www.phyt-inov.com\/de\/startseite\/"},{"@type":"ListItem","position":2,"name":"Shop","item":"https:\/\/www.phyt-inov.com\/de\/shop\/"},{"@type":"ListItem","position":3,"name":"Pipercumine Ingwer"}]},{"@type":"WebSite","@id":"https:\/\/www.phyt-inov.com\/de\/#website","url":"https:\/\/www.phyt-inov.com\/de\/","name":"Phyt-Inov International","description":"L&#039;efficacit\u00e9 naturelle pour vos soins quotidiens","publisher":{"@id":"https:\/\/www.phyt-inov.com\/de\/#organization"},"alternateName":"phyt-inov","potentialAction":[{"@type":"SearchAction","target":{"@type":"EntryPoint","urlTemplate":"https:\/\/www.phyt-inov.com\/de\/?s={search_term_string}"},"query-input":{"@type":"PropertyValueSpecification","valueRequired":true,"valueName":"search_term_string"}}],"inLanguage":"de"},{"@type":"Organization","@id":"https:\/\/www.phyt-inov.com\/de\/#organization","name":"Phyt-Inov","alternateName":"Phyt-Inov","url":"https:\/\/www.phyt-inov.com\/de\/","logo":{"@type":"ImageObject","inLanguage":"de","@id":"https:\/\/www.phyt-inov.com\/de\/#\/schema\/logo\/image\/","url":"https:\/\/www.phyt-inov.com\/wp-content\/uploads\/2025\/09\/Logo-site-phyt-inov4_Plan-de-travail-1-2048x760-1.png","contentUrl":"https:\/\/www.phyt-inov.com\/wp-content\/uploads\/2025\/09\/Logo-site-phyt-inov4_Plan-de-travail-1-2048x760-1.png","width":2048,"height":760,"caption":"Phyt-Inov"},"image":{"@id":"https:\/\/www.phyt-inov.com\/de\/#\/schema\/logo\/image\/"},"sameAs":["https:\/\/www.facebook.com\/phytinov\/","https:\/\/www.youtube.com\/channel\/UCE05sYsSXuuKbLqs4Au3e4Q","https:\/\/www.instagram.com\/phytinov\/"]}]}},"jetpack_sharing_enabled":true,"_links":{"self":[{"href":"https:\/\/www.phyt-inov.com\/de\/wp-json\/wp\/v2\/product\/83541","targetHints":{"allow":["GET"]}}],"collection":[{"href":"https:\/\/www.phyt-inov.com\/de\/wp-json\/wp\/v2\/product"}],"about":[{"href":"https:\/\/www.phyt-inov.com\/de\/wp-json\/wp\/v2\/types\/product"}],"replies":[{"embeddable":true,"href":"https:\/\/www.phyt-inov.com\/de\/wp-json\/wp\/v2\/comments?post=83541"}],"wp:featuredmedia":[{"embeddable":true,"href":"https:\/\/www.phyt-inov.com\/de\/wp-json\/wp\/v2\/media\/83542"}],"wp:attachment":[{"href":"https:\/\/www.phyt-inov.com\/de\/wp-json\/wp\/v2\/media?parent=83541"}],"wp:term":[{"taxonomy":"product_brand","embeddable":true,"href":"https:\/\/www.phyt-inov.com\/de\/wp-json\/wp\/v2\/product_brand?post=83541"},{"taxonomy":"product_cat","embeddable":true,"href":"https:\/\/www.phyt-inov.com\/de\/wp-json\/wp\/v2\/product_cat?post=83541"},{"taxonomy":"product_tag","embeddable":true,"href":"https:\/\/www.phyt-inov.com\/de\/wp-json\/wp\/v2\/product_tag?post=83541"}],"curies":[{"name":"wp","href":"https:\/\/api.w.org\/{rel}","templated":true}]}}