{"id":83539,"date":"2019-04-04T21:31:29","date_gmt":"2019-04-04T21:31:29","guid":{"rendered":"https:\/\/www.phyt-inov.com\/produit\/silydium-100-kapseln\/"},"modified":"2026-03-30T09:06:36","modified_gmt":"2026-03-30T09:06:36","slug":"silydium-100-kapseln","status":"publish","type":"product","link":"https:\/\/www.phyt-inov.com\/de\/produit\/silydium-100-kapseln\/","title":{"rendered":"Silydium 100 Kapseln"},"content":{"rendered":"<p>Packung mit 100 pflanzlichen Kapseln \u00e0 425 mg.<br \/>\nNettogewicht: 50 g.<\/p>\n<p>Anwendungsempfehlung: Nehmen Sie 1 Kapsel pro Tag ein.<br \/>\nKonsultieren Sie vor jeder Anwendung einen Arzt oder Apotheker.<\/p>\n<p>\u201eF\u00fcr Ihre Gesundheit: Essen Sie mindestens f\u00fcnf Portionen Obst und Gem\u00fcse pro Tag.\u201c<br \/>\n\u201eF\u00fcr Ihre Gesundheit: Treiben Sie regelm\u00e4\u00dfig Sport.\u201c<br \/>\n\u201eF\u00fcr Ihre Gesundheit: Vermeiden Sie zu fettige, zu s\u00fc\u00dfe, zu salzige Speisen.\u201c<br \/>\n\u201eF\u00fcr Ihre Gesundheit: Vermeiden Sie das Naschen zwischen den Mahlzeiten.\u201c<br \/>\nwww.mangerbouger.fr<\/p>\n","protected":false},"excerpt":{"rendered":"<p>Die Leber ist eines der lebenswichtigsten Organe. Sie ist stark durchblutet und steht in sehr engen Beziehungen zum Blut, deren Bedeutung nur von ihrer Komplexit\u00e4t \u00fcbertroffen wird. Daher ist es wichtig, sie in bestm\u00f6glicher Form zu halten. Die Leber ist die \u201eFabrik\u201c des Organismus: Sie wird st\u00e4ndig beansprucht. Sie ist an vorderster Front, wenn der K\u00f6rper mit einem Zustrom von Alkohol oder chemischen Molek\u00fclen, einer Vergiftung usw. konfrontiert wird.    <\/p>\n<p>Sie ist daf\u00fcr zust\u00e4ndig, giftige Substanzen zu filtern! Es ist unerl\u00e4sslich, sie zu sch\u00fctzen, um den reibungslosen Ablauf des Stoffwechsels zu gew\u00e4hrleisten und die Gesundheit des Einzelnen zu erhalten. <\/p>\n<p>Silydium enth\u00e4lt eine geschickte Mischung aus: Mariendistel, Desmodium adscendens, Chrysanthellum americanum und \u00e4therischem \u00d6l der kultivierten Karotte.<\/p>\n","protected":false},"featured_media":83540,"comment_status":"open","ping_status":"closed","template":"","meta":{"_et_pb_use_builder":"","_et_pb_old_content":"","_et_gb_content_width":""},"product_brand":[],"product_cat":[146,144,126,143,128],"product_tag":[],"class_list":{"0":"post-83539","1":"product","2":"type-product","3":"status-publish","4":"has-post-thumbnail","6":"product_cat-hepato-biliare-unterstutzung-entgiftung","7":"product_cat-hygiene-schonheit-und-hautpflege","8":"product_cat-naturliches-protokoll-zur-zellunterstutzung","9":"product_cat-stoffwechselstorungen","10":"product_cat-tiere","12":"first","13":"instock","14":"shipping-taxable","15":"purchasable","16":"product-type-simple"},"yoast_head":"<!-- This site is optimized with the Yoast SEO plugin v27.3 - https:\/\/yoast.com\/product\/yoast-seo-wordpress\/ -->\n<title>Naturprodukt zur Unterst\u00fctzung der Leberfunktion \u2013 Formel von JP Willem \u2013 tr\u00e4gt zum Verdauungswohlbefinden bei \u2013 unterst\u00fctzt die antioxidative Aktivit\u00e4t \u2013 unterst\u00fctzt die lebersch\u00fctzende Wirkung \u2013 100 Kapseln | Phyt-inov.com<\/title>\n<meta name=\"description\" content=\"Phyt-Inov international\u00ae offiziell, ein Schweizer Labor, entwickelt zusammen mit JP Willem Silydium (100 Kapseln), ein entgiftendes Nahrungserg\u00e4nzungsmittel, das die Leberfunktion unterst\u00fctzt, zum Verdauungswohlbefinden beitr\u00e4gt und eine gesunde Verdauung f\u00f6rdert, indem es die lebersch\u00fctzende Wirkung der Leber unterst\u00fctzt (Mariendistel\/Desmodium adscendens\/Chrysanthellum americanum\/Karotten\u00f6l).\" \/>\n<meta name=\"robots\" content=\"index, follow, max-snippet:-1, max-image-preview:large, max-video-preview:-1\" \/>\n<link rel=\"canonical\" href=\"https:\/\/www.phyt-inov.com\/de\/produit\/silydium-100-kapseln\/\" \/>\n<meta property=\"og:locale\" content=\"de_DE\" \/>\n<meta property=\"og:type\" content=\"article\" \/>\n<meta property=\"og:title\" content=\"Naturprodukt zur Unterst\u00fctzung der Leberfunktion \u2013 Formel von JP Willem \u2013 tr\u00e4gt zum Verdauungswohlbefinden bei \u2013 unterst\u00fctzt die antioxidative Aktivit\u00e4t \u2013 unterst\u00fctzt die lebersch\u00fctzende Wirkung \u2013 100 Kapseln | Phyt-inov.com\" \/>\n<meta property=\"og:description\" content=\"Phyt-Inov international\u00ae offiziell, ein Schweizer Labor, entwickelt zusammen mit JP Willem Silydium (100 Kapseln), ein entgiftendes Nahrungserg\u00e4nzungsmittel, das die Leberfunktion unterst\u00fctzt, zum Verdauungswohlbefinden beitr\u00e4gt und eine gesunde Verdauung f\u00f6rdert, indem es die lebersch\u00fctzende Wirkung der Leber unterst\u00fctzt (Mariendistel\/Desmodium adscendens\/Chrysanthellum americanum\/Karotten\u00f6l).\" \/>\n<meta property=\"og:url\" content=\"https:\/\/www.phyt-inov.com\/de\/produit\/silydium-100-kapseln\/\" \/>\n<meta property=\"og:site_name\" content=\"Phyt-Inov\" \/>\n<meta property=\"article:publisher\" content=\"https:\/\/www.facebook.com\/phytinov\/\" \/>\n<meta property=\"article:modified_time\" content=\"2026-03-30T09:06:36+00:00\" \/>\n<meta property=\"og:image\" content=\"https:\/\/www.phyt-inov.com\/wp-content\/uploads\/2025\/09\/Silydium.png\" \/>\n\t<meta property=\"og:image:width\" content=\"819\" \/>\n\t<meta property=\"og:image:height\" content=\"1024\" \/>\n\t<meta property=\"og:image:type\" content=\"image\/png\" \/>\n<meta name=\"twitter:card\" content=\"summary_large_image\" \/>\n<script type=\"application\/ld+json\" class=\"yoast-schema-graph\">{\"@context\":\"https:\\\/\\\/schema.org\",\"@graph\":[{\"@type\":\"WebPage\",\"@id\":\"https:\\\/\\\/www.phyt-inov.com\\\/de\\\/produit\\\/silydium-100-kapseln\\\/\",\"url\":\"https:\\\/\\\/www.phyt-inov.com\\\/de\\\/produit\\\/silydium-100-kapseln\\\/\",\"name\":\"Naturprodukt zur Unterst\u00fctzung der Leberfunktion \u2013 Formel von JP Willem \u2013 tr\u00e4gt zum Verdauungswohlbefinden bei \u2013 unterst\u00fctzt die antioxidative Aktivit\u00e4t \u2013 unterst\u00fctzt die lebersch\u00fctzende Wirkung \u2013 100 Kapseln | Phyt-inov.com\",\"isPartOf\":{\"@id\":\"https:\\\/\\\/www.phyt-inov.com\\\/de\\\/#website\"},\"primaryImageOfPage\":{\"@id\":\"https:\\\/\\\/www.phyt-inov.com\\\/de\\\/produit\\\/silydium-100-kapseln\\\/#primaryimage\"},\"image\":{\"@id\":\"https:\\\/\\\/www.phyt-inov.com\\\/de\\\/produit\\\/silydium-100-kapseln\\\/#primaryimage\"},\"thumbnailUrl\":\"https:\\\/\\\/www.phyt-inov.com\\\/wp-content\\\/uploads\\\/2025\\\/09\\\/Silydium.png\",\"datePublished\":\"2019-04-04T21:31:29+00:00\",\"dateModified\":\"2026-03-30T09:06:36+00:00\",\"description\":\"Phyt-Inov international\u00ae offiziell, ein Schweizer Labor, entwickelt zusammen mit JP Willem Silydium (100 Kapseln), ein entgiftendes Nahrungserg\u00e4nzungsmittel, das die Leberfunktion unterst\u00fctzt, zum Verdauungswohlbefinden beitr\u00e4gt und eine gesunde Verdauung f\u00f6rdert, indem es die lebersch\u00fctzende Wirkung der Leber unterst\u00fctzt (Mariendistel\\\/Desmodium adscendens\\\/Chrysanthellum americanum\\\/Karotten\u00f6l).\",\"breadcrumb\":{\"@id\":\"https:\\\/\\\/www.phyt-inov.com\\\/de\\\/produit\\\/silydium-100-kapseln\\\/#breadcrumb\"},\"inLanguage\":\"de\",\"potentialAction\":[{\"@type\":\"ReadAction\",\"target\":[\"https:\\\/\\\/www.phyt-inov.com\\\/de\\\/produit\\\/silydium-100-kapseln\\\/\"]}]},{\"@type\":\"ImageObject\",\"inLanguage\":\"de\",\"@id\":\"https:\\\/\\\/www.phyt-inov.com\\\/de\\\/produit\\\/silydium-100-kapseln\\\/#primaryimage\",\"url\":\"https:\\\/\\\/www.phyt-inov.com\\\/wp-content\\\/uploads\\\/2025\\\/09\\\/Silydium.png\",\"contentUrl\":\"https:\\\/\\\/www.phyt-inov.com\\\/wp-content\\\/uploads\\\/2025\\\/09\\\/Silydium.png\",\"width\":6400,\"height\":8000,\"caption\":\"Phyt-inov Produkt Silydium Karotte\"},{\"@type\":\"BreadcrumbList\",\"@id\":\"https:\\\/\\\/www.phyt-inov.com\\\/de\\\/produit\\\/silydium-100-kapseln\\\/#breadcrumb\",\"itemListElement\":[{\"@type\":\"ListItem\",\"position\":1,\"name\":\"Accueil\",\"item\":\"https:\\\/\\\/www.phyt-inov.com\\\/de\\\/startseite\\\/\"},{\"@type\":\"ListItem\",\"position\":2,\"name\":\"Shop\",\"item\":\"https:\\\/\\\/www.phyt-inov.com\\\/de\\\/shop\\\/\"},{\"@type\":\"ListItem\",\"position\":3,\"name\":\"Silydium 100 Kapseln\"}]},{\"@type\":\"WebSite\",\"@id\":\"https:\\\/\\\/www.phyt-inov.com\\\/de\\\/#website\",\"url\":\"https:\\\/\\\/www.phyt-inov.com\\\/de\\\/\",\"name\":\"Phyt-Inov International\",\"description\":\"L&#039;efficacit\u00e9 naturelle pour vos soins quotidiens\",\"publisher\":{\"@id\":\"https:\\\/\\\/www.phyt-inov.com\\\/de\\\/#organization\"},\"alternateName\":\"phyt-inov\",\"potentialAction\":[{\"@type\":\"SearchAction\",\"target\":{\"@type\":\"EntryPoint\",\"urlTemplate\":\"https:\\\/\\\/www.phyt-inov.com\\\/de\\\/?s={search_term_string}\"},\"query-input\":{\"@type\":\"PropertyValueSpecification\",\"valueRequired\":true,\"valueName\":\"search_term_string\"}}],\"inLanguage\":\"de\"},{\"@type\":\"Organization\",\"@id\":\"https:\\\/\\\/www.phyt-inov.com\\\/de\\\/#organization\",\"name\":\"Phyt-Inov\",\"alternateName\":\"Phyt-Inov\",\"url\":\"https:\\\/\\\/www.phyt-inov.com\\\/de\\\/\",\"logo\":{\"@type\":\"ImageObject\",\"inLanguage\":\"de\",\"@id\":\"https:\\\/\\\/www.phyt-inov.com\\\/de\\\/#\\\/schema\\\/logo\\\/image\\\/\",\"url\":\"https:\\\/\\\/www.phyt-inov.com\\\/wp-content\\\/uploads\\\/2025\\\/09\\\/Logo-site-phyt-inov4_Plan-de-travail-1-2048x760-1.png\",\"contentUrl\":\"https:\\\/\\\/www.phyt-inov.com\\\/wp-content\\\/uploads\\\/2025\\\/09\\\/Logo-site-phyt-inov4_Plan-de-travail-1-2048x760-1.png\",\"width\":2048,\"height\":760,\"caption\":\"Phyt-Inov\"},\"image\":{\"@id\":\"https:\\\/\\\/www.phyt-inov.com\\\/de\\\/#\\\/schema\\\/logo\\\/image\\\/\"},\"sameAs\":[\"https:\\\/\\\/www.facebook.com\\\/phytinov\\\/\",\"https:\\\/\\\/www.youtube.com\\\/channel\\\/UCE05sYsSXuuKbLqs4Au3e4Q\",\"https:\\\/\\\/www.instagram.com\\\/phytinov\\\/\"]}]}<\/script>\n<!-- \/ Yoast SEO plugin. -->","yoast_head_json":{"title":"Naturprodukt zur Unterst\u00fctzung der Leberfunktion \u2013 Formel von JP Willem \u2013 tr\u00e4gt zum Verdauungswohlbefinden bei \u2013 unterst\u00fctzt die antioxidative Aktivit\u00e4t \u2013 unterst\u00fctzt die lebersch\u00fctzende Wirkung \u2013 100 Kapseln | Phyt-inov.com","description":"Phyt-Inov international\u00ae offiziell, ein Schweizer Labor, entwickelt zusammen mit JP Willem Silydium (100 Kapseln), ein entgiftendes Nahrungserg\u00e4nzungsmittel, das die Leberfunktion unterst\u00fctzt, zum Verdauungswohlbefinden beitr\u00e4gt und eine gesunde Verdauung f\u00f6rdert, indem es die lebersch\u00fctzende Wirkung der Leber unterst\u00fctzt (Mariendistel\/Desmodium adscendens\/Chrysanthellum americanum\/Karotten\u00f6l).","robots":{"index":"index","follow":"follow","max-snippet":"max-snippet:-1","max-image-preview":"max-image-preview:large","max-video-preview":"max-video-preview:-1"},"canonical":"https:\/\/www.phyt-inov.com\/de\/produit\/silydium-100-kapseln\/","og_locale":"de_DE","og_type":"article","og_title":"Naturprodukt zur Unterst\u00fctzung der Leberfunktion \u2013 Formel von JP Willem \u2013 tr\u00e4gt zum Verdauungswohlbefinden bei \u2013 unterst\u00fctzt die antioxidative Aktivit\u00e4t \u2013 unterst\u00fctzt die lebersch\u00fctzende Wirkung \u2013 100 Kapseln | Phyt-inov.com","og_description":"Phyt-Inov international\u00ae offiziell, ein Schweizer Labor, entwickelt zusammen mit JP Willem Silydium (100 Kapseln), ein entgiftendes Nahrungserg\u00e4nzungsmittel, das die Leberfunktion unterst\u00fctzt, zum Verdauungswohlbefinden beitr\u00e4gt und eine gesunde Verdauung f\u00f6rdert, indem es die lebersch\u00fctzende Wirkung der Leber unterst\u00fctzt (Mariendistel\/Desmodium adscendens\/Chrysanthellum americanum\/Karotten\u00f6l).","og_url":"https:\/\/www.phyt-inov.com\/de\/produit\/silydium-100-kapseln\/","og_site_name":"Phyt-Inov","article_publisher":"https:\/\/www.facebook.com\/phytinov\/","article_modified_time":"2026-03-30T09:06:36+00:00","og_image":[{"url":"https:\/\/www.phyt-inov.com\/wp-content\/uploads\/2025\/09\/Silydium.png","width":819,"height":1024,"type":"image\/png"}],"twitter_card":"summary_large_image","schema":{"@context":"https:\/\/schema.org","@graph":[{"@type":"WebPage","@id":"https:\/\/www.phyt-inov.com\/de\/produit\/silydium-100-kapseln\/","url":"https:\/\/www.phyt-inov.com\/de\/produit\/silydium-100-kapseln\/","name":"Naturprodukt zur Unterst\u00fctzung der Leberfunktion \u2013 Formel von JP Willem \u2013 tr\u00e4gt zum Verdauungswohlbefinden bei \u2013 unterst\u00fctzt die antioxidative Aktivit\u00e4t \u2013 unterst\u00fctzt die lebersch\u00fctzende Wirkung \u2013 100 Kapseln | Phyt-inov.com","isPartOf":{"@id":"https:\/\/www.phyt-inov.com\/de\/#website"},"primaryImageOfPage":{"@id":"https:\/\/www.phyt-inov.com\/de\/produit\/silydium-100-kapseln\/#primaryimage"},"image":{"@id":"https:\/\/www.phyt-inov.com\/de\/produit\/silydium-100-kapseln\/#primaryimage"},"thumbnailUrl":"https:\/\/www.phyt-inov.com\/wp-content\/uploads\/2025\/09\/Silydium.png","datePublished":"2019-04-04T21:31:29+00:00","dateModified":"2026-03-30T09:06:36+00:00","description":"Phyt-Inov international\u00ae offiziell, ein Schweizer Labor, entwickelt zusammen mit JP Willem Silydium (100 Kapseln), ein entgiftendes Nahrungserg\u00e4nzungsmittel, das die Leberfunktion unterst\u00fctzt, zum Verdauungswohlbefinden beitr\u00e4gt und eine gesunde Verdauung f\u00f6rdert, indem es die lebersch\u00fctzende Wirkung der Leber unterst\u00fctzt (Mariendistel\/Desmodium adscendens\/Chrysanthellum americanum\/Karotten\u00f6l).","breadcrumb":{"@id":"https:\/\/www.phyt-inov.com\/de\/produit\/silydium-100-kapseln\/#breadcrumb"},"inLanguage":"de","potentialAction":[{"@type":"ReadAction","target":["https:\/\/www.phyt-inov.com\/de\/produit\/silydium-100-kapseln\/"]}]},{"@type":"ImageObject","inLanguage":"de","@id":"https:\/\/www.phyt-inov.com\/de\/produit\/silydium-100-kapseln\/#primaryimage","url":"https:\/\/www.phyt-inov.com\/wp-content\/uploads\/2025\/09\/Silydium.png","contentUrl":"https:\/\/www.phyt-inov.com\/wp-content\/uploads\/2025\/09\/Silydium.png","width":6400,"height":8000,"caption":"Phyt-inov Produkt Silydium Karotte"},{"@type":"BreadcrumbList","@id":"https:\/\/www.phyt-inov.com\/de\/produit\/silydium-100-kapseln\/#breadcrumb","itemListElement":[{"@type":"ListItem","position":1,"name":"Accueil","item":"https:\/\/www.phyt-inov.com\/de\/startseite\/"},{"@type":"ListItem","position":2,"name":"Shop","item":"https:\/\/www.phyt-inov.com\/de\/shop\/"},{"@type":"ListItem","position":3,"name":"Silydium 100 Kapseln"}]},{"@type":"WebSite","@id":"https:\/\/www.phyt-inov.com\/de\/#website","url":"https:\/\/www.phyt-inov.com\/de\/","name":"Phyt-Inov International","description":"L&#039;efficacit\u00e9 naturelle pour vos soins quotidiens","publisher":{"@id":"https:\/\/www.phyt-inov.com\/de\/#organization"},"alternateName":"phyt-inov","potentialAction":[{"@type":"SearchAction","target":{"@type":"EntryPoint","urlTemplate":"https:\/\/www.phyt-inov.com\/de\/?s={search_term_string}"},"query-input":{"@type":"PropertyValueSpecification","valueRequired":true,"valueName":"search_term_string"}}],"inLanguage":"de"},{"@type":"Organization","@id":"https:\/\/www.phyt-inov.com\/de\/#organization","name":"Phyt-Inov","alternateName":"Phyt-Inov","url":"https:\/\/www.phyt-inov.com\/de\/","logo":{"@type":"ImageObject","inLanguage":"de","@id":"https:\/\/www.phyt-inov.com\/de\/#\/schema\/logo\/image\/","url":"https:\/\/www.phyt-inov.com\/wp-content\/uploads\/2025\/09\/Logo-site-phyt-inov4_Plan-de-travail-1-2048x760-1.png","contentUrl":"https:\/\/www.phyt-inov.com\/wp-content\/uploads\/2025\/09\/Logo-site-phyt-inov4_Plan-de-travail-1-2048x760-1.png","width":2048,"height":760,"caption":"Phyt-Inov"},"image":{"@id":"https:\/\/www.phyt-inov.com\/de\/#\/schema\/logo\/image\/"},"sameAs":["https:\/\/www.facebook.com\/phytinov\/","https:\/\/www.youtube.com\/channel\/UCE05sYsSXuuKbLqs4Au3e4Q","https:\/\/www.instagram.com\/phytinov\/"]}]}},"jetpack_sharing_enabled":true,"_links":{"self":[{"href":"https:\/\/www.phyt-inov.com\/de\/wp-json\/wp\/v2\/product\/83539","targetHints":{"allow":["GET"]}}],"collection":[{"href":"https:\/\/www.phyt-inov.com\/de\/wp-json\/wp\/v2\/product"}],"about":[{"href":"https:\/\/www.phyt-inov.com\/de\/wp-json\/wp\/v2\/types\/product"}],"replies":[{"embeddable":true,"href":"https:\/\/www.phyt-inov.com\/de\/wp-json\/wp\/v2\/comments?post=83539"}],"wp:featuredmedia":[{"embeddable":true,"href":"https:\/\/www.phyt-inov.com\/de\/wp-json\/wp\/v2\/media\/83540"}],"wp:attachment":[{"href":"https:\/\/www.phyt-inov.com\/de\/wp-json\/wp\/v2\/media?parent=83539"}],"wp:term":[{"taxonomy":"product_brand","embeddable":true,"href":"https:\/\/www.phyt-inov.com\/de\/wp-json\/wp\/v2\/product_brand?post=83539"},{"taxonomy":"product_cat","embeddable":true,"href":"https:\/\/www.phyt-inov.com\/de\/wp-json\/wp\/v2\/product_cat?post=83539"},{"taxonomy":"product_tag","embeddable":true,"href":"https:\/\/www.phyt-inov.com\/de\/wp-json\/wp\/v2\/product_tag?post=83539"}],"curies":[{"name":"wp","href":"https:\/\/api.w.org\/{rel}","templated":true}]}}