{"id":83535,"date":"2019-04-04T21:31:33","date_gmt":"2019-04-04T21:31:33","guid":{"rendered":"https:\/\/www.phyt-inov.com\/produit\/stimu-200-marine-licaps\/"},"modified":"2026-03-30T09:01:20","modified_gmt":"2026-03-30T09:01:20","slug":"stimu-200-marine-licaps","status":"publish","type":"product","link":"https:\/\/www.phyt-inov.com\/de\/produit\/stimu-200-marine-licaps\/","title":{"rendered":"Stimu+ 200 marine Licaps\u00ae"},"content":{"rendered":"<p>Packung mit 200 marinen Licaps\u00ae, dosiert zu 690 mg.<\/p>\n<p>Nettogewicht: 138 g.<\/p>\n<p>Anwendungsempfehlung: Nehmen Sie 1 Kapsel t\u00e4glich zu einer Mahlzeit ein, gem\u00e4\u00df den geltenden Vorschriften. Je nach Ihren spezifischen Bed\u00fcrfnissen stehen Ihnen unsere Berater gerne zur Verf\u00fcgung, um Sie bez\u00fcglich der optimalen Anwendung des Produkts zu beraten. Z\u00f6gern Sie nicht, uns zu kontaktieren.  <\/p>\n","protected":false},"excerpt":{"rendered":"<p>Wenn unsere nat\u00fcrlichen Abwehrkr\u00e4fte geschw\u00e4cht sind, ist unsere Widerstandsf\u00e4higkeit gegen bestimmte Viren oder Bakterien vermindert, was eine Reihe von Beschwerden hervorruft.<\/p>\n<p>Folglich ist die Rolle des Immunsystems entscheidend f\u00fcr Gesundheit und \u00dcberleben.<\/p>\n<p><strong>STIMU+ besteht aus einer cleveren Mischung (Vitamine A, B6, Kupfer, Selen und Zink), die zu einer normalen Funktion des Immunsystems beitr\u00e4gt.<\/strong><\/p>\n","protected":false},"featured_media":83536,"comment_status":"open","ping_status":"closed","template":"","meta":{"_et_pb_use_builder":"","_et_pb_old_content":"","_et_gb_content_width":""},"product_brand":[],"product_cat":[104,124,125],"product_tag":[],"class_list":{"0":"post-83535","1":"product","2":"type-product","3":"status-publish","4":"has-post-thumbnail","6":"product_cat-abwehrkrafte-starken","7":"product_cat-oxidativer-stress-zellschutz","8":"product_cat-tonus-und-vitalitat","10":"first","11":"instock","12":"shipping-taxable","13":"purchasable","14":"product-type-simple"},"yoast_head":"<!-- This site is optimized with the Yoast SEO plugin v27.3 - https:\/\/yoast.com\/product\/yoast-seo-wordpress\/ -->\n<title>Nahrungserg\u00e4nzungsmittel f\u00fcr die Immunit\u00e4t, das die Immunabwehr stimuliert, offiziell von Phyt-Inov\u00ae \u2013 Formel von Jean-Pierre Willem \u2013 Einzigartige Rezeptur mit Vitaminen\/Mineralien\/\u00e4therischen \u00d6len \u2013 Stimu+ 200 pflanzliche Licaps, dosiert zu 690 mg | Phyt-inov.com<\/title>\n<meta name=\"description\" content=\"Phyt-Inov international\u00ae offiziell, ein Schweizer Labor, entwickelt zusammen mit Jean-Pierre Willem Stimu+ (200 Licaps, dosiert zu 690 mg), das zur Aufrechterhaltung einer normalen Funktion des Immunsystems beitr\u00e4gt (Palm\u00f6l\/Beta-Glucan\/Bierhefe\/Nelken-\u00d6l\/Teebaum-\u00d6l\/Oregano-\u00d6l\/Vit B\/Zink\/Selen\/Eisen\/Kupfer\/Echinacea\/L-Cystein)\" \/>\n<meta name=\"robots\" content=\"index, follow, max-snippet:-1, max-image-preview:large, max-video-preview:-1\" \/>\n<link rel=\"canonical\" href=\"https:\/\/www.phyt-inov.com\/de\/produit\/stimu-200-marine-licaps\/\" \/>\n<meta property=\"og:locale\" content=\"de_DE\" \/>\n<meta property=\"og:type\" content=\"article\" \/>\n<meta property=\"og:title\" content=\"Nahrungserg\u00e4nzungsmittel f\u00fcr die Immunit\u00e4t, das die Immunabwehr stimuliert, offiziell von Phyt-Inov\u00ae \u2013 Formel von Jean-Pierre Willem \u2013 Einzigartige Rezeptur mit Vitaminen\/Mineralien\/\u00e4therischen \u00d6len \u2013 Stimu+ 200 pflanzliche Licaps, dosiert zu 690 mg | Phyt-inov.com\" \/>\n<meta property=\"og:description\" content=\"Phyt-Inov international\u00ae offiziell, ein Schweizer Labor, entwickelt zusammen mit Jean-Pierre Willem Stimu+ (200 Licaps, dosiert zu 690 mg), das zur Aufrechterhaltung einer normalen Funktion des Immunsystems beitr\u00e4gt (Palm\u00f6l\/Beta-Glucan\/Bierhefe\/Nelken-\u00d6l\/Teebaum-\u00d6l\/Oregano-\u00d6l\/Vit B\/Zink\/Selen\/Eisen\/Kupfer\/Echinacea\/L-Cystein)\" \/>\n<meta property=\"og:url\" content=\"https:\/\/www.phyt-inov.com\/de\/produit\/stimu-200-marine-licaps\/\" \/>\n<meta property=\"og:site_name\" content=\"Phyt-Inov\" \/>\n<meta property=\"article:publisher\" content=\"https:\/\/www.facebook.com\/phytinov\/\" \/>\n<meta property=\"article:modified_time\" content=\"2026-03-30T09:01:20+00:00\" \/>\n<meta property=\"og:image\" content=\"https:\/\/www.phyt-inov.com\/wp-content\/uploads\/2025\/09\/Stimu.png\" \/>\n\t<meta property=\"og:image:width\" content=\"819\" \/>\n\t<meta property=\"og:image:height\" content=\"1024\" \/>\n\t<meta property=\"og:image:type\" content=\"image\/png\" \/>\n<meta name=\"twitter:card\" content=\"summary_large_image\" \/>\n<script type=\"application\/ld+json\" class=\"yoast-schema-graph\">{\"@context\":\"https:\\\/\\\/schema.org\",\"@graph\":[{\"@type\":\"WebPage\",\"@id\":\"https:\\\/\\\/www.phyt-inov.com\\\/de\\\/produit\\\/stimu-200-marine-licaps\\\/\",\"url\":\"https:\\\/\\\/www.phyt-inov.com\\\/de\\\/produit\\\/stimu-200-marine-licaps\\\/\",\"name\":\"Nahrungserg\u00e4nzungsmittel f\u00fcr die Immunit\u00e4t, das die Immunabwehr stimuliert, offiziell von Phyt-Inov\u00ae \u2013 Formel von Jean-Pierre Willem \u2013 Einzigartige Rezeptur mit Vitaminen\\\/Mineralien\\\/\u00e4therischen \u00d6len \u2013 Stimu+ 200 pflanzliche Licaps, dosiert zu 690 mg | Phyt-inov.com\",\"isPartOf\":{\"@id\":\"https:\\\/\\\/www.phyt-inov.com\\\/de\\\/#website\"},\"primaryImageOfPage\":{\"@id\":\"https:\\\/\\\/www.phyt-inov.com\\\/de\\\/produit\\\/stimu-200-marine-licaps\\\/#primaryimage\"},\"image\":{\"@id\":\"https:\\\/\\\/www.phyt-inov.com\\\/de\\\/produit\\\/stimu-200-marine-licaps\\\/#primaryimage\"},\"thumbnailUrl\":\"https:\\\/\\\/www.phyt-inov.com\\\/wp-content\\\/uploads\\\/2025\\\/09\\\/Stimu.png\",\"datePublished\":\"2019-04-04T21:31:33+00:00\",\"dateModified\":\"2026-03-30T09:01:20+00:00\",\"description\":\"Phyt-Inov international\u00ae offiziell, ein Schweizer Labor, entwickelt zusammen mit Jean-Pierre Willem Stimu+ (200 Licaps, dosiert zu 690 mg), das zur Aufrechterhaltung einer normalen Funktion des Immunsystems beitr\u00e4gt (Palm\u00f6l\\\/Beta-Glucan\\\/Bierhefe\\\/Nelken-\u00d6l\\\/Teebaum-\u00d6l\\\/Oregano-\u00d6l\\\/Vit B\\\/Zink\\\/Selen\\\/Eisen\\\/Kupfer\\\/Echinacea\\\/L-Cystein)\",\"breadcrumb\":{\"@id\":\"https:\\\/\\\/www.phyt-inov.com\\\/de\\\/produit\\\/stimu-200-marine-licaps\\\/#breadcrumb\"},\"inLanguage\":\"de\",\"potentialAction\":[{\"@type\":\"ReadAction\",\"target\":[\"https:\\\/\\\/www.phyt-inov.com\\\/de\\\/produit\\\/stimu-200-marine-licaps\\\/\"]}]},{\"@type\":\"ImageObject\",\"inLanguage\":\"de\",\"@id\":\"https:\\\/\\\/www.phyt-inov.com\\\/de\\\/produit\\\/stimu-200-marine-licaps\\\/#primaryimage\",\"url\":\"https:\\\/\\\/www.phyt-inov.com\\\/wp-content\\\/uploads\\\/2025\\\/09\\\/Stimu.png\",\"contentUrl\":\"https:\\\/\\\/www.phyt-inov.com\\\/wp-content\\\/uploads\\\/2025\\\/09\\\/Stimu.png\",\"width\":6400,\"height\":8000,\"caption\":\"phyt-inov Produkt stimu +\"},{\"@type\":\"BreadcrumbList\",\"@id\":\"https:\\\/\\\/www.phyt-inov.com\\\/de\\\/produit\\\/stimu-200-marine-licaps\\\/#breadcrumb\",\"itemListElement\":[{\"@type\":\"ListItem\",\"position\":1,\"name\":\"Accueil\",\"item\":\"https:\\\/\\\/www.phyt-inov.com\\\/de\\\/startseite\\\/\"},{\"@type\":\"ListItem\",\"position\":2,\"name\":\"Shop\",\"item\":\"https:\\\/\\\/www.phyt-inov.com\\\/de\\\/shop\\\/\"},{\"@type\":\"ListItem\",\"position\":3,\"name\":\"Stimu+ 200 marine Licaps\u00ae\"}]},{\"@type\":\"WebSite\",\"@id\":\"https:\\\/\\\/www.phyt-inov.com\\\/de\\\/#website\",\"url\":\"https:\\\/\\\/www.phyt-inov.com\\\/de\\\/\",\"name\":\"Phyt-Inov International\",\"description\":\"L&#039;efficacit\u00e9 naturelle pour vos soins quotidiens\",\"publisher\":{\"@id\":\"https:\\\/\\\/www.phyt-inov.com\\\/de\\\/#organization\"},\"alternateName\":\"phyt-inov\",\"potentialAction\":[{\"@type\":\"SearchAction\",\"target\":{\"@type\":\"EntryPoint\",\"urlTemplate\":\"https:\\\/\\\/www.phyt-inov.com\\\/de\\\/?s={search_term_string}\"},\"query-input\":{\"@type\":\"PropertyValueSpecification\",\"valueRequired\":true,\"valueName\":\"search_term_string\"}}],\"inLanguage\":\"de\"},{\"@type\":\"Organization\",\"@id\":\"https:\\\/\\\/www.phyt-inov.com\\\/de\\\/#organization\",\"name\":\"Phyt-Inov\",\"alternateName\":\"Phyt-Inov\",\"url\":\"https:\\\/\\\/www.phyt-inov.com\\\/de\\\/\",\"logo\":{\"@type\":\"ImageObject\",\"inLanguage\":\"de\",\"@id\":\"https:\\\/\\\/www.phyt-inov.com\\\/de\\\/#\\\/schema\\\/logo\\\/image\\\/\",\"url\":\"https:\\\/\\\/www.phyt-inov.com\\\/wp-content\\\/uploads\\\/2025\\\/09\\\/Logo-site-phyt-inov4_Plan-de-travail-1-2048x760-1.png\",\"contentUrl\":\"https:\\\/\\\/www.phyt-inov.com\\\/wp-content\\\/uploads\\\/2025\\\/09\\\/Logo-site-phyt-inov4_Plan-de-travail-1-2048x760-1.png\",\"width\":2048,\"height\":760,\"caption\":\"Phyt-Inov\"},\"image\":{\"@id\":\"https:\\\/\\\/www.phyt-inov.com\\\/de\\\/#\\\/schema\\\/logo\\\/image\\\/\"},\"sameAs\":[\"https:\\\/\\\/www.facebook.com\\\/phytinov\\\/\",\"https:\\\/\\\/www.youtube.com\\\/channel\\\/UCE05sYsSXuuKbLqs4Au3e4Q\",\"https:\\\/\\\/www.instagram.com\\\/phytinov\\\/\"]}]}<\/script>\n<!-- \/ Yoast SEO plugin. -->","yoast_head_json":{"title":"Nahrungserg\u00e4nzungsmittel f\u00fcr die Immunit\u00e4t, das die Immunabwehr stimuliert, offiziell von Phyt-Inov\u00ae \u2013 Formel von Jean-Pierre Willem \u2013 Einzigartige Rezeptur mit Vitaminen\/Mineralien\/\u00e4therischen \u00d6len \u2013 Stimu+ 200 pflanzliche Licaps, dosiert zu 690 mg | Phyt-inov.com","description":"Phyt-Inov international\u00ae offiziell, ein Schweizer Labor, entwickelt zusammen mit Jean-Pierre Willem Stimu+ (200 Licaps, dosiert zu 690 mg), das zur Aufrechterhaltung einer normalen Funktion des Immunsystems beitr\u00e4gt (Palm\u00f6l\/Beta-Glucan\/Bierhefe\/Nelken-\u00d6l\/Teebaum-\u00d6l\/Oregano-\u00d6l\/Vit B\/Zink\/Selen\/Eisen\/Kupfer\/Echinacea\/L-Cystein)","robots":{"index":"index","follow":"follow","max-snippet":"max-snippet:-1","max-image-preview":"max-image-preview:large","max-video-preview":"max-video-preview:-1"},"canonical":"https:\/\/www.phyt-inov.com\/de\/produit\/stimu-200-marine-licaps\/","og_locale":"de_DE","og_type":"article","og_title":"Nahrungserg\u00e4nzungsmittel f\u00fcr die Immunit\u00e4t, das die Immunabwehr stimuliert, offiziell von Phyt-Inov\u00ae \u2013 Formel von Jean-Pierre Willem \u2013 Einzigartige Rezeptur mit Vitaminen\/Mineralien\/\u00e4therischen \u00d6len \u2013 Stimu+ 200 pflanzliche Licaps, dosiert zu 690 mg | Phyt-inov.com","og_description":"Phyt-Inov international\u00ae offiziell, ein Schweizer Labor, entwickelt zusammen mit Jean-Pierre Willem Stimu+ (200 Licaps, dosiert zu 690 mg), das zur Aufrechterhaltung einer normalen Funktion des Immunsystems beitr\u00e4gt (Palm\u00f6l\/Beta-Glucan\/Bierhefe\/Nelken-\u00d6l\/Teebaum-\u00d6l\/Oregano-\u00d6l\/Vit B\/Zink\/Selen\/Eisen\/Kupfer\/Echinacea\/L-Cystein)","og_url":"https:\/\/www.phyt-inov.com\/de\/produit\/stimu-200-marine-licaps\/","og_site_name":"Phyt-Inov","article_publisher":"https:\/\/www.facebook.com\/phytinov\/","article_modified_time":"2026-03-30T09:01:20+00:00","og_image":[{"url":"https:\/\/www.phyt-inov.com\/wp-content\/uploads\/2025\/09\/Stimu.png","width":819,"height":1024,"type":"image\/png"}],"twitter_card":"summary_large_image","schema":{"@context":"https:\/\/schema.org","@graph":[{"@type":"WebPage","@id":"https:\/\/www.phyt-inov.com\/de\/produit\/stimu-200-marine-licaps\/","url":"https:\/\/www.phyt-inov.com\/de\/produit\/stimu-200-marine-licaps\/","name":"Nahrungserg\u00e4nzungsmittel f\u00fcr die Immunit\u00e4t, das die Immunabwehr stimuliert, offiziell von Phyt-Inov\u00ae \u2013 Formel von Jean-Pierre Willem \u2013 Einzigartige Rezeptur mit Vitaminen\/Mineralien\/\u00e4therischen \u00d6len \u2013 Stimu+ 200 pflanzliche Licaps, dosiert zu 690 mg | Phyt-inov.com","isPartOf":{"@id":"https:\/\/www.phyt-inov.com\/de\/#website"},"primaryImageOfPage":{"@id":"https:\/\/www.phyt-inov.com\/de\/produit\/stimu-200-marine-licaps\/#primaryimage"},"image":{"@id":"https:\/\/www.phyt-inov.com\/de\/produit\/stimu-200-marine-licaps\/#primaryimage"},"thumbnailUrl":"https:\/\/www.phyt-inov.com\/wp-content\/uploads\/2025\/09\/Stimu.png","datePublished":"2019-04-04T21:31:33+00:00","dateModified":"2026-03-30T09:01:20+00:00","description":"Phyt-Inov international\u00ae offiziell, ein Schweizer Labor, entwickelt zusammen mit Jean-Pierre Willem Stimu+ (200 Licaps, dosiert zu 690 mg), das zur Aufrechterhaltung einer normalen Funktion des Immunsystems beitr\u00e4gt (Palm\u00f6l\/Beta-Glucan\/Bierhefe\/Nelken-\u00d6l\/Teebaum-\u00d6l\/Oregano-\u00d6l\/Vit B\/Zink\/Selen\/Eisen\/Kupfer\/Echinacea\/L-Cystein)","breadcrumb":{"@id":"https:\/\/www.phyt-inov.com\/de\/produit\/stimu-200-marine-licaps\/#breadcrumb"},"inLanguage":"de","potentialAction":[{"@type":"ReadAction","target":["https:\/\/www.phyt-inov.com\/de\/produit\/stimu-200-marine-licaps\/"]}]},{"@type":"ImageObject","inLanguage":"de","@id":"https:\/\/www.phyt-inov.com\/de\/produit\/stimu-200-marine-licaps\/#primaryimage","url":"https:\/\/www.phyt-inov.com\/wp-content\/uploads\/2025\/09\/Stimu.png","contentUrl":"https:\/\/www.phyt-inov.com\/wp-content\/uploads\/2025\/09\/Stimu.png","width":6400,"height":8000,"caption":"phyt-inov Produkt stimu +"},{"@type":"BreadcrumbList","@id":"https:\/\/www.phyt-inov.com\/de\/produit\/stimu-200-marine-licaps\/#breadcrumb","itemListElement":[{"@type":"ListItem","position":1,"name":"Accueil","item":"https:\/\/www.phyt-inov.com\/de\/startseite\/"},{"@type":"ListItem","position":2,"name":"Shop","item":"https:\/\/www.phyt-inov.com\/de\/shop\/"},{"@type":"ListItem","position":3,"name":"Stimu+ 200 marine Licaps\u00ae"}]},{"@type":"WebSite","@id":"https:\/\/www.phyt-inov.com\/de\/#website","url":"https:\/\/www.phyt-inov.com\/de\/","name":"Phyt-Inov International","description":"L&#039;efficacit\u00e9 naturelle pour vos soins quotidiens","publisher":{"@id":"https:\/\/www.phyt-inov.com\/de\/#organization"},"alternateName":"phyt-inov","potentialAction":[{"@type":"SearchAction","target":{"@type":"EntryPoint","urlTemplate":"https:\/\/www.phyt-inov.com\/de\/?s={search_term_string}"},"query-input":{"@type":"PropertyValueSpecification","valueRequired":true,"valueName":"search_term_string"}}],"inLanguage":"de"},{"@type":"Organization","@id":"https:\/\/www.phyt-inov.com\/de\/#organization","name":"Phyt-Inov","alternateName":"Phyt-Inov","url":"https:\/\/www.phyt-inov.com\/de\/","logo":{"@type":"ImageObject","inLanguage":"de","@id":"https:\/\/www.phyt-inov.com\/de\/#\/schema\/logo\/image\/","url":"https:\/\/www.phyt-inov.com\/wp-content\/uploads\/2025\/09\/Logo-site-phyt-inov4_Plan-de-travail-1-2048x760-1.png","contentUrl":"https:\/\/www.phyt-inov.com\/wp-content\/uploads\/2025\/09\/Logo-site-phyt-inov4_Plan-de-travail-1-2048x760-1.png","width":2048,"height":760,"caption":"Phyt-Inov"},"image":{"@id":"https:\/\/www.phyt-inov.com\/de\/#\/schema\/logo\/image\/"},"sameAs":["https:\/\/www.facebook.com\/phytinov\/","https:\/\/www.youtube.com\/channel\/UCE05sYsSXuuKbLqs4Au3e4Q","https:\/\/www.instagram.com\/phytinov\/"]}]}},"jetpack_sharing_enabled":true,"_links":{"self":[{"href":"https:\/\/www.phyt-inov.com\/de\/wp-json\/wp\/v2\/product\/83535","targetHints":{"allow":["GET"]}}],"collection":[{"href":"https:\/\/www.phyt-inov.com\/de\/wp-json\/wp\/v2\/product"}],"about":[{"href":"https:\/\/www.phyt-inov.com\/de\/wp-json\/wp\/v2\/types\/product"}],"replies":[{"embeddable":true,"href":"https:\/\/www.phyt-inov.com\/de\/wp-json\/wp\/v2\/comments?post=83535"}],"wp:featuredmedia":[{"embeddable":true,"href":"https:\/\/www.phyt-inov.com\/de\/wp-json\/wp\/v2\/media\/83536"}],"wp:attachment":[{"href":"https:\/\/www.phyt-inov.com\/de\/wp-json\/wp\/v2\/media?parent=83535"}],"wp:term":[{"taxonomy":"product_brand","embeddable":true,"href":"https:\/\/www.phyt-inov.com\/de\/wp-json\/wp\/v2\/product_brand?post=83535"},{"taxonomy":"product_cat","embeddable":true,"href":"https:\/\/www.phyt-inov.com\/de\/wp-json\/wp\/v2\/product_cat?post=83535"},{"taxonomy":"product_tag","embeddable":true,"href":"https:\/\/www.phyt-inov.com\/de\/wp-json\/wp\/v2\/product_tag?post=83535"}],"curies":[{"name":"wp","href":"https:\/\/api.w.org\/{rel}","templated":true}]}}