{"id":83533,"date":"2019-04-04T21:31:35","date_gmt":"2019-04-04T21:31:35","guid":{"rendered":"https:\/\/www.phyt-inov.com\/produit\/osteo-regul-200-kapseln\/"},"modified":"2026-03-30T09:01:00","modified_gmt":"2026-03-30T09:01:00","slug":"osteo-regul-200-kapseln","status":"publish","type":"product","link":"https:\/\/www.phyt-inov.com\/de\/produit\/osteo-regul-200-kapseln\/","title":{"rendered":"Ost\u00e9o-R\u00e9gul 200 Kapseln"},"content":{"rendered":"<p>Dose mit 200 pflanzlichen Kapseln zu je 400 mg<\/p>\n<p>Nettogewicht: 90 g<\/p>\n<p>Verzehrempfehlung: 1 Kapsel 2- bis 3-mal t\u00e4glich zu den Mahlzeiten \u00fcber einen l\u00e4ngeren Zeitraum.<\/p>\n<p>\u201eF\u00fcr Ihre Gesundheit: Essen Sie mindestens f\u00fcnf Portionen Obst und Gem\u00fcse pro Tag\u201c<br \/>\n\u201eF\u00fcr Ihre Gesundheit: Treiben Sie regelm\u00e4\u00dfig Sport\u201c<br \/>\n\u201eF\u00fcr Ihre Gesundheit: Vermeiden Sie zu fettes, zu s\u00fc\u00dfes, zu salziges Essen\u201c<br \/>\n\u201eF\u00fcr Ihre Gesundheit: Vermeiden Sie Zwischenmahlzeiten\u201c<br \/>\nwww.mangerbouger.fr<\/p>\n","protected":false},"excerpt":{"rendered":"<p>OSTEO-REGUL tr\u00e4gt zur Erhaltung einer normalen Knochenstruktur bei.<\/p>\n<p>Demineralisierung stellt ein gro\u00dfes Problem der \u00f6ffentlichen Gesundheit dar.<br \/>\nArthrose ist eine chronische, degenerative und nicht entz\u00fcndliche Erkrankung der Gelenke. Diese Erkrankung umfasst die langsame Zerst\u00f6rung des Knorpels sowie eine Beeintr\u00e4chtigung der Synovialmembran und des Knochens.<br \/>\nZahlreiche Studien zeigen, dass 80 % der Menschen \u00fcber 50 Jahre \u00fcber Arthrose klagen. <\/p>\n<p>Gl\u00fccklicherweise belegt die moderne Forschung, dass es zahlreiche Phyton\u00e4hrstoffe gibt, die diese Mechanismen stoppen k\u00f6nnen, indem sie Knorpel und Knochen sch\u00fctzen.<br \/>\nOSTEO-REGUL enth\u00e4lt eine ausgewogene Mischung aus feinem Perlenpulver, marinem Kollagen (Rochen), Chondroitinsulfat, Glucosaminsulfat, Hyalurons\u00e4ure, organischem Silizium und Vitamin D3.<\/p>\n<p>Calcium ist f\u00fcr die Erhaltung normaler Knochen erforderlich und ist f\u00fcr die Erhaltung normaler Z\u00e4hne erforderlich.<br \/>\nCalcium tr\u00e4gt zu einer normalen Blutgerinnung bei, tr\u00e4gt zu einem normalen Energiestoffwechsel bei und zu einer normalen Muskelfunktion.<br \/>\nCalcium tr\u00e4gt zu einer normalen Neurotransmission bei und zur normalen Funktion der Verdauungsenzyme. Es spielt eine Rolle bei den Prozessen der Zellteilung und -spezialisierung. <\/p>\n<p>Vitamin D tr\u00e4gt zu einer normalen Aufnahme und Verwertung von Calcium und Phosphor bei, tr\u00e4gt zu einem normalen Calciumspiegel im Blut bei, zur Erhaltung normaler Knochen, zur Erhaltung einer normalen Muskelfunktion, zur Erhaltung normaler Z\u00e4hne, zur normalen Funktion des Immunsystems und spielt eine Rolle im Prozess der Zellteilung.<\/p>\n","protected":false},"featured_media":83534,"comment_status":"open","ping_status":"closed","template":"","meta":{"_et_pb_use_builder":"","_et_pb_old_content":"","_et_gb_content_width":""},"product_brand":[],"product_cat":[148,144,128,118],"product_tag":[],"class_list":{"0":"post-83533","1":"product","2":"type-product","3":"status-publish","4":"has-post-thumbnail","6":"product_cat-begleitung-fur-sportler","7":"product_cat-hygiene-schonheit-und-hautpflege","8":"product_cat-tiere","9":"product_cat-wohlbefinden-der-knochen-und-gelenke","11":"first","12":"instock","13":"shipping-taxable","14":"purchasable","15":"product-type-simple"},"yoast_head":"<!-- This site is optimized with the Yoast SEO plugin v27.3 - https:\/\/yoast.com\/product\/yoast-seo-wordpress\/ -->\n<title>Naturprodukt f\u00fcr Gelenkkomfort nach der Formel von Jean-Pierre Willem \u2013 Knochen-, Muskel- und Gelenkgleichgewicht \u2013 Nahrungserg\u00e4nzungsmittel f\u00fcr die Sch\u00f6nheit von Haut und Hautanhangsgebilden (Haare, N\u00e4gel) \u2013 Ost\u00e9o-R\u00e9gul 200 pflanzliche Kapseln aus Pflanzen | Phyt-inov.com<\/title>\n<meta name=\"description\" content=\"Phyt-Inov international\u00ae, ein f\u00fchrendes Schweizer Labor f\u00fcr Gelenkkomfort, Knochenbalance und Bio-\/Naturgesundheits-Nahrungserg\u00e4nzungsmittel, bietet Ost\u00e9o-R\u00e9gul nach der Formel von Jean-Pierre Willem (200 pflanzliche Kapseln aus Pflanzen) an: ein Naturprodukt auf Basis essenzieller N\u00e4hrstoffe mit einer perfekten Synergie aktiver Heilpflanzen (Perlenpulver\/Meereskollagen\/Hyalurons\u00e4ure\/Glucosamin\/Silizium\/Vitamin D3). So tr\u00e4gt Ost\u00e9o-R\u00e9gul mit Komponenten, die die Struktur und Elastizit\u00e4t der Haut st\u00e4rken, zur Erhaltung der Knochenfestigkeit bei.\" \/>\n<meta name=\"robots\" content=\"index, follow, max-snippet:-1, max-image-preview:large, max-video-preview:-1\" \/>\n<link rel=\"canonical\" href=\"https:\/\/www.phyt-inov.com\/de\/produit\/osteo-regul-200-kapseln\/\" \/>\n<meta property=\"og:locale\" content=\"de_DE\" \/>\n<meta property=\"og:type\" content=\"article\" \/>\n<meta property=\"og:title\" content=\"Naturprodukt f\u00fcr Gelenkkomfort nach der Formel von Jean-Pierre Willem \u2013 Knochen-, Muskel- und Gelenkgleichgewicht \u2013 Nahrungserg\u00e4nzungsmittel f\u00fcr die Sch\u00f6nheit von Haut und Hautanhangsgebilden (Haare, N\u00e4gel) \u2013 Ost\u00e9o-R\u00e9gul 200 pflanzliche Kapseln aus Pflanzen | Phyt-inov.com\" \/>\n<meta property=\"og:description\" content=\"Phyt-Inov international\u00ae, ein f\u00fchrendes Schweizer Labor f\u00fcr Gelenkkomfort, Knochenbalance und Bio-\/Naturgesundheits-Nahrungserg\u00e4nzungsmittel, bietet Ost\u00e9o-R\u00e9gul nach der Formel von Jean-Pierre Willem (200 pflanzliche Kapseln aus Pflanzen) an: ein Naturprodukt auf Basis essenzieller N\u00e4hrstoffe mit einer perfekten Synergie aktiver Heilpflanzen (Perlenpulver\/Meereskollagen\/Hyalurons\u00e4ure\/Glucosamin\/Silizium\/Vitamin D3). So tr\u00e4gt Ost\u00e9o-R\u00e9gul mit Komponenten, die die Struktur und Elastizit\u00e4t der Haut st\u00e4rken, zur Erhaltung der Knochenfestigkeit bei.\" \/>\n<meta property=\"og:url\" content=\"https:\/\/www.phyt-inov.com\/de\/produit\/osteo-regul-200-kapseln\/\" \/>\n<meta property=\"og:site_name\" content=\"Phyt-Inov\" \/>\n<meta property=\"article:publisher\" content=\"https:\/\/www.facebook.com\/phytinov\/\" \/>\n<meta property=\"article:modified_time\" content=\"2026-03-30T09:01:00+00:00\" \/>\n<meta property=\"og:image\" content=\"https:\/\/www.phyt-inov.com\/wp-content\/uploads\/2025\/09\/Osteo-regul.png\" \/>\n\t<meta property=\"og:image:width\" content=\"819\" \/>\n\t<meta property=\"og:image:height\" content=\"1024\" \/>\n\t<meta property=\"og:image:type\" content=\"image\/png\" \/>\n<meta name=\"twitter:card\" content=\"summary_large_image\" \/>\n<script type=\"application\/ld+json\" class=\"yoast-schema-graph\">{\"@context\":\"https:\\\/\\\/schema.org\",\"@graph\":[{\"@type\":\"WebPage\",\"@id\":\"https:\\\/\\\/www.phyt-inov.com\\\/de\\\/produit\\\/osteo-regul-200-kapseln\\\/\",\"url\":\"https:\\\/\\\/www.phyt-inov.com\\\/de\\\/produit\\\/osteo-regul-200-kapseln\\\/\",\"name\":\"Naturprodukt f\u00fcr Gelenkkomfort nach der Formel von Jean-Pierre Willem \u2013 Knochen-, Muskel- und Gelenkgleichgewicht \u2013 Nahrungserg\u00e4nzungsmittel f\u00fcr die Sch\u00f6nheit von Haut und Hautanhangsgebilden (Haare, N\u00e4gel) \u2013 Ost\u00e9o-R\u00e9gul 200 pflanzliche Kapseln aus Pflanzen | Phyt-inov.com\",\"isPartOf\":{\"@id\":\"https:\\\/\\\/www.phyt-inov.com\\\/de\\\/#website\"},\"primaryImageOfPage\":{\"@id\":\"https:\\\/\\\/www.phyt-inov.com\\\/de\\\/produit\\\/osteo-regul-200-kapseln\\\/#primaryimage\"},\"image\":{\"@id\":\"https:\\\/\\\/www.phyt-inov.com\\\/de\\\/produit\\\/osteo-regul-200-kapseln\\\/#primaryimage\"},\"thumbnailUrl\":\"https:\\\/\\\/www.phyt-inov.com\\\/wp-content\\\/uploads\\\/2025\\\/09\\\/Osteo-regul.png\",\"datePublished\":\"2019-04-04T21:31:35+00:00\",\"dateModified\":\"2026-03-30T09:01:00+00:00\",\"description\":\"Phyt-Inov international\u00ae, ein f\u00fchrendes Schweizer Labor f\u00fcr Gelenkkomfort, Knochenbalance und Bio-\\\/Naturgesundheits-Nahrungserg\u00e4nzungsmittel, bietet Ost\u00e9o-R\u00e9gul nach der Formel von Jean-Pierre Willem (200 pflanzliche Kapseln aus Pflanzen) an: ein Naturprodukt auf Basis essenzieller N\u00e4hrstoffe mit einer perfekten Synergie aktiver Heilpflanzen (Perlenpulver\\\/Meereskollagen\\\/Hyalurons\u00e4ure\\\/Glucosamin\\\/Silizium\\\/Vitamin D3). So tr\u00e4gt Ost\u00e9o-R\u00e9gul mit Komponenten, die die Struktur und Elastizit\u00e4t der Haut st\u00e4rken, zur Erhaltung der Knochenfestigkeit bei.\",\"breadcrumb\":{\"@id\":\"https:\\\/\\\/www.phyt-inov.com\\\/de\\\/produit\\\/osteo-regul-200-kapseln\\\/#breadcrumb\"},\"inLanguage\":\"de\",\"potentialAction\":[{\"@type\":\"ReadAction\",\"target\":[\"https:\\\/\\\/www.phyt-inov.com\\\/de\\\/produit\\\/osteo-regul-200-kapseln\\\/\"]}]},{\"@type\":\"ImageObject\",\"inLanguage\":\"de\",\"@id\":\"https:\\\/\\\/www.phyt-inov.com\\\/de\\\/produit\\\/osteo-regul-200-kapseln\\\/#primaryimage\",\"url\":\"https:\\\/\\\/www.phyt-inov.com\\\/wp-content\\\/uploads\\\/2025\\\/09\\\/Osteo-regul.png\",\"contentUrl\":\"https:\\\/\\\/www.phyt-inov.com\\\/wp-content\\\/uploads\\\/2025\\\/09\\\/Osteo-regul.png\",\"width\":6400,\"height\":8000,\"caption\":\"phyt-inov produkt osteo-regul\"},{\"@type\":\"BreadcrumbList\",\"@id\":\"https:\\\/\\\/www.phyt-inov.com\\\/de\\\/produit\\\/osteo-regul-200-kapseln\\\/#breadcrumb\",\"itemListElement\":[{\"@type\":\"ListItem\",\"position\":1,\"name\":\"Accueil\",\"item\":\"https:\\\/\\\/www.phyt-inov.com\\\/de\\\/startseite\\\/\"},{\"@type\":\"ListItem\",\"position\":2,\"name\":\"Shop\",\"item\":\"https:\\\/\\\/www.phyt-inov.com\\\/de\\\/shop\\\/\"},{\"@type\":\"ListItem\",\"position\":3,\"name\":\"Ost\u00e9o-R\u00e9gul 200 Kapseln\"}]},{\"@type\":\"WebSite\",\"@id\":\"https:\\\/\\\/www.phyt-inov.com\\\/de\\\/#website\",\"url\":\"https:\\\/\\\/www.phyt-inov.com\\\/de\\\/\",\"name\":\"Phyt-Inov International\",\"description\":\"L&#039;efficacit\u00e9 naturelle pour vos soins quotidiens\",\"publisher\":{\"@id\":\"https:\\\/\\\/www.phyt-inov.com\\\/de\\\/#organization\"},\"alternateName\":\"phyt-inov\",\"potentialAction\":[{\"@type\":\"SearchAction\",\"target\":{\"@type\":\"EntryPoint\",\"urlTemplate\":\"https:\\\/\\\/www.phyt-inov.com\\\/de\\\/?s={search_term_string}\"},\"query-input\":{\"@type\":\"PropertyValueSpecification\",\"valueRequired\":true,\"valueName\":\"search_term_string\"}}],\"inLanguage\":\"de\"},{\"@type\":\"Organization\",\"@id\":\"https:\\\/\\\/www.phyt-inov.com\\\/de\\\/#organization\",\"name\":\"Phyt-Inov\",\"alternateName\":\"Phyt-Inov\",\"url\":\"https:\\\/\\\/www.phyt-inov.com\\\/de\\\/\",\"logo\":{\"@type\":\"ImageObject\",\"inLanguage\":\"de\",\"@id\":\"https:\\\/\\\/www.phyt-inov.com\\\/de\\\/#\\\/schema\\\/logo\\\/image\\\/\",\"url\":\"https:\\\/\\\/www.phyt-inov.com\\\/wp-content\\\/uploads\\\/2025\\\/09\\\/Logo-site-phyt-inov4_Plan-de-travail-1-2048x760-1.png\",\"contentUrl\":\"https:\\\/\\\/www.phyt-inov.com\\\/wp-content\\\/uploads\\\/2025\\\/09\\\/Logo-site-phyt-inov4_Plan-de-travail-1-2048x760-1.png\",\"width\":2048,\"height\":760,\"caption\":\"Phyt-Inov\"},\"image\":{\"@id\":\"https:\\\/\\\/www.phyt-inov.com\\\/de\\\/#\\\/schema\\\/logo\\\/image\\\/\"},\"sameAs\":[\"https:\\\/\\\/www.facebook.com\\\/phytinov\\\/\",\"https:\\\/\\\/www.youtube.com\\\/channel\\\/UCE05sYsSXuuKbLqs4Au3e4Q\",\"https:\\\/\\\/www.instagram.com\\\/phytinov\\\/\"]}]}<\/script>\n<!-- \/ Yoast SEO plugin. -->","yoast_head_json":{"title":"Naturprodukt f\u00fcr Gelenkkomfort nach der Formel von Jean-Pierre Willem \u2013 Knochen-, Muskel- und Gelenkgleichgewicht \u2013 Nahrungserg\u00e4nzungsmittel f\u00fcr die Sch\u00f6nheit von Haut und Hautanhangsgebilden (Haare, N\u00e4gel) \u2013 Ost\u00e9o-R\u00e9gul 200 pflanzliche Kapseln aus Pflanzen | Phyt-inov.com","description":"Phyt-Inov international\u00ae, ein f\u00fchrendes Schweizer Labor f\u00fcr Gelenkkomfort, Knochenbalance und Bio-\/Naturgesundheits-Nahrungserg\u00e4nzungsmittel, bietet Ost\u00e9o-R\u00e9gul nach der Formel von Jean-Pierre Willem (200 pflanzliche Kapseln aus Pflanzen) an: ein Naturprodukt auf Basis essenzieller N\u00e4hrstoffe mit einer perfekten Synergie aktiver Heilpflanzen (Perlenpulver\/Meereskollagen\/Hyalurons\u00e4ure\/Glucosamin\/Silizium\/Vitamin D3). So tr\u00e4gt Ost\u00e9o-R\u00e9gul mit Komponenten, die die Struktur und Elastizit\u00e4t der Haut st\u00e4rken, zur Erhaltung der Knochenfestigkeit bei.","robots":{"index":"index","follow":"follow","max-snippet":"max-snippet:-1","max-image-preview":"max-image-preview:large","max-video-preview":"max-video-preview:-1"},"canonical":"https:\/\/www.phyt-inov.com\/de\/produit\/osteo-regul-200-kapseln\/","og_locale":"de_DE","og_type":"article","og_title":"Naturprodukt f\u00fcr Gelenkkomfort nach der Formel von Jean-Pierre Willem \u2013 Knochen-, Muskel- und Gelenkgleichgewicht \u2013 Nahrungserg\u00e4nzungsmittel f\u00fcr die Sch\u00f6nheit von Haut und Hautanhangsgebilden (Haare, N\u00e4gel) \u2013 Ost\u00e9o-R\u00e9gul 200 pflanzliche Kapseln aus Pflanzen | Phyt-inov.com","og_description":"Phyt-Inov international\u00ae, ein f\u00fchrendes Schweizer Labor f\u00fcr Gelenkkomfort, Knochenbalance und Bio-\/Naturgesundheits-Nahrungserg\u00e4nzungsmittel, bietet Ost\u00e9o-R\u00e9gul nach der Formel von Jean-Pierre Willem (200 pflanzliche Kapseln aus Pflanzen) an: ein Naturprodukt auf Basis essenzieller N\u00e4hrstoffe mit einer perfekten Synergie aktiver Heilpflanzen (Perlenpulver\/Meereskollagen\/Hyalurons\u00e4ure\/Glucosamin\/Silizium\/Vitamin D3). So tr\u00e4gt Ost\u00e9o-R\u00e9gul mit Komponenten, die die Struktur und Elastizit\u00e4t der Haut st\u00e4rken, zur Erhaltung der Knochenfestigkeit bei.","og_url":"https:\/\/www.phyt-inov.com\/de\/produit\/osteo-regul-200-kapseln\/","og_site_name":"Phyt-Inov","article_publisher":"https:\/\/www.facebook.com\/phytinov\/","article_modified_time":"2026-03-30T09:01:00+00:00","og_image":[{"url":"https:\/\/www.phyt-inov.com\/wp-content\/uploads\/2025\/09\/Osteo-regul.png","width":819,"height":1024,"type":"image\/png"}],"twitter_card":"summary_large_image","schema":{"@context":"https:\/\/schema.org","@graph":[{"@type":"WebPage","@id":"https:\/\/www.phyt-inov.com\/de\/produit\/osteo-regul-200-kapseln\/","url":"https:\/\/www.phyt-inov.com\/de\/produit\/osteo-regul-200-kapseln\/","name":"Naturprodukt f\u00fcr Gelenkkomfort nach der Formel von Jean-Pierre Willem \u2013 Knochen-, Muskel- und Gelenkgleichgewicht \u2013 Nahrungserg\u00e4nzungsmittel f\u00fcr die Sch\u00f6nheit von Haut und Hautanhangsgebilden (Haare, N\u00e4gel) \u2013 Ost\u00e9o-R\u00e9gul 200 pflanzliche Kapseln aus Pflanzen | Phyt-inov.com","isPartOf":{"@id":"https:\/\/www.phyt-inov.com\/de\/#website"},"primaryImageOfPage":{"@id":"https:\/\/www.phyt-inov.com\/de\/produit\/osteo-regul-200-kapseln\/#primaryimage"},"image":{"@id":"https:\/\/www.phyt-inov.com\/de\/produit\/osteo-regul-200-kapseln\/#primaryimage"},"thumbnailUrl":"https:\/\/www.phyt-inov.com\/wp-content\/uploads\/2025\/09\/Osteo-regul.png","datePublished":"2019-04-04T21:31:35+00:00","dateModified":"2026-03-30T09:01:00+00:00","description":"Phyt-Inov international\u00ae, ein f\u00fchrendes Schweizer Labor f\u00fcr Gelenkkomfort, Knochenbalance und Bio-\/Naturgesundheits-Nahrungserg\u00e4nzungsmittel, bietet Ost\u00e9o-R\u00e9gul nach der Formel von Jean-Pierre Willem (200 pflanzliche Kapseln aus Pflanzen) an: ein Naturprodukt auf Basis essenzieller N\u00e4hrstoffe mit einer perfekten Synergie aktiver Heilpflanzen (Perlenpulver\/Meereskollagen\/Hyalurons\u00e4ure\/Glucosamin\/Silizium\/Vitamin D3). So tr\u00e4gt Ost\u00e9o-R\u00e9gul mit Komponenten, die die Struktur und Elastizit\u00e4t der Haut st\u00e4rken, zur Erhaltung der Knochenfestigkeit bei.","breadcrumb":{"@id":"https:\/\/www.phyt-inov.com\/de\/produit\/osteo-regul-200-kapseln\/#breadcrumb"},"inLanguage":"de","potentialAction":[{"@type":"ReadAction","target":["https:\/\/www.phyt-inov.com\/de\/produit\/osteo-regul-200-kapseln\/"]}]},{"@type":"ImageObject","inLanguage":"de","@id":"https:\/\/www.phyt-inov.com\/de\/produit\/osteo-regul-200-kapseln\/#primaryimage","url":"https:\/\/www.phyt-inov.com\/wp-content\/uploads\/2025\/09\/Osteo-regul.png","contentUrl":"https:\/\/www.phyt-inov.com\/wp-content\/uploads\/2025\/09\/Osteo-regul.png","width":6400,"height":8000,"caption":"phyt-inov produkt osteo-regul"},{"@type":"BreadcrumbList","@id":"https:\/\/www.phyt-inov.com\/de\/produit\/osteo-regul-200-kapseln\/#breadcrumb","itemListElement":[{"@type":"ListItem","position":1,"name":"Accueil","item":"https:\/\/www.phyt-inov.com\/de\/startseite\/"},{"@type":"ListItem","position":2,"name":"Shop","item":"https:\/\/www.phyt-inov.com\/de\/shop\/"},{"@type":"ListItem","position":3,"name":"Ost\u00e9o-R\u00e9gul 200 Kapseln"}]},{"@type":"WebSite","@id":"https:\/\/www.phyt-inov.com\/de\/#website","url":"https:\/\/www.phyt-inov.com\/de\/","name":"Phyt-Inov International","description":"L&#039;efficacit\u00e9 naturelle pour vos soins quotidiens","publisher":{"@id":"https:\/\/www.phyt-inov.com\/de\/#organization"},"alternateName":"phyt-inov","potentialAction":[{"@type":"SearchAction","target":{"@type":"EntryPoint","urlTemplate":"https:\/\/www.phyt-inov.com\/de\/?s={search_term_string}"},"query-input":{"@type":"PropertyValueSpecification","valueRequired":true,"valueName":"search_term_string"}}],"inLanguage":"de"},{"@type":"Organization","@id":"https:\/\/www.phyt-inov.com\/de\/#organization","name":"Phyt-Inov","alternateName":"Phyt-Inov","url":"https:\/\/www.phyt-inov.com\/de\/","logo":{"@type":"ImageObject","inLanguage":"de","@id":"https:\/\/www.phyt-inov.com\/de\/#\/schema\/logo\/image\/","url":"https:\/\/www.phyt-inov.com\/wp-content\/uploads\/2025\/09\/Logo-site-phyt-inov4_Plan-de-travail-1-2048x760-1.png","contentUrl":"https:\/\/www.phyt-inov.com\/wp-content\/uploads\/2025\/09\/Logo-site-phyt-inov4_Plan-de-travail-1-2048x760-1.png","width":2048,"height":760,"caption":"Phyt-Inov"},"image":{"@id":"https:\/\/www.phyt-inov.com\/de\/#\/schema\/logo\/image\/"},"sameAs":["https:\/\/www.facebook.com\/phytinov\/","https:\/\/www.youtube.com\/channel\/UCE05sYsSXuuKbLqs4Au3e4Q","https:\/\/www.instagram.com\/phytinov\/"]}]}},"jetpack_sharing_enabled":true,"_links":{"self":[{"href":"https:\/\/www.phyt-inov.com\/de\/wp-json\/wp\/v2\/product\/83533","targetHints":{"allow":["GET"]}}],"collection":[{"href":"https:\/\/www.phyt-inov.com\/de\/wp-json\/wp\/v2\/product"}],"about":[{"href":"https:\/\/www.phyt-inov.com\/de\/wp-json\/wp\/v2\/types\/product"}],"replies":[{"embeddable":true,"href":"https:\/\/www.phyt-inov.com\/de\/wp-json\/wp\/v2\/comments?post=83533"}],"wp:featuredmedia":[{"embeddable":true,"href":"https:\/\/www.phyt-inov.com\/de\/wp-json\/wp\/v2\/media\/83534"}],"wp:attachment":[{"href":"https:\/\/www.phyt-inov.com\/de\/wp-json\/wp\/v2\/media?parent=83533"}],"wp:term":[{"taxonomy":"product_brand","embeddable":true,"href":"https:\/\/www.phyt-inov.com\/de\/wp-json\/wp\/v2\/product_brand?post=83533"},{"taxonomy":"product_cat","embeddable":true,"href":"https:\/\/www.phyt-inov.com\/de\/wp-json\/wp\/v2\/product_cat?post=83533"},{"taxonomy":"product_tag","embeddable":true,"href":"https:\/\/www.phyt-inov.com\/de\/wp-json\/wp\/v2\/product_tag?post=83533"}],"curies":[{"name":"wp","href":"https:\/\/api.w.org\/{rel}","templated":true}]}}