{"id":83518,"date":"2019-04-04T21:31:36","date_gmt":"2019-04-04T21:31:36","guid":{"rendered":"https:\/\/www.phyt-inov.com\/produit\/floraserum-koerper\/"},"modified":"2019-04-04T21:31:36","modified_gmt":"2019-04-04T21:31:36","slug":"floraserum-koerper","status":"publish","type":"product","link":"https:\/\/www.phyt-inov.com\/de\/produit\/floraserum-koerper\/","title":{"rendered":"Floras\u00e9rum K\u00f6rper"},"content":{"rendered":"<p><b>Biomaxi, f\u00fcr ein Maximum an Bio-Anteil der gesamten Inhaltsstoffe.<\/b><\/p>\n<p>Morgens und abends auf den gesamten K\u00f6rper auftragen: An den Beinen von den F\u00fc\u00dfen zu den H\u00fcften immer nach oben massieren, ebenso f\u00fcr Arme und Brust; auf gestaute Zonen mit kreisenden Bewegungen, Bauch, H\u00fcften usw. bestehen.<br \/>\n<b>Im Salon:<\/b> Verwendung f\u00fcr die K\u00f6rpermodellage und spezielle Beinpflege.<\/p>\n<p><b>Enth\u00e4lt \u00fcber 15 Pflanzen, darunter:<\/b><br \/>\nJojoba\u00f6l: Feuchtigkeitsspendend und elastizit\u00e4tsf\u00f6rdernd<br \/>\nMandel\u00f6l: Gegen Dehnungsstreifen, f\u00f6rdert die Elastizit\u00e4t<br \/>\nMacadamia\u00f6l: Feuchtigkeitsspendend und n\u00e4hrend<br \/>\nRosmarin: Entschlackend<\/p>\n<p><b>Airless-Flasche mit 100 ml.<\/b><br \/>\nKeine Konservierungsstoffe.<br \/>\n<b>100%<\/b> der gesamten Inhaltsstoffe sind nat\u00fcrlichen Ursprungs.<br \/>\n<b>100%<\/b> der gesamten Inhaltsstoffe stammen aus biologischem Anbau.<\/p>\n","protected":false},"excerpt":{"rendered":"<p><b>Komfort<\/b><\/p>\n<p>Ein Komplex aus trockenen \u00d6len mit straffenden, entw\u00e4ssernden und feuchtigkeitsspendenden Eigenschaften, speziell f\u00fcr den gesamten K\u00f6rper ausgew\u00e4hlt. Die regelm\u00e4\u00dfige Anwendung dieser Pflege verfeinert das Hautbild und verleiht ihm eine unvergleichliche Geschmeidigkeit.<br \/>\nDiese rein pflanzliche K\u00f6rperpflege ist in der <b>Flora d\u2019Essarts<\/b>-Linie unverzichtbar, da ihre speziell entwickelte Zusammensetzung Komfort und Wohlbefinden f\u00fcr belebende Tage und entspannte N\u00e4chte bietet.<br \/>\nIhre Epidermis wird regeneriert, beruhigt und gegl\u00e4ttet. <\/p>\n","protected":false},"featured_media":83519,"comment_status":"open","ping_status":"closed","template":"","meta":{"_et_pb_use_builder":"","_et_pb_old_content":"","_et_gb_content_width":""},"product_brand":[],"product_cat":[154,144],"product_tag":[],"class_list":{"0":"post-83518","1":"product","2":"type-product","3":"status-publish","4":"has-post-thumbnail","6":"product_cat-bio-kosmetik","7":"product_cat-hygiene-schonheit-und-hautpflege","9":"first","10":"instock","11":"shipping-taxable","12":"purchasable","13":"product-type-simple"},"yoast_head":"<!-- This site is optimized with the Yoast SEO plugin v27.3 - https:\/\/yoast.com\/product\/yoast-seo-wordpress\/ -->\n<title>Floras\u00e9rum K\u00f6rper - Flora d&#039;Essarts - Phyt-Inov\u00ae offiziell - biologische Trocken\u00f6le f\u00fcr die Haut- und K\u00f6rperpflege - Modellage und Entspannung - verfeinert das Hautbild - 100 ml 100% nat\u00fcrlich und 100% biologisch | Phyt-inov.com<\/title>\n<meta name=\"description\" content=\"Phyt-Inov international\u00ae offiziell, das f\u00fchrende Schweizer Labor f\u00fcr nat\u00fcrliche und biologische Pflegeprodukte und Kosmetika f\u00fcr die Gesundheit und Sch\u00f6nheit der Haut, pr\u00e4sentiert sein Floras\u00e9rum K\u00f6rper Flora d&#039;Essarts (100 ml ohne Konservierungsstoffe oder PEG) \u2013 Das Floras\u00e9rum K\u00f6rper Flora d&#039;Essarts ist ein Natur-\/Bio-Produkt von Phyt Inov zur Bewahrung der Hautsch\u00f6nheit (Jojoba-\/Mandel-\/Macadamia-\/Rosmarin\u00f6l). Ein Komplex aus trockenen \u00d6len und \u00e4therischen \u00d6len mit straffenden, entw\u00e4ssernden und feuchtigkeitsspendenden Eigenschaften. Es verfeinert das Hautbild und verleiht ihm eine unvergleichliche Geschmeidigkeit.\" \/>\n<meta name=\"robots\" content=\"index, follow, max-snippet:-1, max-image-preview:large, max-video-preview:-1\" \/>\n<link rel=\"canonical\" href=\"https:\/\/www.phyt-inov.com\/de\/produit\/floraserum-koerper\/\" \/>\n<meta property=\"og:locale\" content=\"de_DE\" \/>\n<meta property=\"og:type\" content=\"article\" \/>\n<meta property=\"og:title\" content=\"Floras\u00e9rum K\u00f6rper - Flora d&#039;Essarts - Phyt-Inov\u00ae offiziell - biologische Trocken\u00f6le f\u00fcr die Haut- und K\u00f6rperpflege - Modellage und Entspannung - verfeinert das Hautbild - 100 ml 100% nat\u00fcrlich und 100% biologisch | Phyt-inov.com\" \/>\n<meta property=\"og:description\" content=\"Phyt-Inov international\u00ae offiziell, das f\u00fchrende Schweizer Labor f\u00fcr nat\u00fcrliche und biologische Pflegeprodukte und Kosmetika f\u00fcr die Gesundheit und Sch\u00f6nheit der Haut, pr\u00e4sentiert sein Floras\u00e9rum K\u00f6rper Flora d&#039;Essarts (100 ml ohne Konservierungsstoffe oder PEG) \u2013 Das Floras\u00e9rum K\u00f6rper Flora d&#039;Essarts ist ein Natur-\/Bio-Produkt von Phyt Inov zur Bewahrung der Hautsch\u00f6nheit (Jojoba-\/Mandel-\/Macadamia-\/Rosmarin\u00f6l). Ein Komplex aus trockenen \u00d6len und \u00e4therischen \u00d6len mit straffenden, entw\u00e4ssernden und feuchtigkeitsspendenden Eigenschaften. Es verfeinert das Hautbild und verleiht ihm eine unvergleichliche Geschmeidigkeit.\" \/>\n<meta property=\"og:url\" content=\"https:\/\/www.phyt-inov.com\/de\/produit\/floraserum-koerper\/\" \/>\n<meta property=\"og:site_name\" content=\"Phyt-Inov\" \/>\n<meta property=\"article:publisher\" content=\"https:\/\/www.facebook.com\/phytinov\/\" \/>\n<meta property=\"og:image\" content=\"https:\/\/www.phyt-inov.com\/wp-content\/uploads\/2025\/09\/Floraserum-Corps-pour-site-phyt-inov-1-scaled-1.jpg\" \/>\n\t<meta property=\"og:image:width\" content=\"2048\" \/>\n\t<meta property=\"og:image:height\" content=\"2560\" \/>\n\t<meta property=\"og:image:type\" content=\"image\/jpeg\" \/>\n<meta name=\"twitter:card\" content=\"summary_large_image\" \/>\n<meta name=\"twitter:label1\" content=\"Gesch\u00e4tzte Lesezeit\" \/>\n\t<meta name=\"twitter:data1\" content=\"1\u00a0Minute\" \/>\n<script type=\"application\/ld+json\" class=\"yoast-schema-graph\">{\"@context\":\"https:\\\/\\\/schema.org\",\"@graph\":[{\"@type\":\"WebPage\",\"@id\":\"https:\\\/\\\/www.phyt-inov.com\\\/de\\\/produit\\\/floraserum-koerper\\\/\",\"url\":\"https:\\\/\\\/www.phyt-inov.com\\\/de\\\/produit\\\/floraserum-koerper\\\/\",\"name\":\"Floras\u00e9rum K\u00f6rper - Flora d'Essarts - Phyt-Inov\u00ae offiziell - biologische Trocken\u00f6le f\u00fcr die Haut- und K\u00f6rperpflege - Modellage und Entspannung - verfeinert das Hautbild - 100 ml 100% nat\u00fcrlich und 100% biologisch | Phyt-inov.com\",\"isPartOf\":{\"@id\":\"https:\\\/\\\/www.phyt-inov.com\\\/de\\\/#website\"},\"primaryImageOfPage\":{\"@id\":\"https:\\\/\\\/www.phyt-inov.com\\\/de\\\/produit\\\/floraserum-koerper\\\/#primaryimage\"},\"image\":{\"@id\":\"https:\\\/\\\/www.phyt-inov.com\\\/de\\\/produit\\\/floraserum-koerper\\\/#primaryimage\"},\"thumbnailUrl\":\"https:\\\/\\\/www.phyt-inov.com\\\/wp-content\\\/uploads\\\/2025\\\/09\\\/Floraserum-Corps-pour-site-phyt-inov-1-scaled-1.jpg\",\"datePublished\":\"2019-04-04T21:31:36+00:00\",\"description\":\"Phyt-Inov international\u00ae offiziell, das f\u00fchrende Schweizer Labor f\u00fcr nat\u00fcrliche und biologische Pflegeprodukte und Kosmetika f\u00fcr die Gesundheit und Sch\u00f6nheit der Haut, pr\u00e4sentiert sein Floras\u00e9rum K\u00f6rper Flora d'Essarts (100 ml ohne Konservierungsstoffe oder PEG) \u2013 Das Floras\u00e9rum K\u00f6rper Flora d'Essarts ist ein Natur-\\\/Bio-Produkt von Phyt Inov zur Bewahrung der Hautsch\u00f6nheit (Jojoba-\\\/Mandel-\\\/Macadamia-\\\/Rosmarin\u00f6l). Ein Komplex aus trockenen \u00d6len und \u00e4therischen \u00d6len mit straffenden, entw\u00e4ssernden und feuchtigkeitsspendenden Eigenschaften. Es verfeinert das Hautbild und verleiht ihm eine unvergleichliche Geschmeidigkeit.\",\"breadcrumb\":{\"@id\":\"https:\\\/\\\/www.phyt-inov.com\\\/de\\\/produit\\\/floraserum-koerper\\\/#breadcrumb\"},\"inLanguage\":\"de\",\"potentialAction\":[{\"@type\":\"ReadAction\",\"target\":[\"https:\\\/\\\/www.phyt-inov.com\\\/de\\\/produit\\\/floraserum-koerper\\\/\"]}]},{\"@type\":\"ImageObject\",\"inLanguage\":\"de\",\"@id\":\"https:\\\/\\\/www.phyt-inov.com\\\/de\\\/produit\\\/floraserum-koerper\\\/#primaryimage\",\"url\":\"https:\\\/\\\/www.phyt-inov.com\\\/wp-content\\\/uploads\\\/2025\\\/09\\\/Floraserum-Corps-pour-site-phyt-inov-1-scaled-1.jpg\",\"contentUrl\":\"https:\\\/\\\/www.phyt-inov.com\\\/wp-content\\\/uploads\\\/2025\\\/09\\\/Floraserum-Corps-pour-site-phyt-inov-1-scaled-1.jpg\",\"width\":2048,\"height\":2560,\"caption\":\"Flora d'Essarts K\u00f6rperserum\"},{\"@type\":\"BreadcrumbList\",\"@id\":\"https:\\\/\\\/www.phyt-inov.com\\\/de\\\/produit\\\/floraserum-koerper\\\/#breadcrumb\",\"itemListElement\":[{\"@type\":\"ListItem\",\"position\":1,\"name\":\"Accueil\",\"item\":\"https:\\\/\\\/www.phyt-inov.com\\\/de\\\/startseite\\\/\"},{\"@type\":\"ListItem\",\"position\":2,\"name\":\"Shop\",\"item\":\"https:\\\/\\\/www.phyt-inov.com\\\/de\\\/shop\\\/\"},{\"@type\":\"ListItem\",\"position\":3,\"name\":\"Floras\u00e9rum K\u00f6rper\"}]},{\"@type\":\"WebSite\",\"@id\":\"https:\\\/\\\/www.phyt-inov.com\\\/de\\\/#website\",\"url\":\"https:\\\/\\\/www.phyt-inov.com\\\/de\\\/\",\"name\":\"Phyt-Inov International\",\"description\":\"L&#039;efficacit\u00e9 naturelle pour vos soins quotidiens\",\"publisher\":{\"@id\":\"https:\\\/\\\/www.phyt-inov.com\\\/de\\\/#organization\"},\"alternateName\":\"phyt-inov\",\"potentialAction\":[{\"@type\":\"SearchAction\",\"target\":{\"@type\":\"EntryPoint\",\"urlTemplate\":\"https:\\\/\\\/www.phyt-inov.com\\\/de\\\/?s={search_term_string}\"},\"query-input\":{\"@type\":\"PropertyValueSpecification\",\"valueRequired\":true,\"valueName\":\"search_term_string\"}}],\"inLanguage\":\"de\"},{\"@type\":\"Organization\",\"@id\":\"https:\\\/\\\/www.phyt-inov.com\\\/de\\\/#organization\",\"name\":\"Phyt-Inov\",\"alternateName\":\"Phyt-Inov\",\"url\":\"https:\\\/\\\/www.phyt-inov.com\\\/de\\\/\",\"logo\":{\"@type\":\"ImageObject\",\"inLanguage\":\"de\",\"@id\":\"https:\\\/\\\/www.phyt-inov.com\\\/de\\\/#\\\/schema\\\/logo\\\/image\\\/\",\"url\":\"https:\\\/\\\/www.phyt-inov.com\\\/wp-content\\\/uploads\\\/2025\\\/09\\\/Logo-site-phyt-inov4_Plan-de-travail-1-2048x760-1.png\",\"contentUrl\":\"https:\\\/\\\/www.phyt-inov.com\\\/wp-content\\\/uploads\\\/2025\\\/09\\\/Logo-site-phyt-inov4_Plan-de-travail-1-2048x760-1.png\",\"width\":2048,\"height\":760,\"caption\":\"Phyt-Inov\"},\"image\":{\"@id\":\"https:\\\/\\\/www.phyt-inov.com\\\/de\\\/#\\\/schema\\\/logo\\\/image\\\/\"},\"sameAs\":[\"https:\\\/\\\/www.facebook.com\\\/phytinov\\\/\",\"https:\\\/\\\/www.youtube.com\\\/channel\\\/UCE05sYsSXuuKbLqs4Au3e4Q\",\"https:\\\/\\\/www.instagram.com\\\/phytinov\\\/\"]}]}<\/script>\n<!-- \/ Yoast SEO plugin. -->","yoast_head_json":{"title":"Floras\u00e9rum K\u00f6rper - Flora d'Essarts - Phyt-Inov\u00ae offiziell - biologische Trocken\u00f6le f\u00fcr die Haut- und K\u00f6rperpflege - Modellage und Entspannung - verfeinert das Hautbild - 100 ml 100% nat\u00fcrlich und 100% biologisch | Phyt-inov.com","description":"Phyt-Inov international\u00ae offiziell, das f\u00fchrende Schweizer Labor f\u00fcr nat\u00fcrliche und biologische Pflegeprodukte und Kosmetika f\u00fcr die Gesundheit und Sch\u00f6nheit der Haut, pr\u00e4sentiert sein Floras\u00e9rum K\u00f6rper Flora d'Essarts (100 ml ohne Konservierungsstoffe oder PEG) \u2013 Das Floras\u00e9rum K\u00f6rper Flora d'Essarts ist ein Natur-\/Bio-Produkt von Phyt Inov zur Bewahrung der Hautsch\u00f6nheit (Jojoba-\/Mandel-\/Macadamia-\/Rosmarin\u00f6l). Ein Komplex aus trockenen \u00d6len und \u00e4therischen \u00d6len mit straffenden, entw\u00e4ssernden und feuchtigkeitsspendenden Eigenschaften. Es verfeinert das Hautbild und verleiht ihm eine unvergleichliche Geschmeidigkeit.","robots":{"index":"index","follow":"follow","max-snippet":"max-snippet:-1","max-image-preview":"max-image-preview:large","max-video-preview":"max-video-preview:-1"},"canonical":"https:\/\/www.phyt-inov.com\/de\/produit\/floraserum-koerper\/","og_locale":"de_DE","og_type":"article","og_title":"Floras\u00e9rum K\u00f6rper - Flora d'Essarts - Phyt-Inov\u00ae offiziell - biologische Trocken\u00f6le f\u00fcr die Haut- und K\u00f6rperpflege - Modellage und Entspannung - verfeinert das Hautbild - 100 ml 100% nat\u00fcrlich und 100% biologisch | Phyt-inov.com","og_description":"Phyt-Inov international\u00ae offiziell, das f\u00fchrende Schweizer Labor f\u00fcr nat\u00fcrliche und biologische Pflegeprodukte und Kosmetika f\u00fcr die Gesundheit und Sch\u00f6nheit der Haut, pr\u00e4sentiert sein Floras\u00e9rum K\u00f6rper Flora d'Essarts (100 ml ohne Konservierungsstoffe oder PEG) \u2013 Das Floras\u00e9rum K\u00f6rper Flora d'Essarts ist ein Natur-\/Bio-Produkt von Phyt Inov zur Bewahrung der Hautsch\u00f6nheit (Jojoba-\/Mandel-\/Macadamia-\/Rosmarin\u00f6l). Ein Komplex aus trockenen \u00d6len und \u00e4therischen \u00d6len mit straffenden, entw\u00e4ssernden und feuchtigkeitsspendenden Eigenschaften. Es verfeinert das Hautbild und verleiht ihm eine unvergleichliche Geschmeidigkeit.","og_url":"https:\/\/www.phyt-inov.com\/de\/produit\/floraserum-koerper\/","og_site_name":"Phyt-Inov","article_publisher":"https:\/\/www.facebook.com\/phytinov\/","og_image":[{"width":2048,"height":2560,"url":"https:\/\/www.phyt-inov.com\/wp-content\/uploads\/2025\/09\/Floraserum-Corps-pour-site-phyt-inov-1-scaled-1.jpg","type":"image\/jpeg"}],"twitter_card":"summary_large_image","twitter_misc":{"Gesch\u00e4tzte Lesezeit":"1\u00a0Minute"},"schema":{"@context":"https:\/\/schema.org","@graph":[{"@type":"WebPage","@id":"https:\/\/www.phyt-inov.com\/de\/produit\/floraserum-koerper\/","url":"https:\/\/www.phyt-inov.com\/de\/produit\/floraserum-koerper\/","name":"Floras\u00e9rum K\u00f6rper - Flora d'Essarts - Phyt-Inov\u00ae offiziell - biologische Trocken\u00f6le f\u00fcr die Haut- und K\u00f6rperpflege - Modellage und Entspannung - verfeinert das Hautbild - 100 ml 100% nat\u00fcrlich und 100% biologisch | Phyt-inov.com","isPartOf":{"@id":"https:\/\/www.phyt-inov.com\/de\/#website"},"primaryImageOfPage":{"@id":"https:\/\/www.phyt-inov.com\/de\/produit\/floraserum-koerper\/#primaryimage"},"image":{"@id":"https:\/\/www.phyt-inov.com\/de\/produit\/floraserum-koerper\/#primaryimage"},"thumbnailUrl":"https:\/\/www.phyt-inov.com\/wp-content\/uploads\/2025\/09\/Floraserum-Corps-pour-site-phyt-inov-1-scaled-1.jpg","datePublished":"2019-04-04T21:31:36+00:00","description":"Phyt-Inov international\u00ae offiziell, das f\u00fchrende Schweizer Labor f\u00fcr nat\u00fcrliche und biologische Pflegeprodukte und Kosmetika f\u00fcr die Gesundheit und Sch\u00f6nheit der Haut, pr\u00e4sentiert sein Floras\u00e9rum K\u00f6rper Flora d'Essarts (100 ml ohne Konservierungsstoffe oder PEG) \u2013 Das Floras\u00e9rum K\u00f6rper Flora d'Essarts ist ein Natur-\/Bio-Produkt von Phyt Inov zur Bewahrung der Hautsch\u00f6nheit (Jojoba-\/Mandel-\/Macadamia-\/Rosmarin\u00f6l). Ein Komplex aus trockenen \u00d6len und \u00e4therischen \u00d6len mit straffenden, entw\u00e4ssernden und feuchtigkeitsspendenden Eigenschaften. Es verfeinert das Hautbild und verleiht ihm eine unvergleichliche Geschmeidigkeit.","breadcrumb":{"@id":"https:\/\/www.phyt-inov.com\/de\/produit\/floraserum-koerper\/#breadcrumb"},"inLanguage":"de","potentialAction":[{"@type":"ReadAction","target":["https:\/\/www.phyt-inov.com\/de\/produit\/floraserum-koerper\/"]}]},{"@type":"ImageObject","inLanguage":"de","@id":"https:\/\/www.phyt-inov.com\/de\/produit\/floraserum-koerper\/#primaryimage","url":"https:\/\/www.phyt-inov.com\/wp-content\/uploads\/2025\/09\/Floraserum-Corps-pour-site-phyt-inov-1-scaled-1.jpg","contentUrl":"https:\/\/www.phyt-inov.com\/wp-content\/uploads\/2025\/09\/Floraserum-Corps-pour-site-phyt-inov-1-scaled-1.jpg","width":2048,"height":2560,"caption":"Flora d'Essarts K\u00f6rperserum"},{"@type":"BreadcrumbList","@id":"https:\/\/www.phyt-inov.com\/de\/produit\/floraserum-koerper\/#breadcrumb","itemListElement":[{"@type":"ListItem","position":1,"name":"Accueil","item":"https:\/\/www.phyt-inov.com\/de\/startseite\/"},{"@type":"ListItem","position":2,"name":"Shop","item":"https:\/\/www.phyt-inov.com\/de\/shop\/"},{"@type":"ListItem","position":3,"name":"Floras\u00e9rum K\u00f6rper"}]},{"@type":"WebSite","@id":"https:\/\/www.phyt-inov.com\/de\/#website","url":"https:\/\/www.phyt-inov.com\/de\/","name":"Phyt-Inov International","description":"L&#039;efficacit\u00e9 naturelle pour vos soins quotidiens","publisher":{"@id":"https:\/\/www.phyt-inov.com\/de\/#organization"},"alternateName":"phyt-inov","potentialAction":[{"@type":"SearchAction","target":{"@type":"EntryPoint","urlTemplate":"https:\/\/www.phyt-inov.com\/de\/?s={search_term_string}"},"query-input":{"@type":"PropertyValueSpecification","valueRequired":true,"valueName":"search_term_string"}}],"inLanguage":"de"},{"@type":"Organization","@id":"https:\/\/www.phyt-inov.com\/de\/#organization","name":"Phyt-Inov","alternateName":"Phyt-Inov","url":"https:\/\/www.phyt-inov.com\/de\/","logo":{"@type":"ImageObject","inLanguage":"de","@id":"https:\/\/www.phyt-inov.com\/de\/#\/schema\/logo\/image\/","url":"https:\/\/www.phyt-inov.com\/wp-content\/uploads\/2025\/09\/Logo-site-phyt-inov4_Plan-de-travail-1-2048x760-1.png","contentUrl":"https:\/\/www.phyt-inov.com\/wp-content\/uploads\/2025\/09\/Logo-site-phyt-inov4_Plan-de-travail-1-2048x760-1.png","width":2048,"height":760,"caption":"Phyt-Inov"},"image":{"@id":"https:\/\/www.phyt-inov.com\/de\/#\/schema\/logo\/image\/"},"sameAs":["https:\/\/www.facebook.com\/phytinov\/","https:\/\/www.youtube.com\/channel\/UCE05sYsSXuuKbLqs4Au3e4Q","https:\/\/www.instagram.com\/phytinov\/"]}]}},"jetpack_sharing_enabled":true,"_links":{"self":[{"href":"https:\/\/www.phyt-inov.com\/de\/wp-json\/wp\/v2\/product\/83518","targetHints":{"allow":["GET"]}}],"collection":[{"href":"https:\/\/www.phyt-inov.com\/de\/wp-json\/wp\/v2\/product"}],"about":[{"href":"https:\/\/www.phyt-inov.com\/de\/wp-json\/wp\/v2\/types\/product"}],"replies":[{"embeddable":true,"href":"https:\/\/www.phyt-inov.com\/de\/wp-json\/wp\/v2\/comments?post=83518"}],"wp:featuredmedia":[{"embeddable":true,"href":"https:\/\/www.phyt-inov.com\/de\/wp-json\/wp\/v2\/media\/83519"}],"wp:attachment":[{"href":"https:\/\/www.phyt-inov.com\/de\/wp-json\/wp\/v2\/media?parent=83518"}],"wp:term":[{"taxonomy":"product_brand","embeddable":true,"href":"https:\/\/www.phyt-inov.com\/de\/wp-json\/wp\/v2\/product_brand?post=83518"},{"taxonomy":"product_cat","embeddable":true,"href":"https:\/\/www.phyt-inov.com\/de\/wp-json\/wp\/v2\/product_cat?post=83518"},{"taxonomy":"product_tag","embeddable":true,"href":"https:\/\/www.phyt-inov.com\/de\/wp-json\/wp\/v2\/product_tag?post=83518"}],"curies":[{"name":"wp","href":"https:\/\/api.w.org\/{rel}","templated":true}]}}