{"id":83508,"date":"2019-04-04T21:31:36","date_gmt":"2019-04-04T21:31:36","guid":{"rendered":"https:\/\/www.phyt-inov.com\/produit\/candi-regul-200-kapseln\/"},"modified":"2019-04-04T21:31:36","modified_gmt":"2019-04-04T21:31:36","slug":"candi-regul-200-kapseln","status":"publish","type":"product","link":"https:\/\/www.phyt-inov.com\/de\/produit\/candi-regul-200-kapseln\/","title":{"rendered":"Candi-r\u00e9gul 200 Kapseln"},"content":{"rendered":"<p><strong>Abbildung unverbindlich<\/strong><\/p>\n<p>Die Entwicklung von Candida albicans ist meist die Folge einer wiederholten Einnahme von Antibiotika, welche die mikrobielle Darmflora zerst\u00f6ren.<\/p>\n<p>Andere Ursachen f\u00fcr eine \u00fcberm\u00e4\u00dfige Entwicklung k\u00f6nnen die Einnahme bestimmter Medikamente (Kortikoide, Antibabypille, Chemotherapie) oder eine zu zuckerreiche Ern\u00e4hrung sein.<\/p>\n<p>Man sch\u00e4tzt heute, dass ein Drittel der franz\u00f6sischen Bev\u00f6lkerung, insbesondere Frauen, an chronischer Candidose leidet.<\/p>\n<p>Diese Pilze produzieren toxische chemische Substanzen, die f\u00fcr sehr unterschiedliche Symptome verantwortlich sind.<\/p>\n<p>Candi-R\u00e9gul besteht aus Capryls\u00e4ure, Calciumcarbonat, Magnesiumcarbonat, \u00e4therischem Thymian\u00f6l, \u00e4therischem Nelken\u00f6l, Zinkcarbonat, Vitamin B8 (Biotin) und Vitamin E.<\/p>\n","protected":false},"excerpt":{"rendered":"<p>Abbildung unverbindlich Die Entwicklung von Candida albicans ist meist die Folge einer wiederholten Einnahme von Antibiotika, welche die mikrobielle Darmflora zerst\u00f6ren. Andere Ursachen f\u00fcr eine \u00fcberm\u00e4\u00dfige Entwicklung k\u00f6nnen die Einnahme bestimmter Medikamente (Kortikoide, Antibabypille, Chemotherapie) oder eine zu zuckerreiche Ern\u00e4hrung sein. Man sch\u00e4tzt heute, dass ein Drittel der franz\u00f6sischen Bev\u00f6lkerung, insbesondere Frauen, an chronischer Candidose [&hellip;]<\/p>\n","protected":false},"featured_media":83509,"comment_status":"open","ping_status":"closed","template":"","meta":{"_et_pb_use_builder":"","_et_pb_old_content":"","_et_gb_content_width":""},"product_brand":[],"product_cat":[116],"product_tag":[],"class_list":{"0":"post-83508","1":"product","2":"type-product","3":"status-publish","4":"has-post-thumbnail","6":"product_cat-dietary-supplements","8":"first","9":"outofstock","10":"shipping-taxable","11":"purchasable","12":"product-type-simple"},"yoast_head":"<!-- This site is optimized with the Yoast SEO plugin v27.3 - https:\/\/yoast.com\/product\/yoast-seo-wordpress\/ -->\n<title>Candi-r\u00e9gul 200 Kapseln - Phyt-Inov<\/title>\n<meta name=\"description\" content=\"Phyt-Inov - Candi-r\u00e9gul 200 Kapseln\" \/>\n<meta name=\"robots\" content=\"index, follow, max-snippet:-1, max-image-preview:large, max-video-preview:-1\" \/>\n<link rel=\"canonical\" href=\"https:\/\/www.phyt-inov.com\/de\/produit\/candi-regul-200-kapseln\/\" \/>\n<meta property=\"og:locale\" content=\"de_DE\" \/>\n<meta property=\"og:type\" content=\"article\" \/>\n<meta property=\"og:title\" content=\"Candi-r\u00e9gul 200 Kapseln - Phyt-Inov\" \/>\n<meta property=\"og:description\" content=\"Phyt-Inov - Candi-r\u00e9gul 200 Kapseln\" \/>\n<meta property=\"og:url\" content=\"https:\/\/www.phyt-inov.com\/de\/produit\/candi-regul-200-kapseln\/\" \/>\n<meta property=\"og:site_name\" content=\"Phyt-Inov\" \/>\n<meta property=\"article:publisher\" content=\"https:\/\/www.facebook.com\/phytinov\/\" \/>\n<meta property=\"og:image\" content=\"https:\/\/www.phyt-inov.com\/wp-content\/uploads\/2025\/09\/1812031747082784-1-scaled-1.jpg\" \/>\n\t<meta property=\"og:image:width\" content=\"2048\" \/>\n\t<meta property=\"og:image:height\" content=\"2560\" \/>\n\t<meta property=\"og:image:type\" content=\"image\/jpeg\" \/>\n<meta name=\"twitter:card\" content=\"summary_large_image\" \/>\n<script type=\"application\/ld+json\" class=\"yoast-schema-graph\">{\"@context\":\"https:\\\/\\\/schema.org\",\"@graph\":[{\"@type\":\"WebPage\",\"@id\":\"https:\\\/\\\/www.phyt-inov.com\\\/de\\\/produit\\\/candi-regul-200-kapseln\\\/\",\"url\":\"https:\\\/\\\/www.phyt-inov.com\\\/de\\\/produit\\\/candi-regul-200-kapseln\\\/\",\"name\":\"Candi-r\u00e9gul 200 Kapseln - Phyt-Inov\",\"isPartOf\":{\"@id\":\"https:\\\/\\\/www.phyt-inov.com\\\/de\\\/#website\"},\"primaryImageOfPage\":{\"@id\":\"https:\\\/\\\/www.phyt-inov.com\\\/de\\\/produit\\\/candi-regul-200-kapseln\\\/#primaryimage\"},\"image\":{\"@id\":\"https:\\\/\\\/www.phyt-inov.com\\\/de\\\/produit\\\/candi-regul-200-kapseln\\\/#primaryimage\"},\"thumbnailUrl\":\"https:\\\/\\\/www.phyt-inov.com\\\/wp-content\\\/uploads\\\/2025\\\/09\\\/1812031747082784-1-scaled-1.jpg\",\"datePublished\":\"2019-04-04T21:31:36+00:00\",\"description\":\"Phyt-Inov - Candi-r\u00e9gul 200 Kapseln\",\"breadcrumb\":{\"@id\":\"https:\\\/\\\/www.phyt-inov.com\\\/de\\\/produit\\\/candi-regul-200-kapseln\\\/#breadcrumb\"},\"inLanguage\":\"de\",\"potentialAction\":[{\"@type\":\"ReadAction\",\"target\":[\"https:\\\/\\\/www.phyt-inov.com\\\/de\\\/produit\\\/candi-regul-200-kapseln\\\/\"]}]},{\"@type\":\"ImageObject\",\"inLanguage\":\"de\",\"@id\":\"https:\\\/\\\/www.phyt-inov.com\\\/de\\\/produit\\\/candi-regul-200-kapseln\\\/#primaryimage\",\"url\":\"https:\\\/\\\/www.phyt-inov.com\\\/wp-content\\\/uploads\\\/2025\\\/09\\\/1812031747082784-1-scaled-1.jpg\",\"contentUrl\":\"https:\\\/\\\/www.phyt-inov.com\\\/wp-content\\\/uploads\\\/2025\\\/09\\\/1812031747082784-1-scaled-1.jpg\",\"width\":2048,\"height\":2560,\"caption\":\"Phyt-inov Produkt Candi-R\u00e9gul\"},{\"@type\":\"BreadcrumbList\",\"@id\":\"https:\\\/\\\/www.phyt-inov.com\\\/de\\\/produit\\\/candi-regul-200-kapseln\\\/#breadcrumb\",\"itemListElement\":[{\"@type\":\"ListItem\",\"position\":1,\"name\":\"Accueil\",\"item\":\"https:\\\/\\\/www.phyt-inov.com\\\/de\\\/startseite\\\/\"},{\"@type\":\"ListItem\",\"position\":2,\"name\":\"Shop\",\"item\":\"https:\\\/\\\/www.phyt-inov.com\\\/de\\\/shop\\\/\"},{\"@type\":\"ListItem\",\"position\":3,\"name\":\"Candi-r\u00e9gul 200 Kapseln\"}]},{\"@type\":\"WebSite\",\"@id\":\"https:\\\/\\\/www.phyt-inov.com\\\/de\\\/#website\",\"url\":\"https:\\\/\\\/www.phyt-inov.com\\\/de\\\/\",\"name\":\"Phyt-Inov International\",\"description\":\"L&#039;efficacit\u00e9 naturelle pour vos soins quotidiens\",\"publisher\":{\"@id\":\"https:\\\/\\\/www.phyt-inov.com\\\/de\\\/#organization\"},\"alternateName\":\"phyt-inov\",\"potentialAction\":[{\"@type\":\"SearchAction\",\"target\":{\"@type\":\"EntryPoint\",\"urlTemplate\":\"https:\\\/\\\/www.phyt-inov.com\\\/de\\\/?s={search_term_string}\"},\"query-input\":{\"@type\":\"PropertyValueSpecification\",\"valueRequired\":true,\"valueName\":\"search_term_string\"}}],\"inLanguage\":\"de\"},{\"@type\":\"Organization\",\"@id\":\"https:\\\/\\\/www.phyt-inov.com\\\/de\\\/#organization\",\"name\":\"Phyt-Inov\",\"alternateName\":\"Phyt-Inov\",\"url\":\"https:\\\/\\\/www.phyt-inov.com\\\/de\\\/\",\"logo\":{\"@type\":\"ImageObject\",\"inLanguage\":\"de\",\"@id\":\"https:\\\/\\\/www.phyt-inov.com\\\/de\\\/#\\\/schema\\\/logo\\\/image\\\/\",\"url\":\"https:\\\/\\\/www.phyt-inov.com\\\/wp-content\\\/uploads\\\/2025\\\/09\\\/Logo-site-phyt-inov4_Plan-de-travail-1-2048x760-1.png\",\"contentUrl\":\"https:\\\/\\\/www.phyt-inov.com\\\/wp-content\\\/uploads\\\/2025\\\/09\\\/Logo-site-phyt-inov4_Plan-de-travail-1-2048x760-1.png\",\"width\":2048,\"height\":760,\"caption\":\"Phyt-Inov\"},\"image\":{\"@id\":\"https:\\\/\\\/www.phyt-inov.com\\\/de\\\/#\\\/schema\\\/logo\\\/image\\\/\"},\"sameAs\":[\"https:\\\/\\\/www.facebook.com\\\/phytinov\\\/\",\"https:\\\/\\\/www.youtube.com\\\/channel\\\/UCE05sYsSXuuKbLqs4Au3e4Q\",\"https:\\\/\\\/www.instagram.com\\\/phytinov\\\/\"]}]}<\/script>\n<!-- \/ Yoast SEO plugin. -->","yoast_head_json":{"title":"Candi-r\u00e9gul 200 Kapseln - Phyt-Inov","description":"Phyt-Inov - Candi-r\u00e9gul 200 Kapseln","robots":{"index":"index","follow":"follow","max-snippet":"max-snippet:-1","max-image-preview":"max-image-preview:large","max-video-preview":"max-video-preview:-1"},"canonical":"https:\/\/www.phyt-inov.com\/de\/produit\/candi-regul-200-kapseln\/","og_locale":"de_DE","og_type":"article","og_title":"Candi-r\u00e9gul 200 Kapseln - Phyt-Inov","og_description":"Phyt-Inov - Candi-r\u00e9gul 200 Kapseln","og_url":"https:\/\/www.phyt-inov.com\/de\/produit\/candi-regul-200-kapseln\/","og_site_name":"Phyt-Inov","article_publisher":"https:\/\/www.facebook.com\/phytinov\/","og_image":[{"width":2048,"height":2560,"url":"https:\/\/www.phyt-inov.com\/wp-content\/uploads\/2025\/09\/1812031747082784-1-scaled-1.jpg","type":"image\/jpeg"}],"twitter_card":"summary_large_image","schema":{"@context":"https:\/\/schema.org","@graph":[{"@type":"WebPage","@id":"https:\/\/www.phyt-inov.com\/de\/produit\/candi-regul-200-kapseln\/","url":"https:\/\/www.phyt-inov.com\/de\/produit\/candi-regul-200-kapseln\/","name":"Candi-r\u00e9gul 200 Kapseln - Phyt-Inov","isPartOf":{"@id":"https:\/\/www.phyt-inov.com\/de\/#website"},"primaryImageOfPage":{"@id":"https:\/\/www.phyt-inov.com\/de\/produit\/candi-regul-200-kapseln\/#primaryimage"},"image":{"@id":"https:\/\/www.phyt-inov.com\/de\/produit\/candi-regul-200-kapseln\/#primaryimage"},"thumbnailUrl":"https:\/\/www.phyt-inov.com\/wp-content\/uploads\/2025\/09\/1812031747082784-1-scaled-1.jpg","datePublished":"2019-04-04T21:31:36+00:00","description":"Phyt-Inov - Candi-r\u00e9gul 200 Kapseln","breadcrumb":{"@id":"https:\/\/www.phyt-inov.com\/de\/produit\/candi-regul-200-kapseln\/#breadcrumb"},"inLanguage":"de","potentialAction":[{"@type":"ReadAction","target":["https:\/\/www.phyt-inov.com\/de\/produit\/candi-regul-200-kapseln\/"]}]},{"@type":"ImageObject","inLanguage":"de","@id":"https:\/\/www.phyt-inov.com\/de\/produit\/candi-regul-200-kapseln\/#primaryimage","url":"https:\/\/www.phyt-inov.com\/wp-content\/uploads\/2025\/09\/1812031747082784-1-scaled-1.jpg","contentUrl":"https:\/\/www.phyt-inov.com\/wp-content\/uploads\/2025\/09\/1812031747082784-1-scaled-1.jpg","width":2048,"height":2560,"caption":"Phyt-inov Produkt Candi-R\u00e9gul"},{"@type":"BreadcrumbList","@id":"https:\/\/www.phyt-inov.com\/de\/produit\/candi-regul-200-kapseln\/#breadcrumb","itemListElement":[{"@type":"ListItem","position":1,"name":"Accueil","item":"https:\/\/www.phyt-inov.com\/de\/startseite\/"},{"@type":"ListItem","position":2,"name":"Shop","item":"https:\/\/www.phyt-inov.com\/de\/shop\/"},{"@type":"ListItem","position":3,"name":"Candi-r\u00e9gul 200 Kapseln"}]},{"@type":"WebSite","@id":"https:\/\/www.phyt-inov.com\/de\/#website","url":"https:\/\/www.phyt-inov.com\/de\/","name":"Phyt-Inov International","description":"L&#039;efficacit\u00e9 naturelle pour vos soins quotidiens","publisher":{"@id":"https:\/\/www.phyt-inov.com\/de\/#organization"},"alternateName":"phyt-inov","potentialAction":[{"@type":"SearchAction","target":{"@type":"EntryPoint","urlTemplate":"https:\/\/www.phyt-inov.com\/de\/?s={search_term_string}"},"query-input":{"@type":"PropertyValueSpecification","valueRequired":true,"valueName":"search_term_string"}}],"inLanguage":"de"},{"@type":"Organization","@id":"https:\/\/www.phyt-inov.com\/de\/#organization","name":"Phyt-Inov","alternateName":"Phyt-Inov","url":"https:\/\/www.phyt-inov.com\/de\/","logo":{"@type":"ImageObject","inLanguage":"de","@id":"https:\/\/www.phyt-inov.com\/de\/#\/schema\/logo\/image\/","url":"https:\/\/www.phyt-inov.com\/wp-content\/uploads\/2025\/09\/Logo-site-phyt-inov4_Plan-de-travail-1-2048x760-1.png","contentUrl":"https:\/\/www.phyt-inov.com\/wp-content\/uploads\/2025\/09\/Logo-site-phyt-inov4_Plan-de-travail-1-2048x760-1.png","width":2048,"height":760,"caption":"Phyt-Inov"},"image":{"@id":"https:\/\/www.phyt-inov.com\/de\/#\/schema\/logo\/image\/"},"sameAs":["https:\/\/www.facebook.com\/phytinov\/","https:\/\/www.youtube.com\/channel\/UCE05sYsSXuuKbLqs4Au3e4Q","https:\/\/www.instagram.com\/phytinov\/"]}]}},"jetpack_sharing_enabled":true,"_links":{"self":[{"href":"https:\/\/www.phyt-inov.com\/de\/wp-json\/wp\/v2\/product\/83508","targetHints":{"allow":["GET"]}}],"collection":[{"href":"https:\/\/www.phyt-inov.com\/de\/wp-json\/wp\/v2\/product"}],"about":[{"href":"https:\/\/www.phyt-inov.com\/de\/wp-json\/wp\/v2\/types\/product"}],"replies":[{"embeddable":true,"href":"https:\/\/www.phyt-inov.com\/de\/wp-json\/wp\/v2\/comments?post=83508"}],"wp:featuredmedia":[{"embeddable":true,"href":"https:\/\/www.phyt-inov.com\/de\/wp-json\/wp\/v2\/media\/83509"}],"wp:attachment":[{"href":"https:\/\/www.phyt-inov.com\/de\/wp-json\/wp\/v2\/media?parent=83508"}],"wp:term":[{"taxonomy":"product_brand","embeddable":true,"href":"https:\/\/www.phyt-inov.com\/de\/wp-json\/wp\/v2\/product_brand?post=83508"},{"taxonomy":"product_cat","embeddable":true,"href":"https:\/\/www.phyt-inov.com\/de\/wp-json\/wp\/v2\/product_cat?post=83508"},{"taxonomy":"product_tag","embeddable":true,"href":"https:\/\/www.phyt-inov.com\/de\/wp-json\/wp\/v2\/product_tag?post=83508"}],"curies":[{"name":"wp","href":"https:\/\/api.w.org\/{rel}","templated":true}]}}