{"id":83502,"date":"2019-04-04T21:31:48","date_gmt":"2019-04-04T21:31:48","guid":{"rendered":"https:\/\/www.phyt-inov.com\/produit\/braunes-propolis-200-kapseln\/"},"modified":"2026-03-30T08:59:50","modified_gmt":"2026-03-30T08:59:50","slug":"braunes-propolis-200-kapseln","status":"publish","type":"product","link":"https:\/\/www.phyt-inov.com\/de\/produit\/braunes-propolis-200-kapseln\/","title":{"rendered":"Braunes Propolis, 200 Kapseln"},"content":{"rendered":"<p>Dose mit 60 oder 200 Kapseln \u00e0 450 mg.<\/p>\n<p>Nettogewicht: 106 g<\/p>\n<p><strong>Verzehrempfehlung:<\/strong> T\u00e4glich 2 bis 6 Kapseln einnehmen.<\/p>\n","protected":false},"excerpt":{"rendered":"<p><strong>Gereinigtes braunes Propolis<\/strong> ist ein au\u00dfergew\u00f6hnliches Produkt.<\/p>\n<p>Heutzutage findet man im Handel leicht \u201ePropolis-Kapseln\u201c, die manchmal nur 5 oder 10 % enthalten, eingebettet in Mischungen aus \u201ebilligen\u201c F\u00fcllstoffen wie Reismehl, Mais- oder Maniokst\u00e4rke, Talkum, Tonerde usw., die nur dazu dienen, Volumen, Gewicht und Gewinn zu steigern und oft nicht einmal in der Zusammensetzung angegeben sind.<\/p>\n<p>Man findet es auch in Alkohol verd\u00fcnnt unter dem Namen \u201ePropolis-Extrakt\u201c, wobei das L\u00f6sungsmittel als \u201eExtrakt\u201c bezeichnet wird \u2013 und das scheint legal zu sein! Alles ist recht, um eine Dosis, die gerade mal f\u00fcr einen Kanarienvogel reicht, sehr teuer zu verkaufen. <\/p>\n<p>Propolis ist eine harzige Substanz, die Bienen von den Knospen bestimmter B\u00e4ume sammeln. Die Bienen bringen sie in den Bienenstock, um sie vielf\u00e4ltig zu nutzen: zum Abdichten von Rissen und L\u00f6chern, aber auch als Mittel zur biologischen Abwehr.  Propolis ist reich an Flavonoiden, Spurenelementen, organischen S\u00e4uren, Vitaminen &#8230; Indem sie das Innere ihres Lebensraums mit einem d\u00fcnnen Film dieses Harzes \u00fcberziehen, sch\u00fctzen sich die Bienen vor Krankheiten, Viren, Bakterien und Pilzen. <\/p>\n<p><strong>Phyt-Inov bietet, basierend auf den Arbeiten deutscher, skandinavischer und osteurop\u00e4ischer Wissenschaftler<\/strong>, eine hohe Dosierung in Kapseln mit 450 mg gereinigtem Propolis (ohne Bienenstockabf\u00e4lle, ohne Wachs &#8230;) an.<\/p>\n","protected":false},"featured_media":83505,"comment_status":"open","ping_status":"closed","template":"","meta":{"_et_pb_use_builder":"","_et_pb_old_content":"","_et_gb_content_width":""},"product_brand":[],"product_cat":[105,107,145],"product_tag":[],"class_list":{"0":"post-83502","1":"product","2":"type-product","3":"status-publish","4":"has-post-thumbnail","6":"product_cat-harnwege","7":"product_cat-schatze-des-bienenstocks","8":"product_cat-verdauungskomfort","10":"first","11":"instock","12":"shipping-taxable","13":"purchasable","14":"product-type-variable"},"yoast_head":"<!-- This site is optimized with the Yoast SEO plugin v27.3 - https:\/\/yoast.com\/product\/yoast-seo-wordpress\/ -->\n<title>Gereinigtes braunes Propolis von Phyt-Inov\u00ae offiziell \u2013 Nahrungserg\u00e4nzungsmittel zur Unterst\u00fctzung des Immunsystems - 200 Kapseln \u00e0 450 mg | Phyt-inov.com<\/title>\n<meta name=\"description\" content=\"Phyt-Inov\u00ae international, f\u00fchrendes Schweizer Labor f\u00fcr Natur- und Bio-Produkte, bietet sein braunes Propolis an (200 Kapseln \u00e0 450 mg) mit hoher Dosierung (ohne Bienenstockabf\u00e4lle) \u2013 Braunes Propolis wirkt antibakteriell, verbessert die Immunit\u00e4t und die Widerstandskraft.\" \/>\n<meta name=\"robots\" content=\"index, follow, max-snippet:-1, max-image-preview:large, max-video-preview:-1\" \/>\n<link rel=\"canonical\" href=\"https:\/\/www.phyt-inov.com\/de\/produit\/braunes-propolis-200-kapseln\/\" \/>\n<meta property=\"og:locale\" content=\"de_DE\" \/>\n<meta property=\"og:type\" content=\"article\" \/>\n<meta property=\"og:title\" content=\"Gereinigtes braunes Propolis von Phyt-Inov\u00ae offiziell \u2013 Nahrungserg\u00e4nzungsmittel zur Unterst\u00fctzung des Immunsystems - 200 Kapseln \u00e0 450 mg | Phyt-inov.com\" \/>\n<meta property=\"og:description\" content=\"Phyt-Inov\u00ae international, f\u00fchrendes Schweizer Labor f\u00fcr Natur- und Bio-Produkte, bietet sein braunes Propolis an (200 Kapseln \u00e0 450 mg) mit hoher Dosierung (ohne Bienenstockabf\u00e4lle) \u2013 Braunes Propolis wirkt antibakteriell, verbessert die Immunit\u00e4t und die Widerstandskraft.\" \/>\n<meta property=\"og:url\" content=\"https:\/\/www.phyt-inov.com\/de\/produit\/braunes-propolis-200-kapseln\/\" \/>\n<meta property=\"og:site_name\" content=\"Phyt-Inov\" \/>\n<meta property=\"article:publisher\" content=\"https:\/\/www.facebook.com\/phytinov\/\" \/>\n<meta property=\"article:modified_time\" content=\"2026-03-30T08:59:50+00:00\" \/>\n<meta property=\"og:image\" content=\"https:\/\/www.phyt-inov.com\/wp-content\/uploads\/2019\/04\/Propolis-Brune-200-gel-1-scaled.png\" \/>\n\t<meta property=\"og:image:width\" content=\"2048\" \/>\n\t<meta property=\"og:image:height\" content=\"2560\" \/>\n\t<meta property=\"og:image:type\" content=\"image\/png\" \/>\n<meta name=\"twitter:card\" content=\"summary_large_image\" \/>\n<script type=\"application\/ld+json\" class=\"yoast-schema-graph\">{\"@context\":\"https:\\\/\\\/schema.org\",\"@graph\":[{\"@type\":\"WebPage\",\"@id\":\"https:\\\/\\\/www.phyt-inov.com\\\/de\\\/produit\\\/braunes-propolis-200-kapseln\\\/\",\"url\":\"https:\\\/\\\/www.phyt-inov.com\\\/de\\\/produit\\\/braunes-propolis-200-kapseln\\\/\",\"name\":\"Gereinigtes braunes Propolis von Phyt-Inov\u00ae offiziell \u2013 Nahrungserg\u00e4nzungsmittel zur Unterst\u00fctzung des Immunsystems - 200 Kapseln \u00e0 450 mg | Phyt-inov.com\",\"isPartOf\":{\"@id\":\"https:\\\/\\\/www.phyt-inov.com\\\/de\\\/#website\"},\"primaryImageOfPage\":{\"@id\":\"https:\\\/\\\/www.phyt-inov.com\\\/de\\\/produit\\\/braunes-propolis-200-kapseln\\\/#primaryimage\"},\"image\":{\"@id\":\"https:\\\/\\\/www.phyt-inov.com\\\/de\\\/produit\\\/braunes-propolis-200-kapseln\\\/#primaryimage\"},\"thumbnailUrl\":\"https:\\\/\\\/www.phyt-inov.com\\\/wp-content\\\/uploads\\\/2019\\\/04\\\/Propolis-Brune-200-gel-1-scaled.png\",\"datePublished\":\"2019-04-04T21:31:48+00:00\",\"dateModified\":\"2026-03-30T08:59:50+00:00\",\"description\":\"Phyt-Inov\u00ae international, f\u00fchrendes Schweizer Labor f\u00fcr Natur- und Bio-Produkte, bietet sein braunes Propolis an (200 Kapseln \u00e0 450 mg) mit hoher Dosierung (ohne Bienenstockabf\u00e4lle) \u2013 Braunes Propolis wirkt antibakteriell, verbessert die Immunit\u00e4t und die Widerstandskraft.\",\"breadcrumb\":{\"@id\":\"https:\\\/\\\/www.phyt-inov.com\\\/de\\\/produit\\\/braunes-propolis-200-kapseln\\\/#breadcrumb\"},\"inLanguage\":\"de\",\"potentialAction\":[{\"@type\":\"ReadAction\",\"target\":[\"https:\\\/\\\/www.phyt-inov.com\\\/de\\\/produit\\\/braunes-propolis-200-kapseln\\\/\"]}]},{\"@type\":\"ImageObject\",\"inLanguage\":\"de\",\"@id\":\"https:\\\/\\\/www.phyt-inov.com\\\/de\\\/produit\\\/braunes-propolis-200-kapseln\\\/#primaryimage\",\"url\":\"https:\\\/\\\/www.phyt-inov.com\\\/wp-content\\\/uploads\\\/2019\\\/04\\\/Propolis-Brune-200-gel-1-scaled.png\",\"contentUrl\":\"https:\\\/\\\/www.phyt-inov.com\\\/wp-content\\\/uploads\\\/2019\\\/04\\\/Propolis-Brune-200-gel-1-scaled.png\",\"width\":2048,\"height\":2560,\"caption\":\"Phyt-Inov Produkt braunes Propolis\"},{\"@type\":\"BreadcrumbList\",\"@id\":\"https:\\\/\\\/www.phyt-inov.com\\\/de\\\/produit\\\/braunes-propolis-200-kapseln\\\/#breadcrumb\",\"itemListElement\":[{\"@type\":\"ListItem\",\"position\":1,\"name\":\"Accueil\",\"item\":\"https:\\\/\\\/www.phyt-inov.com\\\/de\\\/startseite\\\/\"},{\"@type\":\"ListItem\",\"position\":2,\"name\":\"Shop\",\"item\":\"https:\\\/\\\/www.phyt-inov.com\\\/de\\\/shop\\\/\"},{\"@type\":\"ListItem\",\"position\":3,\"name\":\"Braunes Propolis, 200 Kapseln\"}]},{\"@type\":\"WebSite\",\"@id\":\"https:\\\/\\\/www.phyt-inov.com\\\/de\\\/#website\",\"url\":\"https:\\\/\\\/www.phyt-inov.com\\\/de\\\/\",\"name\":\"Phyt-Inov International\",\"description\":\"L&#039;efficacit\u00e9 naturelle pour vos soins quotidiens\",\"publisher\":{\"@id\":\"https:\\\/\\\/www.phyt-inov.com\\\/de\\\/#organization\"},\"alternateName\":\"phyt-inov\",\"potentialAction\":[{\"@type\":\"SearchAction\",\"target\":{\"@type\":\"EntryPoint\",\"urlTemplate\":\"https:\\\/\\\/www.phyt-inov.com\\\/de\\\/?s={search_term_string}\"},\"query-input\":{\"@type\":\"PropertyValueSpecification\",\"valueRequired\":true,\"valueName\":\"search_term_string\"}}],\"inLanguage\":\"de\"},{\"@type\":\"Organization\",\"@id\":\"https:\\\/\\\/www.phyt-inov.com\\\/de\\\/#organization\",\"name\":\"Phyt-Inov\",\"alternateName\":\"Phyt-Inov\",\"url\":\"https:\\\/\\\/www.phyt-inov.com\\\/de\\\/\",\"logo\":{\"@type\":\"ImageObject\",\"inLanguage\":\"de\",\"@id\":\"https:\\\/\\\/www.phyt-inov.com\\\/de\\\/#\\\/schema\\\/logo\\\/image\\\/\",\"url\":\"https:\\\/\\\/www.phyt-inov.com\\\/wp-content\\\/uploads\\\/2025\\\/09\\\/Logo-site-phyt-inov4_Plan-de-travail-1-2048x760-1.png\",\"contentUrl\":\"https:\\\/\\\/www.phyt-inov.com\\\/wp-content\\\/uploads\\\/2025\\\/09\\\/Logo-site-phyt-inov4_Plan-de-travail-1-2048x760-1.png\",\"width\":2048,\"height\":760,\"caption\":\"Phyt-Inov\"},\"image\":{\"@id\":\"https:\\\/\\\/www.phyt-inov.com\\\/de\\\/#\\\/schema\\\/logo\\\/image\\\/\"},\"sameAs\":[\"https:\\\/\\\/www.facebook.com\\\/phytinov\\\/\",\"https:\\\/\\\/www.youtube.com\\\/channel\\\/UCE05sYsSXuuKbLqs4Au3e4Q\",\"https:\\\/\\\/www.instagram.com\\\/phytinov\\\/\"]}]}<\/script>\n<!-- \/ Yoast SEO plugin. -->","yoast_head_json":{"title":"Gereinigtes braunes Propolis von Phyt-Inov\u00ae offiziell \u2013 Nahrungserg\u00e4nzungsmittel zur Unterst\u00fctzung des Immunsystems - 200 Kapseln \u00e0 450 mg | Phyt-inov.com","description":"Phyt-Inov\u00ae international, f\u00fchrendes Schweizer Labor f\u00fcr Natur- und Bio-Produkte, bietet sein braunes Propolis an (200 Kapseln \u00e0 450 mg) mit hoher Dosierung (ohne Bienenstockabf\u00e4lle) \u2013 Braunes Propolis wirkt antibakteriell, verbessert die Immunit\u00e4t und die Widerstandskraft.","robots":{"index":"index","follow":"follow","max-snippet":"max-snippet:-1","max-image-preview":"max-image-preview:large","max-video-preview":"max-video-preview:-1"},"canonical":"https:\/\/www.phyt-inov.com\/de\/produit\/braunes-propolis-200-kapseln\/","og_locale":"de_DE","og_type":"article","og_title":"Gereinigtes braunes Propolis von Phyt-Inov\u00ae offiziell \u2013 Nahrungserg\u00e4nzungsmittel zur Unterst\u00fctzung des Immunsystems - 200 Kapseln \u00e0 450 mg | Phyt-inov.com","og_description":"Phyt-Inov\u00ae international, f\u00fchrendes Schweizer Labor f\u00fcr Natur- und Bio-Produkte, bietet sein braunes Propolis an (200 Kapseln \u00e0 450 mg) mit hoher Dosierung (ohne Bienenstockabf\u00e4lle) \u2013 Braunes Propolis wirkt antibakteriell, verbessert die Immunit\u00e4t und die Widerstandskraft.","og_url":"https:\/\/www.phyt-inov.com\/de\/produit\/braunes-propolis-200-kapseln\/","og_site_name":"Phyt-Inov","article_publisher":"https:\/\/www.facebook.com\/phytinov\/","article_modified_time":"2026-03-30T08:59:50+00:00","og_image":[{"width":2048,"height":2560,"url":"https:\/\/www.phyt-inov.com\/wp-content\/uploads\/2019\/04\/Propolis-Brune-200-gel-1-scaled.png","type":"image\/png"}],"twitter_card":"summary_large_image","schema":{"@context":"https:\/\/schema.org","@graph":[{"@type":"WebPage","@id":"https:\/\/www.phyt-inov.com\/de\/produit\/braunes-propolis-200-kapseln\/","url":"https:\/\/www.phyt-inov.com\/de\/produit\/braunes-propolis-200-kapseln\/","name":"Gereinigtes braunes Propolis von Phyt-Inov\u00ae offiziell \u2013 Nahrungserg\u00e4nzungsmittel zur Unterst\u00fctzung des Immunsystems - 200 Kapseln \u00e0 450 mg | Phyt-inov.com","isPartOf":{"@id":"https:\/\/www.phyt-inov.com\/de\/#website"},"primaryImageOfPage":{"@id":"https:\/\/www.phyt-inov.com\/de\/produit\/braunes-propolis-200-kapseln\/#primaryimage"},"image":{"@id":"https:\/\/www.phyt-inov.com\/de\/produit\/braunes-propolis-200-kapseln\/#primaryimage"},"thumbnailUrl":"https:\/\/www.phyt-inov.com\/wp-content\/uploads\/2019\/04\/Propolis-Brune-200-gel-1-scaled.png","datePublished":"2019-04-04T21:31:48+00:00","dateModified":"2026-03-30T08:59:50+00:00","description":"Phyt-Inov\u00ae international, f\u00fchrendes Schweizer Labor f\u00fcr Natur- und Bio-Produkte, bietet sein braunes Propolis an (200 Kapseln \u00e0 450 mg) mit hoher Dosierung (ohne Bienenstockabf\u00e4lle) \u2013 Braunes Propolis wirkt antibakteriell, verbessert die Immunit\u00e4t und die Widerstandskraft.","breadcrumb":{"@id":"https:\/\/www.phyt-inov.com\/de\/produit\/braunes-propolis-200-kapseln\/#breadcrumb"},"inLanguage":"de","potentialAction":[{"@type":"ReadAction","target":["https:\/\/www.phyt-inov.com\/de\/produit\/braunes-propolis-200-kapseln\/"]}]},{"@type":"ImageObject","inLanguage":"de","@id":"https:\/\/www.phyt-inov.com\/de\/produit\/braunes-propolis-200-kapseln\/#primaryimage","url":"https:\/\/www.phyt-inov.com\/wp-content\/uploads\/2019\/04\/Propolis-Brune-200-gel-1-scaled.png","contentUrl":"https:\/\/www.phyt-inov.com\/wp-content\/uploads\/2019\/04\/Propolis-Brune-200-gel-1-scaled.png","width":2048,"height":2560,"caption":"Phyt-Inov Produkt braunes Propolis"},{"@type":"BreadcrumbList","@id":"https:\/\/www.phyt-inov.com\/de\/produit\/braunes-propolis-200-kapseln\/#breadcrumb","itemListElement":[{"@type":"ListItem","position":1,"name":"Accueil","item":"https:\/\/www.phyt-inov.com\/de\/startseite\/"},{"@type":"ListItem","position":2,"name":"Shop","item":"https:\/\/www.phyt-inov.com\/de\/shop\/"},{"@type":"ListItem","position":3,"name":"Braunes Propolis, 200 Kapseln"}]},{"@type":"WebSite","@id":"https:\/\/www.phyt-inov.com\/de\/#website","url":"https:\/\/www.phyt-inov.com\/de\/","name":"Phyt-Inov International","description":"L&#039;efficacit\u00e9 naturelle pour vos soins quotidiens","publisher":{"@id":"https:\/\/www.phyt-inov.com\/de\/#organization"},"alternateName":"phyt-inov","potentialAction":[{"@type":"SearchAction","target":{"@type":"EntryPoint","urlTemplate":"https:\/\/www.phyt-inov.com\/de\/?s={search_term_string}"},"query-input":{"@type":"PropertyValueSpecification","valueRequired":true,"valueName":"search_term_string"}}],"inLanguage":"de"},{"@type":"Organization","@id":"https:\/\/www.phyt-inov.com\/de\/#organization","name":"Phyt-Inov","alternateName":"Phyt-Inov","url":"https:\/\/www.phyt-inov.com\/de\/","logo":{"@type":"ImageObject","inLanguage":"de","@id":"https:\/\/www.phyt-inov.com\/de\/#\/schema\/logo\/image\/","url":"https:\/\/www.phyt-inov.com\/wp-content\/uploads\/2025\/09\/Logo-site-phyt-inov4_Plan-de-travail-1-2048x760-1.png","contentUrl":"https:\/\/www.phyt-inov.com\/wp-content\/uploads\/2025\/09\/Logo-site-phyt-inov4_Plan-de-travail-1-2048x760-1.png","width":2048,"height":760,"caption":"Phyt-Inov"},"image":{"@id":"https:\/\/www.phyt-inov.com\/de\/#\/schema\/logo\/image\/"},"sameAs":["https:\/\/www.facebook.com\/phytinov\/","https:\/\/www.youtube.com\/channel\/UCE05sYsSXuuKbLqs4Au3e4Q","https:\/\/www.instagram.com\/phytinov\/"]}]}},"jetpack_sharing_enabled":true,"_links":{"self":[{"href":"https:\/\/www.phyt-inov.com\/de\/wp-json\/wp\/v2\/product\/83502","targetHints":{"allow":["GET"]}}],"collection":[{"href":"https:\/\/www.phyt-inov.com\/de\/wp-json\/wp\/v2\/product"}],"about":[{"href":"https:\/\/www.phyt-inov.com\/de\/wp-json\/wp\/v2\/types\/product"}],"replies":[{"embeddable":true,"href":"https:\/\/www.phyt-inov.com\/de\/wp-json\/wp\/v2\/comments?post=83502"}],"wp:featuredmedia":[{"embeddable":true,"href":"https:\/\/www.phyt-inov.com\/de\/wp-json\/wp\/v2\/media\/83505"}],"wp:attachment":[{"href":"https:\/\/www.phyt-inov.com\/de\/wp-json\/wp\/v2\/media?parent=83502"}],"wp:term":[{"taxonomy":"product_brand","embeddable":true,"href":"https:\/\/www.phyt-inov.com\/de\/wp-json\/wp\/v2\/product_brand?post=83502"},{"taxonomy":"product_cat","embeddable":true,"href":"https:\/\/www.phyt-inov.com\/de\/wp-json\/wp\/v2\/product_cat?post=83502"},{"taxonomy":"product_tag","embeddable":true,"href":"https:\/\/www.phyt-inov.com\/de\/wp-json\/wp\/v2\/product_tag?post=83502"}],"curies":[{"name":"wp","href":"https:\/\/api.w.org\/{rel}","templated":true}]}}