{"id":83496,"date":"2019-04-04T21:31:55","date_gmt":"2019-04-04T21:31:55","guid":{"rendered":"https:\/\/www.phyt-inov.com\/produit\/radicolyse-150-kapseln\/"},"modified":"2026-03-30T08:58:57","modified_gmt":"2026-03-30T08:58:57","slug":"radicolyse-150-kapseln","status":"publish","type":"product","link":"https:\/\/www.phyt-inov.com\/de\/produit\/radicolyse-150-kapseln\/","title":{"rendered":"Radicolyse 150 Kapseln"},"content":{"rendered":"<p>Packung mit 150 pflanzlichen Kapseln, dosiert zu 484 mg.<\/p>\n<p>Nettogewicht: 72,6 g.<\/p>\n<p>Verzehrempfehlung: 2-mal t\u00e4glich 1 Kapsel.<\/p>\n","protected":false},"excerpt":{"rendered":"<p><em>Abbildung nicht verbindlich.<\/em><\/p>\n<p>M\u00f6chten Sie sich wirksam vor oxidativem Stress sch\u00fctzen?<\/p>\n<p>Radicolyse enth\u00e4lt eine ausgewogene Mischung aus:<br \/>\n<b>R-Alpha-Lipons\u00e4ure<\/b>,<br \/>\n<b>reduziertem Glutathion<\/b>,<br \/>\n<b>Phosphatidylserin<\/b>,<br \/>\n<b>Selenomethionin<\/b>,<br \/>\n<b>sowie Coenzym Q10<\/b>.<\/p>\n<p>Die Bioverf\u00fcgbarkeit von R-Alpha-Lipons\u00e4ure ist 40 bis 50 % h\u00f6her als die ihres Enantiomers (identische Teilform: S-Alpha-Lipons\u00e4ure, gemeinhin als Alpha-Lipons\u00e4ure bezeichnet).<br \/>\nGlutathion besteht aus den drei Aminos\u00e4uren: Glutamin, Glycin und Cystein. Der Vorl\u00e4ufer von Glutathion ist L-Cystein, eine schwefelhaltige Aminos\u00e4ure.<br \/>\nSelen tr\u00e4gt dazu bei, die Zellen vor oxidativem Stress zu sch\u00fctzen und auch zur Erhaltung normaler Haare und N\u00e4gel sowie zur normalen Funktion des Immunsystems. <\/p>\n<p>Dies ist ein Nahrungserg\u00e4nzungsmittel und kann eine ausgewogene Ern\u00e4hrung nicht ersetzen.<\/p>\n","protected":false},"featured_media":83497,"comment_status":"open","ping_status":"closed","template":"","meta":{"_et_pb_use_builder":"","_et_pb_old_content":"","_et_gb_content_width":""},"product_brand":[],"product_cat":[122,147,142,123,124,118],"product_tag":[],"class_list":{"0":"post-83496","1":"product","2":"type-product","3":"status-publish","4":"has-post-thumbnail","6":"product_cat-capital-vision","7":"product_cat-emotionales-und-nervliches-gleichgewicht","8":"product_cat-entzundliche-beschwerden","9":"product_cat-kardiovaskulare-harmonie","10":"product_cat-oxidativer-stress-zellschutz","11":"product_cat-wohlbefinden-der-knochen-und-gelenke","13":"first","14":"instock","15":"shipping-taxable","16":"purchasable","17":"product-type-simple"},"yoast_head":"<!-- This site is optimized with the Yoast SEO plugin v27.3 - https:\/\/yoast.com\/product\/yoast-seo-wordpress\/ -->\n<title>Nahrungserg\u00e4nzungsmittel, das die Zellen vor oxidativem Stress sch\u00fctzt, von Phyt-Inov\u00ae offiziell \u2013 Formel von Jean-Pierre Willem \u2013 Naturprodukt auf Selenbasis, das zum Schutz der Zellen vor freien Radikalen beitr\u00e4gt \u2013 Radicolyse 150 pflanzliche Kapseln, dosiert zu 484 mg | Phyt-inov.com<\/title>\n<meta name=\"description\" content=\"Phyt-Inov international\u00ae offiziell, ein Schweizer Labor, entwickelt zusammen mit Jean Pierre Willem Radicolyse (150 Kapseln, dosiert zu 484 mg), das zu einer normalen Spermatogenese, zur Erhaltung normaler Haare, zur Erhaltung normaler N\u00e4gel und zur normalen Funktion des Immunsystems beitr\u00e4gt. Es tr\u00e4gt zum Schutz der Zellen vor oxidativem Stress bei (Alpha-Lipons\u00e4ure\/reduziertes L-Glutathion\/Phosphatidylserin\/Coenzym Q10\/Selen).\" \/>\n<meta name=\"robots\" content=\"index, follow, max-snippet:-1, max-image-preview:large, max-video-preview:-1\" \/>\n<link rel=\"canonical\" href=\"https:\/\/www.phyt-inov.com\/de\/produit\/radicolyse-150-kapseln\/\" \/>\n<meta property=\"og:locale\" content=\"de_DE\" \/>\n<meta property=\"og:type\" content=\"article\" \/>\n<meta property=\"og:title\" content=\"Nahrungserg\u00e4nzungsmittel, das die Zellen vor oxidativem Stress sch\u00fctzt, von Phyt-Inov\u00ae offiziell \u2013 Formel von Jean-Pierre Willem \u2013 Naturprodukt auf Selenbasis, das zum Schutz der Zellen vor freien Radikalen beitr\u00e4gt \u2013 Radicolyse 150 pflanzliche Kapseln, dosiert zu 484 mg | Phyt-inov.com\" \/>\n<meta property=\"og:description\" content=\"Phyt-Inov international\u00ae offiziell, ein Schweizer Labor, entwickelt zusammen mit Jean Pierre Willem Radicolyse (150 Kapseln, dosiert zu 484 mg), das zu einer normalen Spermatogenese, zur Erhaltung normaler Haare, zur Erhaltung normaler N\u00e4gel und zur normalen Funktion des Immunsystems beitr\u00e4gt. Es tr\u00e4gt zum Schutz der Zellen vor oxidativem Stress bei (Alpha-Lipons\u00e4ure\/reduziertes L-Glutathion\/Phosphatidylserin\/Coenzym Q10\/Selen).\" \/>\n<meta property=\"og:url\" content=\"https:\/\/www.phyt-inov.com\/de\/produit\/radicolyse-150-kapseln\/\" \/>\n<meta property=\"og:site_name\" content=\"Phyt-Inov\" \/>\n<meta property=\"article:publisher\" content=\"https:\/\/www.facebook.com\/phytinov\/\" \/>\n<meta property=\"article:modified_time\" content=\"2026-03-30T08:58:57+00:00\" \/>\n<meta property=\"og:image\" content=\"https:\/\/www.phyt-inov.com\/wp-content\/uploads\/2025\/09\/Radicolyse.png\" \/>\n\t<meta property=\"og:image:width\" content=\"819\" \/>\n\t<meta property=\"og:image:height\" content=\"1024\" \/>\n\t<meta property=\"og:image:type\" content=\"image\/png\" \/>\n<meta name=\"twitter:card\" content=\"summary_large_image\" \/>\n<script type=\"application\/ld+json\" class=\"yoast-schema-graph\">{\"@context\":\"https:\\\/\\\/schema.org\",\"@graph\":[{\"@type\":\"WebPage\",\"@id\":\"https:\\\/\\\/www.phyt-inov.com\\\/de\\\/produit\\\/radicolyse-150-kapseln\\\/\",\"url\":\"https:\\\/\\\/www.phyt-inov.com\\\/de\\\/produit\\\/radicolyse-150-kapseln\\\/\",\"name\":\"Nahrungserg\u00e4nzungsmittel, das die Zellen vor oxidativem Stress sch\u00fctzt, von Phyt-Inov\u00ae offiziell \u2013 Formel von Jean-Pierre Willem \u2013 Naturprodukt auf Selenbasis, das zum Schutz der Zellen vor freien Radikalen beitr\u00e4gt \u2013 Radicolyse 150 pflanzliche Kapseln, dosiert zu 484 mg | Phyt-inov.com\",\"isPartOf\":{\"@id\":\"https:\\\/\\\/www.phyt-inov.com\\\/de\\\/#website\"},\"primaryImageOfPage\":{\"@id\":\"https:\\\/\\\/www.phyt-inov.com\\\/de\\\/produit\\\/radicolyse-150-kapseln\\\/#primaryimage\"},\"image\":{\"@id\":\"https:\\\/\\\/www.phyt-inov.com\\\/de\\\/produit\\\/radicolyse-150-kapseln\\\/#primaryimage\"},\"thumbnailUrl\":\"https:\\\/\\\/www.phyt-inov.com\\\/wp-content\\\/uploads\\\/2025\\\/09\\\/Radicolyse.png\",\"datePublished\":\"2019-04-04T21:31:55+00:00\",\"dateModified\":\"2026-03-30T08:58:57+00:00\",\"description\":\"Phyt-Inov international\u00ae offiziell, ein Schweizer Labor, entwickelt zusammen mit Jean Pierre Willem Radicolyse (150 Kapseln, dosiert zu 484 mg), das zu einer normalen Spermatogenese, zur Erhaltung normaler Haare, zur Erhaltung normaler N\u00e4gel und zur normalen Funktion des Immunsystems beitr\u00e4gt. Es tr\u00e4gt zum Schutz der Zellen vor oxidativem Stress bei (Alpha-Lipons\u00e4ure\\\/reduziertes L-Glutathion\\\/Phosphatidylserin\\\/Coenzym Q10\\\/Selen).\",\"breadcrumb\":{\"@id\":\"https:\\\/\\\/www.phyt-inov.com\\\/de\\\/produit\\\/radicolyse-150-kapseln\\\/#breadcrumb\"},\"inLanguage\":\"de\",\"potentialAction\":[{\"@type\":\"ReadAction\",\"target\":[\"https:\\\/\\\/www.phyt-inov.com\\\/de\\\/produit\\\/radicolyse-150-kapseln\\\/\"]}]},{\"@type\":\"ImageObject\",\"inLanguage\":\"de\",\"@id\":\"https:\\\/\\\/www.phyt-inov.com\\\/de\\\/produit\\\/radicolyse-150-kapseln\\\/#primaryimage\",\"url\":\"https:\\\/\\\/www.phyt-inov.com\\\/wp-content\\\/uploads\\\/2025\\\/09\\\/Radicolyse.png\",\"contentUrl\":\"https:\\\/\\\/www.phyt-inov.com\\\/wp-content\\\/uploads\\\/2025\\\/09\\\/Radicolyse.png\",\"width\":6400,\"height\":8000,\"caption\":\"phyt-inov Produkt Radicolyse\"},{\"@type\":\"BreadcrumbList\",\"@id\":\"https:\\\/\\\/www.phyt-inov.com\\\/de\\\/produit\\\/radicolyse-150-kapseln\\\/#breadcrumb\",\"itemListElement\":[{\"@type\":\"ListItem\",\"position\":1,\"name\":\"Accueil\",\"item\":\"https:\\\/\\\/www.phyt-inov.com\\\/de\\\/startseite\\\/\"},{\"@type\":\"ListItem\",\"position\":2,\"name\":\"Shop\",\"item\":\"https:\\\/\\\/www.phyt-inov.com\\\/de\\\/shop\\\/\"},{\"@type\":\"ListItem\",\"position\":3,\"name\":\"Radicolyse 150 Kapseln\"}]},{\"@type\":\"WebSite\",\"@id\":\"https:\\\/\\\/www.phyt-inov.com\\\/de\\\/#website\",\"url\":\"https:\\\/\\\/www.phyt-inov.com\\\/de\\\/\",\"name\":\"Phyt-Inov International\",\"description\":\"L&#039;efficacit\u00e9 naturelle pour vos soins quotidiens\",\"publisher\":{\"@id\":\"https:\\\/\\\/www.phyt-inov.com\\\/de\\\/#organization\"},\"alternateName\":\"phyt-inov\",\"potentialAction\":[{\"@type\":\"SearchAction\",\"target\":{\"@type\":\"EntryPoint\",\"urlTemplate\":\"https:\\\/\\\/www.phyt-inov.com\\\/de\\\/?s={search_term_string}\"},\"query-input\":{\"@type\":\"PropertyValueSpecification\",\"valueRequired\":true,\"valueName\":\"search_term_string\"}}],\"inLanguage\":\"de\"},{\"@type\":\"Organization\",\"@id\":\"https:\\\/\\\/www.phyt-inov.com\\\/de\\\/#organization\",\"name\":\"Phyt-Inov\",\"alternateName\":\"Phyt-Inov\",\"url\":\"https:\\\/\\\/www.phyt-inov.com\\\/de\\\/\",\"logo\":{\"@type\":\"ImageObject\",\"inLanguage\":\"de\",\"@id\":\"https:\\\/\\\/www.phyt-inov.com\\\/de\\\/#\\\/schema\\\/logo\\\/image\\\/\",\"url\":\"https:\\\/\\\/www.phyt-inov.com\\\/wp-content\\\/uploads\\\/2025\\\/09\\\/Logo-site-phyt-inov4_Plan-de-travail-1-2048x760-1.png\",\"contentUrl\":\"https:\\\/\\\/www.phyt-inov.com\\\/wp-content\\\/uploads\\\/2025\\\/09\\\/Logo-site-phyt-inov4_Plan-de-travail-1-2048x760-1.png\",\"width\":2048,\"height\":760,\"caption\":\"Phyt-Inov\"},\"image\":{\"@id\":\"https:\\\/\\\/www.phyt-inov.com\\\/de\\\/#\\\/schema\\\/logo\\\/image\\\/\"},\"sameAs\":[\"https:\\\/\\\/www.facebook.com\\\/phytinov\\\/\",\"https:\\\/\\\/www.youtube.com\\\/channel\\\/UCE05sYsSXuuKbLqs4Au3e4Q\",\"https:\\\/\\\/www.instagram.com\\\/phytinov\\\/\"]}]}<\/script>\n<!-- \/ Yoast SEO plugin. -->","yoast_head_json":{"title":"Nahrungserg\u00e4nzungsmittel, das die Zellen vor oxidativem Stress sch\u00fctzt, von Phyt-Inov\u00ae offiziell \u2013 Formel von Jean-Pierre Willem \u2013 Naturprodukt auf Selenbasis, das zum Schutz der Zellen vor freien Radikalen beitr\u00e4gt \u2013 Radicolyse 150 pflanzliche Kapseln, dosiert zu 484 mg | Phyt-inov.com","description":"Phyt-Inov international\u00ae offiziell, ein Schweizer Labor, entwickelt zusammen mit Jean Pierre Willem Radicolyse (150 Kapseln, dosiert zu 484 mg), das zu einer normalen Spermatogenese, zur Erhaltung normaler Haare, zur Erhaltung normaler N\u00e4gel und zur normalen Funktion des Immunsystems beitr\u00e4gt. Es tr\u00e4gt zum Schutz der Zellen vor oxidativem Stress bei (Alpha-Lipons\u00e4ure\/reduziertes L-Glutathion\/Phosphatidylserin\/Coenzym Q10\/Selen).","robots":{"index":"index","follow":"follow","max-snippet":"max-snippet:-1","max-image-preview":"max-image-preview:large","max-video-preview":"max-video-preview:-1"},"canonical":"https:\/\/www.phyt-inov.com\/de\/produit\/radicolyse-150-kapseln\/","og_locale":"de_DE","og_type":"article","og_title":"Nahrungserg\u00e4nzungsmittel, das die Zellen vor oxidativem Stress sch\u00fctzt, von Phyt-Inov\u00ae offiziell \u2013 Formel von Jean-Pierre Willem \u2013 Naturprodukt auf Selenbasis, das zum Schutz der Zellen vor freien Radikalen beitr\u00e4gt \u2013 Radicolyse 150 pflanzliche Kapseln, dosiert zu 484 mg | Phyt-inov.com","og_description":"Phyt-Inov international\u00ae offiziell, ein Schweizer Labor, entwickelt zusammen mit Jean Pierre Willem Radicolyse (150 Kapseln, dosiert zu 484 mg), das zu einer normalen Spermatogenese, zur Erhaltung normaler Haare, zur Erhaltung normaler N\u00e4gel und zur normalen Funktion des Immunsystems beitr\u00e4gt. Es tr\u00e4gt zum Schutz der Zellen vor oxidativem Stress bei (Alpha-Lipons\u00e4ure\/reduziertes L-Glutathion\/Phosphatidylserin\/Coenzym Q10\/Selen).","og_url":"https:\/\/www.phyt-inov.com\/de\/produit\/radicolyse-150-kapseln\/","og_site_name":"Phyt-Inov","article_publisher":"https:\/\/www.facebook.com\/phytinov\/","article_modified_time":"2026-03-30T08:58:57+00:00","og_image":[{"url":"https:\/\/www.phyt-inov.com\/wp-content\/uploads\/2025\/09\/Radicolyse.png","width":819,"height":1024,"type":"image\/png"}],"twitter_card":"summary_large_image","schema":{"@context":"https:\/\/schema.org","@graph":[{"@type":"WebPage","@id":"https:\/\/www.phyt-inov.com\/de\/produit\/radicolyse-150-kapseln\/","url":"https:\/\/www.phyt-inov.com\/de\/produit\/radicolyse-150-kapseln\/","name":"Nahrungserg\u00e4nzungsmittel, das die Zellen vor oxidativem Stress sch\u00fctzt, von Phyt-Inov\u00ae offiziell \u2013 Formel von Jean-Pierre Willem \u2013 Naturprodukt auf Selenbasis, das zum Schutz der Zellen vor freien Radikalen beitr\u00e4gt \u2013 Radicolyse 150 pflanzliche Kapseln, dosiert zu 484 mg | Phyt-inov.com","isPartOf":{"@id":"https:\/\/www.phyt-inov.com\/de\/#website"},"primaryImageOfPage":{"@id":"https:\/\/www.phyt-inov.com\/de\/produit\/radicolyse-150-kapseln\/#primaryimage"},"image":{"@id":"https:\/\/www.phyt-inov.com\/de\/produit\/radicolyse-150-kapseln\/#primaryimage"},"thumbnailUrl":"https:\/\/www.phyt-inov.com\/wp-content\/uploads\/2025\/09\/Radicolyse.png","datePublished":"2019-04-04T21:31:55+00:00","dateModified":"2026-03-30T08:58:57+00:00","description":"Phyt-Inov international\u00ae offiziell, ein Schweizer Labor, entwickelt zusammen mit Jean Pierre Willem Radicolyse (150 Kapseln, dosiert zu 484 mg), das zu einer normalen Spermatogenese, zur Erhaltung normaler Haare, zur Erhaltung normaler N\u00e4gel und zur normalen Funktion des Immunsystems beitr\u00e4gt. Es tr\u00e4gt zum Schutz der Zellen vor oxidativem Stress bei (Alpha-Lipons\u00e4ure\/reduziertes L-Glutathion\/Phosphatidylserin\/Coenzym Q10\/Selen).","breadcrumb":{"@id":"https:\/\/www.phyt-inov.com\/de\/produit\/radicolyse-150-kapseln\/#breadcrumb"},"inLanguage":"de","potentialAction":[{"@type":"ReadAction","target":["https:\/\/www.phyt-inov.com\/de\/produit\/radicolyse-150-kapseln\/"]}]},{"@type":"ImageObject","inLanguage":"de","@id":"https:\/\/www.phyt-inov.com\/de\/produit\/radicolyse-150-kapseln\/#primaryimage","url":"https:\/\/www.phyt-inov.com\/wp-content\/uploads\/2025\/09\/Radicolyse.png","contentUrl":"https:\/\/www.phyt-inov.com\/wp-content\/uploads\/2025\/09\/Radicolyse.png","width":6400,"height":8000,"caption":"phyt-inov Produkt Radicolyse"},{"@type":"BreadcrumbList","@id":"https:\/\/www.phyt-inov.com\/de\/produit\/radicolyse-150-kapseln\/#breadcrumb","itemListElement":[{"@type":"ListItem","position":1,"name":"Accueil","item":"https:\/\/www.phyt-inov.com\/de\/startseite\/"},{"@type":"ListItem","position":2,"name":"Shop","item":"https:\/\/www.phyt-inov.com\/de\/shop\/"},{"@type":"ListItem","position":3,"name":"Radicolyse 150 Kapseln"}]},{"@type":"WebSite","@id":"https:\/\/www.phyt-inov.com\/de\/#website","url":"https:\/\/www.phyt-inov.com\/de\/","name":"Phyt-Inov International","description":"L&#039;efficacit\u00e9 naturelle pour vos soins quotidiens","publisher":{"@id":"https:\/\/www.phyt-inov.com\/de\/#organization"},"alternateName":"phyt-inov","potentialAction":[{"@type":"SearchAction","target":{"@type":"EntryPoint","urlTemplate":"https:\/\/www.phyt-inov.com\/de\/?s={search_term_string}"},"query-input":{"@type":"PropertyValueSpecification","valueRequired":true,"valueName":"search_term_string"}}],"inLanguage":"de"},{"@type":"Organization","@id":"https:\/\/www.phyt-inov.com\/de\/#organization","name":"Phyt-Inov","alternateName":"Phyt-Inov","url":"https:\/\/www.phyt-inov.com\/de\/","logo":{"@type":"ImageObject","inLanguage":"de","@id":"https:\/\/www.phyt-inov.com\/de\/#\/schema\/logo\/image\/","url":"https:\/\/www.phyt-inov.com\/wp-content\/uploads\/2025\/09\/Logo-site-phyt-inov4_Plan-de-travail-1-2048x760-1.png","contentUrl":"https:\/\/www.phyt-inov.com\/wp-content\/uploads\/2025\/09\/Logo-site-phyt-inov4_Plan-de-travail-1-2048x760-1.png","width":2048,"height":760,"caption":"Phyt-Inov"},"image":{"@id":"https:\/\/www.phyt-inov.com\/de\/#\/schema\/logo\/image\/"},"sameAs":["https:\/\/www.facebook.com\/phytinov\/","https:\/\/www.youtube.com\/channel\/UCE05sYsSXuuKbLqs4Au3e4Q","https:\/\/www.instagram.com\/phytinov\/"]}]}},"jetpack_sharing_enabled":true,"_links":{"self":[{"href":"https:\/\/www.phyt-inov.com\/de\/wp-json\/wp\/v2\/product\/83496","targetHints":{"allow":["GET"]}}],"collection":[{"href":"https:\/\/www.phyt-inov.com\/de\/wp-json\/wp\/v2\/product"}],"about":[{"href":"https:\/\/www.phyt-inov.com\/de\/wp-json\/wp\/v2\/types\/product"}],"replies":[{"embeddable":true,"href":"https:\/\/www.phyt-inov.com\/de\/wp-json\/wp\/v2\/comments?post=83496"}],"wp:featuredmedia":[{"embeddable":true,"href":"https:\/\/www.phyt-inov.com\/de\/wp-json\/wp\/v2\/media\/83497"}],"wp:attachment":[{"href":"https:\/\/www.phyt-inov.com\/de\/wp-json\/wp\/v2\/media?parent=83496"}],"wp:term":[{"taxonomy":"product_brand","embeddable":true,"href":"https:\/\/www.phyt-inov.com\/de\/wp-json\/wp\/v2\/product_brand?post=83496"},{"taxonomy":"product_cat","embeddable":true,"href":"https:\/\/www.phyt-inov.com\/de\/wp-json\/wp\/v2\/product_cat?post=83496"},{"taxonomy":"product_tag","embeddable":true,"href":"https:\/\/www.phyt-inov.com\/de\/wp-json\/wp\/v2\/product_tag?post=83496"}],"curies":[{"name":"wp","href":"https:\/\/api.w.org\/{rel}","templated":true}]}}