{"id":83494,"date":"2019-04-04T21:31:37","date_gmt":"2019-04-04T21:31:37","guid":{"rendered":"https:\/\/www.phyt-inov.com\/produit\/hagebutte-vit-c-150-kaps\/"},"modified":"2026-03-30T08:59:14","modified_gmt":"2026-03-30T08:59:14","slug":"hagebutte-vit-c-150-kaps","status":"publish","type":"product","link":"https:\/\/www.phyt-inov.com\/de\/produit\/hagebutte-vit-c-150-kaps\/","title":{"rendered":"Hagebutte Vit. C 150 Kaps."},"content":{"rendered":"<p>Dose mit 150 Kapseln \u00e0 600 mg.<\/p>\n<p>Nettogewicht: 103,5 g.<\/p>\n<p>Verzehrempfehlung: 2 bis 3 Kapseln pro Tag einnehmen.<\/p>\n","protected":false},"excerpt":{"rendered":"<p>Die Fr\u00fcchte der Wildrose, Hagebutten genannt, sind reich an Vitamin C. Das Verfahren der Fermentation auf Sorbitol optimiert die Aufnahme.<\/p>\n<p>Nicht nur kann unser K\u00f6rper Vitamin C nicht synthetisieren, auch unser t\u00e4glicher Bedarf ist hoch.<\/p>\n<p>Dieses Vitamin C mit 50% Gehalt geh\u00f6rt zu den am h\u00f6chsten standardisierten auf dem Markt.<\/p>\n","protected":false},"featured_media":83495,"comment_status":"open","ping_status":"closed","template":"","meta":{"_et_pb_use_builder":"","_et_pb_old_content":"","_et_gb_content_width":""},"product_brand":[],"product_cat":[109],"product_tag":[],"class_list":{"0":"post-83494","1":"product","2":"type-product","3":"status-publish","4":"has-post-thumbnail","6":"product_cat-nahrungserganzungsmittel","8":"first","9":"instock","10":"shipping-taxable","11":"purchasable","12":"product-type-simple"},"yoast_head":"<!-- This site is optimized with the Yoast SEO plugin v27.3 - https:\/\/yoast.com\/product\/yoast-seo-wordpress\/ -->\n<title>Vitamin C Hagebutte von Phyt-Inov\u00ae offiziell \u2013 Hagebuttenfr\u00fcchte reich an Vitamin C \u2013 Fermentation auf Sorbitol optimiert die Aufnahme von Vitamin C \u2013 Hagebutte Vit. C 150 Kapseln \u00e0 600 mg | Phyt-inov.com<\/title>\n<meta name=\"description\" content=\"Phyt-Inov international\u00ae offiziell, Schweizer Labor, bietet Vitamin C Hagebutte; das Verfahren der Fermentation auf Sorbitol optimiert die Aufnahme. Dieses Vitamin C mit 50% Gehalt geh\u00f6rt zu den am h\u00f6chsten standardisierten auf dem Markt. (150 Kapseln \u00e0 600 mg)\" \/>\n<meta name=\"robots\" content=\"index, follow, max-snippet:-1, max-image-preview:large, max-video-preview:-1\" \/>\n<link rel=\"canonical\" href=\"https:\/\/www.phyt-inov.com\/de\/produit\/hagebutte-vit-c-150-kaps\/\" \/>\n<meta property=\"og:locale\" content=\"de_DE\" \/>\n<meta property=\"og:type\" content=\"article\" \/>\n<meta property=\"og:title\" content=\"Vitamin C Hagebutte von Phyt-Inov\u00ae offiziell \u2013 Hagebuttenfr\u00fcchte reich an Vitamin C \u2013 Fermentation auf Sorbitol optimiert die Aufnahme von Vitamin C \u2013 Hagebutte Vit. C 150 Kapseln \u00e0 600 mg | Phyt-inov.com\" \/>\n<meta property=\"og:description\" content=\"Phyt-Inov international\u00ae offiziell, Schweizer Labor, bietet Vitamin C Hagebutte; das Verfahren der Fermentation auf Sorbitol optimiert die Aufnahme. Dieses Vitamin C mit 50% Gehalt geh\u00f6rt zu den am h\u00f6chsten standardisierten auf dem Markt. (150 Kapseln \u00e0 600 mg)\" \/>\n<meta property=\"og:url\" content=\"https:\/\/www.phyt-inov.com\/de\/produit\/hagebutte-vit-c-150-kaps\/\" \/>\n<meta property=\"og:site_name\" content=\"Phyt-Inov\" \/>\n<meta property=\"article:publisher\" content=\"https:\/\/www.facebook.com\/phytinov\/\" \/>\n<meta property=\"article:modified_time\" content=\"2026-03-30T08:59:14+00:00\" \/>\n<meta property=\"og:image\" content=\"https:\/\/www.phyt-inov.com\/wp-content\/uploads\/2025\/09\/Vitamine-C-cynorrhodon-2021-08-dimension-site-web-light-bas-scaled-2.jpg\" \/>\n\t<meta property=\"og:image:width\" content=\"1948\" \/>\n\t<meta property=\"og:image:height\" content=\"2560\" \/>\n\t<meta property=\"og:image:type\" content=\"image\/jpeg\" \/>\n<meta name=\"twitter:card\" content=\"summary_large_image\" \/>\n<script type=\"application\/ld+json\" class=\"yoast-schema-graph\">{\"@context\":\"https:\\\/\\\/schema.org\",\"@graph\":[{\"@type\":\"WebPage\",\"@id\":\"https:\\\/\\\/www.phyt-inov.com\\\/de\\\/produit\\\/hagebutte-vit-c-150-kaps\\\/\",\"url\":\"https:\\\/\\\/www.phyt-inov.com\\\/de\\\/produit\\\/hagebutte-vit-c-150-kaps\\\/\",\"name\":\"Vitamin C Hagebutte von Phyt-Inov\u00ae offiziell \u2013 Hagebuttenfr\u00fcchte reich an Vitamin C \u2013 Fermentation auf Sorbitol optimiert die Aufnahme von Vitamin C \u2013 Hagebutte Vit. C 150 Kapseln \u00e0 600 mg | Phyt-inov.com\",\"isPartOf\":{\"@id\":\"https:\\\/\\\/www.phyt-inov.com\\\/de\\\/#website\"},\"primaryImageOfPage\":{\"@id\":\"https:\\\/\\\/www.phyt-inov.com\\\/de\\\/produit\\\/hagebutte-vit-c-150-kaps\\\/#primaryimage\"},\"image\":{\"@id\":\"https:\\\/\\\/www.phyt-inov.com\\\/de\\\/produit\\\/hagebutte-vit-c-150-kaps\\\/#primaryimage\"},\"thumbnailUrl\":\"https:\\\/\\\/www.phyt-inov.com\\\/wp-content\\\/uploads\\\/2025\\\/09\\\/Vitamine-C-cynorrhodon-2021-08-dimension-site-web-light-bas-scaled-2.jpg\",\"datePublished\":\"2019-04-04T21:31:37+00:00\",\"dateModified\":\"2026-03-30T08:59:14+00:00\",\"description\":\"Phyt-Inov international\u00ae offiziell, Schweizer Labor, bietet Vitamin C Hagebutte; das Verfahren der Fermentation auf Sorbitol optimiert die Aufnahme. Dieses Vitamin C mit 50% Gehalt geh\u00f6rt zu den am h\u00f6chsten standardisierten auf dem Markt. (150 Kapseln \u00e0 600 mg)\",\"breadcrumb\":{\"@id\":\"https:\\\/\\\/www.phyt-inov.com\\\/de\\\/produit\\\/hagebutte-vit-c-150-kaps\\\/#breadcrumb\"},\"inLanguage\":\"de\",\"potentialAction\":[{\"@type\":\"ReadAction\",\"target\":[\"https:\\\/\\\/www.phyt-inov.com\\\/de\\\/produit\\\/hagebutte-vit-c-150-kaps\\\/\"]}]},{\"@type\":\"ImageObject\",\"inLanguage\":\"de\",\"@id\":\"https:\\\/\\\/www.phyt-inov.com\\\/de\\\/produit\\\/hagebutte-vit-c-150-kaps\\\/#primaryimage\",\"url\":\"https:\\\/\\\/www.phyt-inov.com\\\/wp-content\\\/uploads\\\/2025\\\/09\\\/Vitamine-C-cynorrhodon-2021-08-dimension-site-web-light-bas-scaled-2.jpg\",\"contentUrl\":\"https:\\\/\\\/www.phyt-inov.com\\\/wp-content\\\/uploads\\\/2025\\\/09\\\/Vitamine-C-cynorrhodon-2021-08-dimension-site-web-light-bas-scaled-2.jpg\",\"width\":1948,\"height\":2560,\"caption\":\"phyt-inov produkt vitamin c hagebutte\"},{\"@type\":\"BreadcrumbList\",\"@id\":\"https:\\\/\\\/www.phyt-inov.com\\\/de\\\/produit\\\/hagebutte-vit-c-150-kaps\\\/#breadcrumb\",\"itemListElement\":[{\"@type\":\"ListItem\",\"position\":1,\"name\":\"Accueil\",\"item\":\"https:\\\/\\\/www.phyt-inov.com\\\/de\\\/startseite\\\/\"},{\"@type\":\"ListItem\",\"position\":2,\"name\":\"Shop\",\"item\":\"https:\\\/\\\/www.phyt-inov.com\\\/de\\\/shop\\\/\"},{\"@type\":\"ListItem\",\"position\":3,\"name\":\"Hagebutte Vit. C 150 Kaps.\"}]},{\"@type\":\"WebSite\",\"@id\":\"https:\\\/\\\/www.phyt-inov.com\\\/de\\\/#website\",\"url\":\"https:\\\/\\\/www.phyt-inov.com\\\/de\\\/\",\"name\":\"Phyt-Inov International\",\"description\":\"L&#039;efficacit\u00e9 naturelle pour vos soins quotidiens\",\"publisher\":{\"@id\":\"https:\\\/\\\/www.phyt-inov.com\\\/de\\\/#organization\"},\"alternateName\":\"phyt-inov\",\"potentialAction\":[{\"@type\":\"SearchAction\",\"target\":{\"@type\":\"EntryPoint\",\"urlTemplate\":\"https:\\\/\\\/www.phyt-inov.com\\\/de\\\/?s={search_term_string}\"},\"query-input\":{\"@type\":\"PropertyValueSpecification\",\"valueRequired\":true,\"valueName\":\"search_term_string\"}}],\"inLanguage\":\"de\"},{\"@type\":\"Organization\",\"@id\":\"https:\\\/\\\/www.phyt-inov.com\\\/de\\\/#organization\",\"name\":\"Phyt-Inov\",\"alternateName\":\"Phyt-Inov\",\"url\":\"https:\\\/\\\/www.phyt-inov.com\\\/de\\\/\",\"logo\":{\"@type\":\"ImageObject\",\"inLanguage\":\"de\",\"@id\":\"https:\\\/\\\/www.phyt-inov.com\\\/de\\\/#\\\/schema\\\/logo\\\/image\\\/\",\"url\":\"https:\\\/\\\/www.phyt-inov.com\\\/wp-content\\\/uploads\\\/2025\\\/09\\\/Logo-site-phyt-inov4_Plan-de-travail-1-2048x760-1.png\",\"contentUrl\":\"https:\\\/\\\/www.phyt-inov.com\\\/wp-content\\\/uploads\\\/2025\\\/09\\\/Logo-site-phyt-inov4_Plan-de-travail-1-2048x760-1.png\",\"width\":2048,\"height\":760,\"caption\":\"Phyt-Inov\"},\"image\":{\"@id\":\"https:\\\/\\\/www.phyt-inov.com\\\/de\\\/#\\\/schema\\\/logo\\\/image\\\/\"},\"sameAs\":[\"https:\\\/\\\/www.facebook.com\\\/phytinov\\\/\",\"https:\\\/\\\/www.youtube.com\\\/channel\\\/UCE05sYsSXuuKbLqs4Au3e4Q\",\"https:\\\/\\\/www.instagram.com\\\/phytinov\\\/\"]}]}<\/script>\n<!-- \/ Yoast SEO plugin. -->","yoast_head_json":{"title":"Vitamin C Hagebutte von Phyt-Inov\u00ae offiziell \u2013 Hagebuttenfr\u00fcchte reich an Vitamin C \u2013 Fermentation auf Sorbitol optimiert die Aufnahme von Vitamin C \u2013 Hagebutte Vit. C 150 Kapseln \u00e0 600 mg | Phyt-inov.com","description":"Phyt-Inov international\u00ae offiziell, Schweizer Labor, bietet Vitamin C Hagebutte; das Verfahren der Fermentation auf Sorbitol optimiert die Aufnahme. Dieses Vitamin C mit 50% Gehalt geh\u00f6rt zu den am h\u00f6chsten standardisierten auf dem Markt. (150 Kapseln \u00e0 600 mg)","robots":{"index":"index","follow":"follow","max-snippet":"max-snippet:-1","max-image-preview":"max-image-preview:large","max-video-preview":"max-video-preview:-1"},"canonical":"https:\/\/www.phyt-inov.com\/de\/produit\/hagebutte-vit-c-150-kaps\/","og_locale":"de_DE","og_type":"article","og_title":"Vitamin C Hagebutte von Phyt-Inov\u00ae offiziell \u2013 Hagebuttenfr\u00fcchte reich an Vitamin C \u2013 Fermentation auf Sorbitol optimiert die Aufnahme von Vitamin C \u2013 Hagebutte Vit. C 150 Kapseln \u00e0 600 mg | Phyt-inov.com","og_description":"Phyt-Inov international\u00ae offiziell, Schweizer Labor, bietet Vitamin C Hagebutte; das Verfahren der Fermentation auf Sorbitol optimiert die Aufnahme. Dieses Vitamin C mit 50% Gehalt geh\u00f6rt zu den am h\u00f6chsten standardisierten auf dem Markt. (150 Kapseln \u00e0 600 mg)","og_url":"https:\/\/www.phyt-inov.com\/de\/produit\/hagebutte-vit-c-150-kaps\/","og_site_name":"Phyt-Inov","article_publisher":"https:\/\/www.facebook.com\/phytinov\/","article_modified_time":"2026-03-30T08:59:14+00:00","og_image":[{"width":1948,"height":2560,"url":"https:\/\/www.phyt-inov.com\/wp-content\/uploads\/2025\/09\/Vitamine-C-cynorrhodon-2021-08-dimension-site-web-light-bas-scaled-2.jpg","type":"image\/jpeg"}],"twitter_card":"summary_large_image","schema":{"@context":"https:\/\/schema.org","@graph":[{"@type":"WebPage","@id":"https:\/\/www.phyt-inov.com\/de\/produit\/hagebutte-vit-c-150-kaps\/","url":"https:\/\/www.phyt-inov.com\/de\/produit\/hagebutte-vit-c-150-kaps\/","name":"Vitamin C Hagebutte von Phyt-Inov\u00ae offiziell \u2013 Hagebuttenfr\u00fcchte reich an Vitamin C \u2013 Fermentation auf Sorbitol optimiert die Aufnahme von Vitamin C \u2013 Hagebutte Vit. C 150 Kapseln \u00e0 600 mg | Phyt-inov.com","isPartOf":{"@id":"https:\/\/www.phyt-inov.com\/de\/#website"},"primaryImageOfPage":{"@id":"https:\/\/www.phyt-inov.com\/de\/produit\/hagebutte-vit-c-150-kaps\/#primaryimage"},"image":{"@id":"https:\/\/www.phyt-inov.com\/de\/produit\/hagebutte-vit-c-150-kaps\/#primaryimage"},"thumbnailUrl":"https:\/\/www.phyt-inov.com\/wp-content\/uploads\/2025\/09\/Vitamine-C-cynorrhodon-2021-08-dimension-site-web-light-bas-scaled-2.jpg","datePublished":"2019-04-04T21:31:37+00:00","dateModified":"2026-03-30T08:59:14+00:00","description":"Phyt-Inov international\u00ae offiziell, Schweizer Labor, bietet Vitamin C Hagebutte; das Verfahren der Fermentation auf Sorbitol optimiert die Aufnahme. Dieses Vitamin C mit 50% Gehalt geh\u00f6rt zu den am h\u00f6chsten standardisierten auf dem Markt. (150 Kapseln \u00e0 600 mg)","breadcrumb":{"@id":"https:\/\/www.phyt-inov.com\/de\/produit\/hagebutte-vit-c-150-kaps\/#breadcrumb"},"inLanguage":"de","potentialAction":[{"@type":"ReadAction","target":["https:\/\/www.phyt-inov.com\/de\/produit\/hagebutte-vit-c-150-kaps\/"]}]},{"@type":"ImageObject","inLanguage":"de","@id":"https:\/\/www.phyt-inov.com\/de\/produit\/hagebutte-vit-c-150-kaps\/#primaryimage","url":"https:\/\/www.phyt-inov.com\/wp-content\/uploads\/2025\/09\/Vitamine-C-cynorrhodon-2021-08-dimension-site-web-light-bas-scaled-2.jpg","contentUrl":"https:\/\/www.phyt-inov.com\/wp-content\/uploads\/2025\/09\/Vitamine-C-cynorrhodon-2021-08-dimension-site-web-light-bas-scaled-2.jpg","width":1948,"height":2560,"caption":"phyt-inov produkt vitamin c hagebutte"},{"@type":"BreadcrumbList","@id":"https:\/\/www.phyt-inov.com\/de\/produit\/hagebutte-vit-c-150-kaps\/#breadcrumb","itemListElement":[{"@type":"ListItem","position":1,"name":"Accueil","item":"https:\/\/www.phyt-inov.com\/de\/startseite\/"},{"@type":"ListItem","position":2,"name":"Shop","item":"https:\/\/www.phyt-inov.com\/de\/shop\/"},{"@type":"ListItem","position":3,"name":"Hagebutte Vit. C 150 Kaps."}]},{"@type":"WebSite","@id":"https:\/\/www.phyt-inov.com\/de\/#website","url":"https:\/\/www.phyt-inov.com\/de\/","name":"Phyt-Inov International","description":"L&#039;efficacit\u00e9 naturelle pour vos soins quotidiens","publisher":{"@id":"https:\/\/www.phyt-inov.com\/de\/#organization"},"alternateName":"phyt-inov","potentialAction":[{"@type":"SearchAction","target":{"@type":"EntryPoint","urlTemplate":"https:\/\/www.phyt-inov.com\/de\/?s={search_term_string}"},"query-input":{"@type":"PropertyValueSpecification","valueRequired":true,"valueName":"search_term_string"}}],"inLanguage":"de"},{"@type":"Organization","@id":"https:\/\/www.phyt-inov.com\/de\/#organization","name":"Phyt-Inov","alternateName":"Phyt-Inov","url":"https:\/\/www.phyt-inov.com\/de\/","logo":{"@type":"ImageObject","inLanguage":"de","@id":"https:\/\/www.phyt-inov.com\/de\/#\/schema\/logo\/image\/","url":"https:\/\/www.phyt-inov.com\/wp-content\/uploads\/2025\/09\/Logo-site-phyt-inov4_Plan-de-travail-1-2048x760-1.png","contentUrl":"https:\/\/www.phyt-inov.com\/wp-content\/uploads\/2025\/09\/Logo-site-phyt-inov4_Plan-de-travail-1-2048x760-1.png","width":2048,"height":760,"caption":"Phyt-Inov"},"image":{"@id":"https:\/\/www.phyt-inov.com\/de\/#\/schema\/logo\/image\/"},"sameAs":["https:\/\/www.facebook.com\/phytinov\/","https:\/\/www.youtube.com\/channel\/UCE05sYsSXuuKbLqs4Au3e4Q","https:\/\/www.instagram.com\/phytinov\/"]}]}},"jetpack_sharing_enabled":true,"_links":{"self":[{"href":"https:\/\/www.phyt-inov.com\/de\/wp-json\/wp\/v2\/product\/83494","targetHints":{"allow":["GET"]}}],"collection":[{"href":"https:\/\/www.phyt-inov.com\/de\/wp-json\/wp\/v2\/product"}],"about":[{"href":"https:\/\/www.phyt-inov.com\/de\/wp-json\/wp\/v2\/types\/product"}],"replies":[{"embeddable":true,"href":"https:\/\/www.phyt-inov.com\/de\/wp-json\/wp\/v2\/comments?post=83494"}],"wp:featuredmedia":[{"embeddable":true,"href":"https:\/\/www.phyt-inov.com\/de\/wp-json\/wp\/v2\/media\/83495"}],"wp:attachment":[{"href":"https:\/\/www.phyt-inov.com\/de\/wp-json\/wp\/v2\/media?parent=83494"}],"wp:term":[{"taxonomy":"product_brand","embeddable":true,"href":"https:\/\/www.phyt-inov.com\/de\/wp-json\/wp\/v2\/product_brand?post=83494"},{"taxonomy":"product_cat","embeddable":true,"href":"https:\/\/www.phyt-inov.com\/de\/wp-json\/wp\/v2\/product_cat?post=83494"},{"taxonomy":"product_tag","embeddable":true,"href":"https:\/\/www.phyt-inov.com\/de\/wp-json\/wp\/v2\/product_tag?post=83494"}],"curies":[{"name":"wp","href":"https:\/\/api.w.org\/{rel}","templated":true}]}}