{"id":83490,"date":"2019-04-04T21:31:54","date_gmt":"2019-04-04T21:31:54","guid":{"rendered":"https:\/\/www.phyt-inov.com\/produit\/acerola-vitamin-c-400-g\/"},"modified":"2026-03-30T09:06:03","modified_gmt":"2026-03-30T09:06:03","slug":"acerola-vitamin-c-400-g","status":"publish","type":"product","link":"https:\/\/www.phyt-inov.com\/de\/produit\/acerola-vitamin-c-400-g\/","title":{"rendered":"Acerola Vitamin C 400 g"},"content":{"rendered":"<p>Dose mit Pulver zum Aufl\u00f6sen in Wasser.<\/p>\n<p>Nettogewicht: 400 g.<\/p>\n<p><strong>Anwendungshinweise:<\/strong> T\u00e4glich 1 Dosierl\u00f6ffel, entspricht 2 g Pulver, einnehmen.<\/p>\n<p>\u201eEssen Sie f\u00fcr Ihre Gesundheit mindestens f\u00fcnf Portionen Obst und Gem\u00fcse am Tag\u201c<br \/>\n\u201eBewegen Sie sich f\u00fcr Ihre Gesundheit regelm\u00e4\u00dfig\u201c<br \/>\n\u201eVermeiden Sie f\u00fcr Ihre Gesundheit zu fettige, zu s\u00fc\u00dfe oder zu salzige Speisen\u201c<br \/>\n\u201eVermeiden Sie f\u00fcr Ihre Gesundheit das Naschen zwischen den Mahlzeiten\u201c<br \/>\nwww.mangerbouger.fr<\/p>\n","protected":false},"excerpt":{"rendered":"<p>Die Fr\u00fcchte der Acerola, auch Barbados-Kirschen genannt, sind reich an Vitamin C. Das Verfahren durch Fermentierung auf Sorbitol optimiert ihre Aufnahme und ihre antioxidative Wirkung.<\/p>\n<p>Unser K\u00f6rper kann Vitamin C nicht nur nicht selbst synthetisieren, sondern unser t\u00e4glicher Bedarf ist zudem hoch.<\/p>\n<p>Dieses mit 50 % dosierte nat\u00fcrliche Vitamin C geh\u00f6rt zu den am h\u00f6chsten konzentrierten auf dem Markt.<\/p>\n","protected":false},"featured_media":83491,"comment_status":"open","ping_status":"closed","template":"","meta":{"_et_pb_use_builder":"","_et_pb_old_content":"","_et_gb_content_width":""},"product_brand":[],"product_cat":[109],"product_tag":[],"class_list":{"0":"post-83490","1":"product","2":"type-product","3":"status-publish","4":"has-post-thumbnail","6":"product_cat-nahrungserganzungsmittel","8":"first","9":"instock","10":"shipping-taxable","11":"purchasable","12":"product-type-simple"},"yoast_head":"<!-- This site is optimized with the Yoast SEO plugin v27.3 - https:\/\/yoast.com\/product\/yoast-seo-wordpress\/ -->\n<title>Vitamin C Acerola von Phyt-Inov\u00ae offiziell \u2013 Hagebuttenfr\u00fcchte voller Vitamin C \u2013 Fermentierung auf Sorbitol optimiert die Aufnahme von Vitamin C \u2013 Acerola Vit. C 400 Gramm, davon 200 Gramm Vitamin C | Phyt-inov.com<\/title>\n<meta name=\"description\" content=\"Phyt-Inov international\u00ae offiziell, Schweizer Labor, bietet Vitamin C Acerola an; das Verfahren durch Fermentierung auf Sorbitol optimiert seine Aufnahme. Dieses mit 50 % dosierte Vitamin C geh\u00f6rt zu den am h\u00f6chsten konzentrierten auf dem Markt. (400 Gramm, davon 200 Gramm Vitamin C)\" \/>\n<meta name=\"robots\" content=\"index, follow, max-snippet:-1, max-image-preview:large, max-video-preview:-1\" \/>\n<link rel=\"canonical\" href=\"https:\/\/www.phyt-inov.com\/de\/produit\/acerola-vitamin-c-400-g\/\" \/>\n<meta property=\"og:locale\" content=\"de_DE\" \/>\n<meta property=\"og:type\" content=\"article\" \/>\n<meta property=\"og:title\" content=\"Vitamin C Acerola von Phyt-Inov\u00ae offiziell \u2013 Hagebuttenfr\u00fcchte voller Vitamin C \u2013 Fermentierung auf Sorbitol optimiert die Aufnahme von Vitamin C \u2013 Acerola Vit. C 400 Gramm, davon 200 Gramm Vitamin C | Phyt-inov.com\" \/>\n<meta property=\"og:description\" content=\"Phyt-Inov international\u00ae offiziell, Schweizer Labor, bietet Vitamin C Acerola an; das Verfahren durch Fermentierung auf Sorbitol optimiert seine Aufnahme. Dieses mit 50 % dosierte Vitamin C geh\u00f6rt zu den am h\u00f6chsten konzentrierten auf dem Markt. (400 Gramm, davon 200 Gramm Vitamin C)\" \/>\n<meta property=\"og:url\" content=\"https:\/\/www.phyt-inov.com\/de\/produit\/acerola-vitamin-c-400-g\/\" \/>\n<meta property=\"og:site_name\" content=\"Phyt-Inov\" \/>\n<meta property=\"article:publisher\" content=\"https:\/\/www.facebook.com\/phytinov\/\" \/>\n<meta property=\"article:modified_time\" content=\"2026-03-30T09:06:03+00:00\" \/>\n<meta property=\"og:image\" content=\"https:\/\/www.phyt-inov.com\/wp-content\/uploads\/2025\/09\/Vitamine-C-acerola.png\" \/>\n\t<meta property=\"og:image:width\" content=\"819\" \/>\n\t<meta property=\"og:image:height\" content=\"1024\" \/>\n\t<meta property=\"og:image:type\" content=\"image\/png\" \/>\n<meta name=\"twitter:card\" content=\"summary_large_image\" \/>\n<script type=\"application\/ld+json\" class=\"yoast-schema-graph\">{\"@context\":\"https:\\\/\\\/schema.org\",\"@graph\":[{\"@type\":\"WebPage\",\"@id\":\"https:\\\/\\\/www.phyt-inov.com\\\/de\\\/produit\\\/acerola-vitamin-c-400-g\\\/\",\"url\":\"https:\\\/\\\/www.phyt-inov.com\\\/de\\\/produit\\\/acerola-vitamin-c-400-g\\\/\",\"name\":\"Vitamin C Acerola von Phyt-Inov\u00ae offiziell \u2013 Hagebuttenfr\u00fcchte voller Vitamin C \u2013 Fermentierung auf Sorbitol optimiert die Aufnahme von Vitamin C \u2013 Acerola Vit. C 400 Gramm, davon 200 Gramm Vitamin C | Phyt-inov.com\",\"isPartOf\":{\"@id\":\"https:\\\/\\\/www.phyt-inov.com\\\/de\\\/#website\"},\"primaryImageOfPage\":{\"@id\":\"https:\\\/\\\/www.phyt-inov.com\\\/de\\\/produit\\\/acerola-vitamin-c-400-g\\\/#primaryimage\"},\"image\":{\"@id\":\"https:\\\/\\\/www.phyt-inov.com\\\/de\\\/produit\\\/acerola-vitamin-c-400-g\\\/#primaryimage\"},\"thumbnailUrl\":\"https:\\\/\\\/www.phyt-inov.com\\\/wp-content\\\/uploads\\\/2025\\\/09\\\/Vitamine-C-acerola.png\",\"datePublished\":\"2019-04-04T21:31:54+00:00\",\"dateModified\":\"2026-03-30T09:06:03+00:00\",\"description\":\"Phyt-Inov international\u00ae offiziell, Schweizer Labor, bietet Vitamin C Acerola an; das Verfahren durch Fermentierung auf Sorbitol optimiert seine Aufnahme. Dieses mit 50 % dosierte Vitamin C geh\u00f6rt zu den am h\u00f6chsten konzentrierten auf dem Markt. (400 Gramm, davon 200 Gramm Vitamin C)\",\"breadcrumb\":{\"@id\":\"https:\\\/\\\/www.phyt-inov.com\\\/de\\\/produit\\\/acerola-vitamin-c-400-g\\\/#breadcrumb\"},\"inLanguage\":\"de\",\"potentialAction\":[{\"@type\":\"ReadAction\",\"target\":[\"https:\\\/\\\/www.phyt-inov.com\\\/de\\\/produit\\\/acerola-vitamin-c-400-g\\\/\"]}]},{\"@type\":\"ImageObject\",\"inLanguage\":\"de\",\"@id\":\"https:\\\/\\\/www.phyt-inov.com\\\/de\\\/produit\\\/acerola-vitamin-c-400-g\\\/#primaryimage\",\"url\":\"https:\\\/\\\/www.phyt-inov.com\\\/wp-content\\\/uploads\\\/2025\\\/09\\\/Vitamine-C-acerola.png\",\"contentUrl\":\"https:\\\/\\\/www.phyt-inov.com\\\/wp-content\\\/uploads\\\/2025\\\/09\\\/Vitamine-C-acerola.png\",\"width\":6400,\"height\":8000,\"caption\":\"Phyt-Inov Produkt Vitamin C Acerola\"},{\"@type\":\"BreadcrumbList\",\"@id\":\"https:\\\/\\\/www.phyt-inov.com\\\/de\\\/produit\\\/acerola-vitamin-c-400-g\\\/#breadcrumb\",\"itemListElement\":[{\"@type\":\"ListItem\",\"position\":1,\"name\":\"Accueil\",\"item\":\"https:\\\/\\\/www.phyt-inov.com\\\/de\\\/startseite\\\/\"},{\"@type\":\"ListItem\",\"position\":2,\"name\":\"Shop\",\"item\":\"https:\\\/\\\/www.phyt-inov.com\\\/de\\\/shop\\\/\"},{\"@type\":\"ListItem\",\"position\":3,\"name\":\"Acerola Vitamin C 400 g\"}]},{\"@type\":\"WebSite\",\"@id\":\"https:\\\/\\\/www.phyt-inov.com\\\/de\\\/#website\",\"url\":\"https:\\\/\\\/www.phyt-inov.com\\\/de\\\/\",\"name\":\"Phyt-Inov International\",\"description\":\"L&#039;efficacit\u00e9 naturelle pour vos soins quotidiens\",\"publisher\":{\"@id\":\"https:\\\/\\\/www.phyt-inov.com\\\/de\\\/#organization\"},\"alternateName\":\"phyt-inov\",\"potentialAction\":[{\"@type\":\"SearchAction\",\"target\":{\"@type\":\"EntryPoint\",\"urlTemplate\":\"https:\\\/\\\/www.phyt-inov.com\\\/de\\\/?s={search_term_string}\"},\"query-input\":{\"@type\":\"PropertyValueSpecification\",\"valueRequired\":true,\"valueName\":\"search_term_string\"}}],\"inLanguage\":\"de\"},{\"@type\":\"Organization\",\"@id\":\"https:\\\/\\\/www.phyt-inov.com\\\/de\\\/#organization\",\"name\":\"Phyt-Inov\",\"alternateName\":\"Phyt-Inov\",\"url\":\"https:\\\/\\\/www.phyt-inov.com\\\/de\\\/\",\"logo\":{\"@type\":\"ImageObject\",\"inLanguage\":\"de\",\"@id\":\"https:\\\/\\\/www.phyt-inov.com\\\/de\\\/#\\\/schema\\\/logo\\\/image\\\/\",\"url\":\"https:\\\/\\\/www.phyt-inov.com\\\/wp-content\\\/uploads\\\/2025\\\/09\\\/Logo-site-phyt-inov4_Plan-de-travail-1-2048x760-1.png\",\"contentUrl\":\"https:\\\/\\\/www.phyt-inov.com\\\/wp-content\\\/uploads\\\/2025\\\/09\\\/Logo-site-phyt-inov4_Plan-de-travail-1-2048x760-1.png\",\"width\":2048,\"height\":760,\"caption\":\"Phyt-Inov\"},\"image\":{\"@id\":\"https:\\\/\\\/www.phyt-inov.com\\\/de\\\/#\\\/schema\\\/logo\\\/image\\\/\"},\"sameAs\":[\"https:\\\/\\\/www.facebook.com\\\/phytinov\\\/\",\"https:\\\/\\\/www.youtube.com\\\/channel\\\/UCE05sYsSXuuKbLqs4Au3e4Q\",\"https:\\\/\\\/www.instagram.com\\\/phytinov\\\/\"]}]}<\/script>\n<!-- \/ Yoast SEO plugin. -->","yoast_head_json":{"title":"Vitamin C Acerola von Phyt-Inov\u00ae offiziell \u2013 Hagebuttenfr\u00fcchte voller Vitamin C \u2013 Fermentierung auf Sorbitol optimiert die Aufnahme von Vitamin C \u2013 Acerola Vit. C 400 Gramm, davon 200 Gramm Vitamin C | Phyt-inov.com","description":"Phyt-Inov international\u00ae offiziell, Schweizer Labor, bietet Vitamin C Acerola an; das Verfahren durch Fermentierung auf Sorbitol optimiert seine Aufnahme. Dieses mit 50 % dosierte Vitamin C geh\u00f6rt zu den am h\u00f6chsten konzentrierten auf dem Markt. (400 Gramm, davon 200 Gramm Vitamin C)","robots":{"index":"index","follow":"follow","max-snippet":"max-snippet:-1","max-image-preview":"max-image-preview:large","max-video-preview":"max-video-preview:-1"},"canonical":"https:\/\/www.phyt-inov.com\/de\/produit\/acerola-vitamin-c-400-g\/","og_locale":"de_DE","og_type":"article","og_title":"Vitamin C Acerola von Phyt-Inov\u00ae offiziell \u2013 Hagebuttenfr\u00fcchte voller Vitamin C \u2013 Fermentierung auf Sorbitol optimiert die Aufnahme von Vitamin C \u2013 Acerola Vit. C 400 Gramm, davon 200 Gramm Vitamin C | Phyt-inov.com","og_description":"Phyt-Inov international\u00ae offiziell, Schweizer Labor, bietet Vitamin C Acerola an; das Verfahren durch Fermentierung auf Sorbitol optimiert seine Aufnahme. Dieses mit 50 % dosierte Vitamin C geh\u00f6rt zu den am h\u00f6chsten konzentrierten auf dem Markt. (400 Gramm, davon 200 Gramm Vitamin C)","og_url":"https:\/\/www.phyt-inov.com\/de\/produit\/acerola-vitamin-c-400-g\/","og_site_name":"Phyt-Inov","article_publisher":"https:\/\/www.facebook.com\/phytinov\/","article_modified_time":"2026-03-30T09:06:03+00:00","og_image":[{"url":"https:\/\/www.phyt-inov.com\/wp-content\/uploads\/2025\/09\/Vitamine-C-acerola.png","width":819,"height":1024,"type":"image\/png"}],"twitter_card":"summary_large_image","schema":{"@context":"https:\/\/schema.org","@graph":[{"@type":"WebPage","@id":"https:\/\/www.phyt-inov.com\/de\/produit\/acerola-vitamin-c-400-g\/","url":"https:\/\/www.phyt-inov.com\/de\/produit\/acerola-vitamin-c-400-g\/","name":"Vitamin C Acerola von Phyt-Inov\u00ae offiziell \u2013 Hagebuttenfr\u00fcchte voller Vitamin C \u2013 Fermentierung auf Sorbitol optimiert die Aufnahme von Vitamin C \u2013 Acerola Vit. C 400 Gramm, davon 200 Gramm Vitamin C | Phyt-inov.com","isPartOf":{"@id":"https:\/\/www.phyt-inov.com\/de\/#website"},"primaryImageOfPage":{"@id":"https:\/\/www.phyt-inov.com\/de\/produit\/acerola-vitamin-c-400-g\/#primaryimage"},"image":{"@id":"https:\/\/www.phyt-inov.com\/de\/produit\/acerola-vitamin-c-400-g\/#primaryimage"},"thumbnailUrl":"https:\/\/www.phyt-inov.com\/wp-content\/uploads\/2025\/09\/Vitamine-C-acerola.png","datePublished":"2019-04-04T21:31:54+00:00","dateModified":"2026-03-30T09:06:03+00:00","description":"Phyt-Inov international\u00ae offiziell, Schweizer Labor, bietet Vitamin C Acerola an; das Verfahren durch Fermentierung auf Sorbitol optimiert seine Aufnahme. Dieses mit 50 % dosierte Vitamin C geh\u00f6rt zu den am h\u00f6chsten konzentrierten auf dem Markt. (400 Gramm, davon 200 Gramm Vitamin C)","breadcrumb":{"@id":"https:\/\/www.phyt-inov.com\/de\/produit\/acerola-vitamin-c-400-g\/#breadcrumb"},"inLanguage":"de","potentialAction":[{"@type":"ReadAction","target":["https:\/\/www.phyt-inov.com\/de\/produit\/acerola-vitamin-c-400-g\/"]}]},{"@type":"ImageObject","inLanguage":"de","@id":"https:\/\/www.phyt-inov.com\/de\/produit\/acerola-vitamin-c-400-g\/#primaryimage","url":"https:\/\/www.phyt-inov.com\/wp-content\/uploads\/2025\/09\/Vitamine-C-acerola.png","contentUrl":"https:\/\/www.phyt-inov.com\/wp-content\/uploads\/2025\/09\/Vitamine-C-acerola.png","width":6400,"height":8000,"caption":"Phyt-Inov Produkt Vitamin C Acerola"},{"@type":"BreadcrumbList","@id":"https:\/\/www.phyt-inov.com\/de\/produit\/acerola-vitamin-c-400-g\/#breadcrumb","itemListElement":[{"@type":"ListItem","position":1,"name":"Accueil","item":"https:\/\/www.phyt-inov.com\/de\/startseite\/"},{"@type":"ListItem","position":2,"name":"Shop","item":"https:\/\/www.phyt-inov.com\/de\/shop\/"},{"@type":"ListItem","position":3,"name":"Acerola Vitamin C 400 g"}]},{"@type":"WebSite","@id":"https:\/\/www.phyt-inov.com\/de\/#website","url":"https:\/\/www.phyt-inov.com\/de\/","name":"Phyt-Inov International","description":"L&#039;efficacit\u00e9 naturelle pour vos soins quotidiens","publisher":{"@id":"https:\/\/www.phyt-inov.com\/de\/#organization"},"alternateName":"phyt-inov","potentialAction":[{"@type":"SearchAction","target":{"@type":"EntryPoint","urlTemplate":"https:\/\/www.phyt-inov.com\/de\/?s={search_term_string}"},"query-input":{"@type":"PropertyValueSpecification","valueRequired":true,"valueName":"search_term_string"}}],"inLanguage":"de"},{"@type":"Organization","@id":"https:\/\/www.phyt-inov.com\/de\/#organization","name":"Phyt-Inov","alternateName":"Phyt-Inov","url":"https:\/\/www.phyt-inov.com\/de\/","logo":{"@type":"ImageObject","inLanguage":"de","@id":"https:\/\/www.phyt-inov.com\/de\/#\/schema\/logo\/image\/","url":"https:\/\/www.phyt-inov.com\/wp-content\/uploads\/2025\/09\/Logo-site-phyt-inov4_Plan-de-travail-1-2048x760-1.png","contentUrl":"https:\/\/www.phyt-inov.com\/wp-content\/uploads\/2025\/09\/Logo-site-phyt-inov4_Plan-de-travail-1-2048x760-1.png","width":2048,"height":760,"caption":"Phyt-Inov"},"image":{"@id":"https:\/\/www.phyt-inov.com\/de\/#\/schema\/logo\/image\/"},"sameAs":["https:\/\/www.facebook.com\/phytinov\/","https:\/\/www.youtube.com\/channel\/UCE05sYsSXuuKbLqs4Au3e4Q","https:\/\/www.instagram.com\/phytinov\/"]}]}},"jetpack_sharing_enabled":true,"_links":{"self":[{"href":"https:\/\/www.phyt-inov.com\/de\/wp-json\/wp\/v2\/product\/83490","targetHints":{"allow":["GET"]}}],"collection":[{"href":"https:\/\/www.phyt-inov.com\/de\/wp-json\/wp\/v2\/product"}],"about":[{"href":"https:\/\/www.phyt-inov.com\/de\/wp-json\/wp\/v2\/types\/product"}],"replies":[{"embeddable":true,"href":"https:\/\/www.phyt-inov.com\/de\/wp-json\/wp\/v2\/comments?post=83490"}],"wp:featuredmedia":[{"embeddable":true,"href":"https:\/\/www.phyt-inov.com\/de\/wp-json\/wp\/v2\/media\/83491"}],"wp:attachment":[{"href":"https:\/\/www.phyt-inov.com\/de\/wp-json\/wp\/v2\/media?parent=83490"}],"wp:term":[{"taxonomy":"product_brand","embeddable":true,"href":"https:\/\/www.phyt-inov.com\/de\/wp-json\/wp\/v2\/product_brand?post=83490"},{"taxonomy":"product_cat","embeddable":true,"href":"https:\/\/www.phyt-inov.com\/de\/wp-json\/wp\/v2\/product_cat?post=83490"},{"taxonomy":"product_tag","embeddable":true,"href":"https:\/\/www.phyt-inov.com\/de\/wp-json\/wp\/v2\/product_tag?post=83490"}],"curies":[{"name":"wp","href":"https:\/\/api.w.org\/{rel}","templated":true}]}}