{"id":83467,"date":"2020-02-26T14:18:06","date_gmt":"2020-02-26T14:18:06","guid":{"rendered":"https:\/\/www.phyt-inov.com\/produit\/afalg-doypack-pulver-aphanizomenon-flos-aquae\/"},"modified":"2026-03-30T08:56:58","modified_gmt":"2026-03-30T08:56:58","slug":"afalg-doypack-pulver-aphanizomenon-flos-aquae","status":"publish","type":"product","link":"https:\/\/www.phyt-inov.com\/de\/produit\/afalg-doypack-pulver-aphanizomenon-flos-aquae\/","title":{"rendered":"Afalg Doypack Pulver Aphanizomenon Flos-Aquae"},"content":{"rendered":"<p>\u201eSpar\u201c-Beutel mit reinem Pulver aus Blaualge aus dem Klamath-See Aphanizomenon Flos-Aquae.<\/p>\n<p>Nettogewicht: 200 g.<\/p>\n<p><strong>Verzehrempfehlung:<\/strong> Nehmen Sie t\u00e4glich 2 gestrichene Teel\u00f6ffel (2 g).<\/p>\n<p>\u201eF\u00fcr Ihre Gesundheit: Essen Sie mindestens f\u00fcnf Portionen Obst und Gem\u00fcse pro Tag\u201c<br \/>\n\u201eF\u00fcr Ihre Gesundheit: Treiben Sie regelm\u00e4\u00dfig k\u00f6rperliche Aktivit\u00e4t\u201c<br \/>\n\u201eF\u00fcr Ihre Gesundheit: Vermeiden Sie zu fettes, zu s\u00fc\u00dfes, zu salziges Essen\u201c<br \/>\n\u201eF\u00fcr Ihre Gesundheit: Vermeiden Sie Zwischenmahlzeiten\u201c<br \/>\nwww.mangerbouger.fr<\/p>\n","protected":false},"excerpt":{"rendered":"<p><span style=\"color: #ff0000;\"><strong>Foto unverbindlich, Beutel mit 200 g.<\/strong><\/span><\/p>\n<p>Eine Wildalge sticht unter allen Pflanzen hervor: Aphanizomenon hebt sich ab. Sie enth\u00e4lt \u00fcber 115 Mikron\u00e4hrstoffe: Aminos\u00e4uren, Nukleoproteide, Peptide, Betacarotin, Chlorophyll, Polysaccharide, Vitamine A, B, C, F, J, K, Mineralstoffe, Spurenelemente. <\/p>\n<p>Die Magie wirkt: Alle f\u00fcr das Leben unverzichtbaren N\u00e4hrstoffe sind vorhanden.<\/p>\n<p><strong>GARANTIE 100 % REIN, OHNE SPIRULINA<\/strong><\/p>\n","protected":false},"featured_media":83468,"comment_status":"open","ping_status":"closed","template":"","meta":{"_et_pb_use_builder":"","_et_pb_old_content":"","_et_gb_content_width":""},"product_brand":[],"product_cat":[104,148,122,147,142,146,125,145],"product_tag":[],"class_list":{"0":"post-83467","1":"product","2":"type-product","3":"status-publish","4":"has-post-thumbnail","6":"product_cat-abwehrkrafte-starken","7":"product_cat-begleitung-fur-sportler","8":"product_cat-capital-vision","9":"product_cat-emotionales-und-nervliches-gleichgewicht","10":"product_cat-entzundliche-beschwerden","11":"product_cat-hepato-biliare-unterstutzung-entgiftung","12":"product_cat-tonus-und-vitalitat","13":"product_cat-verdauungskomfort","15":"first","16":"instock","17":"shipping-taxable","18":"purchasable","19":"product-type-variable"},"yoast_head":"<!-- This site is optimized with the Yoast SEO plugin v27.3 - https:\/\/yoast.com\/product\/yoast-seo-wordpress\/ -->\n<title>Afalg Klamath-Alge, nat\u00fcrliches Nahrungserg\u00e4nzungsmittel reich an Mineralstoffen und Spurenelementen \u2013 Alge zur St\u00e4rkung\/Boost des Organismus und des Immunsystems \u2013 reines Pulver 200 g | Phyt-inov.com<\/title>\n<meta name=\"description\" content=\"Offizielles Phyt-Inov international\u00ae \u2013 f\u00fchrendes Schweizer Labor f\u00fcr Afalg Klamath-Alge (Dose mit reinem Pulver 200 g), Alge mit zahlreichen Vorz\u00fcgen dank ihrer au\u00dfergew\u00f6hnlichen N\u00e4hrstoffzusammensetzung mit \u00fcber 115 Mikron\u00e4hrstoffen. Sehr reich an Proteinen, Eisen, Vitaminen und Mineralstoffen. Tr\u00e4gt zur St\u00e4rkung des Immunsystems bei und hilft, das Risiko zu verringern, die kleinen typischen Winterkrankheiten zu bekommen.\" \/>\n<meta name=\"robots\" content=\"index, follow, max-snippet:-1, max-image-preview:large, max-video-preview:-1\" \/>\n<link rel=\"canonical\" href=\"https:\/\/www.phyt-inov.com\/de\/produit\/afalg-doypack-pulver-aphanizomenon-flos-aquae\/\" \/>\n<meta property=\"og:locale\" content=\"de_DE\" \/>\n<meta property=\"og:type\" content=\"article\" \/>\n<meta property=\"og:title\" content=\"Afalg Klamath-Alge, nat\u00fcrliches Nahrungserg\u00e4nzungsmittel reich an Mineralstoffen und Spurenelementen \u2013 Alge zur St\u00e4rkung\/Boost des Organismus und des Immunsystems \u2013 reines Pulver 200 g | Phyt-inov.com\" \/>\n<meta property=\"og:description\" content=\"Offizielles Phyt-Inov international\u00ae \u2013 f\u00fchrendes Schweizer Labor f\u00fcr Afalg Klamath-Alge (Dose mit reinem Pulver 200 g), Alge mit zahlreichen Vorz\u00fcgen dank ihrer au\u00dfergew\u00f6hnlichen N\u00e4hrstoffzusammensetzung mit \u00fcber 115 Mikron\u00e4hrstoffen. Sehr reich an Proteinen, Eisen, Vitaminen und Mineralstoffen. Tr\u00e4gt zur St\u00e4rkung des Immunsystems bei und hilft, das Risiko zu verringern, die kleinen typischen Winterkrankheiten zu bekommen.\" \/>\n<meta property=\"og:url\" content=\"https:\/\/www.phyt-inov.com\/de\/produit\/afalg-doypack-pulver-aphanizomenon-flos-aquae\/\" \/>\n<meta property=\"og:site_name\" content=\"Phyt-Inov\" \/>\n<meta property=\"article:publisher\" content=\"https:\/\/www.facebook.com\/phytinov\/\" \/>\n<meta property=\"article:modified_time\" content=\"2026-03-30T08:56:58+00:00\" \/>\n<meta property=\"og:image\" content=\"https:\/\/www.phyt-inov.com\/wp-content\/uploads\/2025\/09\/Afalg-200-g.png\" \/>\n\t<meta property=\"og:image:width\" content=\"819\" \/>\n\t<meta property=\"og:image:height\" content=\"1024\" \/>\n\t<meta property=\"og:image:type\" content=\"image\/png\" \/>\n<meta name=\"twitter:card\" content=\"summary_large_image\" \/>\n<script type=\"application\/ld+json\" class=\"yoast-schema-graph\">{\"@context\":\"https:\\\/\\\/schema.org\",\"@graph\":[{\"@type\":\"WebPage\",\"@id\":\"https:\\\/\\\/www.phyt-inov.com\\\/de\\\/produit\\\/afalg-doypack-pulver-aphanizomenon-flos-aquae\\\/\",\"url\":\"https:\\\/\\\/www.phyt-inov.com\\\/de\\\/produit\\\/afalg-doypack-pulver-aphanizomenon-flos-aquae\\\/\",\"name\":\"Afalg Klamath-Alge, nat\u00fcrliches Nahrungserg\u00e4nzungsmittel reich an Mineralstoffen und Spurenelementen \u2013 Alge zur St\u00e4rkung\\\/Boost des Organismus und des Immunsystems \u2013 reines Pulver 200 g | Phyt-inov.com\",\"isPartOf\":{\"@id\":\"https:\\\/\\\/www.phyt-inov.com\\\/de\\\/#website\"},\"primaryImageOfPage\":{\"@id\":\"https:\\\/\\\/www.phyt-inov.com\\\/de\\\/produit\\\/afalg-doypack-pulver-aphanizomenon-flos-aquae\\\/#primaryimage\"},\"image\":{\"@id\":\"https:\\\/\\\/www.phyt-inov.com\\\/de\\\/produit\\\/afalg-doypack-pulver-aphanizomenon-flos-aquae\\\/#primaryimage\"},\"thumbnailUrl\":\"https:\\\/\\\/www.phyt-inov.com\\\/wp-content\\\/uploads\\\/2025\\\/09\\\/Afalg-200-g.png\",\"datePublished\":\"2020-02-26T14:18:06+00:00\",\"dateModified\":\"2026-03-30T08:56:58+00:00\",\"description\":\"Offizielles Phyt-Inov international\u00ae \u2013 f\u00fchrendes Schweizer Labor f\u00fcr Afalg Klamath-Alge (Dose mit reinem Pulver 200 g), Alge mit zahlreichen Vorz\u00fcgen dank ihrer au\u00dfergew\u00f6hnlichen N\u00e4hrstoffzusammensetzung mit \u00fcber 115 Mikron\u00e4hrstoffen. Sehr reich an Proteinen, Eisen, Vitaminen und Mineralstoffen. Tr\u00e4gt zur St\u00e4rkung des Immunsystems bei und hilft, das Risiko zu verringern, die kleinen typischen Winterkrankheiten zu bekommen.\",\"breadcrumb\":{\"@id\":\"https:\\\/\\\/www.phyt-inov.com\\\/de\\\/produit\\\/afalg-doypack-pulver-aphanizomenon-flos-aquae\\\/#breadcrumb\"},\"inLanguage\":\"de\",\"potentialAction\":[{\"@type\":\"ReadAction\",\"target\":[\"https:\\\/\\\/www.phyt-inov.com\\\/de\\\/produit\\\/afalg-doypack-pulver-aphanizomenon-flos-aquae\\\/\"]}]},{\"@type\":\"ImageObject\",\"inLanguage\":\"de\",\"@id\":\"https:\\\/\\\/www.phyt-inov.com\\\/de\\\/produit\\\/afalg-doypack-pulver-aphanizomenon-flos-aquae\\\/#primaryimage\",\"url\":\"https:\\\/\\\/www.phyt-inov.com\\\/wp-content\\\/uploads\\\/2025\\\/09\\\/Afalg-200-g.png\",\"contentUrl\":\"https:\\\/\\\/www.phyt-inov.com\\\/wp-content\\\/uploads\\\/2025\\\/09\\\/Afalg-200-g.png\",\"width\":6400,\"height\":8000,\"caption\":\"Phyt-inov Afalg-Produkt\"},{\"@type\":\"BreadcrumbList\",\"@id\":\"https:\\\/\\\/www.phyt-inov.com\\\/de\\\/produit\\\/afalg-doypack-pulver-aphanizomenon-flos-aquae\\\/#breadcrumb\",\"itemListElement\":[{\"@type\":\"ListItem\",\"position\":1,\"name\":\"Accueil\",\"item\":\"https:\\\/\\\/www.phyt-inov.com\\\/de\\\/startseite\\\/\"},{\"@type\":\"ListItem\",\"position\":2,\"name\":\"Shop\",\"item\":\"https:\\\/\\\/www.phyt-inov.com\\\/de\\\/shop\\\/\"},{\"@type\":\"ListItem\",\"position\":3,\"name\":\"Afalg Doypack Pulver Aphanizomenon Flos-Aquae\"}]},{\"@type\":\"WebSite\",\"@id\":\"https:\\\/\\\/www.phyt-inov.com\\\/de\\\/#website\",\"url\":\"https:\\\/\\\/www.phyt-inov.com\\\/de\\\/\",\"name\":\"Phyt-Inov International\",\"description\":\"L&#039;efficacit\u00e9 naturelle pour vos soins quotidiens\",\"publisher\":{\"@id\":\"https:\\\/\\\/www.phyt-inov.com\\\/de\\\/#organization\"},\"alternateName\":\"phyt-inov\",\"potentialAction\":[{\"@type\":\"SearchAction\",\"target\":{\"@type\":\"EntryPoint\",\"urlTemplate\":\"https:\\\/\\\/www.phyt-inov.com\\\/de\\\/?s={search_term_string}\"},\"query-input\":{\"@type\":\"PropertyValueSpecification\",\"valueRequired\":true,\"valueName\":\"search_term_string\"}}],\"inLanguage\":\"de\"},{\"@type\":\"Organization\",\"@id\":\"https:\\\/\\\/www.phyt-inov.com\\\/de\\\/#organization\",\"name\":\"Phyt-Inov\",\"alternateName\":\"Phyt-Inov\",\"url\":\"https:\\\/\\\/www.phyt-inov.com\\\/de\\\/\",\"logo\":{\"@type\":\"ImageObject\",\"inLanguage\":\"de\",\"@id\":\"https:\\\/\\\/www.phyt-inov.com\\\/de\\\/#\\\/schema\\\/logo\\\/image\\\/\",\"url\":\"https:\\\/\\\/www.phyt-inov.com\\\/wp-content\\\/uploads\\\/2025\\\/09\\\/Logo-site-phyt-inov4_Plan-de-travail-1-2048x760-1.png\",\"contentUrl\":\"https:\\\/\\\/www.phyt-inov.com\\\/wp-content\\\/uploads\\\/2025\\\/09\\\/Logo-site-phyt-inov4_Plan-de-travail-1-2048x760-1.png\",\"width\":2048,\"height\":760,\"caption\":\"Phyt-Inov\"},\"image\":{\"@id\":\"https:\\\/\\\/www.phyt-inov.com\\\/de\\\/#\\\/schema\\\/logo\\\/image\\\/\"},\"sameAs\":[\"https:\\\/\\\/www.facebook.com\\\/phytinov\\\/\",\"https:\\\/\\\/www.youtube.com\\\/channel\\\/UCE05sYsSXuuKbLqs4Au3e4Q\",\"https:\\\/\\\/www.instagram.com\\\/phytinov\\\/\"]}]}<\/script>\n<!-- \/ Yoast SEO plugin. -->","yoast_head_json":{"title":"Afalg Klamath-Alge, nat\u00fcrliches Nahrungserg\u00e4nzungsmittel reich an Mineralstoffen und Spurenelementen \u2013 Alge zur St\u00e4rkung\/Boost des Organismus und des Immunsystems \u2013 reines Pulver 200 g | Phyt-inov.com","description":"Offizielles Phyt-Inov international\u00ae \u2013 f\u00fchrendes Schweizer Labor f\u00fcr Afalg Klamath-Alge (Dose mit reinem Pulver 200 g), Alge mit zahlreichen Vorz\u00fcgen dank ihrer au\u00dfergew\u00f6hnlichen N\u00e4hrstoffzusammensetzung mit \u00fcber 115 Mikron\u00e4hrstoffen. Sehr reich an Proteinen, Eisen, Vitaminen und Mineralstoffen. Tr\u00e4gt zur St\u00e4rkung des Immunsystems bei und hilft, das Risiko zu verringern, die kleinen typischen Winterkrankheiten zu bekommen.","robots":{"index":"index","follow":"follow","max-snippet":"max-snippet:-1","max-image-preview":"max-image-preview:large","max-video-preview":"max-video-preview:-1"},"canonical":"https:\/\/www.phyt-inov.com\/de\/produit\/afalg-doypack-pulver-aphanizomenon-flos-aquae\/","og_locale":"de_DE","og_type":"article","og_title":"Afalg Klamath-Alge, nat\u00fcrliches Nahrungserg\u00e4nzungsmittel reich an Mineralstoffen und Spurenelementen \u2013 Alge zur St\u00e4rkung\/Boost des Organismus und des Immunsystems \u2013 reines Pulver 200 g | Phyt-inov.com","og_description":"Offizielles Phyt-Inov international\u00ae \u2013 f\u00fchrendes Schweizer Labor f\u00fcr Afalg Klamath-Alge (Dose mit reinem Pulver 200 g), Alge mit zahlreichen Vorz\u00fcgen dank ihrer au\u00dfergew\u00f6hnlichen N\u00e4hrstoffzusammensetzung mit \u00fcber 115 Mikron\u00e4hrstoffen. Sehr reich an Proteinen, Eisen, Vitaminen und Mineralstoffen. Tr\u00e4gt zur St\u00e4rkung des Immunsystems bei und hilft, das Risiko zu verringern, die kleinen typischen Winterkrankheiten zu bekommen.","og_url":"https:\/\/www.phyt-inov.com\/de\/produit\/afalg-doypack-pulver-aphanizomenon-flos-aquae\/","og_site_name":"Phyt-Inov","article_publisher":"https:\/\/www.facebook.com\/phytinov\/","article_modified_time":"2026-03-30T08:56:58+00:00","og_image":[{"url":"https:\/\/www.phyt-inov.com\/wp-content\/uploads\/2025\/09\/Afalg-200-g.png","width":819,"height":1024,"type":"image\/png"}],"twitter_card":"summary_large_image","schema":{"@context":"https:\/\/schema.org","@graph":[{"@type":"WebPage","@id":"https:\/\/www.phyt-inov.com\/de\/produit\/afalg-doypack-pulver-aphanizomenon-flos-aquae\/","url":"https:\/\/www.phyt-inov.com\/de\/produit\/afalg-doypack-pulver-aphanizomenon-flos-aquae\/","name":"Afalg Klamath-Alge, nat\u00fcrliches Nahrungserg\u00e4nzungsmittel reich an Mineralstoffen und Spurenelementen \u2013 Alge zur St\u00e4rkung\/Boost des Organismus und des Immunsystems \u2013 reines Pulver 200 g | Phyt-inov.com","isPartOf":{"@id":"https:\/\/www.phyt-inov.com\/de\/#website"},"primaryImageOfPage":{"@id":"https:\/\/www.phyt-inov.com\/de\/produit\/afalg-doypack-pulver-aphanizomenon-flos-aquae\/#primaryimage"},"image":{"@id":"https:\/\/www.phyt-inov.com\/de\/produit\/afalg-doypack-pulver-aphanizomenon-flos-aquae\/#primaryimage"},"thumbnailUrl":"https:\/\/www.phyt-inov.com\/wp-content\/uploads\/2025\/09\/Afalg-200-g.png","datePublished":"2020-02-26T14:18:06+00:00","dateModified":"2026-03-30T08:56:58+00:00","description":"Offizielles Phyt-Inov international\u00ae \u2013 f\u00fchrendes Schweizer Labor f\u00fcr Afalg Klamath-Alge (Dose mit reinem Pulver 200 g), Alge mit zahlreichen Vorz\u00fcgen dank ihrer au\u00dfergew\u00f6hnlichen N\u00e4hrstoffzusammensetzung mit \u00fcber 115 Mikron\u00e4hrstoffen. Sehr reich an Proteinen, Eisen, Vitaminen und Mineralstoffen. Tr\u00e4gt zur St\u00e4rkung des Immunsystems bei und hilft, das Risiko zu verringern, die kleinen typischen Winterkrankheiten zu bekommen.","breadcrumb":{"@id":"https:\/\/www.phyt-inov.com\/de\/produit\/afalg-doypack-pulver-aphanizomenon-flos-aquae\/#breadcrumb"},"inLanguage":"de","potentialAction":[{"@type":"ReadAction","target":["https:\/\/www.phyt-inov.com\/de\/produit\/afalg-doypack-pulver-aphanizomenon-flos-aquae\/"]}]},{"@type":"ImageObject","inLanguage":"de","@id":"https:\/\/www.phyt-inov.com\/de\/produit\/afalg-doypack-pulver-aphanizomenon-flos-aquae\/#primaryimage","url":"https:\/\/www.phyt-inov.com\/wp-content\/uploads\/2025\/09\/Afalg-200-g.png","contentUrl":"https:\/\/www.phyt-inov.com\/wp-content\/uploads\/2025\/09\/Afalg-200-g.png","width":6400,"height":8000,"caption":"Phyt-inov Afalg-Produkt"},{"@type":"BreadcrumbList","@id":"https:\/\/www.phyt-inov.com\/de\/produit\/afalg-doypack-pulver-aphanizomenon-flos-aquae\/#breadcrumb","itemListElement":[{"@type":"ListItem","position":1,"name":"Accueil","item":"https:\/\/www.phyt-inov.com\/de\/startseite\/"},{"@type":"ListItem","position":2,"name":"Shop","item":"https:\/\/www.phyt-inov.com\/de\/shop\/"},{"@type":"ListItem","position":3,"name":"Afalg Doypack Pulver Aphanizomenon Flos-Aquae"}]},{"@type":"WebSite","@id":"https:\/\/www.phyt-inov.com\/de\/#website","url":"https:\/\/www.phyt-inov.com\/de\/","name":"Phyt-Inov International","description":"L&#039;efficacit\u00e9 naturelle pour vos soins quotidiens","publisher":{"@id":"https:\/\/www.phyt-inov.com\/de\/#organization"},"alternateName":"phyt-inov","potentialAction":[{"@type":"SearchAction","target":{"@type":"EntryPoint","urlTemplate":"https:\/\/www.phyt-inov.com\/de\/?s={search_term_string}"},"query-input":{"@type":"PropertyValueSpecification","valueRequired":true,"valueName":"search_term_string"}}],"inLanguage":"de"},{"@type":"Organization","@id":"https:\/\/www.phyt-inov.com\/de\/#organization","name":"Phyt-Inov","alternateName":"Phyt-Inov","url":"https:\/\/www.phyt-inov.com\/de\/","logo":{"@type":"ImageObject","inLanguage":"de","@id":"https:\/\/www.phyt-inov.com\/de\/#\/schema\/logo\/image\/","url":"https:\/\/www.phyt-inov.com\/wp-content\/uploads\/2025\/09\/Logo-site-phyt-inov4_Plan-de-travail-1-2048x760-1.png","contentUrl":"https:\/\/www.phyt-inov.com\/wp-content\/uploads\/2025\/09\/Logo-site-phyt-inov4_Plan-de-travail-1-2048x760-1.png","width":2048,"height":760,"caption":"Phyt-Inov"},"image":{"@id":"https:\/\/www.phyt-inov.com\/de\/#\/schema\/logo\/image\/"},"sameAs":["https:\/\/www.facebook.com\/phytinov\/","https:\/\/www.youtube.com\/channel\/UCE05sYsSXuuKbLqs4Au3e4Q","https:\/\/www.instagram.com\/phytinov\/"]}]}},"jetpack_sharing_enabled":true,"_links":{"self":[{"href":"https:\/\/www.phyt-inov.com\/de\/wp-json\/wp\/v2\/product\/83467","targetHints":{"allow":["GET"]}}],"collection":[{"href":"https:\/\/www.phyt-inov.com\/de\/wp-json\/wp\/v2\/product"}],"about":[{"href":"https:\/\/www.phyt-inov.com\/de\/wp-json\/wp\/v2\/types\/product"}],"replies":[{"embeddable":true,"href":"https:\/\/www.phyt-inov.com\/de\/wp-json\/wp\/v2\/comments?post=83467"}],"wp:featuredmedia":[{"embeddable":true,"href":"https:\/\/www.phyt-inov.com\/de\/wp-json\/wp\/v2\/media\/83468"}],"wp:attachment":[{"href":"https:\/\/www.phyt-inov.com\/de\/wp-json\/wp\/v2\/media?parent=83467"}],"wp:term":[{"taxonomy":"product_brand","embeddable":true,"href":"https:\/\/www.phyt-inov.com\/de\/wp-json\/wp\/v2\/product_brand?post=83467"},{"taxonomy":"product_cat","embeddable":true,"href":"https:\/\/www.phyt-inov.com\/de\/wp-json\/wp\/v2\/product_cat?post=83467"},{"taxonomy":"product_tag","embeddable":true,"href":"https:\/\/www.phyt-inov.com\/de\/wp-json\/wp\/v2\/product_tag?post=83467"}],"curies":[{"name":"wp","href":"https:\/\/api.w.org\/{rel}","templated":true}]}}