{"id":83463,"date":"2020-02-28T15:36:56","date_gmt":"2020-02-28T15:36:56","guid":{"rendered":"https:\/\/www.phyt-inov.com\/produit\/das-geheimnis-der-voelker-ohne-krebs\/"},"modified":"2020-02-28T15:36:56","modified_gmt":"2020-02-28T15:36:56","slug":"das-geheimnis-der-voelker-ohne-krebs","status":"publish","type":"product","link":"https:\/\/www.phyt-inov.com\/de\/produit\/das-geheimnis-der-voelker-ohne-krebs\/","title":{"rendered":"Das Geheimnis der V\u00f6lker ohne Krebs"},"content":{"rendered":"<p>Autor: Dr. Jean-Pierre WILLEM <\/p>\n<p>Seiten: 461 Seiten<br \/>\nFormat: 16,20 x 24,00 x 2,30 cm<br \/>\nGewicht: 0,7300 kg<\/p>\n<p>Erscheinungsdatum: September 2021 (8. Auflage)<\/p>\n<p>Verlag: Dauphin<\/p>\n","protected":false},"excerpt":{"rendered":"<p>Basierend auf neuen Forschungen sowie theoretischen und praktischen Anwendungen, soll diese vollst\u00e4ndig aktualisierte Neuauflage dem Leser erkl\u00e4ren, was Krebs ist und wie man ihn vermeiden kann.<\/p>\n<p>Zum Beispiel leben die Hunza an der Grenze zwischen Indien und Kaschmir, die Bewohner des Tals der Hundertj\u00e4hrigen in Ecuador und die Einwohner der Insel Okinawa haupts\u00e4chlich von Naturprodukten und essen ma\u00dfvoll. Abgeschirmt von den Plagen des modernen Lebens, kennen diese Regionen keine Krankheit.<br \/>\nIn diesem mittlerweile zum Standardwerk avancierten Buch konzentriert sich Dr. Willem auf das Terrain, wie man es st\u00e4rken und ver\u00e4ndern kann, damit die Krankheit keinen Angriffspunkt mehr findet. Er entwickelt Fakten, Tests sowie pathogenetische und pharmakologische Argumente, die den richtigen Weg der aktiven Pr\u00e4vention aufzeigen, bestehend aus der Ans\u00e4uerung unseres Organismus und der St\u00e4rkung gesunder Zellen.  <\/p>\n<p>Neben einer fallweisen Bestandsaufnahme der neuesten medizinischen Fortschritte und einem Arsenal an Strategien zur Krankheitsbek\u00e4mpfung, stellt diese Neuauflage den Verlauf und die Behandlung von 44 Krebsarten dar, die in der Komplement\u00e4rmedizin behandelt werden. F\u00fcr jede Phase der Krankheitsentwicklung gibt es geeignete therapeutische Strategien. Dieses Buch ist heute ein Referenzwerk.  <\/p>\n","protected":false},"featured_media":83464,"comment_status":"open","ping_status":"closed","template":"","meta":{"_et_pb_use_builder":"","_et_pb_old_content":"","_et_gb_content_width":""},"product_brand":[],"product_cat":[133,134],"product_tag":[],"class_list":{"0":"post-83463","1":"product","2":"type-product","3":"status-publish","4":"has-post-thumbnail","6":"product_cat-bucher","7":"product_cat-bucher-von-jean-pierre-willem","9":"first","10":"instock","11":"shipping-taxable","12":"purchasable","13":"product-type-simple"},"yoast_head":"<!-- This site is optimized with the Yoast SEO plugin v27.3 - https:\/\/yoast.com\/product\/yoast-seo-wordpress\/ -->\n<title>Das Geheimnis der V\u00f6lker ohne Krebs - Phyt-Inov<\/title>\n<meta name=\"description\" content=\"Phyt-Inov - Das Geheimnis der V\u00f6lker ohne Krebs\" \/>\n<meta name=\"robots\" content=\"index, follow, max-snippet:-1, max-image-preview:large, max-video-preview:-1\" \/>\n<link rel=\"canonical\" href=\"https:\/\/www.phyt-inov.com\/de\/produit\/das-geheimnis-der-voelker-ohne-krebs\/\" \/>\n<meta property=\"og:locale\" content=\"de_DE\" \/>\n<meta property=\"og:type\" content=\"article\" \/>\n<meta property=\"og:title\" content=\"Das Geheimnis der V\u00f6lker ohne Krebs - Phyt-Inov\" \/>\n<meta property=\"og:description\" content=\"Phyt-Inov - Das Geheimnis der V\u00f6lker ohne Krebs\" \/>\n<meta property=\"og:url\" content=\"https:\/\/www.phyt-inov.com\/de\/produit\/das-geheimnis-der-voelker-ohne-krebs\/\" \/>\n<meta property=\"og:site_name\" content=\"Phyt-Inov\" \/>\n<meta property=\"article:publisher\" content=\"https:\/\/www.facebook.com\/phytinov\/\" \/>\n<meta property=\"og:image\" content=\"https:\/\/www.phyt-inov.com\/wp-content\/uploads\/2025\/09\/Le-secret-des-peuples-sans-cancer-2023-01.jpg\" \/>\n\t<meta property=\"og:image:width\" content=\"400\" \/>\n\t<meta property=\"og:image:height\" content=\"602\" \/>\n\t<meta property=\"og:image:type\" content=\"image\/jpeg\" \/>\n<meta name=\"twitter:card\" content=\"summary_large_image\" \/>\n<script type=\"application\/ld+json\" class=\"yoast-schema-graph\">{\"@context\":\"https:\\\/\\\/schema.org\",\"@graph\":[{\"@type\":\"WebPage\",\"@id\":\"https:\\\/\\\/www.phyt-inov.com\\\/de\\\/produit\\\/das-geheimnis-der-voelker-ohne-krebs\\\/\",\"url\":\"https:\\\/\\\/www.phyt-inov.com\\\/de\\\/produit\\\/das-geheimnis-der-voelker-ohne-krebs\\\/\",\"name\":\"Das Geheimnis der V\u00f6lker ohne Krebs - Phyt-Inov\",\"isPartOf\":{\"@id\":\"https:\\\/\\\/www.phyt-inov.com\\\/de\\\/#website\"},\"primaryImageOfPage\":{\"@id\":\"https:\\\/\\\/www.phyt-inov.com\\\/de\\\/produit\\\/das-geheimnis-der-voelker-ohne-krebs\\\/#primaryimage\"},\"image\":{\"@id\":\"https:\\\/\\\/www.phyt-inov.com\\\/de\\\/produit\\\/das-geheimnis-der-voelker-ohne-krebs\\\/#primaryimage\"},\"thumbnailUrl\":\"https:\\\/\\\/www.phyt-inov.com\\\/wp-content\\\/uploads\\\/2025\\\/09\\\/Le-secret-des-peuples-sans-cancer-2023-01.jpg\",\"datePublished\":\"2020-02-28T15:36:56+00:00\",\"description\":\"Phyt-Inov - Das Geheimnis der V\u00f6lker ohne Krebs\",\"breadcrumb\":{\"@id\":\"https:\\\/\\\/www.phyt-inov.com\\\/de\\\/produit\\\/das-geheimnis-der-voelker-ohne-krebs\\\/#breadcrumb\"},\"inLanguage\":\"de\",\"potentialAction\":[{\"@type\":\"ReadAction\",\"target\":[\"https:\\\/\\\/www.phyt-inov.com\\\/de\\\/produit\\\/das-geheimnis-der-voelker-ohne-krebs\\\/\"]}]},{\"@type\":\"ImageObject\",\"inLanguage\":\"de\",\"@id\":\"https:\\\/\\\/www.phyt-inov.com\\\/de\\\/produit\\\/das-geheimnis-der-voelker-ohne-krebs\\\/#primaryimage\",\"url\":\"https:\\\/\\\/www.phyt-inov.com\\\/wp-content\\\/uploads\\\/2025\\\/09\\\/Le-secret-des-peuples-sans-cancer-2023-01.jpg\",\"contentUrl\":\"https:\\\/\\\/www.phyt-inov.com\\\/wp-content\\\/uploads\\\/2025\\\/09\\\/Le-secret-des-peuples-sans-cancer-2023-01.jpg\",\"width\":400,\"height\":602,\"caption\":\"Buch Dr. Willem Das Geheimnis der V\u00f6lker ohne Krebs\"},{\"@type\":\"BreadcrumbList\",\"@id\":\"https:\\\/\\\/www.phyt-inov.com\\\/de\\\/produit\\\/das-geheimnis-der-voelker-ohne-krebs\\\/#breadcrumb\",\"itemListElement\":[{\"@type\":\"ListItem\",\"position\":1,\"name\":\"Accueil\",\"item\":\"https:\\\/\\\/www.phyt-inov.com\\\/de\\\/startseite\\\/\"},{\"@type\":\"ListItem\",\"position\":2,\"name\":\"Shop\",\"item\":\"https:\\\/\\\/www.phyt-inov.com\\\/de\\\/shop\\\/\"},{\"@type\":\"ListItem\",\"position\":3,\"name\":\"Das Geheimnis der V\u00f6lker ohne Krebs\"}]},{\"@type\":\"WebSite\",\"@id\":\"https:\\\/\\\/www.phyt-inov.com\\\/de\\\/#website\",\"url\":\"https:\\\/\\\/www.phyt-inov.com\\\/de\\\/\",\"name\":\"Phyt-Inov International\",\"description\":\"L&#039;efficacit\u00e9 naturelle pour vos soins quotidiens\",\"publisher\":{\"@id\":\"https:\\\/\\\/www.phyt-inov.com\\\/de\\\/#organization\"},\"alternateName\":\"phyt-inov\",\"potentialAction\":[{\"@type\":\"SearchAction\",\"target\":{\"@type\":\"EntryPoint\",\"urlTemplate\":\"https:\\\/\\\/www.phyt-inov.com\\\/de\\\/?s={search_term_string}\"},\"query-input\":{\"@type\":\"PropertyValueSpecification\",\"valueRequired\":true,\"valueName\":\"search_term_string\"}}],\"inLanguage\":\"de\"},{\"@type\":\"Organization\",\"@id\":\"https:\\\/\\\/www.phyt-inov.com\\\/de\\\/#organization\",\"name\":\"Phyt-Inov\",\"alternateName\":\"Phyt-Inov\",\"url\":\"https:\\\/\\\/www.phyt-inov.com\\\/de\\\/\",\"logo\":{\"@type\":\"ImageObject\",\"inLanguage\":\"de\",\"@id\":\"https:\\\/\\\/www.phyt-inov.com\\\/de\\\/#\\\/schema\\\/logo\\\/image\\\/\",\"url\":\"https:\\\/\\\/www.phyt-inov.com\\\/wp-content\\\/uploads\\\/2025\\\/09\\\/Logo-site-phyt-inov4_Plan-de-travail-1-2048x760-1.png\",\"contentUrl\":\"https:\\\/\\\/www.phyt-inov.com\\\/wp-content\\\/uploads\\\/2025\\\/09\\\/Logo-site-phyt-inov4_Plan-de-travail-1-2048x760-1.png\",\"width\":2048,\"height\":760,\"caption\":\"Phyt-Inov\"},\"image\":{\"@id\":\"https:\\\/\\\/www.phyt-inov.com\\\/de\\\/#\\\/schema\\\/logo\\\/image\\\/\"},\"sameAs\":[\"https:\\\/\\\/www.facebook.com\\\/phytinov\\\/\",\"https:\\\/\\\/www.youtube.com\\\/channel\\\/UCE05sYsSXuuKbLqs4Au3e4Q\",\"https:\\\/\\\/www.instagram.com\\\/phytinov\\\/\"]}]}<\/script>\n<!-- \/ Yoast SEO plugin. -->","yoast_head_json":{"title":"Das Geheimnis der V\u00f6lker ohne Krebs - Phyt-Inov","description":"Phyt-Inov - Das Geheimnis der V\u00f6lker ohne Krebs","robots":{"index":"index","follow":"follow","max-snippet":"max-snippet:-1","max-image-preview":"max-image-preview:large","max-video-preview":"max-video-preview:-1"},"canonical":"https:\/\/www.phyt-inov.com\/de\/produit\/das-geheimnis-der-voelker-ohne-krebs\/","og_locale":"de_DE","og_type":"article","og_title":"Das Geheimnis der V\u00f6lker ohne Krebs - Phyt-Inov","og_description":"Phyt-Inov - Das Geheimnis der V\u00f6lker ohne Krebs","og_url":"https:\/\/www.phyt-inov.com\/de\/produit\/das-geheimnis-der-voelker-ohne-krebs\/","og_site_name":"Phyt-Inov","article_publisher":"https:\/\/www.facebook.com\/phytinov\/","og_image":[{"width":400,"height":602,"url":"https:\/\/www.phyt-inov.com\/wp-content\/uploads\/2025\/09\/Le-secret-des-peuples-sans-cancer-2023-01.jpg","type":"image\/jpeg"}],"twitter_card":"summary_large_image","schema":{"@context":"https:\/\/schema.org","@graph":[{"@type":"WebPage","@id":"https:\/\/www.phyt-inov.com\/de\/produit\/das-geheimnis-der-voelker-ohne-krebs\/","url":"https:\/\/www.phyt-inov.com\/de\/produit\/das-geheimnis-der-voelker-ohne-krebs\/","name":"Das Geheimnis der V\u00f6lker ohne Krebs - Phyt-Inov","isPartOf":{"@id":"https:\/\/www.phyt-inov.com\/de\/#website"},"primaryImageOfPage":{"@id":"https:\/\/www.phyt-inov.com\/de\/produit\/das-geheimnis-der-voelker-ohne-krebs\/#primaryimage"},"image":{"@id":"https:\/\/www.phyt-inov.com\/de\/produit\/das-geheimnis-der-voelker-ohne-krebs\/#primaryimage"},"thumbnailUrl":"https:\/\/www.phyt-inov.com\/wp-content\/uploads\/2025\/09\/Le-secret-des-peuples-sans-cancer-2023-01.jpg","datePublished":"2020-02-28T15:36:56+00:00","description":"Phyt-Inov - Das Geheimnis der V\u00f6lker ohne Krebs","breadcrumb":{"@id":"https:\/\/www.phyt-inov.com\/de\/produit\/das-geheimnis-der-voelker-ohne-krebs\/#breadcrumb"},"inLanguage":"de","potentialAction":[{"@type":"ReadAction","target":["https:\/\/www.phyt-inov.com\/de\/produit\/das-geheimnis-der-voelker-ohne-krebs\/"]}]},{"@type":"ImageObject","inLanguage":"de","@id":"https:\/\/www.phyt-inov.com\/de\/produit\/das-geheimnis-der-voelker-ohne-krebs\/#primaryimage","url":"https:\/\/www.phyt-inov.com\/wp-content\/uploads\/2025\/09\/Le-secret-des-peuples-sans-cancer-2023-01.jpg","contentUrl":"https:\/\/www.phyt-inov.com\/wp-content\/uploads\/2025\/09\/Le-secret-des-peuples-sans-cancer-2023-01.jpg","width":400,"height":602,"caption":"Buch Dr. Willem Das Geheimnis der V\u00f6lker ohne Krebs"},{"@type":"BreadcrumbList","@id":"https:\/\/www.phyt-inov.com\/de\/produit\/das-geheimnis-der-voelker-ohne-krebs\/#breadcrumb","itemListElement":[{"@type":"ListItem","position":1,"name":"Accueil","item":"https:\/\/www.phyt-inov.com\/de\/startseite\/"},{"@type":"ListItem","position":2,"name":"Shop","item":"https:\/\/www.phyt-inov.com\/de\/shop\/"},{"@type":"ListItem","position":3,"name":"Das Geheimnis der V\u00f6lker ohne Krebs"}]},{"@type":"WebSite","@id":"https:\/\/www.phyt-inov.com\/de\/#website","url":"https:\/\/www.phyt-inov.com\/de\/","name":"Phyt-Inov International","description":"L&#039;efficacit\u00e9 naturelle pour vos soins quotidiens","publisher":{"@id":"https:\/\/www.phyt-inov.com\/de\/#organization"},"alternateName":"phyt-inov","potentialAction":[{"@type":"SearchAction","target":{"@type":"EntryPoint","urlTemplate":"https:\/\/www.phyt-inov.com\/de\/?s={search_term_string}"},"query-input":{"@type":"PropertyValueSpecification","valueRequired":true,"valueName":"search_term_string"}}],"inLanguage":"de"},{"@type":"Organization","@id":"https:\/\/www.phyt-inov.com\/de\/#organization","name":"Phyt-Inov","alternateName":"Phyt-Inov","url":"https:\/\/www.phyt-inov.com\/de\/","logo":{"@type":"ImageObject","inLanguage":"de","@id":"https:\/\/www.phyt-inov.com\/de\/#\/schema\/logo\/image\/","url":"https:\/\/www.phyt-inov.com\/wp-content\/uploads\/2025\/09\/Logo-site-phyt-inov4_Plan-de-travail-1-2048x760-1.png","contentUrl":"https:\/\/www.phyt-inov.com\/wp-content\/uploads\/2025\/09\/Logo-site-phyt-inov4_Plan-de-travail-1-2048x760-1.png","width":2048,"height":760,"caption":"Phyt-Inov"},"image":{"@id":"https:\/\/www.phyt-inov.com\/de\/#\/schema\/logo\/image\/"},"sameAs":["https:\/\/www.facebook.com\/phytinov\/","https:\/\/www.youtube.com\/channel\/UCE05sYsSXuuKbLqs4Au3e4Q","https:\/\/www.instagram.com\/phytinov\/"]}]}},"jetpack_sharing_enabled":true,"_links":{"self":[{"href":"https:\/\/www.phyt-inov.com\/de\/wp-json\/wp\/v2\/product\/83463","targetHints":{"allow":["GET"]}}],"collection":[{"href":"https:\/\/www.phyt-inov.com\/de\/wp-json\/wp\/v2\/product"}],"about":[{"href":"https:\/\/www.phyt-inov.com\/de\/wp-json\/wp\/v2\/types\/product"}],"replies":[{"embeddable":true,"href":"https:\/\/www.phyt-inov.com\/de\/wp-json\/wp\/v2\/comments?post=83463"}],"wp:featuredmedia":[{"embeddable":true,"href":"https:\/\/www.phyt-inov.com\/de\/wp-json\/wp\/v2\/media\/83464"}],"wp:attachment":[{"href":"https:\/\/www.phyt-inov.com\/de\/wp-json\/wp\/v2\/media?parent=83463"}],"wp:term":[{"taxonomy":"product_brand","embeddable":true,"href":"https:\/\/www.phyt-inov.com\/de\/wp-json\/wp\/v2\/product_brand?post=83463"},{"taxonomy":"product_cat","embeddable":true,"href":"https:\/\/www.phyt-inov.com\/de\/wp-json\/wp\/v2\/product_cat?post=83463"},{"taxonomy":"product_tag","embeddable":true,"href":"https:\/\/www.phyt-inov.com\/de\/wp-json\/wp\/v2\/product_tag?post=83463"}],"curies":[{"name":"wp","href":"https:\/\/api.w.org\/{rel}","templated":true}]}}