{"id":83451,"date":"2020-10-03T11:18:35","date_gmt":"2020-10-03T11:18:35","guid":{"rendered":"https:\/\/www.phyt-inov.com\/produit\/bioline-bio-leinoel\/"},"modified":"2026-03-30T08:56:02","modified_gmt":"2026-03-30T08:56:02","slug":"bioline-bio-leinoel","status":"publish","type":"product","link":"https:\/\/www.phyt-inov.com\/de\/produit\/bioline-bio-leinoel\/","title":{"rendered":"Bioline (Bio-Lein\u00f6l)"},"content":{"rendered":"<p>Dose mit 100 Weichkapseln \u00e0 1.000 mg. Nettogewicht: 155 g. Verzehrempfehlung: 2- bis 3-mal t\u00e4glich 1 bis 2 Kapseln zu den Mahlzeiten.  <\/p>\n","protected":false},"excerpt":{"rendered":"<p>Das Bio-Lein\u00f6l von Phyt-Inov wird ausschlie\u00dflich in Kapseln angeboten, um Oxidation und damit Haltbarkeitsprobleme zu vermeiden.<br \/>\nDie Hauptanwendungen von Lein\u00f6l ergeben sich aus seinem Reichtum an mehrfach unges\u00e4ttigten Fetts\u00e4uren (ca. 70 %), insbesondere Linolens\u00e4ure und Linols\u00e4ure, denen es seinen Namen verdankt. Essenzielle Fetts\u00e4uren, insbesondere Omega-3-Fetts\u00e4uren, sind f\u00fcr die K\u00f6rperzellen lebensnotwendig. Das Gehirn und das Nervensystem bestehen zu mehr als 50 % aus essenziellen Fetts\u00e4uren.<br \/>\nLein\u00f6l ist eine der wenigen pflanzlichen Omega-3-Quellen. Es ist mit Abstand am reichsten an ALA (Alpha-Linolens\u00e4ure). Eicosapentaens\u00e4ure (EPA) und Docosahexaens\u00e4ure (DHA) werden anschlie\u00dfend im K\u00f6rper synthetisiert.   <\/p>\n<p>Alpha-Linolens\u00e4ure (ALA) tr\u00e4gt zur Aufrechterhaltung eines normalen Cholesterinspiegels bei. Diese positive Wirkung stellt sich bei einer t\u00e4glichen Aufnahme von 2 g ALA ein. <\/p>\n<p>Lein\u00f6l kann von Frauen in den Wechseljahren zur F\u00f6rderung des Wohlbefindens verwendet werden.<\/p>\n","protected":false},"featured_media":83452,"comment_status":"open","ping_status":"closed","template":"","meta":{"_et_pb_use_builder":"off","_et_pb_old_content":"Dose mit 100 Weichkapseln \u00e0 1.000 mg.\n\nNettogewicht: 155 g.\n\nVerzehrempfehlung: 2- bis 3-mal t\u00e4glich 1 bis 2 Kapseln zu den Mahlzeiten.","_et_gb_content_width":""},"product_brand":[],"product_cat":[106,142,141,144,123,143,128,127],"product_tag":[],"class_list":{"0":"post-83451","1":"product","2":"type-product","3":"status-publish","4":"has-post-thumbnail","6":"product_cat-angebote","7":"product_cat-entzundliche-beschwerden","8":"product_cat-hormonelles-gleichgewicht","9":"product_cat-hygiene-schonheit-und-hautpflege","10":"product_cat-kardiovaskulare-harmonie","11":"product_cat-stoffwechselstorungen","12":"product_cat-tiere","13":"product_cat-wohlbefinden-fur-frauen","15":"first","16":"instock","17":"shipping-taxable","18":"purchasable","19":"product-type-variable"},"yoast_head":"<!-- This site is optimized with the Yoast SEO plugin v27.3 - https:\/\/yoast.com\/product\/yoast-seo-wordpress\/ -->\n<title>Reines Bio-Lein\u00f6l f\u00fcr Wohlbefinden \u2013 reich an essenziellen Fetts\u00e4uren\/Omega-3\/Mineralstoffen \u2013 100 Kapseln \u00e0 1000 mg | Phyt-inov.com<\/title>\n<meta name=\"description\" content=\"Phyt-Inov international\u00ae offiziell, ein Schweizer Labor, entwickelt mit JP Willem Bioline (100 Weichkapseln \u00e0 1000 mg), eine echte Verb\u00fcndete f\u00fcr Gesundheit und Sch\u00f6nheit. Dieses \u00d6l besitzt entz\u00fcndungshemmende Eigenschaften; die Omega-3-Konzentration tr\u00e4gt zu einer gesunden Entwicklung und Gesundheit bei. F\u00f6rdert die emotionale Stabilit\u00e4t.\" \/>\n<meta name=\"robots\" content=\"index, follow, max-snippet:-1, max-image-preview:large, max-video-preview:-1\" \/>\n<link rel=\"canonical\" href=\"https:\/\/www.phyt-inov.com\/de\/produit\/bioline-bio-leinoel\/\" \/>\n<meta property=\"og:locale\" content=\"de_DE\" \/>\n<meta property=\"og:type\" content=\"article\" \/>\n<meta property=\"og:title\" content=\"Reines Bio-Lein\u00f6l f\u00fcr Wohlbefinden \u2013 reich an essenziellen Fetts\u00e4uren\/Omega-3\/Mineralstoffen \u2013 100 Kapseln \u00e0 1000 mg | Phyt-inov.com\" \/>\n<meta property=\"og:description\" content=\"Phyt-Inov international\u00ae offiziell, ein Schweizer Labor, entwickelt mit JP Willem Bioline (100 Weichkapseln \u00e0 1000 mg), eine echte Verb\u00fcndete f\u00fcr Gesundheit und Sch\u00f6nheit. Dieses \u00d6l besitzt entz\u00fcndungshemmende Eigenschaften; die Omega-3-Konzentration tr\u00e4gt zu einer gesunden Entwicklung und Gesundheit bei. F\u00f6rdert die emotionale Stabilit\u00e4t.\" \/>\n<meta property=\"og:url\" content=\"https:\/\/www.phyt-inov.com\/de\/produit\/bioline-bio-leinoel\/\" \/>\n<meta property=\"og:site_name\" content=\"Phyt-Inov\" \/>\n<meta property=\"article:publisher\" content=\"https:\/\/www.facebook.com\/phytinov\/\" \/>\n<meta property=\"article:modified_time\" content=\"2026-03-30T08:56:02+00:00\" \/>\n<meta property=\"og:image\" content=\"https:\/\/www.phyt-inov.com\/wp-content\/uploads\/2020\/10\/Image-Bioline-2025-03-Phyt-Inov-Canva.png\" \/>\n\t<meta property=\"og:image:width\" content=\"2048\" \/>\n\t<meta property=\"og:image:height\" content=\"2560\" \/>\n\t<meta property=\"og:image:type\" content=\"image\/png\" \/>\n<meta name=\"twitter:card\" content=\"summary_large_image\" \/>\n<script type=\"application\/ld+json\" class=\"yoast-schema-graph\">{\"@context\":\"https:\\\/\\\/schema.org\",\"@graph\":[{\"@type\":\"WebPage\",\"@id\":\"https:\\\/\\\/www.phyt-inov.com\\\/de\\\/produit\\\/bioline-bio-leinoel\\\/\",\"url\":\"https:\\\/\\\/www.phyt-inov.com\\\/de\\\/produit\\\/bioline-bio-leinoel\\\/\",\"name\":\"Reines Bio-Lein\u00f6l f\u00fcr Wohlbefinden \u2013 reich an essenziellen Fetts\u00e4uren\\\/Omega-3\\\/Mineralstoffen \u2013 100 Kapseln \u00e0 1000 mg | Phyt-inov.com\",\"isPartOf\":{\"@id\":\"https:\\\/\\\/www.phyt-inov.com\\\/de\\\/#website\"},\"primaryImageOfPage\":{\"@id\":\"https:\\\/\\\/www.phyt-inov.com\\\/de\\\/produit\\\/bioline-bio-leinoel\\\/#primaryimage\"},\"image\":{\"@id\":\"https:\\\/\\\/www.phyt-inov.com\\\/de\\\/produit\\\/bioline-bio-leinoel\\\/#primaryimage\"},\"thumbnailUrl\":\"https:\\\/\\\/www.phyt-inov.com\\\/wp-content\\\/uploads\\\/2020\\\/10\\\/Image-Bioline-2025-03-Phyt-Inov-Canva.png\",\"datePublished\":\"2020-10-03T11:18:35+00:00\",\"dateModified\":\"2026-03-30T08:56:02+00:00\",\"description\":\"Phyt-Inov international\u00ae offiziell, ein Schweizer Labor, entwickelt mit JP Willem Bioline (100 Weichkapseln \u00e0 1000 mg), eine echte Verb\u00fcndete f\u00fcr Gesundheit und Sch\u00f6nheit. Dieses \u00d6l besitzt entz\u00fcndungshemmende Eigenschaften; die Omega-3-Konzentration tr\u00e4gt zu einer gesunden Entwicklung und Gesundheit bei. F\u00f6rdert die emotionale Stabilit\u00e4t.\",\"breadcrumb\":{\"@id\":\"https:\\\/\\\/www.phyt-inov.com\\\/de\\\/produit\\\/bioline-bio-leinoel\\\/#breadcrumb\"},\"inLanguage\":\"de\",\"potentialAction\":[{\"@type\":\"ReadAction\",\"target\":[\"https:\\\/\\\/www.phyt-inov.com\\\/de\\\/produit\\\/bioline-bio-leinoel\\\/\"]}]},{\"@type\":\"ImageObject\",\"inLanguage\":\"de\",\"@id\":\"https:\\\/\\\/www.phyt-inov.com\\\/de\\\/produit\\\/bioline-bio-leinoel\\\/#primaryimage\",\"url\":\"https:\\\/\\\/www.phyt-inov.com\\\/wp-content\\\/uploads\\\/2020\\\/10\\\/Image-Bioline-2025-03-Phyt-Inov-Canva.png\",\"contentUrl\":\"https:\\\/\\\/www.phyt-inov.com\\\/wp-content\\\/uploads\\\/2020\\\/10\\\/Image-Bioline-2025-03-Phyt-Inov-Canva.png\",\"width\":2048,\"height\":2560,\"caption\":\"phyt-inov Produkt Bioline\"},{\"@type\":\"BreadcrumbList\",\"@id\":\"https:\\\/\\\/www.phyt-inov.com\\\/de\\\/produit\\\/bioline-bio-leinoel\\\/#breadcrumb\",\"itemListElement\":[{\"@type\":\"ListItem\",\"position\":1,\"name\":\"Accueil\",\"item\":\"https:\\\/\\\/www.phyt-inov.com\\\/de\\\/startseite\\\/\"},{\"@type\":\"ListItem\",\"position\":2,\"name\":\"Shop\",\"item\":\"https:\\\/\\\/www.phyt-inov.com\\\/de\\\/shop\\\/\"},{\"@type\":\"ListItem\",\"position\":3,\"name\":\"Bioline (Bio-Lein\u00f6l)\"}]},{\"@type\":\"WebSite\",\"@id\":\"https:\\\/\\\/www.phyt-inov.com\\\/de\\\/#website\",\"url\":\"https:\\\/\\\/www.phyt-inov.com\\\/de\\\/\",\"name\":\"Phyt-Inov International\",\"description\":\"L&#039;efficacit\u00e9 naturelle pour vos soins quotidiens\",\"publisher\":{\"@id\":\"https:\\\/\\\/www.phyt-inov.com\\\/de\\\/#organization\"},\"alternateName\":\"phyt-inov\",\"potentialAction\":[{\"@type\":\"SearchAction\",\"target\":{\"@type\":\"EntryPoint\",\"urlTemplate\":\"https:\\\/\\\/www.phyt-inov.com\\\/de\\\/?s={search_term_string}\"},\"query-input\":{\"@type\":\"PropertyValueSpecification\",\"valueRequired\":true,\"valueName\":\"search_term_string\"}}],\"inLanguage\":\"de\"},{\"@type\":\"Organization\",\"@id\":\"https:\\\/\\\/www.phyt-inov.com\\\/de\\\/#organization\",\"name\":\"Phyt-Inov\",\"alternateName\":\"Phyt-Inov\",\"url\":\"https:\\\/\\\/www.phyt-inov.com\\\/de\\\/\",\"logo\":{\"@type\":\"ImageObject\",\"inLanguage\":\"de\",\"@id\":\"https:\\\/\\\/www.phyt-inov.com\\\/de\\\/#\\\/schema\\\/logo\\\/image\\\/\",\"url\":\"https:\\\/\\\/www.phyt-inov.com\\\/wp-content\\\/uploads\\\/2025\\\/09\\\/Logo-site-phyt-inov4_Plan-de-travail-1-2048x760-1.png\",\"contentUrl\":\"https:\\\/\\\/www.phyt-inov.com\\\/wp-content\\\/uploads\\\/2025\\\/09\\\/Logo-site-phyt-inov4_Plan-de-travail-1-2048x760-1.png\",\"width\":2048,\"height\":760,\"caption\":\"Phyt-Inov\"},\"image\":{\"@id\":\"https:\\\/\\\/www.phyt-inov.com\\\/de\\\/#\\\/schema\\\/logo\\\/image\\\/\"},\"sameAs\":[\"https:\\\/\\\/www.facebook.com\\\/phytinov\\\/\",\"https:\\\/\\\/www.youtube.com\\\/channel\\\/UCE05sYsSXuuKbLqs4Au3e4Q\",\"https:\\\/\\\/www.instagram.com\\\/phytinov\\\/\"]}]}<\/script>\n<!-- \/ Yoast SEO plugin. -->","yoast_head_json":{"title":"Reines Bio-Lein\u00f6l f\u00fcr Wohlbefinden \u2013 reich an essenziellen Fetts\u00e4uren\/Omega-3\/Mineralstoffen \u2013 100 Kapseln \u00e0 1000 mg | Phyt-inov.com","description":"Phyt-Inov international\u00ae offiziell, ein Schweizer Labor, entwickelt mit JP Willem Bioline (100 Weichkapseln \u00e0 1000 mg), eine echte Verb\u00fcndete f\u00fcr Gesundheit und Sch\u00f6nheit. Dieses \u00d6l besitzt entz\u00fcndungshemmende Eigenschaften; die Omega-3-Konzentration tr\u00e4gt zu einer gesunden Entwicklung und Gesundheit bei. F\u00f6rdert die emotionale Stabilit\u00e4t.","robots":{"index":"index","follow":"follow","max-snippet":"max-snippet:-1","max-image-preview":"max-image-preview:large","max-video-preview":"max-video-preview:-1"},"canonical":"https:\/\/www.phyt-inov.com\/de\/produit\/bioline-bio-leinoel\/","og_locale":"de_DE","og_type":"article","og_title":"Reines Bio-Lein\u00f6l f\u00fcr Wohlbefinden \u2013 reich an essenziellen Fetts\u00e4uren\/Omega-3\/Mineralstoffen \u2013 100 Kapseln \u00e0 1000 mg | Phyt-inov.com","og_description":"Phyt-Inov international\u00ae offiziell, ein Schweizer Labor, entwickelt mit JP Willem Bioline (100 Weichkapseln \u00e0 1000 mg), eine echte Verb\u00fcndete f\u00fcr Gesundheit und Sch\u00f6nheit. Dieses \u00d6l besitzt entz\u00fcndungshemmende Eigenschaften; die Omega-3-Konzentration tr\u00e4gt zu einer gesunden Entwicklung und Gesundheit bei. F\u00f6rdert die emotionale Stabilit\u00e4t.","og_url":"https:\/\/www.phyt-inov.com\/de\/produit\/bioline-bio-leinoel\/","og_site_name":"Phyt-Inov","article_publisher":"https:\/\/www.facebook.com\/phytinov\/","article_modified_time":"2026-03-30T08:56:02+00:00","og_image":[{"width":2048,"height":2560,"url":"https:\/\/www.phyt-inov.com\/wp-content\/uploads\/2020\/10\/Image-Bioline-2025-03-Phyt-Inov-Canva.png","type":"image\/png"}],"twitter_card":"summary_large_image","schema":{"@context":"https:\/\/schema.org","@graph":[{"@type":"WebPage","@id":"https:\/\/www.phyt-inov.com\/de\/produit\/bioline-bio-leinoel\/","url":"https:\/\/www.phyt-inov.com\/de\/produit\/bioline-bio-leinoel\/","name":"Reines Bio-Lein\u00f6l f\u00fcr Wohlbefinden \u2013 reich an essenziellen Fetts\u00e4uren\/Omega-3\/Mineralstoffen \u2013 100 Kapseln \u00e0 1000 mg | Phyt-inov.com","isPartOf":{"@id":"https:\/\/www.phyt-inov.com\/de\/#website"},"primaryImageOfPage":{"@id":"https:\/\/www.phyt-inov.com\/de\/produit\/bioline-bio-leinoel\/#primaryimage"},"image":{"@id":"https:\/\/www.phyt-inov.com\/de\/produit\/bioline-bio-leinoel\/#primaryimage"},"thumbnailUrl":"https:\/\/www.phyt-inov.com\/wp-content\/uploads\/2020\/10\/Image-Bioline-2025-03-Phyt-Inov-Canva.png","datePublished":"2020-10-03T11:18:35+00:00","dateModified":"2026-03-30T08:56:02+00:00","description":"Phyt-Inov international\u00ae offiziell, ein Schweizer Labor, entwickelt mit JP Willem Bioline (100 Weichkapseln \u00e0 1000 mg), eine echte Verb\u00fcndete f\u00fcr Gesundheit und Sch\u00f6nheit. Dieses \u00d6l besitzt entz\u00fcndungshemmende Eigenschaften; die Omega-3-Konzentration tr\u00e4gt zu einer gesunden Entwicklung und Gesundheit bei. F\u00f6rdert die emotionale Stabilit\u00e4t.","breadcrumb":{"@id":"https:\/\/www.phyt-inov.com\/de\/produit\/bioline-bio-leinoel\/#breadcrumb"},"inLanguage":"de","potentialAction":[{"@type":"ReadAction","target":["https:\/\/www.phyt-inov.com\/de\/produit\/bioline-bio-leinoel\/"]}]},{"@type":"ImageObject","inLanguage":"de","@id":"https:\/\/www.phyt-inov.com\/de\/produit\/bioline-bio-leinoel\/#primaryimage","url":"https:\/\/www.phyt-inov.com\/wp-content\/uploads\/2020\/10\/Image-Bioline-2025-03-Phyt-Inov-Canva.png","contentUrl":"https:\/\/www.phyt-inov.com\/wp-content\/uploads\/2020\/10\/Image-Bioline-2025-03-Phyt-Inov-Canva.png","width":2048,"height":2560,"caption":"phyt-inov Produkt Bioline"},{"@type":"BreadcrumbList","@id":"https:\/\/www.phyt-inov.com\/de\/produit\/bioline-bio-leinoel\/#breadcrumb","itemListElement":[{"@type":"ListItem","position":1,"name":"Accueil","item":"https:\/\/www.phyt-inov.com\/de\/startseite\/"},{"@type":"ListItem","position":2,"name":"Shop","item":"https:\/\/www.phyt-inov.com\/de\/shop\/"},{"@type":"ListItem","position":3,"name":"Bioline (Bio-Lein\u00f6l)"}]},{"@type":"WebSite","@id":"https:\/\/www.phyt-inov.com\/de\/#website","url":"https:\/\/www.phyt-inov.com\/de\/","name":"Phyt-Inov International","description":"L&#039;efficacit\u00e9 naturelle pour vos soins quotidiens","publisher":{"@id":"https:\/\/www.phyt-inov.com\/de\/#organization"},"alternateName":"phyt-inov","potentialAction":[{"@type":"SearchAction","target":{"@type":"EntryPoint","urlTemplate":"https:\/\/www.phyt-inov.com\/de\/?s={search_term_string}"},"query-input":{"@type":"PropertyValueSpecification","valueRequired":true,"valueName":"search_term_string"}}],"inLanguage":"de"},{"@type":"Organization","@id":"https:\/\/www.phyt-inov.com\/de\/#organization","name":"Phyt-Inov","alternateName":"Phyt-Inov","url":"https:\/\/www.phyt-inov.com\/de\/","logo":{"@type":"ImageObject","inLanguage":"de","@id":"https:\/\/www.phyt-inov.com\/de\/#\/schema\/logo\/image\/","url":"https:\/\/www.phyt-inov.com\/wp-content\/uploads\/2025\/09\/Logo-site-phyt-inov4_Plan-de-travail-1-2048x760-1.png","contentUrl":"https:\/\/www.phyt-inov.com\/wp-content\/uploads\/2025\/09\/Logo-site-phyt-inov4_Plan-de-travail-1-2048x760-1.png","width":2048,"height":760,"caption":"Phyt-Inov"},"image":{"@id":"https:\/\/www.phyt-inov.com\/de\/#\/schema\/logo\/image\/"},"sameAs":["https:\/\/www.facebook.com\/phytinov\/","https:\/\/www.youtube.com\/channel\/UCE05sYsSXuuKbLqs4Au3e4Q","https:\/\/www.instagram.com\/phytinov\/"]}]}},"jetpack_sharing_enabled":true,"_links":{"self":[{"href":"https:\/\/www.phyt-inov.com\/de\/wp-json\/wp\/v2\/product\/83451","targetHints":{"allow":["GET"]}}],"collection":[{"href":"https:\/\/www.phyt-inov.com\/de\/wp-json\/wp\/v2\/product"}],"about":[{"href":"https:\/\/www.phyt-inov.com\/de\/wp-json\/wp\/v2\/types\/product"}],"replies":[{"embeddable":true,"href":"https:\/\/www.phyt-inov.com\/de\/wp-json\/wp\/v2\/comments?post=83451"}],"wp:featuredmedia":[{"embeddable":true,"href":"https:\/\/www.phyt-inov.com\/de\/wp-json\/wp\/v2\/media\/83452"}],"wp:attachment":[{"href":"https:\/\/www.phyt-inov.com\/de\/wp-json\/wp\/v2\/media?parent=83451"}],"wp:term":[{"taxonomy":"product_brand","embeddable":true,"href":"https:\/\/www.phyt-inov.com\/de\/wp-json\/wp\/v2\/product_brand?post=83451"},{"taxonomy":"product_cat","embeddable":true,"href":"https:\/\/www.phyt-inov.com\/de\/wp-json\/wp\/v2\/product_cat?post=83451"},{"taxonomy":"product_tag","embeddable":true,"href":"https:\/\/www.phyt-inov.com\/de\/wp-json\/wp\/v2\/product_tag?post=83451"}],"curies":[{"name":"wp","href":"https:\/\/api.w.org\/{rel}","templated":true}]}}