{"id":83449,"date":"2020-02-28T16:30:03","date_gmt":"2020-02-28T16:30:03","guid":{"rendered":"https:\/\/www.phyt-inov.com\/produit\/stress-depression-und-verhaltensstoerungen\/"},"modified":"2020-02-28T16:30:03","modified_gmt":"2020-02-28T16:30:03","slug":"stress-depression-und-verhaltensstoerungen","status":"publish","type":"product","link":"https:\/\/www.phyt-inov.com\/de\/produit\/stress-depression-und-verhaltensstoerungen\/","title":{"rendered":"Stress, Depression und Verhaltensst\u00f6rungen"},"content":{"rendered":"<p>Autor: Dr. Jean-Pierre WILLEM <\/p>\n<p>Seitenzahl: 351 Seiten<br \/>\nFormat: 24,00 x 16,00 x 2,90 cm<br \/>\nGewicht: 0,5630 kg<\/p>\n<p>Erscheinungsdatum: Februar 2013<\/p>\n<p>Verlag: Tredaniel La Maisnie<\/p>\n","protected":false},"excerpt":{"rendered":"<p>Stress, Depression und Verhaltensst\u00f6rungen \u2013 Ein neuer Ansatz ohne Chemikalien, der aufr\u00fcttelt!<br \/>\nStress und Angstst\u00f6rungen, heute als Syndrome der \u201eKrankheit des Jahrhunderts\u201c bezeichnet, stellen f\u00fcr Pharmaunternehmen einen besonders lukrativen Markt dar. Dabei k\u00f6nnen viele Naturprodukte die Medikamente der chemischen Allopathie problemlos ersetzen.<br \/>\nStress, Depression und Verhaltensst\u00f6rungen \u2013 Ein neuer Ansatz ohne Chemikalien liefert die notwendigen Informationen zum Verst\u00e4ndnis der unter dem Oberbegriff \u201eAngstst\u00f6rungen\u201c zusammengefassten Pathologien: Angst und Beklemmung, Burn-out und \u00dcberlastung, Unwohlsein und Depression, Hyperaktivit\u00e4t, Schlaflosigkeit und Schlafst\u00f6rungen, Schizophrenie und Spasmophilie&#8230;<br \/>\nEs bietet zudem L\u00f6sungen aus der Komplement\u00e4r- und Naturheilkunde an, um diese unter Ber\u00fccksichtigung der K\u00f6rperphysiologie und der psychischen Mechanismen zu behandeln. Denn f\u00fcr den Autor werden viele dieser St\u00f6rungen durch Medikamente verursacht oder aufrechterhalten. Das Beispiel der Alzheimer-Krankheit ist in dieser Hinsicht besonders aussagekr\u00e4ftig.<br \/>\nEin Buch als \u201eWutrede\u201c gegen den unbedachten Einsatz von Psychopharmaka. Einfache, wirksame und bew\u00e4hrte Techniken, um dem Triptychon aus Anxiolytika, Antidepressiva und Hypnotika zu entkommen.<br \/>\nEine Sammlung von Ratschl\u00e4gen und Heilmitteln (Pflanzen und Nahrungserg\u00e4nzungsmittel), die die nat\u00fcrlichsten L\u00f6sungen darstellen, um die Psyche wieder in ihr Gleichgewicht zu bringen.    <\/p>\n","protected":false},"featured_media":83450,"comment_status":"open","ping_status":"closed","template":"","meta":{"_et_pb_use_builder":"","_et_pb_old_content":"","_et_gb_content_width":""},"product_brand":[],"product_cat":[133,134],"product_tag":[],"class_list":{"0":"post-83449","1":"product","2":"type-product","3":"status-publish","4":"has-post-thumbnail","6":"product_cat-bucher","7":"product_cat-bucher-von-jean-pierre-willem","9":"first","10":"outofstock","11":"shipping-taxable","12":"purchasable","13":"product-type-simple"},"yoast_head":"<!-- This site is optimized with the Yoast SEO plugin v27.3 - https:\/\/yoast.com\/product\/yoast-seo-wordpress\/ -->\n<title>Stress, Depression und Verhaltensst\u00f6rungen - Phyt-Inov<\/title>\n<meta name=\"description\" content=\"Phyt-Inov - Stress, Depression und Verhaltensst\u00f6rungen\" \/>\n<meta name=\"robots\" content=\"index, follow, max-snippet:-1, max-image-preview:large, max-video-preview:-1\" \/>\n<link rel=\"canonical\" href=\"https:\/\/www.phyt-inov.com\/de\/produit\/stress-depression-und-verhaltensstoerungen\/\" \/>\n<meta property=\"og:locale\" content=\"de_DE\" \/>\n<meta property=\"og:type\" content=\"article\" \/>\n<meta property=\"og:title\" content=\"Stress, Depression und Verhaltensst\u00f6rungen - Phyt-Inov\" \/>\n<meta property=\"og:description\" content=\"Phyt-Inov - Stress, Depression und Verhaltensst\u00f6rungen\" \/>\n<meta property=\"og:url\" content=\"https:\/\/www.phyt-inov.com\/de\/produit\/stress-depression-und-verhaltensstoerungen\/\" \/>\n<meta property=\"og:site_name\" content=\"Phyt-Inov\" \/>\n<meta property=\"article:publisher\" content=\"https:\/\/www.facebook.com\/phytinov\/\" \/>\n<meta property=\"og:image\" content=\"https:\/\/www.phyt-inov.com\/wp-content\/uploads\/2025\/09\/Stress-depression-et-troubles-du-comportement-2.jpg\" \/>\n\t<meta property=\"og:image:width\" content=\"250\" \/>\n\t<meta property=\"og:image:height\" content=\"377\" \/>\n\t<meta property=\"og:image:type\" content=\"image\/jpeg\" \/>\n<meta name=\"twitter:card\" content=\"summary_large_image\" \/>\n<script type=\"application\/ld+json\" class=\"yoast-schema-graph\">{\"@context\":\"https:\\\/\\\/schema.org\",\"@graph\":[{\"@type\":\"WebPage\",\"@id\":\"https:\\\/\\\/www.phyt-inov.com\\\/de\\\/produit\\\/stress-depression-und-verhaltensstoerungen\\\/\",\"url\":\"https:\\\/\\\/www.phyt-inov.com\\\/de\\\/produit\\\/stress-depression-und-verhaltensstoerungen\\\/\",\"name\":\"Stress, Depression und Verhaltensst\u00f6rungen - Phyt-Inov\",\"isPartOf\":{\"@id\":\"https:\\\/\\\/www.phyt-inov.com\\\/de\\\/#website\"},\"primaryImageOfPage\":{\"@id\":\"https:\\\/\\\/www.phyt-inov.com\\\/de\\\/produit\\\/stress-depression-und-verhaltensstoerungen\\\/#primaryimage\"},\"image\":{\"@id\":\"https:\\\/\\\/www.phyt-inov.com\\\/de\\\/produit\\\/stress-depression-und-verhaltensstoerungen\\\/#primaryimage\"},\"thumbnailUrl\":\"https:\\\/\\\/www.phyt-inov.com\\\/wp-content\\\/uploads\\\/2025\\\/09\\\/Stress-depression-et-troubles-du-comportement-2.jpg\",\"datePublished\":\"2020-02-28T16:30:03+00:00\",\"description\":\"Phyt-Inov - Stress, Depression und Verhaltensst\u00f6rungen\",\"breadcrumb\":{\"@id\":\"https:\\\/\\\/www.phyt-inov.com\\\/de\\\/produit\\\/stress-depression-und-verhaltensstoerungen\\\/#breadcrumb\"},\"inLanguage\":\"de\",\"potentialAction\":[{\"@type\":\"ReadAction\",\"target\":[\"https:\\\/\\\/www.phyt-inov.com\\\/de\\\/produit\\\/stress-depression-und-verhaltensstoerungen\\\/\"]}]},{\"@type\":\"ImageObject\",\"inLanguage\":\"de\",\"@id\":\"https:\\\/\\\/www.phyt-inov.com\\\/de\\\/produit\\\/stress-depression-und-verhaltensstoerungen\\\/#primaryimage\",\"url\":\"https:\\\/\\\/www.phyt-inov.com\\\/wp-content\\\/uploads\\\/2025\\\/09\\\/Stress-depression-et-troubles-du-comportement-2.jpg\",\"contentUrl\":\"https:\\\/\\\/www.phyt-inov.com\\\/wp-content\\\/uploads\\\/2025\\\/09\\\/Stress-depression-et-troubles-du-comportement-2.jpg\",\"width\":250,\"height\":377,\"caption\":\"Dr. Willem Stress Depression und Verhaltensst\u00f6rungen\"},{\"@type\":\"BreadcrumbList\",\"@id\":\"https:\\\/\\\/www.phyt-inov.com\\\/de\\\/produit\\\/stress-depression-und-verhaltensstoerungen\\\/#breadcrumb\",\"itemListElement\":[{\"@type\":\"ListItem\",\"position\":1,\"name\":\"Accueil\",\"item\":\"https:\\\/\\\/www.phyt-inov.com\\\/de\\\/startseite\\\/\"},{\"@type\":\"ListItem\",\"position\":2,\"name\":\"Shop\",\"item\":\"https:\\\/\\\/www.phyt-inov.com\\\/de\\\/shop\\\/\"},{\"@type\":\"ListItem\",\"position\":3,\"name\":\"Stress, Depression und Verhaltensst\u00f6rungen\"}]},{\"@type\":\"WebSite\",\"@id\":\"https:\\\/\\\/www.phyt-inov.com\\\/de\\\/#website\",\"url\":\"https:\\\/\\\/www.phyt-inov.com\\\/de\\\/\",\"name\":\"Phyt-Inov International\",\"description\":\"L&#039;efficacit\u00e9 naturelle pour vos soins quotidiens\",\"publisher\":{\"@id\":\"https:\\\/\\\/www.phyt-inov.com\\\/de\\\/#organization\"},\"alternateName\":\"phyt-inov\",\"potentialAction\":[{\"@type\":\"SearchAction\",\"target\":{\"@type\":\"EntryPoint\",\"urlTemplate\":\"https:\\\/\\\/www.phyt-inov.com\\\/de\\\/?s={search_term_string}\"},\"query-input\":{\"@type\":\"PropertyValueSpecification\",\"valueRequired\":true,\"valueName\":\"search_term_string\"}}],\"inLanguage\":\"de\"},{\"@type\":\"Organization\",\"@id\":\"https:\\\/\\\/www.phyt-inov.com\\\/de\\\/#organization\",\"name\":\"Phyt-Inov\",\"alternateName\":\"Phyt-Inov\",\"url\":\"https:\\\/\\\/www.phyt-inov.com\\\/de\\\/\",\"logo\":{\"@type\":\"ImageObject\",\"inLanguage\":\"de\",\"@id\":\"https:\\\/\\\/www.phyt-inov.com\\\/de\\\/#\\\/schema\\\/logo\\\/image\\\/\",\"url\":\"https:\\\/\\\/www.phyt-inov.com\\\/wp-content\\\/uploads\\\/2025\\\/09\\\/Logo-site-phyt-inov4_Plan-de-travail-1-2048x760-1.png\",\"contentUrl\":\"https:\\\/\\\/www.phyt-inov.com\\\/wp-content\\\/uploads\\\/2025\\\/09\\\/Logo-site-phyt-inov4_Plan-de-travail-1-2048x760-1.png\",\"width\":2048,\"height\":760,\"caption\":\"Phyt-Inov\"},\"image\":{\"@id\":\"https:\\\/\\\/www.phyt-inov.com\\\/de\\\/#\\\/schema\\\/logo\\\/image\\\/\"},\"sameAs\":[\"https:\\\/\\\/www.facebook.com\\\/phytinov\\\/\",\"https:\\\/\\\/www.youtube.com\\\/channel\\\/UCE05sYsSXuuKbLqs4Au3e4Q\",\"https:\\\/\\\/www.instagram.com\\\/phytinov\\\/\"]}]}<\/script>\n<!-- \/ Yoast SEO plugin. -->","yoast_head_json":{"title":"Stress, Depression und Verhaltensst\u00f6rungen - Phyt-Inov","description":"Phyt-Inov - Stress, Depression und Verhaltensst\u00f6rungen","robots":{"index":"index","follow":"follow","max-snippet":"max-snippet:-1","max-image-preview":"max-image-preview:large","max-video-preview":"max-video-preview:-1"},"canonical":"https:\/\/www.phyt-inov.com\/de\/produit\/stress-depression-und-verhaltensstoerungen\/","og_locale":"de_DE","og_type":"article","og_title":"Stress, Depression und Verhaltensst\u00f6rungen - Phyt-Inov","og_description":"Phyt-Inov - Stress, Depression und Verhaltensst\u00f6rungen","og_url":"https:\/\/www.phyt-inov.com\/de\/produit\/stress-depression-und-verhaltensstoerungen\/","og_site_name":"Phyt-Inov","article_publisher":"https:\/\/www.facebook.com\/phytinov\/","og_image":[{"width":250,"height":377,"url":"https:\/\/www.phyt-inov.com\/wp-content\/uploads\/2025\/09\/Stress-depression-et-troubles-du-comportement-2.jpg","type":"image\/jpeg"}],"twitter_card":"summary_large_image","schema":{"@context":"https:\/\/schema.org","@graph":[{"@type":"WebPage","@id":"https:\/\/www.phyt-inov.com\/de\/produit\/stress-depression-und-verhaltensstoerungen\/","url":"https:\/\/www.phyt-inov.com\/de\/produit\/stress-depression-und-verhaltensstoerungen\/","name":"Stress, Depression und Verhaltensst\u00f6rungen - Phyt-Inov","isPartOf":{"@id":"https:\/\/www.phyt-inov.com\/de\/#website"},"primaryImageOfPage":{"@id":"https:\/\/www.phyt-inov.com\/de\/produit\/stress-depression-und-verhaltensstoerungen\/#primaryimage"},"image":{"@id":"https:\/\/www.phyt-inov.com\/de\/produit\/stress-depression-und-verhaltensstoerungen\/#primaryimage"},"thumbnailUrl":"https:\/\/www.phyt-inov.com\/wp-content\/uploads\/2025\/09\/Stress-depression-et-troubles-du-comportement-2.jpg","datePublished":"2020-02-28T16:30:03+00:00","description":"Phyt-Inov - Stress, Depression und Verhaltensst\u00f6rungen","breadcrumb":{"@id":"https:\/\/www.phyt-inov.com\/de\/produit\/stress-depression-und-verhaltensstoerungen\/#breadcrumb"},"inLanguage":"de","potentialAction":[{"@type":"ReadAction","target":["https:\/\/www.phyt-inov.com\/de\/produit\/stress-depression-und-verhaltensstoerungen\/"]}]},{"@type":"ImageObject","inLanguage":"de","@id":"https:\/\/www.phyt-inov.com\/de\/produit\/stress-depression-und-verhaltensstoerungen\/#primaryimage","url":"https:\/\/www.phyt-inov.com\/wp-content\/uploads\/2025\/09\/Stress-depression-et-troubles-du-comportement-2.jpg","contentUrl":"https:\/\/www.phyt-inov.com\/wp-content\/uploads\/2025\/09\/Stress-depression-et-troubles-du-comportement-2.jpg","width":250,"height":377,"caption":"Dr. Willem Stress Depression und Verhaltensst\u00f6rungen"},{"@type":"BreadcrumbList","@id":"https:\/\/www.phyt-inov.com\/de\/produit\/stress-depression-und-verhaltensstoerungen\/#breadcrumb","itemListElement":[{"@type":"ListItem","position":1,"name":"Accueil","item":"https:\/\/www.phyt-inov.com\/de\/startseite\/"},{"@type":"ListItem","position":2,"name":"Shop","item":"https:\/\/www.phyt-inov.com\/de\/shop\/"},{"@type":"ListItem","position":3,"name":"Stress, Depression und Verhaltensst\u00f6rungen"}]},{"@type":"WebSite","@id":"https:\/\/www.phyt-inov.com\/de\/#website","url":"https:\/\/www.phyt-inov.com\/de\/","name":"Phyt-Inov International","description":"L&#039;efficacit\u00e9 naturelle pour vos soins quotidiens","publisher":{"@id":"https:\/\/www.phyt-inov.com\/de\/#organization"},"alternateName":"phyt-inov","potentialAction":[{"@type":"SearchAction","target":{"@type":"EntryPoint","urlTemplate":"https:\/\/www.phyt-inov.com\/de\/?s={search_term_string}"},"query-input":{"@type":"PropertyValueSpecification","valueRequired":true,"valueName":"search_term_string"}}],"inLanguage":"de"},{"@type":"Organization","@id":"https:\/\/www.phyt-inov.com\/de\/#organization","name":"Phyt-Inov","alternateName":"Phyt-Inov","url":"https:\/\/www.phyt-inov.com\/de\/","logo":{"@type":"ImageObject","inLanguage":"de","@id":"https:\/\/www.phyt-inov.com\/de\/#\/schema\/logo\/image\/","url":"https:\/\/www.phyt-inov.com\/wp-content\/uploads\/2025\/09\/Logo-site-phyt-inov4_Plan-de-travail-1-2048x760-1.png","contentUrl":"https:\/\/www.phyt-inov.com\/wp-content\/uploads\/2025\/09\/Logo-site-phyt-inov4_Plan-de-travail-1-2048x760-1.png","width":2048,"height":760,"caption":"Phyt-Inov"},"image":{"@id":"https:\/\/www.phyt-inov.com\/de\/#\/schema\/logo\/image\/"},"sameAs":["https:\/\/www.facebook.com\/phytinov\/","https:\/\/www.youtube.com\/channel\/UCE05sYsSXuuKbLqs4Au3e4Q","https:\/\/www.instagram.com\/phytinov\/"]}]}},"jetpack_sharing_enabled":true,"_links":{"self":[{"href":"https:\/\/www.phyt-inov.com\/de\/wp-json\/wp\/v2\/product\/83449","targetHints":{"allow":["GET"]}}],"collection":[{"href":"https:\/\/www.phyt-inov.com\/de\/wp-json\/wp\/v2\/product"}],"about":[{"href":"https:\/\/www.phyt-inov.com\/de\/wp-json\/wp\/v2\/types\/product"}],"replies":[{"embeddable":true,"href":"https:\/\/www.phyt-inov.com\/de\/wp-json\/wp\/v2\/comments?post=83449"}],"wp:featuredmedia":[{"embeddable":true,"href":"https:\/\/www.phyt-inov.com\/de\/wp-json\/wp\/v2\/media\/83450"}],"wp:attachment":[{"href":"https:\/\/www.phyt-inov.com\/de\/wp-json\/wp\/v2\/media?parent=83449"}],"wp:term":[{"taxonomy":"product_brand","embeddable":true,"href":"https:\/\/www.phyt-inov.com\/de\/wp-json\/wp\/v2\/product_brand?post=83449"},{"taxonomy":"product_cat","embeddable":true,"href":"https:\/\/www.phyt-inov.com\/de\/wp-json\/wp\/v2\/product_cat?post=83449"},{"taxonomy":"product_tag","embeddable":true,"href":"https:\/\/www.phyt-inov.com\/de\/wp-json\/wp\/v2\/product_tag?post=83449"}],"curies":[{"name":"wp","href":"https:\/\/api.w.org\/{rel}","templated":true}]}}