{"id":83446,"date":"2020-02-28T16:06:39","date_gmt":"2020-02-28T16:06:39","guid":{"rendered":"https:\/\/www.phyt-inov.com\/produit\/wenn-das-gehirn-entgleist\/"},"modified":"2020-02-28T16:06:39","modified_gmt":"2020-02-28T16:06:39","slug":"wenn-das-gehirn-entgleist","status":"publish","type":"product","link":"https:\/\/www.phyt-inov.com\/de\/produit\/wenn-das-gehirn-entgleist\/","title":{"rendered":"Wenn das Gehirn entgleist"},"content":{"rendered":"<p>Autor: Dr. Jean-Pierre WILLEM <\/p>\n<p>Seitenzahl: 231 Seiten<br \/>\nFormat: 24,00 x 16,00 cm<br \/>\nGewicht: 0,3800 kg<\/p>\n<p>Erscheinung: Mai 2016<\/p>\n<p>Verlag: Tredaniel La Maisnie<\/p>\n","protected":false},"excerpt":{"rendered":"<p>Jeder zweite Franzose hat ein Gehirn, das entgleist \u2013 direkt oder indirekt betroffen durch ein psychisches Ungleichgewicht \u2013 Stress, Angst, Niedergeschlagenheit, Spasmophilie, Burn-out \u2026 \u2013 oder sogar durch eine Gehirnerkrankung.<\/p>\n<p>In diesem Werk bietet Dr. Jean-Pierre Willem nat\u00fcrliche Alternativen zu den so h\u00e4ufig verschriebenen Psychopharmaka, deren Wirksamkeit mitunter fraglich ist und deren Nebenwirkungen stets unerw\u00fcnscht sind \u2026<\/p>\n<p>Der Autor erinnert uns daran, dass pflanzliche Heilmittel und andere spezifische Nahrungserg\u00e4nzungsmittel die nat\u00fcrlichsten L\u00f6sungen sind, um das Gehirn zu boosten, die Abfallproduktion des Organismus zu begrenzen, der Entwicklung bestimmter Erkrankungen vorzubeugen und die Psyche wieder in ihr richtiges Gleichgewicht zu bringen.<\/p>\n<p>Auch die Ern\u00e4hrung spielt eine ebenso wichtige Rolle. Auch wenn es kein Wundermittel gibt, um der Gehirnalterung vorzubeugen, sind bestimmte Lebensmittel und Nahrungserg\u00e4nzungsmittel mit antioxidativen Eigenschaften geeignet, um Zellen und Neuronen zu sch\u00fctzen. <\/p>\n<p>Ein praxisnahes Buch, das uns die L\u00f6sungen der komplement\u00e4ren und nat\u00fcrlichen Medizin bietet, um das Gehirn zu n\u00e4hren und Erkrankungen zu vermeiden oder zu begrenzen \u2013 unter Wahrung der K\u00f6rperphysiologie und der Mechanismen der Psyche.<\/p>\n","protected":false},"featured_media":83447,"comment_status":"open","ping_status":"closed","template":"","meta":{"_et_pb_use_builder":"","_et_pb_old_content":"","_et_gb_content_width":""},"product_brand":[],"product_cat":[133,134],"product_tag":[],"class_list":{"0":"post-83446","1":"product","2":"type-product","3":"status-publish","4":"has-post-thumbnail","6":"product_cat-bucher","7":"product_cat-bucher-von-jean-pierre-willem","9":"first","10":"instock","11":"shipping-taxable","12":"purchasable","13":"product-type-simple"},"yoast_head":"<!-- This site is optimized with the Yoast SEO plugin v27.3 - https:\/\/yoast.com\/product\/yoast-seo-wordpress\/ -->\n<title>Wenn das Gehirn entgleist - Phyt-Inov<\/title>\n<meta name=\"description\" content=\"Phyt-Inov - Wenn das Gehirn entgleist\" \/>\n<meta name=\"robots\" content=\"index, follow, max-snippet:-1, max-image-preview:large, max-video-preview:-1\" \/>\n<link rel=\"canonical\" href=\"https:\/\/www.phyt-inov.com\/de\/produit\/wenn-das-gehirn-entgleist\/\" \/>\n<meta property=\"og:locale\" content=\"de_DE\" \/>\n<meta property=\"og:type\" content=\"article\" \/>\n<meta property=\"og:title\" content=\"Wenn das Gehirn entgleist - Phyt-Inov\" \/>\n<meta property=\"og:description\" content=\"Phyt-Inov - Wenn das Gehirn entgleist\" \/>\n<meta property=\"og:url\" content=\"https:\/\/www.phyt-inov.com\/de\/produit\/wenn-das-gehirn-entgleist\/\" \/>\n<meta property=\"og:site_name\" content=\"Phyt-Inov\" \/>\n<meta property=\"article:publisher\" content=\"https:\/\/www.facebook.com\/phytinov\/\" \/>\n<meta property=\"og:image\" content=\"https:\/\/www.phyt-inov.com\/wp-content\/uploads\/2025\/09\/1710311856296225.jpg\" \/>\n\t<meta property=\"og:image:width\" content=\"185\" \/>\n\t<meta property=\"og:image:height\" content=\"276\" \/>\n\t<meta property=\"og:image:type\" content=\"image\/jpeg\" \/>\n<meta name=\"twitter:card\" content=\"summary_large_image\" \/>\n<script type=\"application\/ld+json\" class=\"yoast-schema-graph\">{\"@context\":\"https:\\\/\\\/schema.org\",\"@graph\":[{\"@type\":\"WebPage\",\"@id\":\"https:\\\/\\\/www.phyt-inov.com\\\/de\\\/produit\\\/wenn-das-gehirn-entgleist\\\/\",\"url\":\"https:\\\/\\\/www.phyt-inov.com\\\/de\\\/produit\\\/wenn-das-gehirn-entgleist\\\/\",\"name\":\"Wenn das Gehirn entgleist - Phyt-Inov\",\"isPartOf\":{\"@id\":\"https:\\\/\\\/www.phyt-inov.com\\\/de\\\/#website\"},\"primaryImageOfPage\":{\"@id\":\"https:\\\/\\\/www.phyt-inov.com\\\/de\\\/produit\\\/wenn-das-gehirn-entgleist\\\/#primaryimage\"},\"image\":{\"@id\":\"https:\\\/\\\/www.phyt-inov.com\\\/de\\\/produit\\\/wenn-das-gehirn-entgleist\\\/#primaryimage\"},\"thumbnailUrl\":\"https:\\\/\\\/www.phyt-inov.com\\\/wp-content\\\/uploads\\\/2025\\\/09\\\/1710311856296225.jpg\",\"datePublished\":\"2020-02-28T16:06:39+00:00\",\"description\":\"Phyt-Inov - Wenn das Gehirn entgleist\",\"breadcrumb\":{\"@id\":\"https:\\\/\\\/www.phyt-inov.com\\\/de\\\/produit\\\/wenn-das-gehirn-entgleist\\\/#breadcrumb\"},\"inLanguage\":\"de\",\"potentialAction\":[{\"@type\":\"ReadAction\",\"target\":[\"https:\\\/\\\/www.phyt-inov.com\\\/de\\\/produit\\\/wenn-das-gehirn-entgleist\\\/\"]}]},{\"@type\":\"ImageObject\",\"inLanguage\":\"de\",\"@id\":\"https:\\\/\\\/www.phyt-inov.com\\\/de\\\/produit\\\/wenn-das-gehirn-entgleist\\\/#primaryimage\",\"url\":\"https:\\\/\\\/www.phyt-inov.com\\\/wp-content\\\/uploads\\\/2025\\\/09\\\/1710311856296225.jpg\",\"contentUrl\":\"https:\\\/\\\/www.phyt-inov.com\\\/wp-content\\\/uploads\\\/2025\\\/09\\\/1710311856296225.jpg\",\"width\":185,\"height\":276,\"caption\":\"dr jean-pierre wenn das gehirn entgleist\"},{\"@type\":\"BreadcrumbList\",\"@id\":\"https:\\\/\\\/www.phyt-inov.com\\\/de\\\/produit\\\/wenn-das-gehirn-entgleist\\\/#breadcrumb\",\"itemListElement\":[{\"@type\":\"ListItem\",\"position\":1,\"name\":\"Accueil\",\"item\":\"https:\\\/\\\/www.phyt-inov.com\\\/de\\\/startseite\\\/\"},{\"@type\":\"ListItem\",\"position\":2,\"name\":\"Shop\",\"item\":\"https:\\\/\\\/www.phyt-inov.com\\\/de\\\/shop\\\/\"},{\"@type\":\"ListItem\",\"position\":3,\"name\":\"Wenn das Gehirn entgleist\"}]},{\"@type\":\"WebSite\",\"@id\":\"https:\\\/\\\/www.phyt-inov.com\\\/de\\\/#website\",\"url\":\"https:\\\/\\\/www.phyt-inov.com\\\/de\\\/\",\"name\":\"Phyt-Inov International\",\"description\":\"L&#039;efficacit\u00e9 naturelle pour vos soins quotidiens\",\"publisher\":{\"@id\":\"https:\\\/\\\/www.phyt-inov.com\\\/de\\\/#organization\"},\"alternateName\":\"phyt-inov\",\"potentialAction\":[{\"@type\":\"SearchAction\",\"target\":{\"@type\":\"EntryPoint\",\"urlTemplate\":\"https:\\\/\\\/www.phyt-inov.com\\\/de\\\/?s={search_term_string}\"},\"query-input\":{\"@type\":\"PropertyValueSpecification\",\"valueRequired\":true,\"valueName\":\"search_term_string\"}}],\"inLanguage\":\"de\"},{\"@type\":\"Organization\",\"@id\":\"https:\\\/\\\/www.phyt-inov.com\\\/de\\\/#organization\",\"name\":\"Phyt-Inov\",\"alternateName\":\"Phyt-Inov\",\"url\":\"https:\\\/\\\/www.phyt-inov.com\\\/de\\\/\",\"logo\":{\"@type\":\"ImageObject\",\"inLanguage\":\"de\",\"@id\":\"https:\\\/\\\/www.phyt-inov.com\\\/de\\\/#\\\/schema\\\/logo\\\/image\\\/\",\"url\":\"https:\\\/\\\/www.phyt-inov.com\\\/wp-content\\\/uploads\\\/2025\\\/09\\\/Logo-site-phyt-inov4_Plan-de-travail-1-2048x760-1.png\",\"contentUrl\":\"https:\\\/\\\/www.phyt-inov.com\\\/wp-content\\\/uploads\\\/2025\\\/09\\\/Logo-site-phyt-inov4_Plan-de-travail-1-2048x760-1.png\",\"width\":2048,\"height\":760,\"caption\":\"Phyt-Inov\"},\"image\":{\"@id\":\"https:\\\/\\\/www.phyt-inov.com\\\/de\\\/#\\\/schema\\\/logo\\\/image\\\/\"},\"sameAs\":[\"https:\\\/\\\/www.facebook.com\\\/phytinov\\\/\",\"https:\\\/\\\/www.youtube.com\\\/channel\\\/UCE05sYsSXuuKbLqs4Au3e4Q\",\"https:\\\/\\\/www.instagram.com\\\/phytinov\\\/\"]}]}<\/script>\n<!-- \/ Yoast SEO plugin. -->","yoast_head_json":{"title":"Wenn das Gehirn entgleist - Phyt-Inov","description":"Phyt-Inov - Wenn das Gehirn entgleist","robots":{"index":"index","follow":"follow","max-snippet":"max-snippet:-1","max-image-preview":"max-image-preview:large","max-video-preview":"max-video-preview:-1"},"canonical":"https:\/\/www.phyt-inov.com\/de\/produit\/wenn-das-gehirn-entgleist\/","og_locale":"de_DE","og_type":"article","og_title":"Wenn das Gehirn entgleist - Phyt-Inov","og_description":"Phyt-Inov - Wenn das Gehirn entgleist","og_url":"https:\/\/www.phyt-inov.com\/de\/produit\/wenn-das-gehirn-entgleist\/","og_site_name":"Phyt-Inov","article_publisher":"https:\/\/www.facebook.com\/phytinov\/","og_image":[{"width":185,"height":276,"url":"https:\/\/www.phyt-inov.com\/wp-content\/uploads\/2025\/09\/1710311856296225.jpg","type":"image\/jpeg"}],"twitter_card":"summary_large_image","schema":{"@context":"https:\/\/schema.org","@graph":[{"@type":"WebPage","@id":"https:\/\/www.phyt-inov.com\/de\/produit\/wenn-das-gehirn-entgleist\/","url":"https:\/\/www.phyt-inov.com\/de\/produit\/wenn-das-gehirn-entgleist\/","name":"Wenn das Gehirn entgleist - Phyt-Inov","isPartOf":{"@id":"https:\/\/www.phyt-inov.com\/de\/#website"},"primaryImageOfPage":{"@id":"https:\/\/www.phyt-inov.com\/de\/produit\/wenn-das-gehirn-entgleist\/#primaryimage"},"image":{"@id":"https:\/\/www.phyt-inov.com\/de\/produit\/wenn-das-gehirn-entgleist\/#primaryimage"},"thumbnailUrl":"https:\/\/www.phyt-inov.com\/wp-content\/uploads\/2025\/09\/1710311856296225.jpg","datePublished":"2020-02-28T16:06:39+00:00","description":"Phyt-Inov - Wenn das Gehirn entgleist","breadcrumb":{"@id":"https:\/\/www.phyt-inov.com\/de\/produit\/wenn-das-gehirn-entgleist\/#breadcrumb"},"inLanguage":"de","potentialAction":[{"@type":"ReadAction","target":["https:\/\/www.phyt-inov.com\/de\/produit\/wenn-das-gehirn-entgleist\/"]}]},{"@type":"ImageObject","inLanguage":"de","@id":"https:\/\/www.phyt-inov.com\/de\/produit\/wenn-das-gehirn-entgleist\/#primaryimage","url":"https:\/\/www.phyt-inov.com\/wp-content\/uploads\/2025\/09\/1710311856296225.jpg","contentUrl":"https:\/\/www.phyt-inov.com\/wp-content\/uploads\/2025\/09\/1710311856296225.jpg","width":185,"height":276,"caption":"dr jean-pierre wenn das gehirn entgleist"},{"@type":"BreadcrumbList","@id":"https:\/\/www.phyt-inov.com\/de\/produit\/wenn-das-gehirn-entgleist\/#breadcrumb","itemListElement":[{"@type":"ListItem","position":1,"name":"Accueil","item":"https:\/\/www.phyt-inov.com\/de\/startseite\/"},{"@type":"ListItem","position":2,"name":"Shop","item":"https:\/\/www.phyt-inov.com\/de\/shop\/"},{"@type":"ListItem","position":3,"name":"Wenn das Gehirn entgleist"}]},{"@type":"WebSite","@id":"https:\/\/www.phyt-inov.com\/de\/#website","url":"https:\/\/www.phyt-inov.com\/de\/","name":"Phyt-Inov International","description":"L&#039;efficacit\u00e9 naturelle pour vos soins quotidiens","publisher":{"@id":"https:\/\/www.phyt-inov.com\/de\/#organization"},"alternateName":"phyt-inov","potentialAction":[{"@type":"SearchAction","target":{"@type":"EntryPoint","urlTemplate":"https:\/\/www.phyt-inov.com\/de\/?s={search_term_string}"},"query-input":{"@type":"PropertyValueSpecification","valueRequired":true,"valueName":"search_term_string"}}],"inLanguage":"de"},{"@type":"Organization","@id":"https:\/\/www.phyt-inov.com\/de\/#organization","name":"Phyt-Inov","alternateName":"Phyt-Inov","url":"https:\/\/www.phyt-inov.com\/de\/","logo":{"@type":"ImageObject","inLanguage":"de","@id":"https:\/\/www.phyt-inov.com\/de\/#\/schema\/logo\/image\/","url":"https:\/\/www.phyt-inov.com\/wp-content\/uploads\/2025\/09\/Logo-site-phyt-inov4_Plan-de-travail-1-2048x760-1.png","contentUrl":"https:\/\/www.phyt-inov.com\/wp-content\/uploads\/2025\/09\/Logo-site-phyt-inov4_Plan-de-travail-1-2048x760-1.png","width":2048,"height":760,"caption":"Phyt-Inov"},"image":{"@id":"https:\/\/www.phyt-inov.com\/de\/#\/schema\/logo\/image\/"},"sameAs":["https:\/\/www.facebook.com\/phytinov\/","https:\/\/www.youtube.com\/channel\/UCE05sYsSXuuKbLqs4Au3e4Q","https:\/\/www.instagram.com\/phytinov\/"]}]}},"jetpack_sharing_enabled":true,"_links":{"self":[{"href":"https:\/\/www.phyt-inov.com\/de\/wp-json\/wp\/v2\/product\/83446","targetHints":{"allow":["GET"]}}],"collection":[{"href":"https:\/\/www.phyt-inov.com\/de\/wp-json\/wp\/v2\/product"}],"about":[{"href":"https:\/\/www.phyt-inov.com\/de\/wp-json\/wp\/v2\/types\/product"}],"replies":[{"embeddable":true,"href":"https:\/\/www.phyt-inov.com\/de\/wp-json\/wp\/v2\/comments?post=83446"}],"wp:featuredmedia":[{"embeddable":true,"href":"https:\/\/www.phyt-inov.com\/de\/wp-json\/wp\/v2\/media\/83447"}],"wp:attachment":[{"href":"https:\/\/www.phyt-inov.com\/de\/wp-json\/wp\/v2\/media?parent=83446"}],"wp:term":[{"taxonomy":"product_brand","embeddable":true,"href":"https:\/\/www.phyt-inov.com\/de\/wp-json\/wp\/v2\/product_brand?post=83446"},{"taxonomy":"product_cat","embeddable":true,"href":"https:\/\/www.phyt-inov.com\/de\/wp-json\/wp\/v2\/product_cat?post=83446"},{"taxonomy":"product_tag","embeddable":true,"href":"https:\/\/www.phyt-inov.com\/de\/wp-json\/wp\/v2\/product_tag?post=83446"}],"curies":[{"name":"wp","href":"https:\/\/api.w.org\/{rel}","templated":true}]}}