{"id":83432,"date":"2020-07-28T10:52:08","date_gmt":"2020-07-28T10:52:08","guid":{"rendered":"https:\/\/www.phyt-inov.com\/produit\/alles-ueber-viren-wissen-und-ihnen-begegnen\/"},"modified":"2020-07-28T10:52:08","modified_gmt":"2020-07-28T10:52:08","slug":"alles-ueber-viren-wissen-und-ihnen-begegnen","status":"publish","type":"product","link":"https:\/\/www.phyt-inov.com\/de\/produit\/alles-ueber-viren-wissen-und-ihnen-begegnen\/","title":{"rendered":"Alles \u00fcber Viren wissen und ihnen begegnen"},"content":{"rendered":"<p>Autor: Dr. Jean-Pierre WILLEM <\/p>\n<p>Seitenzahl: 219 Seiten<br \/>\nFormat: 21,00 x 13,00 cm<br \/>\nGewicht: 0,2600 kg<\/p>\n<p>Erscheinungstermin: Juni 2020<\/p>\n<p>Verlag: Dauphin Editions<\/p>\n","protected":false},"excerpt":{"rendered":"<p>Zu verstehen, was Viren sind, wie sie funktionieren und mit der Umwelt sowie dem menschlichen K\u00f6rper interagieren, ist entscheidend: Von der Spanischen Grippe \u00fcber Ebola bis hin zu Covid-19 werden Viren k\u00fcnftig Teil unseres Alltags sein.<\/p>\n<p>Wie bei der Grippe gibt es einige Impfstoffe, doch f\u00fcr andere Viren sind die Heilmittel noch nicht verf\u00fcgbar.<\/p>\n<p>Wie kann man sich also anders sch\u00fctzen? Die Maske? Ja. Hygieneregeln? Ja. Aber was noch?   <\/p>\n<p>Diese Frage beantwortet Dr. Willem, f\u00fcr den eine Impfung alles andere als ein harmloser Akt ist. Als gro\u00dfer Experte f\u00fcr \u00e4therische \u00d6le und anerkannte alternative Methoden zeigt er, dass diese nach wie vor die beste Pr\u00e4vention sind: alles, was aus Pflanzen stammt und zur nat\u00fcrlichen Pharmakop\u00f6e geh\u00f6rt. <\/p>\n<p>Tats\u00e4chlich besitzen einige \u00e4therische \u00d6le starke therapeutische Eigenschaften, die durch wissenschaftliche Studien vielfach belegt sind, und sind in der Pr\u00e4vention \u00e4u\u00dferst wirksam: Sie st\u00e4rken unser Immunsystem, bereiten unsere Antik\u00f6rper auf den Angriff vor und bek\u00e4mpfen bei Bedarf die Symptome der Krankheit.<\/p>\n","protected":false},"featured_media":83433,"comment_status":"open","ping_status":"closed","template":"","meta":{"_et_pb_use_builder":"","_et_pb_old_content":"","_et_gb_content_width":""},"product_brand":[],"product_cat":[133,134],"product_tag":[],"class_list":{"0":"post-83432","1":"product","2":"type-product","3":"status-publish","4":"has-post-thumbnail","6":"product_cat-bucher","7":"product_cat-bucher-von-jean-pierre-willem","9":"first","10":"instock","11":"shipping-taxable","12":"purchasable","13":"product-type-simple"},"yoast_head":"<!-- This site is optimized with the Yoast SEO plugin v27.3 - https:\/\/yoast.com\/product\/yoast-seo-wordpress\/ -->\n<title>Alles \u00fcber Viren wissen und ihnen begegnen - Phyt-Inov<\/title>\n<meta name=\"description\" content=\"Phyt-Inov - Alles \u00fcber Viren wissen und ihnen begegnen\" \/>\n<meta name=\"robots\" content=\"index, follow, max-snippet:-1, max-image-preview:large, max-video-preview:-1\" \/>\n<link rel=\"canonical\" href=\"https:\/\/www.phyt-inov.com\/de\/produit\/alles-ueber-viren-wissen-und-ihnen-begegnen\/\" \/>\n<meta property=\"og:locale\" content=\"de_DE\" \/>\n<meta property=\"og:type\" content=\"article\" \/>\n<meta property=\"og:title\" content=\"Alles \u00fcber Viren wissen und ihnen begegnen - Phyt-Inov\" \/>\n<meta property=\"og:description\" content=\"Phyt-Inov - Alles \u00fcber Viren wissen und ihnen begegnen\" \/>\n<meta property=\"og:url\" content=\"https:\/\/www.phyt-inov.com\/de\/produit\/alles-ueber-viren-wissen-und-ihnen-begegnen\/\" \/>\n<meta property=\"og:site_name\" content=\"Phyt-Inov\" \/>\n<meta property=\"article:publisher\" content=\"https:\/\/www.facebook.com\/phytinov\/\" \/>\n<meta property=\"og:image\" content=\"https:\/\/www.phyt-inov.com\/wp-content\/uploads\/2025\/09\/Tout-savoir-sur-les-virus-et-y-faire-face-1.jpg\" \/>\n\t<meta property=\"og:image:width\" content=\"311\" \/>\n\t<meta property=\"og:image:height\" content=\"499\" \/>\n\t<meta property=\"og:image:type\" content=\"image\/jpeg\" \/>\n<meta name=\"twitter:card\" content=\"summary_large_image\" \/>\n<script type=\"application\/ld+json\" class=\"yoast-schema-graph\">{\"@context\":\"https:\\\/\\\/schema.org\",\"@graph\":[{\"@type\":\"WebPage\",\"@id\":\"https:\\\/\\\/www.phyt-inov.com\\\/de\\\/produit\\\/alles-ueber-viren-wissen-und-ihnen-begegnen\\\/\",\"url\":\"https:\\\/\\\/www.phyt-inov.com\\\/de\\\/produit\\\/alles-ueber-viren-wissen-und-ihnen-begegnen\\\/\",\"name\":\"Alles \u00fcber Viren wissen und ihnen begegnen - Phyt-Inov\",\"isPartOf\":{\"@id\":\"https:\\\/\\\/www.phyt-inov.com\\\/de\\\/#website\"},\"primaryImageOfPage\":{\"@id\":\"https:\\\/\\\/www.phyt-inov.com\\\/de\\\/produit\\\/alles-ueber-viren-wissen-und-ihnen-begegnen\\\/#primaryimage\"},\"image\":{\"@id\":\"https:\\\/\\\/www.phyt-inov.com\\\/de\\\/produit\\\/alles-ueber-viren-wissen-und-ihnen-begegnen\\\/#primaryimage\"},\"thumbnailUrl\":\"https:\\\/\\\/www.phyt-inov.com\\\/wp-content\\\/uploads\\\/2025\\\/09\\\/Tout-savoir-sur-les-virus-et-y-faire-face-1.jpg\",\"datePublished\":\"2020-07-28T10:52:08+00:00\",\"description\":\"Phyt-Inov - Alles \u00fcber Viren wissen und ihnen begegnen\",\"breadcrumb\":{\"@id\":\"https:\\\/\\\/www.phyt-inov.com\\\/de\\\/produit\\\/alles-ueber-viren-wissen-und-ihnen-begegnen\\\/#breadcrumb\"},\"inLanguage\":\"de\",\"potentialAction\":[{\"@type\":\"ReadAction\",\"target\":[\"https:\\\/\\\/www.phyt-inov.com\\\/de\\\/produit\\\/alles-ueber-viren-wissen-und-ihnen-begegnen\\\/\"]}]},{\"@type\":\"ImageObject\",\"inLanguage\":\"de\",\"@id\":\"https:\\\/\\\/www.phyt-inov.com\\\/de\\\/produit\\\/alles-ueber-viren-wissen-und-ihnen-begegnen\\\/#primaryimage\",\"url\":\"https:\\\/\\\/www.phyt-inov.com\\\/wp-content\\\/uploads\\\/2025\\\/09\\\/Tout-savoir-sur-les-virus-et-y-faire-face-1.jpg\",\"contentUrl\":\"https:\\\/\\\/www.phyt-inov.com\\\/wp-content\\\/uploads\\\/2025\\\/09\\\/Tout-savoir-sur-les-virus-et-y-faire-face-1.jpg\",\"width\":311,\"height\":499,\"caption\":\"buch dr willem alles \u00fcber viren wissen und ihnen begegnen\"},{\"@type\":\"BreadcrumbList\",\"@id\":\"https:\\\/\\\/www.phyt-inov.com\\\/de\\\/produit\\\/alles-ueber-viren-wissen-und-ihnen-begegnen\\\/#breadcrumb\",\"itemListElement\":[{\"@type\":\"ListItem\",\"position\":1,\"name\":\"Accueil\",\"item\":\"https:\\\/\\\/www.phyt-inov.com\\\/de\\\/startseite\\\/\"},{\"@type\":\"ListItem\",\"position\":2,\"name\":\"Shop\",\"item\":\"https:\\\/\\\/www.phyt-inov.com\\\/de\\\/shop\\\/\"},{\"@type\":\"ListItem\",\"position\":3,\"name\":\"Alles \u00fcber Viren wissen und ihnen begegnen\"}]},{\"@type\":\"WebSite\",\"@id\":\"https:\\\/\\\/www.phyt-inov.com\\\/de\\\/#website\",\"url\":\"https:\\\/\\\/www.phyt-inov.com\\\/de\\\/\",\"name\":\"Phyt-Inov International\",\"description\":\"L&#039;efficacit\u00e9 naturelle pour vos soins quotidiens\",\"publisher\":{\"@id\":\"https:\\\/\\\/www.phyt-inov.com\\\/de\\\/#organization\"},\"alternateName\":\"phyt-inov\",\"potentialAction\":[{\"@type\":\"SearchAction\",\"target\":{\"@type\":\"EntryPoint\",\"urlTemplate\":\"https:\\\/\\\/www.phyt-inov.com\\\/de\\\/?s={search_term_string}\"},\"query-input\":{\"@type\":\"PropertyValueSpecification\",\"valueRequired\":true,\"valueName\":\"search_term_string\"}}],\"inLanguage\":\"de\"},{\"@type\":\"Organization\",\"@id\":\"https:\\\/\\\/www.phyt-inov.com\\\/de\\\/#organization\",\"name\":\"Phyt-Inov\",\"alternateName\":\"Phyt-Inov\",\"url\":\"https:\\\/\\\/www.phyt-inov.com\\\/de\\\/\",\"logo\":{\"@type\":\"ImageObject\",\"inLanguage\":\"de\",\"@id\":\"https:\\\/\\\/www.phyt-inov.com\\\/de\\\/#\\\/schema\\\/logo\\\/image\\\/\",\"url\":\"https:\\\/\\\/www.phyt-inov.com\\\/wp-content\\\/uploads\\\/2025\\\/09\\\/Logo-site-phyt-inov4_Plan-de-travail-1-2048x760-1.png\",\"contentUrl\":\"https:\\\/\\\/www.phyt-inov.com\\\/wp-content\\\/uploads\\\/2025\\\/09\\\/Logo-site-phyt-inov4_Plan-de-travail-1-2048x760-1.png\",\"width\":2048,\"height\":760,\"caption\":\"Phyt-Inov\"},\"image\":{\"@id\":\"https:\\\/\\\/www.phyt-inov.com\\\/de\\\/#\\\/schema\\\/logo\\\/image\\\/\"},\"sameAs\":[\"https:\\\/\\\/www.facebook.com\\\/phytinov\\\/\",\"https:\\\/\\\/www.youtube.com\\\/channel\\\/UCE05sYsSXuuKbLqs4Au3e4Q\",\"https:\\\/\\\/www.instagram.com\\\/phytinov\\\/\"]}]}<\/script>\n<!-- \/ Yoast SEO plugin. -->","yoast_head_json":{"title":"Alles \u00fcber Viren wissen und ihnen begegnen - Phyt-Inov","description":"Phyt-Inov - Alles \u00fcber Viren wissen und ihnen begegnen","robots":{"index":"index","follow":"follow","max-snippet":"max-snippet:-1","max-image-preview":"max-image-preview:large","max-video-preview":"max-video-preview:-1"},"canonical":"https:\/\/www.phyt-inov.com\/de\/produit\/alles-ueber-viren-wissen-und-ihnen-begegnen\/","og_locale":"de_DE","og_type":"article","og_title":"Alles \u00fcber Viren wissen und ihnen begegnen - Phyt-Inov","og_description":"Phyt-Inov - Alles \u00fcber Viren wissen und ihnen begegnen","og_url":"https:\/\/www.phyt-inov.com\/de\/produit\/alles-ueber-viren-wissen-und-ihnen-begegnen\/","og_site_name":"Phyt-Inov","article_publisher":"https:\/\/www.facebook.com\/phytinov\/","og_image":[{"width":311,"height":499,"url":"https:\/\/www.phyt-inov.com\/wp-content\/uploads\/2025\/09\/Tout-savoir-sur-les-virus-et-y-faire-face-1.jpg","type":"image\/jpeg"}],"twitter_card":"summary_large_image","schema":{"@context":"https:\/\/schema.org","@graph":[{"@type":"WebPage","@id":"https:\/\/www.phyt-inov.com\/de\/produit\/alles-ueber-viren-wissen-und-ihnen-begegnen\/","url":"https:\/\/www.phyt-inov.com\/de\/produit\/alles-ueber-viren-wissen-und-ihnen-begegnen\/","name":"Alles \u00fcber Viren wissen und ihnen begegnen - Phyt-Inov","isPartOf":{"@id":"https:\/\/www.phyt-inov.com\/de\/#website"},"primaryImageOfPage":{"@id":"https:\/\/www.phyt-inov.com\/de\/produit\/alles-ueber-viren-wissen-und-ihnen-begegnen\/#primaryimage"},"image":{"@id":"https:\/\/www.phyt-inov.com\/de\/produit\/alles-ueber-viren-wissen-und-ihnen-begegnen\/#primaryimage"},"thumbnailUrl":"https:\/\/www.phyt-inov.com\/wp-content\/uploads\/2025\/09\/Tout-savoir-sur-les-virus-et-y-faire-face-1.jpg","datePublished":"2020-07-28T10:52:08+00:00","description":"Phyt-Inov - Alles \u00fcber Viren wissen und ihnen begegnen","breadcrumb":{"@id":"https:\/\/www.phyt-inov.com\/de\/produit\/alles-ueber-viren-wissen-und-ihnen-begegnen\/#breadcrumb"},"inLanguage":"de","potentialAction":[{"@type":"ReadAction","target":["https:\/\/www.phyt-inov.com\/de\/produit\/alles-ueber-viren-wissen-und-ihnen-begegnen\/"]}]},{"@type":"ImageObject","inLanguage":"de","@id":"https:\/\/www.phyt-inov.com\/de\/produit\/alles-ueber-viren-wissen-und-ihnen-begegnen\/#primaryimage","url":"https:\/\/www.phyt-inov.com\/wp-content\/uploads\/2025\/09\/Tout-savoir-sur-les-virus-et-y-faire-face-1.jpg","contentUrl":"https:\/\/www.phyt-inov.com\/wp-content\/uploads\/2025\/09\/Tout-savoir-sur-les-virus-et-y-faire-face-1.jpg","width":311,"height":499,"caption":"buch dr willem alles \u00fcber viren wissen und ihnen begegnen"},{"@type":"BreadcrumbList","@id":"https:\/\/www.phyt-inov.com\/de\/produit\/alles-ueber-viren-wissen-und-ihnen-begegnen\/#breadcrumb","itemListElement":[{"@type":"ListItem","position":1,"name":"Accueil","item":"https:\/\/www.phyt-inov.com\/de\/startseite\/"},{"@type":"ListItem","position":2,"name":"Shop","item":"https:\/\/www.phyt-inov.com\/de\/shop\/"},{"@type":"ListItem","position":3,"name":"Alles \u00fcber Viren wissen und ihnen begegnen"}]},{"@type":"WebSite","@id":"https:\/\/www.phyt-inov.com\/de\/#website","url":"https:\/\/www.phyt-inov.com\/de\/","name":"Phyt-Inov International","description":"L&#039;efficacit\u00e9 naturelle pour vos soins quotidiens","publisher":{"@id":"https:\/\/www.phyt-inov.com\/de\/#organization"},"alternateName":"phyt-inov","potentialAction":[{"@type":"SearchAction","target":{"@type":"EntryPoint","urlTemplate":"https:\/\/www.phyt-inov.com\/de\/?s={search_term_string}"},"query-input":{"@type":"PropertyValueSpecification","valueRequired":true,"valueName":"search_term_string"}}],"inLanguage":"de"},{"@type":"Organization","@id":"https:\/\/www.phyt-inov.com\/de\/#organization","name":"Phyt-Inov","alternateName":"Phyt-Inov","url":"https:\/\/www.phyt-inov.com\/de\/","logo":{"@type":"ImageObject","inLanguage":"de","@id":"https:\/\/www.phyt-inov.com\/de\/#\/schema\/logo\/image\/","url":"https:\/\/www.phyt-inov.com\/wp-content\/uploads\/2025\/09\/Logo-site-phyt-inov4_Plan-de-travail-1-2048x760-1.png","contentUrl":"https:\/\/www.phyt-inov.com\/wp-content\/uploads\/2025\/09\/Logo-site-phyt-inov4_Plan-de-travail-1-2048x760-1.png","width":2048,"height":760,"caption":"Phyt-Inov"},"image":{"@id":"https:\/\/www.phyt-inov.com\/de\/#\/schema\/logo\/image\/"},"sameAs":["https:\/\/www.facebook.com\/phytinov\/","https:\/\/www.youtube.com\/channel\/UCE05sYsSXuuKbLqs4Au3e4Q","https:\/\/www.instagram.com\/phytinov\/"]}]}},"jetpack_sharing_enabled":true,"_links":{"self":[{"href":"https:\/\/www.phyt-inov.com\/de\/wp-json\/wp\/v2\/product\/83432","targetHints":{"allow":["GET"]}}],"collection":[{"href":"https:\/\/www.phyt-inov.com\/de\/wp-json\/wp\/v2\/product"}],"about":[{"href":"https:\/\/www.phyt-inov.com\/de\/wp-json\/wp\/v2\/types\/product"}],"replies":[{"embeddable":true,"href":"https:\/\/www.phyt-inov.com\/de\/wp-json\/wp\/v2\/comments?post=83432"}],"wp:featuredmedia":[{"embeddable":true,"href":"https:\/\/www.phyt-inov.com\/de\/wp-json\/wp\/v2\/media\/83433"}],"wp:attachment":[{"href":"https:\/\/www.phyt-inov.com\/de\/wp-json\/wp\/v2\/media?parent=83432"}],"wp:term":[{"taxonomy":"product_brand","embeddable":true,"href":"https:\/\/www.phyt-inov.com\/de\/wp-json\/wp\/v2\/product_brand?post=83432"},{"taxonomy":"product_cat","embeddable":true,"href":"https:\/\/www.phyt-inov.com\/de\/wp-json\/wp\/v2\/product_cat?post=83432"},{"taxonomy":"product_tag","embeddable":true,"href":"https:\/\/www.phyt-inov.com\/de\/wp-json\/wp\/v2\/product_tag?post=83432"}],"curies":[{"name":"wp","href":"https:\/\/api.w.org\/{rel}","templated":true}]}}