{"id":83421,"date":"2020-02-28T16:31:51","date_gmt":"2020-02-28T16:31:51","guid":{"rendered":"https:\/\/www.phyt-inov.com\/produit\/antivirale-aetherische-oele\/"},"modified":"2020-02-28T16:31:51","modified_gmt":"2020-02-28T16:31:51","slug":"antivirale-aetherische-oele","status":"publish","type":"product","link":"https:\/\/www.phyt-inov.com\/de\/produit\/antivirale-aetherische-oele\/","title":{"rendered":"Antivirale \u00e4therische \u00d6le"},"content":{"rendered":"<p>Autor: Dr. Jean-Pierre WILLEM <\/p>\n<p>Seitenzahl: 271 Seiten<br \/>\nFormat: 24,00 x 16,00 x 1,90 cm<br \/>\nGewicht: 0,4500 kg<\/p>\n<p>Erscheinungsdatum: April 2015<\/p>\n<p>Herausgeber: Tredaniel La Maisnie<\/p>\n","protected":false},"excerpt":{"rendered":"<p>Der Angriff von Viren, Bakterien, Pilzen und anderen Parasiten, die den menschlichen Organismus befallen, verursacht infekti\u00f6se und ansteckende Krankheiten. Gl\u00fccklicherweise verf\u00fcgen wir \u00fcber \u00e4therische \u00d6le, die diese Eindringlinge neutralisieren k\u00f6nnen, sowie \u00fcber Therapien, die das immunologische Gleichgewicht wiederherstellen. <\/p>\n","protected":false},"featured_media":83424,"comment_status":"open","ping_status":"closed","template":"","meta":{"_et_pb_use_builder":"","_et_pb_old_content":"","_et_gb_content_width":""},"product_brand":[],"product_cat":[133,134],"product_tag":[],"class_list":{"0":"post-83421","1":"product","2":"type-product","3":"status-publish","4":"has-post-thumbnail","6":"product_cat-bucher","7":"product_cat-bucher-von-jean-pierre-willem","9":"first","10":"instock","11":"shipping-taxable","12":"purchasable","13":"product-type-simple"},"yoast_head":"<!-- This site is optimized with the Yoast SEO plugin v27.3 - https:\/\/yoast.com\/product\/yoast-seo-wordpress\/ -->\n<title>\u00c4therische \u00d6le \u2013 die nat\u00fcrliche L\u00f6sung zur Infektionsbek\u00e4mpfung \u2013 Buch von Dr. Jean-Pierre Willem | Phyt-inov.com<\/title>\n<meta name=\"description\" content=\"Phyt-Inov international\u00ae offiziell, Schweizer Labor, bietet die B\u00fccher von Dr. Jean-Pierre Willem \u00fcber \u00e4therische \u00d6le an\" \/>\n<meta name=\"robots\" content=\"index, follow, max-snippet:-1, max-image-preview:large, max-video-preview:-1\" \/>\n<link rel=\"canonical\" href=\"https:\/\/www.phyt-inov.com\/de\/produit\/antivirale-aetherische-oele\/\" \/>\n<meta property=\"og:locale\" content=\"de_DE\" \/>\n<meta property=\"og:type\" content=\"article\" \/>\n<meta property=\"og:title\" content=\"\u00c4therische \u00d6le \u2013 die nat\u00fcrliche L\u00f6sung zur Infektionsbek\u00e4mpfung \u2013 Buch von Dr. Jean-Pierre Willem | Phyt-inov.com\" \/>\n<meta property=\"og:description\" content=\"Phyt-Inov international\u00ae offiziell, Schweizer Labor, bietet die B\u00fccher von Dr. Jean-Pierre Willem \u00fcber \u00e4therische \u00d6le an\" \/>\n<meta property=\"og:url\" content=\"https:\/\/www.phyt-inov.com\/de\/produit\/antivirale-aetherische-oele\/\" \/>\n<meta property=\"og:site_name\" content=\"Phyt-Inov\" \/>\n<meta property=\"article:publisher\" content=\"https:\/\/www.facebook.com\/phytinov\/\" \/>\n<meta property=\"og:image\" content=\"https:\/\/www.phyt-inov.com\/wp-content\/uploads\/2025\/09\/Huiles-essentielles-antivirales.jpg\" \/>\n\t<meta property=\"og:image:width\" content=\"210\" \/>\n\t<meta property=\"og:image:height\" content=\"318\" \/>\n\t<meta property=\"og:image:type\" content=\"image\/jpeg\" \/>\n<meta name=\"twitter:card\" content=\"summary_large_image\" \/>\n<script type=\"application\/ld+json\" class=\"yoast-schema-graph\">{\"@context\":\"https:\\\/\\\/schema.org\",\"@graph\":[{\"@type\":\"WebPage\",\"@id\":\"https:\\\/\\\/www.phyt-inov.com\\\/de\\\/produit\\\/antivirale-aetherische-oele\\\/\",\"url\":\"https:\\\/\\\/www.phyt-inov.com\\\/de\\\/produit\\\/antivirale-aetherische-oele\\\/\",\"name\":\"\u00c4therische \u00d6le \u2013 die nat\u00fcrliche L\u00f6sung zur Infektionsbek\u00e4mpfung \u2013 Buch von Dr. Jean-Pierre Willem | Phyt-inov.com\",\"isPartOf\":{\"@id\":\"https:\\\/\\\/www.phyt-inov.com\\\/de\\\/#website\"},\"primaryImageOfPage\":{\"@id\":\"https:\\\/\\\/www.phyt-inov.com\\\/de\\\/produit\\\/antivirale-aetherische-oele\\\/#primaryimage\"},\"image\":{\"@id\":\"https:\\\/\\\/www.phyt-inov.com\\\/de\\\/produit\\\/antivirale-aetherische-oele\\\/#primaryimage\"},\"thumbnailUrl\":\"https:\\\/\\\/www.phyt-inov.com\\\/wp-content\\\/uploads\\\/2025\\\/09\\\/Huiles-essentielles-antivirales.jpg\",\"datePublished\":\"2020-02-28T16:31:51+00:00\",\"description\":\"Phyt-Inov international\u00ae offiziell, Schweizer Labor, bietet die B\u00fccher von Dr. Jean-Pierre Willem \u00fcber \u00e4therische \u00d6le an\",\"breadcrumb\":{\"@id\":\"https:\\\/\\\/www.phyt-inov.com\\\/de\\\/produit\\\/antivirale-aetherische-oele\\\/#breadcrumb\"},\"inLanguage\":\"de\",\"potentialAction\":[{\"@type\":\"ReadAction\",\"target\":[\"https:\\\/\\\/www.phyt-inov.com\\\/de\\\/produit\\\/antivirale-aetherische-oele\\\/\"]}]},{\"@type\":\"ImageObject\",\"inLanguage\":\"de\",\"@id\":\"https:\\\/\\\/www.phyt-inov.com\\\/de\\\/produit\\\/antivirale-aetherische-oele\\\/#primaryimage\",\"url\":\"https:\\\/\\\/www.phyt-inov.com\\\/wp-content\\\/uploads\\\/2025\\\/09\\\/Huiles-essentielles-antivirales.jpg\",\"contentUrl\":\"https:\\\/\\\/www.phyt-inov.com\\\/wp-content\\\/uploads\\\/2025\\\/09\\\/Huiles-essentielles-antivirales.jpg\",\"width\":210,\"height\":318,\"caption\":\"Dr. Willem antivirale \u00e4therische \u00d6le\"},{\"@type\":\"BreadcrumbList\",\"@id\":\"https:\\\/\\\/www.phyt-inov.com\\\/de\\\/produit\\\/antivirale-aetherische-oele\\\/#breadcrumb\",\"itemListElement\":[{\"@type\":\"ListItem\",\"position\":1,\"name\":\"Accueil\",\"item\":\"https:\\\/\\\/www.phyt-inov.com\\\/de\\\/startseite\\\/\"},{\"@type\":\"ListItem\",\"position\":2,\"name\":\"Shop\",\"item\":\"https:\\\/\\\/www.phyt-inov.com\\\/de\\\/shop\\\/\"},{\"@type\":\"ListItem\",\"position\":3,\"name\":\"Antivirale \u00e4therische \u00d6le\"}]},{\"@type\":\"WebSite\",\"@id\":\"https:\\\/\\\/www.phyt-inov.com\\\/de\\\/#website\",\"url\":\"https:\\\/\\\/www.phyt-inov.com\\\/de\\\/\",\"name\":\"Phyt-Inov International\",\"description\":\"L&#039;efficacit\u00e9 naturelle pour vos soins quotidiens\",\"publisher\":{\"@id\":\"https:\\\/\\\/www.phyt-inov.com\\\/de\\\/#organization\"},\"alternateName\":\"phyt-inov\",\"potentialAction\":[{\"@type\":\"SearchAction\",\"target\":{\"@type\":\"EntryPoint\",\"urlTemplate\":\"https:\\\/\\\/www.phyt-inov.com\\\/de\\\/?s={search_term_string}\"},\"query-input\":{\"@type\":\"PropertyValueSpecification\",\"valueRequired\":true,\"valueName\":\"search_term_string\"}}],\"inLanguage\":\"de\"},{\"@type\":\"Organization\",\"@id\":\"https:\\\/\\\/www.phyt-inov.com\\\/de\\\/#organization\",\"name\":\"Phyt-Inov\",\"alternateName\":\"Phyt-Inov\",\"url\":\"https:\\\/\\\/www.phyt-inov.com\\\/de\\\/\",\"logo\":{\"@type\":\"ImageObject\",\"inLanguage\":\"de\",\"@id\":\"https:\\\/\\\/www.phyt-inov.com\\\/de\\\/#\\\/schema\\\/logo\\\/image\\\/\",\"url\":\"https:\\\/\\\/www.phyt-inov.com\\\/wp-content\\\/uploads\\\/2025\\\/09\\\/Logo-site-phyt-inov4_Plan-de-travail-1-2048x760-1.png\",\"contentUrl\":\"https:\\\/\\\/www.phyt-inov.com\\\/wp-content\\\/uploads\\\/2025\\\/09\\\/Logo-site-phyt-inov4_Plan-de-travail-1-2048x760-1.png\",\"width\":2048,\"height\":760,\"caption\":\"Phyt-Inov\"},\"image\":{\"@id\":\"https:\\\/\\\/www.phyt-inov.com\\\/de\\\/#\\\/schema\\\/logo\\\/image\\\/\"},\"sameAs\":[\"https:\\\/\\\/www.facebook.com\\\/phytinov\\\/\",\"https:\\\/\\\/www.youtube.com\\\/channel\\\/UCE05sYsSXuuKbLqs4Au3e4Q\",\"https:\\\/\\\/www.instagram.com\\\/phytinov\\\/\"]}]}<\/script>\n<!-- \/ Yoast SEO plugin. -->","yoast_head_json":{"title":"\u00c4therische \u00d6le \u2013 die nat\u00fcrliche L\u00f6sung zur Infektionsbek\u00e4mpfung \u2013 Buch von Dr. Jean-Pierre Willem | Phyt-inov.com","description":"Phyt-Inov international\u00ae offiziell, Schweizer Labor, bietet die B\u00fccher von Dr. Jean-Pierre Willem \u00fcber \u00e4therische \u00d6le an","robots":{"index":"index","follow":"follow","max-snippet":"max-snippet:-1","max-image-preview":"max-image-preview:large","max-video-preview":"max-video-preview:-1"},"canonical":"https:\/\/www.phyt-inov.com\/de\/produit\/antivirale-aetherische-oele\/","og_locale":"de_DE","og_type":"article","og_title":"\u00c4therische \u00d6le \u2013 die nat\u00fcrliche L\u00f6sung zur Infektionsbek\u00e4mpfung \u2013 Buch von Dr. Jean-Pierre Willem | Phyt-inov.com","og_description":"Phyt-Inov international\u00ae offiziell, Schweizer Labor, bietet die B\u00fccher von Dr. Jean-Pierre Willem \u00fcber \u00e4therische \u00d6le an","og_url":"https:\/\/www.phyt-inov.com\/de\/produit\/antivirale-aetherische-oele\/","og_site_name":"Phyt-Inov","article_publisher":"https:\/\/www.facebook.com\/phytinov\/","og_image":[{"width":210,"height":318,"url":"https:\/\/www.phyt-inov.com\/wp-content\/uploads\/2025\/09\/Huiles-essentielles-antivirales.jpg","type":"image\/jpeg"}],"twitter_card":"summary_large_image","schema":{"@context":"https:\/\/schema.org","@graph":[{"@type":"WebPage","@id":"https:\/\/www.phyt-inov.com\/de\/produit\/antivirale-aetherische-oele\/","url":"https:\/\/www.phyt-inov.com\/de\/produit\/antivirale-aetherische-oele\/","name":"\u00c4therische \u00d6le \u2013 die nat\u00fcrliche L\u00f6sung zur Infektionsbek\u00e4mpfung \u2013 Buch von Dr. Jean-Pierre Willem | Phyt-inov.com","isPartOf":{"@id":"https:\/\/www.phyt-inov.com\/de\/#website"},"primaryImageOfPage":{"@id":"https:\/\/www.phyt-inov.com\/de\/produit\/antivirale-aetherische-oele\/#primaryimage"},"image":{"@id":"https:\/\/www.phyt-inov.com\/de\/produit\/antivirale-aetherische-oele\/#primaryimage"},"thumbnailUrl":"https:\/\/www.phyt-inov.com\/wp-content\/uploads\/2025\/09\/Huiles-essentielles-antivirales.jpg","datePublished":"2020-02-28T16:31:51+00:00","description":"Phyt-Inov international\u00ae offiziell, Schweizer Labor, bietet die B\u00fccher von Dr. Jean-Pierre Willem \u00fcber \u00e4therische \u00d6le an","breadcrumb":{"@id":"https:\/\/www.phyt-inov.com\/de\/produit\/antivirale-aetherische-oele\/#breadcrumb"},"inLanguage":"de","potentialAction":[{"@type":"ReadAction","target":["https:\/\/www.phyt-inov.com\/de\/produit\/antivirale-aetherische-oele\/"]}]},{"@type":"ImageObject","inLanguage":"de","@id":"https:\/\/www.phyt-inov.com\/de\/produit\/antivirale-aetherische-oele\/#primaryimage","url":"https:\/\/www.phyt-inov.com\/wp-content\/uploads\/2025\/09\/Huiles-essentielles-antivirales.jpg","contentUrl":"https:\/\/www.phyt-inov.com\/wp-content\/uploads\/2025\/09\/Huiles-essentielles-antivirales.jpg","width":210,"height":318,"caption":"Dr. Willem antivirale \u00e4therische \u00d6le"},{"@type":"BreadcrumbList","@id":"https:\/\/www.phyt-inov.com\/de\/produit\/antivirale-aetherische-oele\/#breadcrumb","itemListElement":[{"@type":"ListItem","position":1,"name":"Accueil","item":"https:\/\/www.phyt-inov.com\/de\/startseite\/"},{"@type":"ListItem","position":2,"name":"Shop","item":"https:\/\/www.phyt-inov.com\/de\/shop\/"},{"@type":"ListItem","position":3,"name":"Antivirale \u00e4therische \u00d6le"}]},{"@type":"WebSite","@id":"https:\/\/www.phyt-inov.com\/de\/#website","url":"https:\/\/www.phyt-inov.com\/de\/","name":"Phyt-Inov International","description":"L&#039;efficacit\u00e9 naturelle pour vos soins quotidiens","publisher":{"@id":"https:\/\/www.phyt-inov.com\/de\/#organization"},"alternateName":"phyt-inov","potentialAction":[{"@type":"SearchAction","target":{"@type":"EntryPoint","urlTemplate":"https:\/\/www.phyt-inov.com\/de\/?s={search_term_string}"},"query-input":{"@type":"PropertyValueSpecification","valueRequired":true,"valueName":"search_term_string"}}],"inLanguage":"de"},{"@type":"Organization","@id":"https:\/\/www.phyt-inov.com\/de\/#organization","name":"Phyt-Inov","alternateName":"Phyt-Inov","url":"https:\/\/www.phyt-inov.com\/de\/","logo":{"@type":"ImageObject","inLanguage":"de","@id":"https:\/\/www.phyt-inov.com\/de\/#\/schema\/logo\/image\/","url":"https:\/\/www.phyt-inov.com\/wp-content\/uploads\/2025\/09\/Logo-site-phyt-inov4_Plan-de-travail-1-2048x760-1.png","contentUrl":"https:\/\/www.phyt-inov.com\/wp-content\/uploads\/2025\/09\/Logo-site-phyt-inov4_Plan-de-travail-1-2048x760-1.png","width":2048,"height":760,"caption":"Phyt-Inov"},"image":{"@id":"https:\/\/www.phyt-inov.com\/de\/#\/schema\/logo\/image\/"},"sameAs":["https:\/\/www.facebook.com\/phytinov\/","https:\/\/www.youtube.com\/channel\/UCE05sYsSXuuKbLqs4Au3e4Q","https:\/\/www.instagram.com\/phytinov\/"]}]}},"jetpack_sharing_enabled":true,"_links":{"self":[{"href":"https:\/\/www.phyt-inov.com\/de\/wp-json\/wp\/v2\/product\/83421","targetHints":{"allow":["GET"]}}],"collection":[{"href":"https:\/\/www.phyt-inov.com\/de\/wp-json\/wp\/v2\/product"}],"about":[{"href":"https:\/\/www.phyt-inov.com\/de\/wp-json\/wp\/v2\/types\/product"}],"replies":[{"embeddable":true,"href":"https:\/\/www.phyt-inov.com\/de\/wp-json\/wp\/v2\/comments?post=83421"}],"wp:featuredmedia":[{"embeddable":true,"href":"https:\/\/www.phyt-inov.com\/de\/wp-json\/wp\/v2\/media\/83424"}],"wp:attachment":[{"href":"https:\/\/www.phyt-inov.com\/de\/wp-json\/wp\/v2\/media?parent=83421"}],"wp:term":[{"taxonomy":"product_brand","embeddable":true,"href":"https:\/\/www.phyt-inov.com\/de\/wp-json\/wp\/v2\/product_brand?post=83421"},{"taxonomy":"product_cat","embeddable":true,"href":"https:\/\/www.phyt-inov.com\/de\/wp-json\/wp\/v2\/product_cat?post=83421"},{"taxonomy":"product_tag","embeddable":true,"href":"https:\/\/www.phyt-inov.com\/de\/wp-json\/wp\/v2\/product_tag?post=83421"}],"curies":[{"name":"wp","href":"https:\/\/api.w.org\/{rel}","templated":true}]}}