{"id":83413,"date":"2022-05-02T11:41:26","date_gmt":"2022-05-02T11:41:26","guid":{"rendered":"https:\/\/www.phyt-inov.com\/produit\/rote-propolis\/"},"modified":"2026-03-30T08:54:33","modified_gmt":"2026-03-30T08:54:33","slug":"rote-propolis","status":"publish","type":"product","link":"https:\/\/www.phyt-inov.com\/de\/produit\/rote-propolis\/","title":{"rendered":"ROTE Propolis"},"content":{"rendered":"<p><strong><span style=\"color: #ff0000;\">Abbildung unverbindlich<\/span><\/strong><\/p>\n<p>Dose mit 50 oder 100 pflanzlichen Kapseln aus 100 % reiner roter Propolis, ohne Zusatzstoffe, dosiert auf 235 mg.<\/p>\n<p>Nettogewicht: 15,5 g.<\/p>\n<p><strong>Verzehrempfehlung:<\/strong> T\u00e4glich 1 bis 3 Kapseln einnehmen.<\/p>\n","protected":false},"excerpt":{"rendered":"<p>Brasilianische rote Propolis, geerntet von Dalbergia ecastaphyllum, gilt als die beste und reichhaltigste der Welt.<\/p>\n<p>Propolis ist eine harzige Substanz, die Bienen von den Knospen bestimmter B\u00e4ume sammeln. Die Bienen bringen sie in den Bienenstock f\u00fcr verschiedene Zwecke: zum Abdichten von Ritzen und L\u00f6chern, aber auch als biologisches Abwehrmittel. <\/p>\n<p>Propolis ist reich an Flavonoiden, Spurenelementen, organischen S\u00e4uren, Vitaminen &#8230; Indem sie das Innere ihres Lebensraums mit einem d\u00fcnnen Film dieses Harzes \u00fcberziehen, sch\u00fctzen sich die Bienen vor Krankheiten, Viren, Bakterien und Pilzen. <\/p>\n","protected":false},"featured_media":83414,"comment_status":"open","ping_status":"closed","template":"","meta":{"_et_pb_use_builder":"","_et_pb_old_content":"","_et_gb_content_width":""},"product_brand":[],"product_cat":[105,126,107,128,125,127],"product_tag":[],"class_list":{"0":"post-83413","1":"product","2":"type-product","3":"status-publish","4":"has-post-thumbnail","6":"product_cat-harnwege","7":"product_cat-naturliches-protokoll-zur-zellunterstutzung","8":"product_cat-schatze-des-bienenstocks","9":"product_cat-tiere","10":"product_cat-tonus-und-vitalitat","11":"product_cat-wohlbefinden-fur-frauen","13":"first","14":"instock","15":"shipping-taxable","16":"purchasable","17":"product-type-variable"},"yoast_head":"<!-- This site is optimized with the Yoast SEO plugin v27.3 - https:\/\/yoast.com\/product\/yoast-seo-wordpress\/ -->\n<title>Nat\u00fcrliche\/reine gereinigte rote Propolis aus Brasilien von Phyt-Inov\u00ae offiziell \u2013 Nahrungserg\u00e4nzungsmittel reich an Flavonoiden\/Spurenelementen zur Unterst\u00fctzung des Immunsystems \u2013 50 Kapseln \u00e0 235 mg | Phyt-inov.com<\/title>\n<meta name=\"description\" content=\"Phyt-Inov\u00ae international, f\u00fchrendes Schweizer Labor f\u00fcr Natur-\/Bio-Produkte, bietet seine rote Propolis an (50 Kapseln \u00e0 235 mg) mit hoher Dosierung (ohne Bienenstockabf\u00e4lle) und ohne Zusatzstoffe \u2013 Rote Propolis wirkt antibakteriell, verbessert die Immunit\u00e4t sowie Widerstandskraft und hilft bei der Stabilisierung von Wechseljahresbeschwerden.\" \/>\n<meta name=\"robots\" content=\"index, follow, max-snippet:-1, max-image-preview:large, max-video-preview:-1\" \/>\n<link rel=\"canonical\" href=\"https:\/\/www.phyt-inov.com\/de\/produit\/rote-propolis\/\" \/>\n<meta property=\"og:locale\" content=\"de_DE\" \/>\n<meta property=\"og:type\" content=\"article\" \/>\n<meta property=\"og:title\" content=\"Nat\u00fcrliche\/reine gereinigte rote Propolis aus Brasilien von Phyt-Inov\u00ae offiziell \u2013 Nahrungserg\u00e4nzungsmittel reich an Flavonoiden\/Spurenelementen zur Unterst\u00fctzung des Immunsystems \u2013 50 Kapseln \u00e0 235 mg | Phyt-inov.com\" \/>\n<meta property=\"og:description\" content=\"Phyt-Inov\u00ae international, f\u00fchrendes Schweizer Labor f\u00fcr Natur-\/Bio-Produkte, bietet seine rote Propolis an (50 Kapseln \u00e0 235 mg) mit hoher Dosierung (ohne Bienenstockabf\u00e4lle) und ohne Zusatzstoffe \u2013 Rote Propolis wirkt antibakteriell, verbessert die Immunit\u00e4t sowie Widerstandskraft und hilft bei der Stabilisierung von Wechseljahresbeschwerden.\" \/>\n<meta property=\"og:url\" content=\"https:\/\/www.phyt-inov.com\/de\/produit\/rote-propolis\/\" \/>\n<meta property=\"og:site_name\" content=\"Phyt-Inov\" \/>\n<meta property=\"article:publisher\" content=\"https:\/\/www.facebook.com\/phytinov\/\" \/>\n<meta property=\"article:modified_time\" content=\"2026-03-30T08:54:33+00:00\" \/>\n<meta property=\"og:image\" content=\"https:\/\/www.phyt-inov.com\/wp-content\/uploads\/2025\/09\/Propolis-R-50gel.png\" \/>\n\t<meta property=\"og:image:width\" content=\"819\" \/>\n\t<meta property=\"og:image:height\" content=\"1024\" \/>\n\t<meta property=\"og:image:type\" content=\"image\/png\" \/>\n<meta name=\"twitter:card\" content=\"summary_large_image\" \/>\n<script type=\"application\/ld+json\" class=\"yoast-schema-graph\">{\"@context\":\"https:\\\/\\\/schema.org\",\"@graph\":[{\"@type\":\"WebPage\",\"@id\":\"https:\\\/\\\/www.phyt-inov.com\\\/de\\\/produit\\\/rote-propolis\\\/\",\"url\":\"https:\\\/\\\/www.phyt-inov.com\\\/de\\\/produit\\\/rote-propolis\\\/\",\"name\":\"Nat\u00fcrliche\\\/reine gereinigte rote Propolis aus Brasilien von Phyt-Inov\u00ae offiziell \u2013 Nahrungserg\u00e4nzungsmittel reich an Flavonoiden\\\/Spurenelementen zur Unterst\u00fctzung des Immunsystems \u2013 50 Kapseln \u00e0 235 mg | Phyt-inov.com\",\"isPartOf\":{\"@id\":\"https:\\\/\\\/www.phyt-inov.com\\\/de\\\/#website\"},\"primaryImageOfPage\":{\"@id\":\"https:\\\/\\\/www.phyt-inov.com\\\/de\\\/produit\\\/rote-propolis\\\/#primaryimage\"},\"image\":{\"@id\":\"https:\\\/\\\/www.phyt-inov.com\\\/de\\\/produit\\\/rote-propolis\\\/#primaryimage\"},\"thumbnailUrl\":\"https:\\\/\\\/www.phyt-inov.com\\\/wp-content\\\/uploads\\\/2025\\\/09\\\/Propolis-R-50gel.png\",\"datePublished\":\"2022-05-02T11:41:26+00:00\",\"dateModified\":\"2026-03-30T08:54:33+00:00\",\"description\":\"Phyt-Inov\u00ae international, f\u00fchrendes Schweizer Labor f\u00fcr Natur-\\\/Bio-Produkte, bietet seine rote Propolis an (50 Kapseln \u00e0 235 mg) mit hoher Dosierung (ohne Bienenstockabf\u00e4lle) und ohne Zusatzstoffe \u2013 Rote Propolis wirkt antibakteriell, verbessert die Immunit\u00e4t sowie Widerstandskraft und hilft bei der Stabilisierung von Wechseljahresbeschwerden.\",\"breadcrumb\":{\"@id\":\"https:\\\/\\\/www.phyt-inov.com\\\/de\\\/produit\\\/rote-propolis\\\/#breadcrumb\"},\"inLanguage\":\"de\",\"potentialAction\":[{\"@type\":\"ReadAction\",\"target\":[\"https:\\\/\\\/www.phyt-inov.com\\\/de\\\/produit\\\/rote-propolis\\\/\"]}]},{\"@type\":\"ImageObject\",\"inLanguage\":\"de\",\"@id\":\"https:\\\/\\\/www.phyt-inov.com\\\/de\\\/produit\\\/rote-propolis\\\/#primaryimage\",\"url\":\"https:\\\/\\\/www.phyt-inov.com\\\/wp-content\\\/uploads\\\/2025\\\/09\\\/Propolis-R-50gel.png\",\"contentUrl\":\"https:\\\/\\\/www.phyt-inov.com\\\/wp-content\\\/uploads\\\/2025\\\/09\\\/Propolis-R-50gel.png\",\"width\":6400,\"height\":8000,\"caption\":\"Phyt-Inov Produkt rote Propolis\"},{\"@type\":\"BreadcrumbList\",\"@id\":\"https:\\\/\\\/www.phyt-inov.com\\\/de\\\/produit\\\/rote-propolis\\\/#breadcrumb\",\"itemListElement\":[{\"@type\":\"ListItem\",\"position\":1,\"name\":\"Accueil\",\"item\":\"https:\\\/\\\/www.phyt-inov.com\\\/de\\\/startseite\\\/\"},{\"@type\":\"ListItem\",\"position\":2,\"name\":\"Shop\",\"item\":\"https:\\\/\\\/www.phyt-inov.com\\\/de\\\/shop\\\/\"},{\"@type\":\"ListItem\",\"position\":3,\"name\":\"ROTE Propolis\"}]},{\"@type\":\"WebSite\",\"@id\":\"https:\\\/\\\/www.phyt-inov.com\\\/de\\\/#website\",\"url\":\"https:\\\/\\\/www.phyt-inov.com\\\/de\\\/\",\"name\":\"Phyt-Inov International\",\"description\":\"L&#039;efficacit\u00e9 naturelle pour vos soins quotidiens\",\"publisher\":{\"@id\":\"https:\\\/\\\/www.phyt-inov.com\\\/de\\\/#organization\"},\"alternateName\":\"phyt-inov\",\"potentialAction\":[{\"@type\":\"SearchAction\",\"target\":{\"@type\":\"EntryPoint\",\"urlTemplate\":\"https:\\\/\\\/www.phyt-inov.com\\\/de\\\/?s={search_term_string}\"},\"query-input\":{\"@type\":\"PropertyValueSpecification\",\"valueRequired\":true,\"valueName\":\"search_term_string\"}}],\"inLanguage\":\"de\"},{\"@type\":\"Organization\",\"@id\":\"https:\\\/\\\/www.phyt-inov.com\\\/de\\\/#organization\",\"name\":\"Phyt-Inov\",\"alternateName\":\"Phyt-Inov\",\"url\":\"https:\\\/\\\/www.phyt-inov.com\\\/de\\\/\",\"logo\":{\"@type\":\"ImageObject\",\"inLanguage\":\"de\",\"@id\":\"https:\\\/\\\/www.phyt-inov.com\\\/de\\\/#\\\/schema\\\/logo\\\/image\\\/\",\"url\":\"https:\\\/\\\/www.phyt-inov.com\\\/wp-content\\\/uploads\\\/2025\\\/09\\\/Logo-site-phyt-inov4_Plan-de-travail-1-2048x760-1.png\",\"contentUrl\":\"https:\\\/\\\/www.phyt-inov.com\\\/wp-content\\\/uploads\\\/2025\\\/09\\\/Logo-site-phyt-inov4_Plan-de-travail-1-2048x760-1.png\",\"width\":2048,\"height\":760,\"caption\":\"Phyt-Inov\"},\"image\":{\"@id\":\"https:\\\/\\\/www.phyt-inov.com\\\/de\\\/#\\\/schema\\\/logo\\\/image\\\/\"},\"sameAs\":[\"https:\\\/\\\/www.facebook.com\\\/phytinov\\\/\",\"https:\\\/\\\/www.youtube.com\\\/channel\\\/UCE05sYsSXuuKbLqs4Au3e4Q\",\"https:\\\/\\\/www.instagram.com\\\/phytinov\\\/\"]}]}<\/script>\n<!-- \/ Yoast SEO plugin. -->","yoast_head_json":{"title":"Nat\u00fcrliche\/reine gereinigte rote Propolis aus Brasilien von Phyt-Inov\u00ae offiziell \u2013 Nahrungserg\u00e4nzungsmittel reich an Flavonoiden\/Spurenelementen zur Unterst\u00fctzung des Immunsystems \u2013 50 Kapseln \u00e0 235 mg | Phyt-inov.com","description":"Phyt-Inov\u00ae international, f\u00fchrendes Schweizer Labor f\u00fcr Natur-\/Bio-Produkte, bietet seine rote Propolis an (50 Kapseln \u00e0 235 mg) mit hoher Dosierung (ohne Bienenstockabf\u00e4lle) und ohne Zusatzstoffe \u2013 Rote Propolis wirkt antibakteriell, verbessert die Immunit\u00e4t sowie Widerstandskraft und hilft bei der Stabilisierung von Wechseljahresbeschwerden.","robots":{"index":"index","follow":"follow","max-snippet":"max-snippet:-1","max-image-preview":"max-image-preview:large","max-video-preview":"max-video-preview:-1"},"canonical":"https:\/\/www.phyt-inov.com\/de\/produit\/rote-propolis\/","og_locale":"de_DE","og_type":"article","og_title":"Nat\u00fcrliche\/reine gereinigte rote Propolis aus Brasilien von Phyt-Inov\u00ae offiziell \u2013 Nahrungserg\u00e4nzungsmittel reich an Flavonoiden\/Spurenelementen zur Unterst\u00fctzung des Immunsystems \u2013 50 Kapseln \u00e0 235 mg | Phyt-inov.com","og_description":"Phyt-Inov\u00ae international, f\u00fchrendes Schweizer Labor f\u00fcr Natur-\/Bio-Produkte, bietet seine rote Propolis an (50 Kapseln \u00e0 235 mg) mit hoher Dosierung (ohne Bienenstockabf\u00e4lle) und ohne Zusatzstoffe \u2013 Rote Propolis wirkt antibakteriell, verbessert die Immunit\u00e4t sowie Widerstandskraft und hilft bei der Stabilisierung von Wechseljahresbeschwerden.","og_url":"https:\/\/www.phyt-inov.com\/de\/produit\/rote-propolis\/","og_site_name":"Phyt-Inov","article_publisher":"https:\/\/www.facebook.com\/phytinov\/","article_modified_time":"2026-03-30T08:54:33+00:00","og_image":[{"url":"https:\/\/www.phyt-inov.com\/wp-content\/uploads\/2025\/09\/Propolis-R-50gel.png","width":819,"height":1024,"type":"image\/png"}],"twitter_card":"summary_large_image","schema":{"@context":"https:\/\/schema.org","@graph":[{"@type":"WebPage","@id":"https:\/\/www.phyt-inov.com\/de\/produit\/rote-propolis\/","url":"https:\/\/www.phyt-inov.com\/de\/produit\/rote-propolis\/","name":"Nat\u00fcrliche\/reine gereinigte rote Propolis aus Brasilien von Phyt-Inov\u00ae offiziell \u2013 Nahrungserg\u00e4nzungsmittel reich an Flavonoiden\/Spurenelementen zur Unterst\u00fctzung des Immunsystems \u2013 50 Kapseln \u00e0 235 mg | Phyt-inov.com","isPartOf":{"@id":"https:\/\/www.phyt-inov.com\/de\/#website"},"primaryImageOfPage":{"@id":"https:\/\/www.phyt-inov.com\/de\/produit\/rote-propolis\/#primaryimage"},"image":{"@id":"https:\/\/www.phyt-inov.com\/de\/produit\/rote-propolis\/#primaryimage"},"thumbnailUrl":"https:\/\/www.phyt-inov.com\/wp-content\/uploads\/2025\/09\/Propolis-R-50gel.png","datePublished":"2022-05-02T11:41:26+00:00","dateModified":"2026-03-30T08:54:33+00:00","description":"Phyt-Inov\u00ae international, f\u00fchrendes Schweizer Labor f\u00fcr Natur-\/Bio-Produkte, bietet seine rote Propolis an (50 Kapseln \u00e0 235 mg) mit hoher Dosierung (ohne Bienenstockabf\u00e4lle) und ohne Zusatzstoffe \u2013 Rote Propolis wirkt antibakteriell, verbessert die Immunit\u00e4t sowie Widerstandskraft und hilft bei der Stabilisierung von Wechseljahresbeschwerden.","breadcrumb":{"@id":"https:\/\/www.phyt-inov.com\/de\/produit\/rote-propolis\/#breadcrumb"},"inLanguage":"de","potentialAction":[{"@type":"ReadAction","target":["https:\/\/www.phyt-inov.com\/de\/produit\/rote-propolis\/"]}]},{"@type":"ImageObject","inLanguage":"de","@id":"https:\/\/www.phyt-inov.com\/de\/produit\/rote-propolis\/#primaryimage","url":"https:\/\/www.phyt-inov.com\/wp-content\/uploads\/2025\/09\/Propolis-R-50gel.png","contentUrl":"https:\/\/www.phyt-inov.com\/wp-content\/uploads\/2025\/09\/Propolis-R-50gel.png","width":6400,"height":8000,"caption":"Phyt-Inov Produkt rote Propolis"},{"@type":"BreadcrumbList","@id":"https:\/\/www.phyt-inov.com\/de\/produit\/rote-propolis\/#breadcrumb","itemListElement":[{"@type":"ListItem","position":1,"name":"Accueil","item":"https:\/\/www.phyt-inov.com\/de\/startseite\/"},{"@type":"ListItem","position":2,"name":"Shop","item":"https:\/\/www.phyt-inov.com\/de\/shop\/"},{"@type":"ListItem","position":3,"name":"ROTE Propolis"}]},{"@type":"WebSite","@id":"https:\/\/www.phyt-inov.com\/de\/#website","url":"https:\/\/www.phyt-inov.com\/de\/","name":"Phyt-Inov International","description":"L&#039;efficacit\u00e9 naturelle pour vos soins quotidiens","publisher":{"@id":"https:\/\/www.phyt-inov.com\/de\/#organization"},"alternateName":"phyt-inov","potentialAction":[{"@type":"SearchAction","target":{"@type":"EntryPoint","urlTemplate":"https:\/\/www.phyt-inov.com\/de\/?s={search_term_string}"},"query-input":{"@type":"PropertyValueSpecification","valueRequired":true,"valueName":"search_term_string"}}],"inLanguage":"de"},{"@type":"Organization","@id":"https:\/\/www.phyt-inov.com\/de\/#organization","name":"Phyt-Inov","alternateName":"Phyt-Inov","url":"https:\/\/www.phyt-inov.com\/de\/","logo":{"@type":"ImageObject","inLanguage":"de","@id":"https:\/\/www.phyt-inov.com\/de\/#\/schema\/logo\/image\/","url":"https:\/\/www.phyt-inov.com\/wp-content\/uploads\/2025\/09\/Logo-site-phyt-inov4_Plan-de-travail-1-2048x760-1.png","contentUrl":"https:\/\/www.phyt-inov.com\/wp-content\/uploads\/2025\/09\/Logo-site-phyt-inov4_Plan-de-travail-1-2048x760-1.png","width":2048,"height":760,"caption":"Phyt-Inov"},"image":{"@id":"https:\/\/www.phyt-inov.com\/de\/#\/schema\/logo\/image\/"},"sameAs":["https:\/\/www.facebook.com\/phytinov\/","https:\/\/www.youtube.com\/channel\/UCE05sYsSXuuKbLqs4Au3e4Q","https:\/\/www.instagram.com\/phytinov\/"]}]}},"jetpack_sharing_enabled":true,"_links":{"self":[{"href":"https:\/\/www.phyt-inov.com\/de\/wp-json\/wp\/v2\/product\/83413","targetHints":{"allow":["GET"]}}],"collection":[{"href":"https:\/\/www.phyt-inov.com\/de\/wp-json\/wp\/v2\/product"}],"about":[{"href":"https:\/\/www.phyt-inov.com\/de\/wp-json\/wp\/v2\/types\/product"}],"replies":[{"embeddable":true,"href":"https:\/\/www.phyt-inov.com\/de\/wp-json\/wp\/v2\/comments?post=83413"}],"wp:featuredmedia":[{"embeddable":true,"href":"https:\/\/www.phyt-inov.com\/de\/wp-json\/wp\/v2\/media\/83414"}],"wp:attachment":[{"href":"https:\/\/www.phyt-inov.com\/de\/wp-json\/wp\/v2\/media?parent=83413"}],"wp:term":[{"taxonomy":"product_brand","embeddable":true,"href":"https:\/\/www.phyt-inov.com\/de\/wp-json\/wp\/v2\/product_brand?post=83413"},{"taxonomy":"product_cat","embeddable":true,"href":"https:\/\/www.phyt-inov.com\/de\/wp-json\/wp\/v2\/product_cat?post=83413"},{"taxonomy":"product_tag","embeddable":true,"href":"https:\/\/www.phyt-inov.com\/de\/wp-json\/wp\/v2\/product_tag?post=83413"}],"curies":[{"name":"wp","href":"https:\/\/api.w.org\/{rel}","templated":true}]}}