{"id":83409,"date":"2023-10-24T15:17:23","date_gmt":"2023-10-24T15:17:23","guid":{"rendered":"https:\/\/www.phyt-inov.com\/produit\/urtinktur-aus-rotem-propolis-30-ml\/"},"modified":"2026-03-30T08:54:14","modified_gmt":"2026-03-30T08:54:14","slug":"urtinktur-aus-rotem-propolis-30-ml","status":"publish","type":"product","link":"https:\/\/www.phyt-inov.com\/de\/produit\/urtinktur-aus-rotem-propolis-30-ml\/","title":{"rendered":"Urtinktur aus ROTEM Propolis 30 ml"},"content":{"rendered":"<p>30-ml-Flasche mit 40 % Urtinktur aus Rotem Propolis und 60 % Bio-Alkohol.<\/p>\n<p>Nettogewicht: 76 g.<\/p>\n<p><strong>Anwendungshinweise:<\/strong> Nehmen Sie 1 bis 4 Tropfen 3-mal t\u00e4glich (12 Tropfen = 120 mg Propolis).<\/p>\n<p><em>Nicht an Katzen und Hunde geben, da dieses Produkt Alkohol enth\u00e4lt.<\/em><\/p>\n","protected":false},"excerpt":{"rendered":"<p>Brasilianischer Roter Propolis, geerntet von Dalbergia ecastaphyllum, gilt als der beste und reichhaltigste der Welt.<\/p>\n<p>Propolis ist eine harzige Substanz, die Bienen von den Knospen bestimmter B\u00e4ume sammeln. Die Bienen bringen sie in den Bienenstock f\u00fcr verschiedene Zwecke: zum Abdichten von Rissen und L\u00f6chern, aber auch als Mittel der biologischen Abwehr. <\/p>\n<p>Propolis ist reich an Flavonoiden, Spurenelementen, organischen S\u00e4uren, Vitaminen &#8230; Indem sie das Innere ihres Lebensraums mit einem d\u00fcnnen Film dieses Harzes \u00fcberziehen, sch\u00fctzen sich die Bienen vor Krankheiten, Viren, Bakterien und Pilzen. <\/p>\n","protected":false},"featured_media":83410,"comment_status":"open","ping_status":"closed","template":"","meta":{"_et_pb_use_builder":"","_et_pb_old_content":"","_et_gb_content_width":""},"product_brand":[],"product_cat":[109,107],"product_tag":[],"class_list":{"0":"post-83409","1":"product","2":"type-product","3":"status-publish","4":"has-post-thumbnail","6":"product_cat-nahrungserganzungsmittel","7":"product_cat-schatze-des-bienenstocks","9":"first","10":"instock","11":"shipping-taxable","12":"purchasable","13":"product-type-simple"},"yoast_head":"<!-- This site is optimized with the Yoast SEO plugin v27.3 - https:\/\/yoast.com\/product\/yoast-seo-wordpress\/ -->\n<title>Nat\u00fcrlicher\/reiner Roter Propolis aus Brasilien, gereinigt von Phyt-Inov\u00ae offiziell \u2013 Nahrungserg\u00e4nzungsmittel reich an Flavonoiden\/Spurenelementen zur Unterst\u00fctzung des Immunsystems \u2013 30 ml, dosiert auf 40 % | Phyt-inov.com<\/title>\n<meta name=\"description\" content=\"Phyt-Inov\u00ae international, f\u00fchrendes Schweizer Labor f\u00fcr Natur-\/Bio-Produkte, bietet seinen Roten Propolis (30 ml, dosiert auf 40 %) mit hoher Dosierung (ohne Bienenstockr\u00fcckst\u00e4nde) und ohne Hilfsstoffe an \u2013 Roter Propolis wirkt antibakteriell, verbessert die Immunit\u00e4t und Widerstandskraft. Hilft bei der Stabilisierung von Beschwerden im Zusammenhang mit der Menopause.\" \/>\n<meta name=\"robots\" content=\"index, follow, max-snippet:-1, max-image-preview:large, max-video-preview:-1\" \/>\n<link rel=\"canonical\" href=\"https:\/\/www.phyt-inov.com\/de\/produit\/urtinktur-aus-rotem-propolis-30-ml\/\" \/>\n<meta property=\"og:locale\" content=\"de_DE\" \/>\n<meta property=\"og:type\" content=\"article\" \/>\n<meta property=\"og:title\" content=\"Nat\u00fcrlicher\/reiner Roter Propolis aus Brasilien, gereinigt von Phyt-Inov\u00ae offiziell \u2013 Nahrungserg\u00e4nzungsmittel reich an Flavonoiden\/Spurenelementen zur Unterst\u00fctzung des Immunsystems \u2013 30 ml, dosiert auf 40 % | Phyt-inov.com\" \/>\n<meta property=\"og:description\" content=\"Phyt-Inov\u00ae international, f\u00fchrendes Schweizer Labor f\u00fcr Natur-\/Bio-Produkte, bietet seinen Roten Propolis (30 ml, dosiert auf 40 %) mit hoher Dosierung (ohne Bienenstockr\u00fcckst\u00e4nde) und ohne Hilfsstoffe an \u2013 Roter Propolis wirkt antibakteriell, verbessert die Immunit\u00e4t und Widerstandskraft. Hilft bei der Stabilisierung von Beschwerden im Zusammenhang mit der Menopause.\" \/>\n<meta property=\"og:url\" content=\"https:\/\/www.phyt-inov.com\/de\/produit\/urtinktur-aus-rotem-propolis-30-ml\/\" \/>\n<meta property=\"og:site_name\" content=\"Phyt-Inov\" \/>\n<meta property=\"article:publisher\" content=\"https:\/\/www.facebook.com\/phytinov\/\" \/>\n<meta property=\"article:modified_time\" content=\"2026-03-30T08:54:14+00:00\" \/>\n<meta property=\"og:image\" content=\"https:\/\/www.phyt-inov.com\/wp-content\/uploads\/2025\/09\/Propolis-rouge-teinture-mere-30-ml-site-blanche-scaled-1.jpg\" \/>\n\t<meta property=\"og:image:width\" content=\"1602\" \/>\n\t<meta property=\"og:image:height\" content=\"2560\" \/>\n\t<meta property=\"og:image:type\" content=\"image\/jpeg\" \/>\n<meta name=\"twitter:card\" content=\"summary_large_image\" \/>\n<script type=\"application\/ld+json\" class=\"yoast-schema-graph\">{\"@context\":\"https:\\\/\\\/schema.org\",\"@graph\":[{\"@type\":\"WebPage\",\"@id\":\"https:\\\/\\\/www.phyt-inov.com\\\/de\\\/produit\\\/urtinktur-aus-rotem-propolis-30-ml\\\/\",\"url\":\"https:\\\/\\\/www.phyt-inov.com\\\/de\\\/produit\\\/urtinktur-aus-rotem-propolis-30-ml\\\/\",\"name\":\"Nat\u00fcrlicher\\\/reiner Roter Propolis aus Brasilien, gereinigt von Phyt-Inov\u00ae offiziell \u2013 Nahrungserg\u00e4nzungsmittel reich an Flavonoiden\\\/Spurenelementen zur Unterst\u00fctzung des Immunsystems \u2013 30 ml, dosiert auf 40 % | Phyt-inov.com\",\"isPartOf\":{\"@id\":\"https:\\\/\\\/www.phyt-inov.com\\\/de\\\/#website\"},\"primaryImageOfPage\":{\"@id\":\"https:\\\/\\\/www.phyt-inov.com\\\/de\\\/produit\\\/urtinktur-aus-rotem-propolis-30-ml\\\/#primaryimage\"},\"image\":{\"@id\":\"https:\\\/\\\/www.phyt-inov.com\\\/de\\\/produit\\\/urtinktur-aus-rotem-propolis-30-ml\\\/#primaryimage\"},\"thumbnailUrl\":\"https:\\\/\\\/www.phyt-inov.com\\\/wp-content\\\/uploads\\\/2025\\\/09\\\/Propolis-rouge-teinture-mere-30-ml-site-blanche-scaled-1.jpg\",\"datePublished\":\"2023-10-24T15:17:23+00:00\",\"dateModified\":\"2026-03-30T08:54:14+00:00\",\"description\":\"Phyt-Inov\u00ae international, f\u00fchrendes Schweizer Labor f\u00fcr Natur-\\\/Bio-Produkte, bietet seinen Roten Propolis (30 ml, dosiert auf 40 %) mit hoher Dosierung (ohne Bienenstockr\u00fcckst\u00e4nde) und ohne Hilfsstoffe an \u2013 Roter Propolis wirkt antibakteriell, verbessert die Immunit\u00e4t und Widerstandskraft. Hilft bei der Stabilisierung von Beschwerden im Zusammenhang mit der Menopause.\",\"breadcrumb\":{\"@id\":\"https:\\\/\\\/www.phyt-inov.com\\\/de\\\/produit\\\/urtinktur-aus-rotem-propolis-30-ml\\\/#breadcrumb\"},\"inLanguage\":\"de\",\"potentialAction\":[{\"@type\":\"ReadAction\",\"target\":[\"https:\\\/\\\/www.phyt-inov.com\\\/de\\\/produit\\\/urtinktur-aus-rotem-propolis-30-ml\\\/\"]}]},{\"@type\":\"ImageObject\",\"inLanguage\":\"de\",\"@id\":\"https:\\\/\\\/www.phyt-inov.com\\\/de\\\/produit\\\/urtinktur-aus-rotem-propolis-30-ml\\\/#primaryimage\",\"url\":\"https:\\\/\\\/www.phyt-inov.com\\\/wp-content\\\/uploads\\\/2025\\\/09\\\/Propolis-rouge-teinture-mere-30-ml-site-blanche-scaled-1.jpg\",\"contentUrl\":\"https:\\\/\\\/www.phyt-inov.com\\\/wp-content\\\/uploads\\\/2025\\\/09\\\/Propolis-rouge-teinture-mere-30-ml-site-blanche-scaled-1.jpg\",\"width\":1602,\"height\":2560,\"caption\":\"Phyt-inov Produkt Roter Propolis\"},{\"@type\":\"BreadcrumbList\",\"@id\":\"https:\\\/\\\/www.phyt-inov.com\\\/de\\\/produit\\\/urtinktur-aus-rotem-propolis-30-ml\\\/#breadcrumb\",\"itemListElement\":[{\"@type\":\"ListItem\",\"position\":1,\"name\":\"Accueil\",\"item\":\"https:\\\/\\\/www.phyt-inov.com\\\/de\\\/startseite\\\/\"},{\"@type\":\"ListItem\",\"position\":2,\"name\":\"Shop\",\"item\":\"https:\\\/\\\/www.phyt-inov.com\\\/de\\\/shop\\\/\"},{\"@type\":\"ListItem\",\"position\":3,\"name\":\"Urtinktur aus ROTEM Propolis 30 ml\"}]},{\"@type\":\"WebSite\",\"@id\":\"https:\\\/\\\/www.phyt-inov.com\\\/de\\\/#website\",\"url\":\"https:\\\/\\\/www.phyt-inov.com\\\/de\\\/\",\"name\":\"Phyt-Inov International\",\"description\":\"L&#039;efficacit\u00e9 naturelle pour vos soins quotidiens\",\"publisher\":{\"@id\":\"https:\\\/\\\/www.phyt-inov.com\\\/de\\\/#organization\"},\"alternateName\":\"phyt-inov\",\"potentialAction\":[{\"@type\":\"SearchAction\",\"target\":{\"@type\":\"EntryPoint\",\"urlTemplate\":\"https:\\\/\\\/www.phyt-inov.com\\\/de\\\/?s={search_term_string}\"},\"query-input\":{\"@type\":\"PropertyValueSpecification\",\"valueRequired\":true,\"valueName\":\"search_term_string\"}}],\"inLanguage\":\"de\"},{\"@type\":\"Organization\",\"@id\":\"https:\\\/\\\/www.phyt-inov.com\\\/de\\\/#organization\",\"name\":\"Phyt-Inov\",\"alternateName\":\"Phyt-Inov\",\"url\":\"https:\\\/\\\/www.phyt-inov.com\\\/de\\\/\",\"logo\":{\"@type\":\"ImageObject\",\"inLanguage\":\"de\",\"@id\":\"https:\\\/\\\/www.phyt-inov.com\\\/de\\\/#\\\/schema\\\/logo\\\/image\\\/\",\"url\":\"https:\\\/\\\/www.phyt-inov.com\\\/wp-content\\\/uploads\\\/2025\\\/09\\\/Logo-site-phyt-inov4_Plan-de-travail-1-2048x760-1.png\",\"contentUrl\":\"https:\\\/\\\/www.phyt-inov.com\\\/wp-content\\\/uploads\\\/2025\\\/09\\\/Logo-site-phyt-inov4_Plan-de-travail-1-2048x760-1.png\",\"width\":2048,\"height\":760,\"caption\":\"Phyt-Inov\"},\"image\":{\"@id\":\"https:\\\/\\\/www.phyt-inov.com\\\/de\\\/#\\\/schema\\\/logo\\\/image\\\/\"},\"sameAs\":[\"https:\\\/\\\/www.facebook.com\\\/phytinov\\\/\",\"https:\\\/\\\/www.youtube.com\\\/channel\\\/UCE05sYsSXuuKbLqs4Au3e4Q\",\"https:\\\/\\\/www.instagram.com\\\/phytinov\\\/\"]}]}<\/script>\n<!-- \/ Yoast SEO plugin. -->","yoast_head_json":{"title":"Nat\u00fcrlicher\/reiner Roter Propolis aus Brasilien, gereinigt von Phyt-Inov\u00ae offiziell \u2013 Nahrungserg\u00e4nzungsmittel reich an Flavonoiden\/Spurenelementen zur Unterst\u00fctzung des Immunsystems \u2013 30 ml, dosiert auf 40 % | Phyt-inov.com","description":"Phyt-Inov\u00ae international, f\u00fchrendes Schweizer Labor f\u00fcr Natur-\/Bio-Produkte, bietet seinen Roten Propolis (30 ml, dosiert auf 40 %) mit hoher Dosierung (ohne Bienenstockr\u00fcckst\u00e4nde) und ohne Hilfsstoffe an \u2013 Roter Propolis wirkt antibakteriell, verbessert die Immunit\u00e4t und Widerstandskraft. Hilft bei der Stabilisierung von Beschwerden im Zusammenhang mit der Menopause.","robots":{"index":"index","follow":"follow","max-snippet":"max-snippet:-1","max-image-preview":"max-image-preview:large","max-video-preview":"max-video-preview:-1"},"canonical":"https:\/\/www.phyt-inov.com\/de\/produit\/urtinktur-aus-rotem-propolis-30-ml\/","og_locale":"de_DE","og_type":"article","og_title":"Nat\u00fcrlicher\/reiner Roter Propolis aus Brasilien, gereinigt von Phyt-Inov\u00ae offiziell \u2013 Nahrungserg\u00e4nzungsmittel reich an Flavonoiden\/Spurenelementen zur Unterst\u00fctzung des Immunsystems \u2013 30 ml, dosiert auf 40 % | Phyt-inov.com","og_description":"Phyt-Inov\u00ae international, f\u00fchrendes Schweizer Labor f\u00fcr Natur-\/Bio-Produkte, bietet seinen Roten Propolis (30 ml, dosiert auf 40 %) mit hoher Dosierung (ohne Bienenstockr\u00fcckst\u00e4nde) und ohne Hilfsstoffe an \u2013 Roter Propolis wirkt antibakteriell, verbessert die Immunit\u00e4t und Widerstandskraft. Hilft bei der Stabilisierung von Beschwerden im Zusammenhang mit der Menopause.","og_url":"https:\/\/www.phyt-inov.com\/de\/produit\/urtinktur-aus-rotem-propolis-30-ml\/","og_site_name":"Phyt-Inov","article_publisher":"https:\/\/www.facebook.com\/phytinov\/","article_modified_time":"2026-03-30T08:54:14+00:00","og_image":[{"width":1602,"height":2560,"url":"https:\/\/www.phyt-inov.com\/wp-content\/uploads\/2025\/09\/Propolis-rouge-teinture-mere-30-ml-site-blanche-scaled-1.jpg","type":"image\/jpeg"}],"twitter_card":"summary_large_image","schema":{"@context":"https:\/\/schema.org","@graph":[{"@type":"WebPage","@id":"https:\/\/www.phyt-inov.com\/de\/produit\/urtinktur-aus-rotem-propolis-30-ml\/","url":"https:\/\/www.phyt-inov.com\/de\/produit\/urtinktur-aus-rotem-propolis-30-ml\/","name":"Nat\u00fcrlicher\/reiner Roter Propolis aus Brasilien, gereinigt von Phyt-Inov\u00ae offiziell \u2013 Nahrungserg\u00e4nzungsmittel reich an Flavonoiden\/Spurenelementen zur Unterst\u00fctzung des Immunsystems \u2013 30 ml, dosiert auf 40 % | Phyt-inov.com","isPartOf":{"@id":"https:\/\/www.phyt-inov.com\/de\/#website"},"primaryImageOfPage":{"@id":"https:\/\/www.phyt-inov.com\/de\/produit\/urtinktur-aus-rotem-propolis-30-ml\/#primaryimage"},"image":{"@id":"https:\/\/www.phyt-inov.com\/de\/produit\/urtinktur-aus-rotem-propolis-30-ml\/#primaryimage"},"thumbnailUrl":"https:\/\/www.phyt-inov.com\/wp-content\/uploads\/2025\/09\/Propolis-rouge-teinture-mere-30-ml-site-blanche-scaled-1.jpg","datePublished":"2023-10-24T15:17:23+00:00","dateModified":"2026-03-30T08:54:14+00:00","description":"Phyt-Inov\u00ae international, f\u00fchrendes Schweizer Labor f\u00fcr Natur-\/Bio-Produkte, bietet seinen Roten Propolis (30 ml, dosiert auf 40 %) mit hoher Dosierung (ohne Bienenstockr\u00fcckst\u00e4nde) und ohne Hilfsstoffe an \u2013 Roter Propolis wirkt antibakteriell, verbessert die Immunit\u00e4t und Widerstandskraft. Hilft bei der Stabilisierung von Beschwerden im Zusammenhang mit der Menopause.","breadcrumb":{"@id":"https:\/\/www.phyt-inov.com\/de\/produit\/urtinktur-aus-rotem-propolis-30-ml\/#breadcrumb"},"inLanguage":"de","potentialAction":[{"@type":"ReadAction","target":["https:\/\/www.phyt-inov.com\/de\/produit\/urtinktur-aus-rotem-propolis-30-ml\/"]}]},{"@type":"ImageObject","inLanguage":"de","@id":"https:\/\/www.phyt-inov.com\/de\/produit\/urtinktur-aus-rotem-propolis-30-ml\/#primaryimage","url":"https:\/\/www.phyt-inov.com\/wp-content\/uploads\/2025\/09\/Propolis-rouge-teinture-mere-30-ml-site-blanche-scaled-1.jpg","contentUrl":"https:\/\/www.phyt-inov.com\/wp-content\/uploads\/2025\/09\/Propolis-rouge-teinture-mere-30-ml-site-blanche-scaled-1.jpg","width":1602,"height":2560,"caption":"Phyt-inov Produkt Roter Propolis"},{"@type":"BreadcrumbList","@id":"https:\/\/www.phyt-inov.com\/de\/produit\/urtinktur-aus-rotem-propolis-30-ml\/#breadcrumb","itemListElement":[{"@type":"ListItem","position":1,"name":"Accueil","item":"https:\/\/www.phyt-inov.com\/de\/startseite\/"},{"@type":"ListItem","position":2,"name":"Shop","item":"https:\/\/www.phyt-inov.com\/de\/shop\/"},{"@type":"ListItem","position":3,"name":"Urtinktur aus ROTEM Propolis 30 ml"}]},{"@type":"WebSite","@id":"https:\/\/www.phyt-inov.com\/de\/#website","url":"https:\/\/www.phyt-inov.com\/de\/","name":"Phyt-Inov International","description":"L&#039;efficacit\u00e9 naturelle pour vos soins quotidiens","publisher":{"@id":"https:\/\/www.phyt-inov.com\/de\/#organization"},"alternateName":"phyt-inov","potentialAction":[{"@type":"SearchAction","target":{"@type":"EntryPoint","urlTemplate":"https:\/\/www.phyt-inov.com\/de\/?s={search_term_string}"},"query-input":{"@type":"PropertyValueSpecification","valueRequired":true,"valueName":"search_term_string"}}],"inLanguage":"de"},{"@type":"Organization","@id":"https:\/\/www.phyt-inov.com\/de\/#organization","name":"Phyt-Inov","alternateName":"Phyt-Inov","url":"https:\/\/www.phyt-inov.com\/de\/","logo":{"@type":"ImageObject","inLanguage":"de","@id":"https:\/\/www.phyt-inov.com\/de\/#\/schema\/logo\/image\/","url":"https:\/\/www.phyt-inov.com\/wp-content\/uploads\/2025\/09\/Logo-site-phyt-inov4_Plan-de-travail-1-2048x760-1.png","contentUrl":"https:\/\/www.phyt-inov.com\/wp-content\/uploads\/2025\/09\/Logo-site-phyt-inov4_Plan-de-travail-1-2048x760-1.png","width":2048,"height":760,"caption":"Phyt-Inov"},"image":{"@id":"https:\/\/www.phyt-inov.com\/de\/#\/schema\/logo\/image\/"},"sameAs":["https:\/\/www.facebook.com\/phytinov\/","https:\/\/www.youtube.com\/channel\/UCE05sYsSXuuKbLqs4Au3e4Q","https:\/\/www.instagram.com\/phytinov\/"]}]}},"jetpack_sharing_enabled":true,"_links":{"self":[{"href":"https:\/\/www.phyt-inov.com\/de\/wp-json\/wp\/v2\/product\/83409","targetHints":{"allow":["GET"]}}],"collection":[{"href":"https:\/\/www.phyt-inov.com\/de\/wp-json\/wp\/v2\/product"}],"about":[{"href":"https:\/\/www.phyt-inov.com\/de\/wp-json\/wp\/v2\/types\/product"}],"replies":[{"embeddable":true,"href":"https:\/\/www.phyt-inov.com\/de\/wp-json\/wp\/v2\/comments?post=83409"}],"wp:featuredmedia":[{"embeddable":true,"href":"https:\/\/www.phyt-inov.com\/de\/wp-json\/wp\/v2\/media\/83410"}],"wp:attachment":[{"href":"https:\/\/www.phyt-inov.com\/de\/wp-json\/wp\/v2\/media?parent=83409"}],"wp:term":[{"taxonomy":"product_brand","embeddable":true,"href":"https:\/\/www.phyt-inov.com\/de\/wp-json\/wp\/v2\/product_brand?post=83409"},{"taxonomy":"product_cat","embeddable":true,"href":"https:\/\/www.phyt-inov.com\/de\/wp-json\/wp\/v2\/product_cat?post=83409"},{"taxonomy":"product_tag","embeddable":true,"href":"https:\/\/www.phyt-inov.com\/de\/wp-json\/wp\/v2\/product_tag?post=83409"}],"curies":[{"name":"wp","href":"https:\/\/api.w.org\/{rel}","templated":true}]}}