{"id":83389,"date":"2026-02-11T12:52:11","date_gmt":"2026-02-11T12:52:11","guid":{"rendered":"https:\/\/www.phyt-inov.com\/produit\/lyso-home-50-ml-tropfflasche\/"},"modified":"2026-03-30T08:52:58","modified_gmt":"2026-03-30T08:52:58","slug":"lyso-home-50-ml-tropfflasche","status":"publish","type":"product","link":"https:\/\/www.phyt-inov.com\/de\/produit\/lyso-home-50-ml-tropfflasche\/","title":{"rendered":"Lyso-home 50 ml (Tropfflasche)"},"content":{"rendered":"<p>Speziell f\u00fcr Diffusoren geeignet.<\/p>\n<p>Es ist auch m\u00f6glich, ein paar Tropfen auf ein Taschentuch, eine Maske oder einen Kissenbezug zu geben. Auch mit Spr\u00fchfunktion erh\u00e4ltlich (siehe Lyso-spray). <\/p>\n<p>F\u00fcr alle geschlossenen R\u00e4ume (Wohnzimmer, Schlafzimmer, B\u00fcro, Schule, Arztpraxis, Klinik, Wartezimmer, Umkleidekabine\u2026).<\/p>\n<p>50-ml-Glasflasche.<\/p>\n<p>Lyso-home und Lyso-spray haben die gleiche Formel, aber Lyso-home hat einen Tropfverschluss und Lyso-spray einen Spr\u00fchverschluss.<\/p>\n","protected":false},"excerpt":{"rendered":"<p>Speziell f\u00fcr Diffusoren geeignet. Es ist auch m\u00f6glich, ein paar Tropfen auf ein Taschentuch, eine Maske oder einen Kissenbezug zu geben. Auch mit Spr\u00fchfunktion erh\u00e4ltlich (siehe Lyso-spray). F\u00fcr alle geschlossenen R\u00e4ume (Wohnzimmer, Schlafzimmer, B\u00fcro, Schule, Arztpraxis, Klinik, Wartezimmer, Umkleidekabine\u2026). 50-ml-Glasflasche. Lyso-home und Lyso-spray haben die gleiche Formel, aber Lyso-home hat einen Tropfverschluss und Lyso-spray einen [&hellip;]<\/p>\n","protected":false},"featured_media":83390,"comment_status":"open","ping_status":"closed","template":"","meta":{"_et_pb_use_builder":"","_et_pb_old_content":"","_et_gb_content_width":""},"product_brand":[],"product_cat":[103],"product_tag":[],"class_list":{"0":"post-83389","1":"product","2":"type-product","3":"status-publish","4":"has-post-thumbnail","6":"product_cat-hygiene-gesundheitsprodukte","8":"first","9":"instock","10":"shipping-taxable","11":"purchasable","12":"product-type-simple"},"yoast_head":"<!-- This site is optimized with the Yoast SEO plugin v27.3 - https:\/\/yoast.com\/product\/yoast-seo-wordpress\/ -->\n<title>Lyso Home 50 ml: Nat\u00fcrliche Immunst\u00e4rkung | Phyt-Inov<\/title>\n<meta name=\"description\" content=\"St\u00e4rken Sie Ihren Organismus mit Lyso Home. Vielseitige Tropfl\u00f6sung f\u00fcr Ihre nat\u00fcrlichen Abwehrkr\u00e4fte. Schweizer Expertise von Dr. Willem.\" \/>\n<meta name=\"robots\" content=\"index, follow, max-snippet:-1, max-image-preview:large, max-video-preview:-1\" \/>\n<link rel=\"canonical\" href=\"https:\/\/www.phyt-inov.com\/de\/produit\/lyso-home-50-ml-tropfflasche\/\" \/>\n<meta property=\"og:locale\" content=\"de_DE\" \/>\n<meta property=\"og:type\" content=\"article\" \/>\n<meta property=\"og:title\" content=\"Lyso Home 50 ml: Nat\u00fcrliche Immunst\u00e4rkung | Phyt-Inov\" \/>\n<meta property=\"og:description\" content=\"St\u00e4rken Sie Ihren Organismus mit Lyso Home. Vielseitige Tropfl\u00f6sung f\u00fcr Ihre nat\u00fcrlichen Abwehrkr\u00e4fte. Schweizer Expertise von Dr. Willem.\" \/>\n<meta property=\"og:url\" content=\"https:\/\/www.phyt-inov.com\/de\/produit\/lyso-home-50-ml-tropfflasche\/\" \/>\n<meta property=\"og:site_name\" content=\"Phyt-Inov\" \/>\n<meta property=\"article:publisher\" content=\"https:\/\/www.facebook.com\/phytinov\/\" \/>\n<meta property=\"article:modified_time\" content=\"2026-03-30T08:52:58+00:00\" \/>\n<meta property=\"og:image\" content=\"https:\/\/www.phyt-inov.com\/wp-content\/uploads\/2025\/09\/Lyso-home-2021-07-dimension-site-light.jpg\" \/>\n\t<meta property=\"og:image:width\" content=\"1244\" \/>\n\t<meta property=\"og:image:height\" content=\"1555\" \/>\n\t<meta property=\"og:image:type\" content=\"image\/jpeg\" \/>\n<meta name=\"twitter:card\" content=\"summary_large_image\" \/>\n<script type=\"application\/ld+json\" class=\"yoast-schema-graph\">{\"@context\":\"https:\\\/\\\/schema.org\",\"@graph\":[{\"@type\":\"WebPage\",\"@id\":\"https:\\\/\\\/www.phyt-inov.com\\\/de\\\/produit\\\/lyso-home-50-ml-tropfflasche\\\/\",\"url\":\"https:\\\/\\\/www.phyt-inov.com\\\/de\\\/produit\\\/lyso-home-50-ml-tropfflasche\\\/\",\"name\":\"Lyso Home 50 ml: Nat\u00fcrliche Immunst\u00e4rkung | Phyt-Inov\",\"isPartOf\":{\"@id\":\"https:\\\/\\\/www.phyt-inov.com\\\/de\\\/#website\"},\"primaryImageOfPage\":{\"@id\":\"https:\\\/\\\/www.phyt-inov.com\\\/de\\\/produit\\\/lyso-home-50-ml-tropfflasche\\\/#primaryimage\"},\"image\":{\"@id\":\"https:\\\/\\\/www.phyt-inov.com\\\/de\\\/produit\\\/lyso-home-50-ml-tropfflasche\\\/#primaryimage\"},\"thumbnailUrl\":\"https:\\\/\\\/www.phyt-inov.com\\\/wp-content\\\/uploads\\\/2025\\\/09\\\/Lyso-home-2021-07-dimension-site-light.jpg\",\"datePublished\":\"2026-02-11T12:52:11+00:00\",\"dateModified\":\"2026-03-30T08:52:58+00:00\",\"description\":\"St\u00e4rken Sie Ihren Organismus mit Lyso Home. Vielseitige Tropfl\u00f6sung f\u00fcr Ihre nat\u00fcrlichen Abwehrkr\u00e4fte. Schweizer Expertise von Dr. Willem.\",\"breadcrumb\":{\"@id\":\"https:\\\/\\\/www.phyt-inov.com\\\/de\\\/produit\\\/lyso-home-50-ml-tropfflasche\\\/#breadcrumb\"},\"inLanguage\":\"de\",\"potentialAction\":[{\"@type\":\"ReadAction\",\"target\":[\"https:\\\/\\\/www.phyt-inov.com\\\/de\\\/produit\\\/lyso-home-50-ml-tropfflasche\\\/\"]}]},{\"@type\":\"ImageObject\",\"inLanguage\":\"de\",\"@id\":\"https:\\\/\\\/www.phyt-inov.com\\\/de\\\/produit\\\/lyso-home-50-ml-tropfflasche\\\/#primaryimage\",\"url\":\"https:\\\/\\\/www.phyt-inov.com\\\/wp-content\\\/uploads\\\/2025\\\/09\\\/Lyso-home-2021-07-dimension-site-light.jpg\",\"contentUrl\":\"https:\\\/\\\/www.phyt-inov.com\\\/wp-content\\\/uploads\\\/2025\\\/09\\\/Lyso-home-2021-07-dimension-site-light.jpg\",\"width\":1244,\"height\":1555,\"caption\":\"phyt-inov Produkt Lyso Home\"},{\"@type\":\"BreadcrumbList\",\"@id\":\"https:\\\/\\\/www.phyt-inov.com\\\/de\\\/produit\\\/lyso-home-50-ml-tropfflasche\\\/#breadcrumb\",\"itemListElement\":[{\"@type\":\"ListItem\",\"position\":1,\"name\":\"Accueil\",\"item\":\"https:\\\/\\\/www.phyt-inov.com\\\/de\\\/startseite\\\/\"},{\"@type\":\"ListItem\",\"position\":2,\"name\":\"Shop\",\"item\":\"https:\\\/\\\/www.phyt-inov.com\\\/de\\\/shop\\\/\"},{\"@type\":\"ListItem\",\"position\":3,\"name\":\"Lyso-home 50 ml (Tropfflasche)\"}]},{\"@type\":\"WebSite\",\"@id\":\"https:\\\/\\\/www.phyt-inov.com\\\/de\\\/#website\",\"url\":\"https:\\\/\\\/www.phyt-inov.com\\\/de\\\/\",\"name\":\"Phyt-Inov International\",\"description\":\"L&#039;efficacit\u00e9 naturelle pour vos soins quotidiens\",\"publisher\":{\"@id\":\"https:\\\/\\\/www.phyt-inov.com\\\/de\\\/#organization\"},\"alternateName\":\"phyt-inov\",\"potentialAction\":[{\"@type\":\"SearchAction\",\"target\":{\"@type\":\"EntryPoint\",\"urlTemplate\":\"https:\\\/\\\/www.phyt-inov.com\\\/de\\\/?s={search_term_string}\"},\"query-input\":{\"@type\":\"PropertyValueSpecification\",\"valueRequired\":true,\"valueName\":\"search_term_string\"}}],\"inLanguage\":\"de\"},{\"@type\":\"Organization\",\"@id\":\"https:\\\/\\\/www.phyt-inov.com\\\/de\\\/#organization\",\"name\":\"Phyt-Inov\",\"alternateName\":\"Phyt-Inov\",\"url\":\"https:\\\/\\\/www.phyt-inov.com\\\/de\\\/\",\"logo\":{\"@type\":\"ImageObject\",\"inLanguage\":\"de\",\"@id\":\"https:\\\/\\\/www.phyt-inov.com\\\/de\\\/#\\\/schema\\\/logo\\\/image\\\/\",\"url\":\"https:\\\/\\\/www.phyt-inov.com\\\/wp-content\\\/uploads\\\/2025\\\/09\\\/Logo-site-phyt-inov4_Plan-de-travail-1-2048x760-1.png\",\"contentUrl\":\"https:\\\/\\\/www.phyt-inov.com\\\/wp-content\\\/uploads\\\/2025\\\/09\\\/Logo-site-phyt-inov4_Plan-de-travail-1-2048x760-1.png\",\"width\":2048,\"height\":760,\"caption\":\"Phyt-Inov\"},\"image\":{\"@id\":\"https:\\\/\\\/www.phyt-inov.com\\\/de\\\/#\\\/schema\\\/logo\\\/image\\\/\"},\"sameAs\":[\"https:\\\/\\\/www.facebook.com\\\/phytinov\\\/\",\"https:\\\/\\\/www.youtube.com\\\/channel\\\/UCE05sYsSXuuKbLqs4Au3e4Q\",\"https:\\\/\\\/www.instagram.com\\\/phytinov\\\/\"]}]}<\/script>\n<!-- \/ Yoast SEO plugin. -->","yoast_head_json":{"title":"Lyso Home 50 ml: Nat\u00fcrliche Immunst\u00e4rkung | Phyt-Inov","description":"St\u00e4rken Sie Ihren Organismus mit Lyso Home. Vielseitige Tropfl\u00f6sung f\u00fcr Ihre nat\u00fcrlichen Abwehrkr\u00e4fte. Schweizer Expertise von Dr. Willem.","robots":{"index":"index","follow":"follow","max-snippet":"max-snippet:-1","max-image-preview":"max-image-preview:large","max-video-preview":"max-video-preview:-1"},"canonical":"https:\/\/www.phyt-inov.com\/de\/produit\/lyso-home-50-ml-tropfflasche\/","og_locale":"de_DE","og_type":"article","og_title":"Lyso Home 50 ml: Nat\u00fcrliche Immunst\u00e4rkung | Phyt-Inov","og_description":"St\u00e4rken Sie Ihren Organismus mit Lyso Home. Vielseitige Tropfl\u00f6sung f\u00fcr Ihre nat\u00fcrlichen Abwehrkr\u00e4fte. Schweizer Expertise von Dr. Willem.","og_url":"https:\/\/www.phyt-inov.com\/de\/produit\/lyso-home-50-ml-tropfflasche\/","og_site_name":"Phyt-Inov","article_publisher":"https:\/\/www.facebook.com\/phytinov\/","article_modified_time":"2026-03-30T08:52:58+00:00","og_image":[{"width":1244,"height":1555,"url":"https:\/\/www.phyt-inov.com\/wp-content\/uploads\/2025\/09\/Lyso-home-2021-07-dimension-site-light.jpg","type":"image\/jpeg"}],"twitter_card":"summary_large_image","schema":{"@context":"https:\/\/schema.org","@graph":[{"@type":"WebPage","@id":"https:\/\/www.phyt-inov.com\/de\/produit\/lyso-home-50-ml-tropfflasche\/","url":"https:\/\/www.phyt-inov.com\/de\/produit\/lyso-home-50-ml-tropfflasche\/","name":"Lyso Home 50 ml: Nat\u00fcrliche Immunst\u00e4rkung | Phyt-Inov","isPartOf":{"@id":"https:\/\/www.phyt-inov.com\/de\/#website"},"primaryImageOfPage":{"@id":"https:\/\/www.phyt-inov.com\/de\/produit\/lyso-home-50-ml-tropfflasche\/#primaryimage"},"image":{"@id":"https:\/\/www.phyt-inov.com\/de\/produit\/lyso-home-50-ml-tropfflasche\/#primaryimage"},"thumbnailUrl":"https:\/\/www.phyt-inov.com\/wp-content\/uploads\/2025\/09\/Lyso-home-2021-07-dimension-site-light.jpg","datePublished":"2026-02-11T12:52:11+00:00","dateModified":"2026-03-30T08:52:58+00:00","description":"St\u00e4rken Sie Ihren Organismus mit Lyso Home. Vielseitige Tropfl\u00f6sung f\u00fcr Ihre nat\u00fcrlichen Abwehrkr\u00e4fte. Schweizer Expertise von Dr. Willem.","breadcrumb":{"@id":"https:\/\/www.phyt-inov.com\/de\/produit\/lyso-home-50-ml-tropfflasche\/#breadcrumb"},"inLanguage":"de","potentialAction":[{"@type":"ReadAction","target":["https:\/\/www.phyt-inov.com\/de\/produit\/lyso-home-50-ml-tropfflasche\/"]}]},{"@type":"ImageObject","inLanguage":"de","@id":"https:\/\/www.phyt-inov.com\/de\/produit\/lyso-home-50-ml-tropfflasche\/#primaryimage","url":"https:\/\/www.phyt-inov.com\/wp-content\/uploads\/2025\/09\/Lyso-home-2021-07-dimension-site-light.jpg","contentUrl":"https:\/\/www.phyt-inov.com\/wp-content\/uploads\/2025\/09\/Lyso-home-2021-07-dimension-site-light.jpg","width":1244,"height":1555,"caption":"phyt-inov Produkt Lyso Home"},{"@type":"BreadcrumbList","@id":"https:\/\/www.phyt-inov.com\/de\/produit\/lyso-home-50-ml-tropfflasche\/#breadcrumb","itemListElement":[{"@type":"ListItem","position":1,"name":"Accueil","item":"https:\/\/www.phyt-inov.com\/de\/startseite\/"},{"@type":"ListItem","position":2,"name":"Shop","item":"https:\/\/www.phyt-inov.com\/de\/shop\/"},{"@type":"ListItem","position":3,"name":"Lyso-home 50 ml (Tropfflasche)"}]},{"@type":"WebSite","@id":"https:\/\/www.phyt-inov.com\/de\/#website","url":"https:\/\/www.phyt-inov.com\/de\/","name":"Phyt-Inov International","description":"L&#039;efficacit\u00e9 naturelle pour vos soins quotidiens","publisher":{"@id":"https:\/\/www.phyt-inov.com\/de\/#organization"},"alternateName":"phyt-inov","potentialAction":[{"@type":"SearchAction","target":{"@type":"EntryPoint","urlTemplate":"https:\/\/www.phyt-inov.com\/de\/?s={search_term_string}"},"query-input":{"@type":"PropertyValueSpecification","valueRequired":true,"valueName":"search_term_string"}}],"inLanguage":"de"},{"@type":"Organization","@id":"https:\/\/www.phyt-inov.com\/de\/#organization","name":"Phyt-Inov","alternateName":"Phyt-Inov","url":"https:\/\/www.phyt-inov.com\/de\/","logo":{"@type":"ImageObject","inLanguage":"de","@id":"https:\/\/www.phyt-inov.com\/de\/#\/schema\/logo\/image\/","url":"https:\/\/www.phyt-inov.com\/wp-content\/uploads\/2025\/09\/Logo-site-phyt-inov4_Plan-de-travail-1-2048x760-1.png","contentUrl":"https:\/\/www.phyt-inov.com\/wp-content\/uploads\/2025\/09\/Logo-site-phyt-inov4_Plan-de-travail-1-2048x760-1.png","width":2048,"height":760,"caption":"Phyt-Inov"},"image":{"@id":"https:\/\/www.phyt-inov.com\/de\/#\/schema\/logo\/image\/"},"sameAs":["https:\/\/www.facebook.com\/phytinov\/","https:\/\/www.youtube.com\/channel\/UCE05sYsSXuuKbLqs4Au3e4Q","https:\/\/www.instagram.com\/phytinov\/"]}]}},"jetpack_sharing_enabled":true,"_links":{"self":[{"href":"https:\/\/www.phyt-inov.com\/de\/wp-json\/wp\/v2\/product\/83389","targetHints":{"allow":["GET"]}}],"collection":[{"href":"https:\/\/www.phyt-inov.com\/de\/wp-json\/wp\/v2\/product"}],"about":[{"href":"https:\/\/www.phyt-inov.com\/de\/wp-json\/wp\/v2\/types\/product"}],"replies":[{"embeddable":true,"href":"https:\/\/www.phyt-inov.com\/de\/wp-json\/wp\/v2\/comments?post=83389"}],"wp:featuredmedia":[{"embeddable":true,"href":"https:\/\/www.phyt-inov.com\/de\/wp-json\/wp\/v2\/media\/83390"}],"wp:attachment":[{"href":"https:\/\/www.phyt-inov.com\/de\/wp-json\/wp\/v2\/media?parent=83389"}],"wp:term":[{"taxonomy":"product_brand","embeddable":true,"href":"https:\/\/www.phyt-inov.com\/de\/wp-json\/wp\/v2\/product_brand?post=83389"},{"taxonomy":"product_cat","embeddable":true,"href":"https:\/\/www.phyt-inov.com\/de\/wp-json\/wp\/v2\/product_cat?post=83389"},{"taxonomy":"product_tag","embeddable":true,"href":"https:\/\/www.phyt-inov.com\/de\/wp-json\/wp\/v2\/product_tag?post=83389"}],"curies":[{"name":"wp","href":"https:\/\/api.w.org\/{rel}","templated":true}]}}