{"id":83363,"date":"2026-02-11T12:54:54","date_gmt":"2026-02-11T12:54:54","guid":{"rendered":"https:\/\/www.phyt-inov.com\/produit\/lyso-spray-50-ml\/"},"modified":"2026-03-30T08:52:38","modified_gmt":"2026-03-30T08:52:38","slug":"lyso-spray-50-ml","status":"publish","type":"product","link":"https:\/\/www.phyt-inov.com\/de\/produit\/lyso-spray-50-ml\/","title":{"rendered":"Lyso-Spray 50 ml"},"content":{"rendered":"<p>Auf ein Taschentuch, eine Maske oder einen Kissenbezug spr\u00fchen.<br \/>\nIn jedem geschlossenen Raum anwenden (Wohnzimmer, Schlafzimmer, B\u00fcro, Schule, Arztpraxis, Klinik, Wartezimmer, Umkleideraum \u2026).<br \/>\nF\u00fcr die Verwendung in einem Diffusor empfehlen wir Ihnen Lyso-home: identische Formel, jedoch mit Tropfverschluss. Alternativ k\u00f6nnen Sie auch die Pumpe abschrauben und etwas Fl\u00fcssigkeit in einen Diffusor geben.<\/p>\n<p>Glasflakon \u00e0 50 ml.<\/p>\n<p>Lyso-home und Lyso-spray haben die gleiche Formel, aber Lyso-home hat einen Tropfverschluss und Lyso-spray einen Spr\u00fchverschluss.<\/p>\n","protected":false},"excerpt":{"rendered":"<p>Auf ein Taschentuch, eine Maske oder einen Kissenbezug spr\u00fchen. In jedem geschlossenen Raum anwenden (Wohnzimmer, Schlafzimmer, B\u00fcro, Schule, Arztpraxis, Klinik, Wartezimmer, Umkleideraum \u2026). F\u00fcr die Verwendung in einem Diffusor empfehlen wir Ihnen Lyso-home: identische Formel, jedoch mit Tropfverschluss. Alternativ k\u00f6nnen Sie auch die Pumpe abschrauben und etwas Fl\u00fcssigkeit in einen Diffusor geben. Glasflakon \u00e0 50 [&hellip;]<\/p>\n","protected":false},"featured_media":83364,"comment_status":"open","ping_status":"closed","template":"","meta":{"_et_pb_use_builder":"","_et_pb_old_content":"","_et_gb_content_width":""},"product_brand":[],"product_cat":[103],"product_tag":[],"class_list":{"0":"post-83363","1":"product","2":"type-product","3":"status-publish","4":"has-post-thumbnail","6":"product_cat-hygiene-gesundheitsprodukte","8":"first","9":"instock","10":"shipping-taxable","11":"purchasable","12":"product-type-simple"},"yoast_head":"<!-- This site is optimized with the Yoast SEO plugin v27.3 - https:\/\/yoast.com\/product\/yoast-seo-wordpress\/ -->\n<title>Lyso Spray 50 ml: Mund- &amp; Rachenhygiene | Phyt-Inov<\/title>\n<meta name=\"description\" content=\"Sch\u00fctzen und beruhigen Sie Ihren Hals mit Lyso Spray. Nat\u00fcrliche, reinigende Propolis-Formel f\u00fcr einen frischen und gesunden Atem. Schweizer Qualit\u00e4t.\" \/>\n<meta name=\"robots\" content=\"index, follow, max-snippet:-1, max-image-preview:large, max-video-preview:-1\" \/>\n<link rel=\"canonical\" href=\"https:\/\/www.phyt-inov.com\/de\/produit\/lyso-spray-50-ml\/\" \/>\n<meta property=\"og:locale\" content=\"de_DE\" \/>\n<meta property=\"og:type\" content=\"article\" \/>\n<meta property=\"og:title\" content=\"Lyso Spray 50 ml: Mund- &amp; Rachenhygiene | Phyt-Inov\" \/>\n<meta property=\"og:description\" content=\"Sch\u00fctzen und beruhigen Sie Ihren Hals mit Lyso Spray. Nat\u00fcrliche, reinigende Propolis-Formel f\u00fcr einen frischen und gesunden Atem. Schweizer Qualit\u00e4t.\" \/>\n<meta property=\"og:url\" content=\"https:\/\/www.phyt-inov.com\/de\/produit\/lyso-spray-50-ml\/\" \/>\n<meta property=\"og:site_name\" content=\"Phyt-Inov\" \/>\n<meta property=\"article:publisher\" content=\"https:\/\/www.facebook.com\/phytinov\/\" \/>\n<meta property=\"article:modified_time\" content=\"2026-03-30T08:52:38+00:00\" \/>\n<meta property=\"og:image\" content=\"https:\/\/www.phyt-inov.com\/wp-content\/uploads\/2025\/09\/Lyso-spray-2021-07-dimension-site-light.jpg\" \/>\n\t<meta property=\"og:image:width\" content=\"1244\" \/>\n\t<meta property=\"og:image:height\" content=\"1555\" \/>\n\t<meta property=\"og:image:type\" content=\"image\/jpeg\" \/>\n<meta name=\"twitter:card\" content=\"summary_large_image\" \/>\n<script type=\"application\/ld+json\" class=\"yoast-schema-graph\">{\"@context\":\"https:\\\/\\\/schema.org\",\"@graph\":[{\"@type\":\"WebPage\",\"@id\":\"https:\\\/\\\/www.phyt-inov.com\\\/de\\\/produit\\\/lyso-spray-50-ml\\\/\",\"url\":\"https:\\\/\\\/www.phyt-inov.com\\\/de\\\/produit\\\/lyso-spray-50-ml\\\/\",\"name\":\"Lyso Spray 50 ml: Mund- & Rachenhygiene | Phyt-Inov\",\"isPartOf\":{\"@id\":\"https:\\\/\\\/www.phyt-inov.com\\\/de\\\/#website\"},\"primaryImageOfPage\":{\"@id\":\"https:\\\/\\\/www.phyt-inov.com\\\/de\\\/produit\\\/lyso-spray-50-ml\\\/#primaryimage\"},\"image\":{\"@id\":\"https:\\\/\\\/www.phyt-inov.com\\\/de\\\/produit\\\/lyso-spray-50-ml\\\/#primaryimage\"},\"thumbnailUrl\":\"https:\\\/\\\/www.phyt-inov.com\\\/wp-content\\\/uploads\\\/2025\\\/09\\\/Lyso-spray-2021-07-dimension-site-light.jpg\",\"datePublished\":\"2026-02-11T12:54:54+00:00\",\"dateModified\":\"2026-03-30T08:52:38+00:00\",\"description\":\"Sch\u00fctzen und beruhigen Sie Ihren Hals mit Lyso Spray. Nat\u00fcrliche, reinigende Propolis-Formel f\u00fcr einen frischen und gesunden Atem. Schweizer Qualit\u00e4t.\",\"breadcrumb\":{\"@id\":\"https:\\\/\\\/www.phyt-inov.com\\\/de\\\/produit\\\/lyso-spray-50-ml\\\/#breadcrumb\"},\"inLanguage\":\"de\",\"potentialAction\":[{\"@type\":\"ReadAction\",\"target\":[\"https:\\\/\\\/www.phyt-inov.com\\\/de\\\/produit\\\/lyso-spray-50-ml\\\/\"]}]},{\"@type\":\"ImageObject\",\"inLanguage\":\"de\",\"@id\":\"https:\\\/\\\/www.phyt-inov.com\\\/de\\\/produit\\\/lyso-spray-50-ml\\\/#primaryimage\",\"url\":\"https:\\\/\\\/www.phyt-inov.com\\\/wp-content\\\/uploads\\\/2025\\\/09\\\/Lyso-spray-2021-07-dimension-site-light.jpg\",\"contentUrl\":\"https:\\\/\\\/www.phyt-inov.com\\\/wp-content\\\/uploads\\\/2025\\\/09\\\/Lyso-spray-2021-07-dimension-site-light.jpg\",\"width\":1244,\"height\":1555,\"caption\":\"phyt-inov Produkt Lyso home\"},{\"@type\":\"BreadcrumbList\",\"@id\":\"https:\\\/\\\/www.phyt-inov.com\\\/de\\\/produit\\\/lyso-spray-50-ml\\\/#breadcrumb\",\"itemListElement\":[{\"@type\":\"ListItem\",\"position\":1,\"name\":\"Accueil\",\"item\":\"https:\\\/\\\/www.phyt-inov.com\\\/de\\\/startseite\\\/\"},{\"@type\":\"ListItem\",\"position\":2,\"name\":\"Shop\",\"item\":\"https:\\\/\\\/www.phyt-inov.com\\\/de\\\/shop\\\/\"},{\"@type\":\"ListItem\",\"position\":3,\"name\":\"Lyso-Spray 50 ml\"}]},{\"@type\":\"WebSite\",\"@id\":\"https:\\\/\\\/www.phyt-inov.com\\\/de\\\/#website\",\"url\":\"https:\\\/\\\/www.phyt-inov.com\\\/de\\\/\",\"name\":\"Phyt-Inov International\",\"description\":\"L&#039;efficacit\u00e9 naturelle pour vos soins quotidiens\",\"publisher\":{\"@id\":\"https:\\\/\\\/www.phyt-inov.com\\\/de\\\/#organization\"},\"alternateName\":\"phyt-inov\",\"potentialAction\":[{\"@type\":\"SearchAction\",\"target\":{\"@type\":\"EntryPoint\",\"urlTemplate\":\"https:\\\/\\\/www.phyt-inov.com\\\/de\\\/?s={search_term_string}\"},\"query-input\":{\"@type\":\"PropertyValueSpecification\",\"valueRequired\":true,\"valueName\":\"search_term_string\"}}],\"inLanguage\":\"de\"},{\"@type\":\"Organization\",\"@id\":\"https:\\\/\\\/www.phyt-inov.com\\\/de\\\/#organization\",\"name\":\"Phyt-Inov\",\"alternateName\":\"Phyt-Inov\",\"url\":\"https:\\\/\\\/www.phyt-inov.com\\\/de\\\/\",\"logo\":{\"@type\":\"ImageObject\",\"inLanguage\":\"de\",\"@id\":\"https:\\\/\\\/www.phyt-inov.com\\\/de\\\/#\\\/schema\\\/logo\\\/image\\\/\",\"url\":\"https:\\\/\\\/www.phyt-inov.com\\\/wp-content\\\/uploads\\\/2025\\\/09\\\/Logo-site-phyt-inov4_Plan-de-travail-1-2048x760-1.png\",\"contentUrl\":\"https:\\\/\\\/www.phyt-inov.com\\\/wp-content\\\/uploads\\\/2025\\\/09\\\/Logo-site-phyt-inov4_Plan-de-travail-1-2048x760-1.png\",\"width\":2048,\"height\":760,\"caption\":\"Phyt-Inov\"},\"image\":{\"@id\":\"https:\\\/\\\/www.phyt-inov.com\\\/de\\\/#\\\/schema\\\/logo\\\/image\\\/\"},\"sameAs\":[\"https:\\\/\\\/www.facebook.com\\\/phytinov\\\/\",\"https:\\\/\\\/www.youtube.com\\\/channel\\\/UCE05sYsSXuuKbLqs4Au3e4Q\",\"https:\\\/\\\/www.instagram.com\\\/phytinov\\\/\"]}]}<\/script>\n<!-- \/ Yoast SEO plugin. -->","yoast_head_json":{"title":"Lyso Spray 50 ml: Mund- & Rachenhygiene | Phyt-Inov","description":"Sch\u00fctzen und beruhigen Sie Ihren Hals mit Lyso Spray. Nat\u00fcrliche, reinigende Propolis-Formel f\u00fcr einen frischen und gesunden Atem. Schweizer Qualit\u00e4t.","robots":{"index":"index","follow":"follow","max-snippet":"max-snippet:-1","max-image-preview":"max-image-preview:large","max-video-preview":"max-video-preview:-1"},"canonical":"https:\/\/www.phyt-inov.com\/de\/produit\/lyso-spray-50-ml\/","og_locale":"de_DE","og_type":"article","og_title":"Lyso Spray 50 ml: Mund- & Rachenhygiene | Phyt-Inov","og_description":"Sch\u00fctzen und beruhigen Sie Ihren Hals mit Lyso Spray. Nat\u00fcrliche, reinigende Propolis-Formel f\u00fcr einen frischen und gesunden Atem. Schweizer Qualit\u00e4t.","og_url":"https:\/\/www.phyt-inov.com\/de\/produit\/lyso-spray-50-ml\/","og_site_name":"Phyt-Inov","article_publisher":"https:\/\/www.facebook.com\/phytinov\/","article_modified_time":"2026-03-30T08:52:38+00:00","og_image":[{"width":1244,"height":1555,"url":"https:\/\/www.phyt-inov.com\/wp-content\/uploads\/2025\/09\/Lyso-spray-2021-07-dimension-site-light.jpg","type":"image\/jpeg"}],"twitter_card":"summary_large_image","schema":{"@context":"https:\/\/schema.org","@graph":[{"@type":"WebPage","@id":"https:\/\/www.phyt-inov.com\/de\/produit\/lyso-spray-50-ml\/","url":"https:\/\/www.phyt-inov.com\/de\/produit\/lyso-spray-50-ml\/","name":"Lyso Spray 50 ml: Mund- & Rachenhygiene | Phyt-Inov","isPartOf":{"@id":"https:\/\/www.phyt-inov.com\/de\/#website"},"primaryImageOfPage":{"@id":"https:\/\/www.phyt-inov.com\/de\/produit\/lyso-spray-50-ml\/#primaryimage"},"image":{"@id":"https:\/\/www.phyt-inov.com\/de\/produit\/lyso-spray-50-ml\/#primaryimage"},"thumbnailUrl":"https:\/\/www.phyt-inov.com\/wp-content\/uploads\/2025\/09\/Lyso-spray-2021-07-dimension-site-light.jpg","datePublished":"2026-02-11T12:54:54+00:00","dateModified":"2026-03-30T08:52:38+00:00","description":"Sch\u00fctzen und beruhigen Sie Ihren Hals mit Lyso Spray. Nat\u00fcrliche, reinigende Propolis-Formel f\u00fcr einen frischen und gesunden Atem. Schweizer Qualit\u00e4t.","breadcrumb":{"@id":"https:\/\/www.phyt-inov.com\/de\/produit\/lyso-spray-50-ml\/#breadcrumb"},"inLanguage":"de","potentialAction":[{"@type":"ReadAction","target":["https:\/\/www.phyt-inov.com\/de\/produit\/lyso-spray-50-ml\/"]}]},{"@type":"ImageObject","inLanguage":"de","@id":"https:\/\/www.phyt-inov.com\/de\/produit\/lyso-spray-50-ml\/#primaryimage","url":"https:\/\/www.phyt-inov.com\/wp-content\/uploads\/2025\/09\/Lyso-spray-2021-07-dimension-site-light.jpg","contentUrl":"https:\/\/www.phyt-inov.com\/wp-content\/uploads\/2025\/09\/Lyso-spray-2021-07-dimension-site-light.jpg","width":1244,"height":1555,"caption":"phyt-inov Produkt Lyso home"},{"@type":"BreadcrumbList","@id":"https:\/\/www.phyt-inov.com\/de\/produit\/lyso-spray-50-ml\/#breadcrumb","itemListElement":[{"@type":"ListItem","position":1,"name":"Accueil","item":"https:\/\/www.phyt-inov.com\/de\/startseite\/"},{"@type":"ListItem","position":2,"name":"Shop","item":"https:\/\/www.phyt-inov.com\/de\/shop\/"},{"@type":"ListItem","position":3,"name":"Lyso-Spray 50 ml"}]},{"@type":"WebSite","@id":"https:\/\/www.phyt-inov.com\/de\/#website","url":"https:\/\/www.phyt-inov.com\/de\/","name":"Phyt-Inov International","description":"L&#039;efficacit\u00e9 naturelle pour vos soins quotidiens","publisher":{"@id":"https:\/\/www.phyt-inov.com\/de\/#organization"},"alternateName":"phyt-inov","potentialAction":[{"@type":"SearchAction","target":{"@type":"EntryPoint","urlTemplate":"https:\/\/www.phyt-inov.com\/de\/?s={search_term_string}"},"query-input":{"@type":"PropertyValueSpecification","valueRequired":true,"valueName":"search_term_string"}}],"inLanguage":"de"},{"@type":"Organization","@id":"https:\/\/www.phyt-inov.com\/de\/#organization","name":"Phyt-Inov","alternateName":"Phyt-Inov","url":"https:\/\/www.phyt-inov.com\/de\/","logo":{"@type":"ImageObject","inLanguage":"de","@id":"https:\/\/www.phyt-inov.com\/de\/#\/schema\/logo\/image\/","url":"https:\/\/www.phyt-inov.com\/wp-content\/uploads\/2025\/09\/Logo-site-phyt-inov4_Plan-de-travail-1-2048x760-1.png","contentUrl":"https:\/\/www.phyt-inov.com\/wp-content\/uploads\/2025\/09\/Logo-site-phyt-inov4_Plan-de-travail-1-2048x760-1.png","width":2048,"height":760,"caption":"Phyt-Inov"},"image":{"@id":"https:\/\/www.phyt-inov.com\/de\/#\/schema\/logo\/image\/"},"sameAs":["https:\/\/www.facebook.com\/phytinov\/","https:\/\/www.youtube.com\/channel\/UCE05sYsSXuuKbLqs4Au3e4Q","https:\/\/www.instagram.com\/phytinov\/"]}]}},"jetpack_sharing_enabled":true,"_links":{"self":[{"href":"https:\/\/www.phyt-inov.com\/de\/wp-json\/wp\/v2\/product\/83363","targetHints":{"allow":["GET"]}}],"collection":[{"href":"https:\/\/www.phyt-inov.com\/de\/wp-json\/wp\/v2\/product"}],"about":[{"href":"https:\/\/www.phyt-inov.com\/de\/wp-json\/wp\/v2\/types\/product"}],"replies":[{"embeddable":true,"href":"https:\/\/www.phyt-inov.com\/de\/wp-json\/wp\/v2\/comments?post=83363"}],"wp:featuredmedia":[{"embeddable":true,"href":"https:\/\/www.phyt-inov.com\/de\/wp-json\/wp\/v2\/media\/83364"}],"wp:attachment":[{"href":"https:\/\/www.phyt-inov.com\/de\/wp-json\/wp\/v2\/media?parent=83363"}],"wp:term":[{"taxonomy":"product_brand","embeddable":true,"href":"https:\/\/www.phyt-inov.com\/de\/wp-json\/wp\/v2\/product_brand?post=83363"},{"taxonomy":"product_cat","embeddable":true,"href":"https:\/\/www.phyt-inov.com\/de\/wp-json\/wp\/v2\/product_cat?post=83363"},{"taxonomy":"product_tag","embeddable":true,"href":"https:\/\/www.phyt-inov.com\/de\/wp-json\/wp\/v2\/product_tag?post=83363"}],"curies":[{"name":"wp","href":"https:\/\/api.w.org\/{rel}","templated":true}]}}