{"id":83691,"date":"2025-10-06T15:07:58","date_gmt":"2025-10-06T15:07:58","guid":{"rendered":"https:\/\/www.phyt-inov.com\/datenschutzerklaerung\/"},"modified":"2026-03-30T09:09:30","modified_gmt":"2026-03-30T09:09:30","slug":"datenschutzerklaerung","status":"publish","type":"page","link":"https:\/\/www.phyt-inov.com\/de\/datenschutzerklaerung\/","title":{"rendered":"Datenschutzerkl\u00e4rung"},"content":{"rendered":"<p>[et_pb_section fb_built=&#8220;1\u2033 theme_builder_area=&#8220;post_content&#8220; _builder_version=&#8220;4.27.4\u2033 _module_preset=&#8220;default&#8220;][et_pb_row _builder_version=&#8220;4.27.4\u2033 _module_preset=&#8220;default&#8220; theme_builder_area=&#8220;post_content&#8220;][et_pb_column _builder_version=&#8220;4.27.4\u2033 _module_preset=&#8220;default&#8220; type=&#8220;4_4\u2033 theme_builder_area=&#8220;post_content&#8220;][et_pb_text _builder_version=&#8220;4.27.4\u2033 _module_preset=&#8220;default&#8220; theme_builder_area=&#8220;post_content&#8220; hover_enabled=&#8220;0\u2033 sticky_enabled=&#8220;0\u2033]<\/p>\n<h1 class=\"page-title\">Datenschutzerkl\u00e4rung<\/h1>\n<p>[\/et_pb_text][et_pb_text _builder_version=&#8220;4.27.4\u2033 _module_preset=&#8220;default&#8220; theme_builder_area=&#8220;post_content&#8220; hover_enabled=&#8220;0\u2033 sticky_enabled=&#8220;0\u2033]<\/p>\n<h2>Wer sind wir?<\/h2>\n<p>Name: Phyt-Inov<br \/>Rechtsform: S.A.<br \/>IRC-Nummer: CHE-281.694.080<br \/>Gesch\u00e4ftsf\u00fchrer: Herr Ch\u00e9telat Fabien<br \/>Sitz: Phyt-Inov SA \u2013 Oeuchattes 11 \u2013 2843 Ch\u00e2tillon \u2013 Schweiz.<br \/>Tel.: (00 41) 32 466 89 14<br \/><a href=\"https:\/\/www.phyt-inov.com\/\">www.phyt-inov.com<\/a><a href=\"https:\/\/www.phyt-inov.com\/fr\/contact\"><\/a><\/p>\n<h2>Verwendung der erhobenen personenbezogenen Daten<\/h2>\n<h3>Kommentare<\/h3>\n<p>Wenn Sie auf unserer Website einen Kommentar hinterlassen, werden die im Kommentarformular eingetragenen Daten sowie Ihre IP-Adresse und der User-Agent Ihres Browsers erfasst, um uns bei der Erkennung unerw\u00fcnschter Kommentare zu unterst\u00fctzen.<\/p>\n<p>Eine anonymisierte Zeichenfolge, die aus Ihrer E-Mail-Adresse erstellt wird (auch Hash genannt), kann an den Gravatar-Dienst gesendet werden, um zu pr\u00fcfen, ob Sie diesen nutzen. Die Datenschutzbestimmungen des Gravatar-Dienstes finden Sie hier: https:\/\/automattic.com\/privacy\/. Nach Freigabe Ihres Kommentars ist Ihr Profilbild \u00f6ffentlich neben Ihrem Kommentar sichtbar. <\/p>\n<h3>Medien<\/h3>\n<p>Wenn Sie ein registrierter Benutzer bzw. eine registrierte Benutzerin sind und Bilder auf die Website hochladen, empfehlen wir Ihnen, keine Bilder hochzuladen, die EXIF-Daten mit GPS-Koordinaten enthalten. Besucher Ihrer Website k\u00f6nnen Standortdaten aus diesen Bildern herunterladen und extrahieren. <\/p>\n<h3>Kontaktformulare<\/h3>\n<h3>Cookies<\/h3>\n<p>Wenn Sie einen Kommentar auf unserer Website hinterlassen, wird Ihnen angeboten, Ihren Namen, Ihre E-Mail-Adresse und Ihre Website in Cookies zu speichern. Dies dient ausschlie\u00dflich Ihrem Komfort, damit Sie diese Informationen nicht erneut eingeben m\u00fcssen, wenn Sie sp\u00e4ter einen weiteren Kommentar hinterlassen. Diese Cookies verfallen nach einem Jahr.  <\/p>\n<p>Wenn Sie ein Konto haben und sich auf dieser Website anmelden, wird ein tempor\u00e4res Cookie erstellt, um festzustellen, ob Ihr Browser Cookies akzeptiert. Es enth\u00e4lt keine personenbezogenen Daten und wird automatisch gel\u00f6scht, wenn Sie Ihren Browser schlie\u00dfen. <\/p>\n<p>Wenn Sie sich anmelden, richten wir eine Reihe von Cookies ein, um Ihre Anmeldeinformationen und Ihre Anzeigeeinstellungen zu speichern. Die Lebensdauer eines Login-Cookies betr\u00e4gt zwei Tage, die eines Cookies f\u00fcr Anzeigeoptionen ein Jahr. Wenn Sie \u201eAngemeldet bleiben\u201c ausw\u00e4hlen, bleibt Ihr Login-Cookie zwei Wochen lang erhalten. Wenn Sie sich von Ihrem Konto abmelden, wird das Login-Cookie gel\u00f6scht.   <\/p>\n<p>Wenn Sie einen Beitrag bearbeiten oder ver\u00f6ffentlichen, wird ein zus\u00e4tzliches Cookie in Ihrem Browser gespeichert. Dieses Cookie enth\u00e4lt keine personenbezogenen Daten. Es zeigt lediglich die ID des Beitrags an, den Sie gerade bearbeitet haben. Es verf\u00e4llt nach einem Tag.   <\/p>\n<h3>Eingebettete Inhalte von anderen Websites<\/h3>\n<p>Beitr\u00e4ge auf dieser Website k\u00f6nnen eingebettete Inhalte enthalten (z. B. Videos, Bilder, Beitr\u00e4ge \u2026). Eingebettete Inhalte von anderen Websites verhalten sich so, als ob der Besucher diese andere Website besuchen w\u00fcrde. <\/p>\n<p>Diese Websites k\u00f6nnten Daten \u00fcber Sie sammeln, Cookies verwenden, Tools von Drittanbietern zur Nachverfolgung einbetten und Ihre Interaktionen mit diesen eingebetteten Inhalten verfolgen, wenn Sie \u00fcber ein Konto verf\u00fcgen und auf deren Website angemeldet sind.<\/p>\n<h3>Statistiken und Reichweitenmessung<\/h3>\n<h2>Verwendung und Weitergabe Ihrer personenbezogenen Daten<\/h2>\n<h3>Speicherdauer Ihrer Daten<\/h3>\n<p>Wenn Sie einen Kommentar hinterlassen, werden der Kommentar und seine Metadaten zeitlich unbegrenzt gespeichert. Dies erm\u00f6glicht es, Folgekommentare automatisch zu erkennen und freizugeben, anstatt sie in der Moderationswarteschlange zu belassen. <\/p>\n<p>F\u00fcr Benutzer und Benutzerinnen, die sich auf unserer Website registrieren (sofern dies m\u00f6glich ist), speichern wir au\u00dferdem die in ihrem Profil angegebenen personenbezogenen Daten. Alle Benutzer und Benutzerinnen k\u00f6nnen ihre pers\u00f6nlichen Informationen jederzeit einsehen, \u00e4ndern oder l\u00f6schen (mit Ausnahme ihres Benutzernamens). Die Website-Administratoren k\u00f6nnen diese Informationen ebenfalls einsehen und \u00e4ndern.  <\/p>\n<h3>Ihre Rechte in Bezug auf Ihre Daten<\/h3>\n<p>Wenn Sie ein Konto haben oder Kommentare auf der Website hinterlassen haben, k\u00f6nnen Sie anfordern, eine Datei mit allen personenbezogenen Daten zu erhalten, die wir \u00fcber Sie gespeichert haben, einschlie\u00dflich der Daten, die Sie uns bereitgestellt haben. Sie k\u00f6nnen au\u00dferdem die L\u00f6schung der Sie betreffenden personenbezogenen Daten verlangen. Davon ausgenommen sind Daten, die zu administrativen, rechtlichen oder sicherheitsrelevanten Zwecken gespeichert werden.  <\/p>\n<h3>Weitergabe Ihrer personenbezogenen Daten<\/h3>\n<p>Kommentare von Besuchern k\u00f6nnen mithilfe eines automatisierten Dienstes zur Erkennung unerw\u00fcnschter Kommentare \u00fcberpr\u00fcft werden.<\/p>\n<h3>Werbung und Mailing:  <\/h3>\n<p>Durch das Erstellen eines Kundenkontos melden Sie sich an, um ein bis zwei E-Mails pro Monat zu erhalten, die Sie \u00fcber unsere Produkte und exklusive Sonderangebote informieren. Sie haben die volle Kontrolle \u00fcber Ihr Abonnement und k\u00f6nnen sich jederzeit abmelden, indem Sie angeben, dass Sie nicht mehr in unserer Versandliste gef\u00fchrt werden m\u00f6chten. <\/p>\n<p>[\/et_pb_text][\/et_pb_column][\/et_pb_row][\/et_pb_section]<\/p>\n","protected":false},"excerpt":{"rendered":"<p>Datenschutzerkl\u00e4rungWer sind wir? Name: Phyt-InovRechtsform: S.A.IRC-Nummer: CHE-281.694.080Gesch\u00e4ftsf\u00fchrer: Herr Ch\u00e9telat FabienSitz: Phyt-Inov SA \u2013 Oeuchattes 11 \u2013 2843 Ch\u00e2tillon \u2013 Schweiz.Tel.: (00 41) 32 466 89 14www.phyt-inov.com Verwendung der erhobenen personenbezogenen Daten Kommentare Wenn Sie auf unserer Website einen Kommentar hinterlassen, werden die im Kommentarformular eingetragenen Daten sowie Ihre IP-Adresse und der User-Agent Ihres Browsers erfasst, [&hellip;]<\/p>\n","protected":false},"author":1,"featured_media":0,"parent":0,"menu_order":0,"comment_status":"closed","ping_status":"closed","template":"","meta":{"_et_pb_use_builder":"on","_et_pb_old_content":"","_et_gb_content_width":"","footnotes":""},"class_list":["post-83691","page","type-page","status-publish","hentry"],"yoast_head":"<!-- This site is optimized with the Yoast SEO plugin v27.3 - https:\/\/yoast.com\/product\/yoast-seo-wordpress\/ -->\n<title>Datenschutzerkl\u00e4rung: Datenschutz | Phyt-Inov<\/title>\n<meta name=\"description\" content=\"Erfahren Sie, wie wir Ihre personenbezogenen Daten sch\u00fctzen und Ihre Privatsph\u00e4re in unserem Online-Shop respektieren.\" \/>\n<meta name=\"robots\" content=\"index, follow, max-snippet:-1, max-image-preview:large, max-video-preview:-1\" \/>\n<link rel=\"canonical\" href=\"https:\/\/www.phyt-inov.com\/de\/datenschutzerklaerung\/\" \/>\n<meta property=\"og:locale\" content=\"de_DE\" \/>\n<meta property=\"og:type\" content=\"article\" \/>\n<meta property=\"og:title\" content=\"Datenschutzerkl\u00e4rung: Datenschutz | Phyt-Inov\" \/>\n<meta property=\"og:description\" content=\"Erfahren Sie, wie wir Ihre personenbezogenen Daten sch\u00fctzen und Ihre Privatsph\u00e4re in unserem Online-Shop respektieren.\" \/>\n<meta property=\"og:url\" content=\"https:\/\/www.phyt-inov.com\/de\/datenschutzerklaerung\/\" \/>\n<meta property=\"og:site_name\" content=\"Phyt-Inov\" \/>\n<meta property=\"article:publisher\" content=\"https:\/\/www.facebook.com\/phytinov\/\" \/>\n<meta property=\"article:modified_time\" content=\"2026-03-30T09:09:30+00:00\" \/>\n<meta property=\"og:image\" content=\"https:\/\/www.phyt-inov.com\/wp-content\/uploads\/2025\/12\/logo_phytinov.png\" \/>\n\t<meta property=\"og:image:width\" content=\"1411\" \/>\n\t<meta property=\"og:image:height\" content=\"1069\" \/>\n\t<meta property=\"og:image:type\" content=\"image\/png\" \/>\n<meta name=\"twitter:card\" content=\"summary_large_image\" \/>\n<meta name=\"twitter:label1\" content=\"Gesch\u00e4tzte Lesezeit\" \/>\n\t<meta name=\"twitter:data1\" content=\"4\u00a0Minute\" \/>\n<script type=\"application\/ld+json\" class=\"yoast-schema-graph\">{\"@context\":\"https:\\\/\\\/schema.org\",\"@graph\":[{\"@type\":\"WebPage\",\"@id\":\"https:\\\/\\\/www.phyt-inov.com\\\/de\\\/datenschutzerklaerung\\\/\",\"url\":\"https:\\\/\\\/www.phyt-inov.com\\\/de\\\/datenschutzerklaerung\\\/\",\"name\":\"Datenschutzerkl\u00e4rung: Datenschutz | Phyt-Inov\",\"isPartOf\":{\"@id\":\"https:\\\/\\\/www.phyt-inov.com\\\/de\\\/#website\"},\"datePublished\":\"2025-10-06T15:07:58+00:00\",\"dateModified\":\"2026-03-30T09:09:30+00:00\",\"description\":\"Erfahren Sie, wie wir Ihre personenbezogenen Daten sch\u00fctzen und Ihre Privatsph\u00e4re in unserem Online-Shop respektieren.\",\"breadcrumb\":{\"@id\":\"https:\\\/\\\/www.phyt-inov.com\\\/de\\\/datenschutzerklaerung\\\/#breadcrumb\"},\"inLanguage\":\"de\",\"potentialAction\":[{\"@type\":\"ReadAction\",\"target\":[\"https:\\\/\\\/www.phyt-inov.com\\\/de\\\/datenschutzerklaerung\\\/\"]}]},{\"@type\":\"BreadcrumbList\",\"@id\":\"https:\\\/\\\/www.phyt-inov.com\\\/de\\\/datenschutzerklaerung\\\/#breadcrumb\",\"itemListElement\":[{\"@type\":\"ListItem\",\"position\":1,\"name\":\"Accueil\",\"item\":\"https:\\\/\\\/www.phyt-inov.com\\\/de\\\/startseite\\\/\"},{\"@type\":\"ListItem\",\"position\":2,\"name\":\"Datenschutzerkl\u00e4rung\"}]},{\"@type\":\"WebSite\",\"@id\":\"https:\\\/\\\/www.phyt-inov.com\\\/de\\\/#website\",\"url\":\"https:\\\/\\\/www.phyt-inov.com\\\/de\\\/\",\"name\":\"Phyt-Inov International\",\"description\":\"L&#039;efficacit\u00e9 naturelle pour vos soins quotidiens\",\"publisher\":{\"@id\":\"https:\\\/\\\/www.phyt-inov.com\\\/de\\\/#organization\"},\"alternateName\":\"phyt-inov\",\"potentialAction\":[{\"@type\":\"SearchAction\",\"target\":{\"@type\":\"EntryPoint\",\"urlTemplate\":\"https:\\\/\\\/www.phyt-inov.com\\\/de\\\/?s={search_term_string}\"},\"query-input\":{\"@type\":\"PropertyValueSpecification\",\"valueRequired\":true,\"valueName\":\"search_term_string\"}}],\"inLanguage\":\"de\"},{\"@type\":\"Organization\",\"@id\":\"https:\\\/\\\/www.phyt-inov.com\\\/de\\\/#organization\",\"name\":\"Phyt-Inov\",\"alternateName\":\"Phyt-Inov\",\"url\":\"https:\\\/\\\/www.phyt-inov.com\\\/de\\\/\",\"logo\":{\"@type\":\"ImageObject\",\"inLanguage\":\"de\",\"@id\":\"https:\\\/\\\/www.phyt-inov.com\\\/de\\\/#\\\/schema\\\/logo\\\/image\\\/\",\"url\":\"https:\\\/\\\/www.phyt-inov.com\\\/wp-content\\\/uploads\\\/2025\\\/09\\\/Logo-site-phyt-inov4_Plan-de-travail-1-2048x760-1.png\",\"contentUrl\":\"https:\\\/\\\/www.phyt-inov.com\\\/wp-content\\\/uploads\\\/2025\\\/09\\\/Logo-site-phyt-inov4_Plan-de-travail-1-2048x760-1.png\",\"width\":2048,\"height\":760,\"caption\":\"Phyt-Inov\"},\"image\":{\"@id\":\"https:\\\/\\\/www.phyt-inov.com\\\/de\\\/#\\\/schema\\\/logo\\\/image\\\/\"},\"sameAs\":[\"https:\\\/\\\/www.facebook.com\\\/phytinov\\\/\",\"https:\\\/\\\/www.youtube.com\\\/channel\\\/UCE05sYsSXuuKbLqs4Au3e4Q\",\"https:\\\/\\\/www.instagram.com\\\/phytinov\\\/\"]}]}<\/script>\n<!-- \/ Yoast SEO plugin. -->","yoast_head_json":{"title":"Datenschutzerkl\u00e4rung: Datenschutz | Phyt-Inov","description":"Erfahren Sie, wie wir Ihre personenbezogenen Daten sch\u00fctzen und Ihre Privatsph\u00e4re in unserem Online-Shop respektieren.","robots":{"index":"index","follow":"follow","max-snippet":"max-snippet:-1","max-image-preview":"max-image-preview:large","max-video-preview":"max-video-preview:-1"},"canonical":"https:\/\/www.phyt-inov.com\/de\/datenschutzerklaerung\/","og_locale":"de_DE","og_type":"article","og_title":"Datenschutzerkl\u00e4rung: Datenschutz | Phyt-Inov","og_description":"Erfahren Sie, wie wir Ihre personenbezogenen Daten sch\u00fctzen und Ihre Privatsph\u00e4re in unserem Online-Shop respektieren.","og_url":"https:\/\/www.phyt-inov.com\/de\/datenschutzerklaerung\/","og_site_name":"Phyt-Inov","article_publisher":"https:\/\/www.facebook.com\/phytinov\/","article_modified_time":"2026-03-30T09:09:30+00:00","og_image":[{"width":1411,"height":1069,"url":"https:\/\/www.phyt-inov.com\/wp-content\/uploads\/2025\/12\/logo_phytinov.png","type":"image\/png"}],"twitter_card":"summary_large_image","twitter_misc":{"Gesch\u00e4tzte Lesezeit":"4\u00a0Minute"},"schema":{"@context":"https:\/\/schema.org","@graph":[{"@type":"WebPage","@id":"https:\/\/www.phyt-inov.com\/de\/datenschutzerklaerung\/","url":"https:\/\/www.phyt-inov.com\/de\/datenschutzerklaerung\/","name":"Datenschutzerkl\u00e4rung: Datenschutz | Phyt-Inov","isPartOf":{"@id":"https:\/\/www.phyt-inov.com\/de\/#website"},"datePublished":"2025-10-06T15:07:58+00:00","dateModified":"2026-03-30T09:09:30+00:00","description":"Erfahren Sie, wie wir Ihre personenbezogenen Daten sch\u00fctzen und Ihre Privatsph\u00e4re in unserem Online-Shop respektieren.","breadcrumb":{"@id":"https:\/\/www.phyt-inov.com\/de\/datenschutzerklaerung\/#breadcrumb"},"inLanguage":"de","potentialAction":[{"@type":"ReadAction","target":["https:\/\/www.phyt-inov.com\/de\/datenschutzerklaerung\/"]}]},{"@type":"BreadcrumbList","@id":"https:\/\/www.phyt-inov.com\/de\/datenschutzerklaerung\/#breadcrumb","itemListElement":[{"@type":"ListItem","position":1,"name":"Accueil","item":"https:\/\/www.phyt-inov.com\/de\/startseite\/"},{"@type":"ListItem","position":2,"name":"Datenschutzerkl\u00e4rung"}]},{"@type":"WebSite","@id":"https:\/\/www.phyt-inov.com\/de\/#website","url":"https:\/\/www.phyt-inov.com\/de\/","name":"Phyt-Inov International","description":"L&#039;efficacit\u00e9 naturelle pour vos soins quotidiens","publisher":{"@id":"https:\/\/www.phyt-inov.com\/de\/#organization"},"alternateName":"phyt-inov","potentialAction":[{"@type":"SearchAction","target":{"@type":"EntryPoint","urlTemplate":"https:\/\/www.phyt-inov.com\/de\/?s={search_term_string}"},"query-input":{"@type":"PropertyValueSpecification","valueRequired":true,"valueName":"search_term_string"}}],"inLanguage":"de"},{"@type":"Organization","@id":"https:\/\/www.phyt-inov.com\/de\/#organization","name":"Phyt-Inov","alternateName":"Phyt-Inov","url":"https:\/\/www.phyt-inov.com\/de\/","logo":{"@type":"ImageObject","inLanguage":"de","@id":"https:\/\/www.phyt-inov.com\/de\/#\/schema\/logo\/image\/","url":"https:\/\/www.phyt-inov.com\/wp-content\/uploads\/2025\/09\/Logo-site-phyt-inov4_Plan-de-travail-1-2048x760-1.png","contentUrl":"https:\/\/www.phyt-inov.com\/wp-content\/uploads\/2025\/09\/Logo-site-phyt-inov4_Plan-de-travail-1-2048x760-1.png","width":2048,"height":760,"caption":"Phyt-Inov"},"image":{"@id":"https:\/\/www.phyt-inov.com\/de\/#\/schema\/logo\/image\/"},"sameAs":["https:\/\/www.facebook.com\/phytinov\/","https:\/\/www.youtube.com\/channel\/UCE05sYsSXuuKbLqs4Au3e4Q","https:\/\/www.instagram.com\/phytinov\/"]}]}},"jetpack_sharing_enabled":true,"_links":{"self":[{"href":"https:\/\/www.phyt-inov.com\/de\/wp-json\/wp\/v2\/pages\/83691","targetHints":{"allow":["GET"]}}],"collection":[{"href":"https:\/\/www.phyt-inov.com\/de\/wp-json\/wp\/v2\/pages"}],"about":[{"href":"https:\/\/www.phyt-inov.com\/de\/wp-json\/wp\/v2\/types\/page"}],"author":[{"embeddable":true,"href":"https:\/\/www.phyt-inov.com\/de\/wp-json\/wp\/v2\/users\/1"}],"replies":[{"embeddable":true,"href":"https:\/\/www.phyt-inov.com\/de\/wp-json\/wp\/v2\/comments?post=83691"}],"version-history":[{"count":1,"href":"https:\/\/www.phyt-inov.com\/de\/wp-json\/wp\/v2\/pages\/83691\/revisions"}],"predecessor-version":[{"id":83694,"href":"https:\/\/www.phyt-inov.com\/de\/wp-json\/wp\/v2\/pages\/83691\/revisions\/83694"}],"wp:attachment":[{"href":"https:\/\/www.phyt-inov.com\/de\/wp-json\/wp\/v2\/media?parent=83691"}],"curies":[{"name":"wp","href":"https:\/\/api.w.org\/{rel}","templated":true}]}}