{"id":83687,"date":"2025-10-06T14:54:47","date_gmt":"2025-10-06T14:54:47","guid":{"rendered":"https:\/\/www.phyt-inov.com\/wer-sind-wir\/"},"modified":"2026-03-30T09:09:30","modified_gmt":"2026-03-30T09:09:30","slug":"wer-sind-wir","status":"publish","type":"page","link":"https:\/\/www.phyt-inov.com\/de\/wer-sind-wir\/","title":{"rendered":"Wer sind wir?"},"content":{"rendered":"<p>[et_pb_section fb_built=&#8220;1\u2033 theme_builder_area=&#8220;post_content&#8220; _builder_version=&#8220;4.27.4\u2033 _module_preset=&#8220;default&#8220;][et_pb_row _builder_version=&#8220;4.27.4\u2033 _module_preset=&#8220;default&#8220; theme_builder_area=&#8220;post_content&#8220;][et_pb_column _builder_version=&#8220;4.27.4\u2033 _module_preset=&#8220;default&#8220; type=&#8220;4_4\u2033 theme_builder_area=&#8220;post_content&#8220;][et_pb_text _builder_version=&#8220;4.27.4\u2033 _module_preset=&#8220;default&#8220; theme_builder_area=&#8220;post_content&#8220; hover_enabled=&#8220;0\u2033 sticky_enabled=&#8220;0\u2033]<\/p>\n<h1 style=\"text-align: center;\">Wer sind wir?<\/h1>\n<p>[\/et_pb_text][et_pb_text _builder_version=&#8220;4.27.4\u2033 _module_preset=&#8220;default&#8220; theme_builder_area=&#8220;post_content&#8220; hover_enabled=&#8220;0\u2033 sticky_enabled=&#8220;0\u2033]<\/p>\n<h2>Ein weltweit einzigartiges Know-how<\/h2>\n<p>Das Labor Phyt-Inov, das die Marken Phyt-Inov, Flora d\u2019Essarts und Monsieur d\u2019Essarts produziert, ist seit jeher in der Schweiz ans\u00e4ssig und vertreibt Sch\u00f6nheits- und Hygieneprodukte sowie Nahrungserg\u00e4nzungsmittel.<\/p>\n<p>Diese Website widmet sich haupts\u00e4chlich dem Vertrieb der Produkte des internationalen Labors Phyt-Inov.<\/p>\n<p>Seit mehr als einer Generation stellen wir Ihnen das gesamte Know-how und die Erfahrung von Phyt-Inov zur Verf\u00fcgung, um nat\u00fcrliche Produkte von unvergleichlicher Wirksamkeit und Reinheit zu formulieren.<\/p>\n<p>[\/et_pb_text][\/et_pb_column][\/et_pb_row][\/et_pb_section]<\/p>\n","protected":false},"excerpt":{"rendered":"<p>Wer sind wir?Ein weltweit einzigartiges Know-how Das Labor Phyt-Inov, das die Marken Phyt-Inov, Flora d\u2019Essarts und Monsieur d\u2019Essarts produziert, ist seit jeher in der Schweiz ans\u00e4ssig und vertreibt Sch\u00f6nheits- und Hygieneprodukte sowie Nahrungserg\u00e4nzungsmittel. Diese Website widmet sich haupts\u00e4chlich dem Vertrieb der Produkte des internationalen Labors Phyt-Inov. Seit mehr als einer Generation stellen wir Ihnen das [&hellip;]<\/p>\n","protected":false},"author":1,"featured_media":0,"parent":0,"menu_order":0,"comment_status":"closed","ping_status":"closed","template":"","meta":{"_et_pb_use_builder":"on","_et_pb_old_content":"","_et_gb_content_width":"","footnotes":""},"class_list":["post-83687","page","type-page","status-publish","hentry"],"yoast_head":"<!-- This site is optimized with the Yoast SEO plugin v27.3 - https:\/\/yoast.com\/product\/yoast-seo-wordpress\/ -->\n<title>Wer sind wir? Unsere Geschichte &amp; Werte | Phyt-Inov<\/title>\n<meta name=\"description\" content=\"Entdecken Sie die Geschichte von Phyt-Inov, unser Engagement f\u00fcr nat\u00fcrliche Gesundheit und die Qualit\u00e4t unserer Schweizer Produkte.\" \/>\n<meta name=\"robots\" content=\"index, follow, max-snippet:-1, max-image-preview:large, max-video-preview:-1\" \/>\n<link rel=\"canonical\" href=\"https:\/\/www.phyt-inov.com\/de\/wer-sind-wir\/\" \/>\n<meta property=\"og:locale\" content=\"de_DE\" \/>\n<meta property=\"og:type\" content=\"article\" \/>\n<meta property=\"og:title\" content=\"Wer sind wir? Unsere Geschichte &amp; Werte | Phyt-Inov\" \/>\n<meta property=\"og:description\" content=\"Entdecken Sie die Geschichte von Phyt-Inov, unser Engagement f\u00fcr nat\u00fcrliche Gesundheit und die Qualit\u00e4t unserer Schweizer Produkte.\" \/>\n<meta property=\"og:url\" content=\"https:\/\/www.phyt-inov.com\/de\/wer-sind-wir\/\" \/>\n<meta property=\"og:site_name\" content=\"Phyt-Inov\" \/>\n<meta property=\"article:publisher\" content=\"https:\/\/www.facebook.com\/phytinov\/\" \/>\n<meta property=\"article:modified_time\" content=\"2026-03-30T09:09:30+00:00\" \/>\n<meta property=\"og:image\" content=\"https:\/\/www.phyt-inov.com\/wp-content\/uploads\/2025\/12\/logo_phytinov.png\" \/>\n\t<meta property=\"og:image:width\" content=\"1411\" \/>\n\t<meta property=\"og:image:height\" content=\"1069\" \/>\n\t<meta property=\"og:image:type\" content=\"image\/png\" \/>\n<meta name=\"twitter:card\" content=\"summary_large_image\" \/>\n<meta name=\"twitter:label1\" content=\"Gesch\u00e4tzte Lesezeit\" \/>\n\t<meta name=\"twitter:data1\" content=\"1\u00a0Minute\" \/>\n<script type=\"application\/ld+json\" class=\"yoast-schema-graph\">{\"@context\":\"https:\\\/\\\/schema.org\",\"@graph\":[{\"@type\":\"WebPage\",\"@id\":\"https:\\\/\\\/www.phyt-inov.com\\\/de\\\/wer-sind-wir\\\/\",\"url\":\"https:\\\/\\\/www.phyt-inov.com\\\/de\\\/wer-sind-wir\\\/\",\"name\":\"Wer sind wir? Unsere Geschichte & Werte | Phyt-Inov\",\"isPartOf\":{\"@id\":\"https:\\\/\\\/www.phyt-inov.com\\\/de\\\/#website\"},\"datePublished\":\"2025-10-06T14:54:47+00:00\",\"dateModified\":\"2026-03-30T09:09:30+00:00\",\"description\":\"Entdecken Sie die Geschichte von Phyt-Inov, unser Engagement f\u00fcr nat\u00fcrliche Gesundheit und die Qualit\u00e4t unserer Schweizer Produkte.\",\"breadcrumb\":{\"@id\":\"https:\\\/\\\/www.phyt-inov.com\\\/de\\\/wer-sind-wir\\\/#breadcrumb\"},\"inLanguage\":\"de\",\"potentialAction\":[{\"@type\":\"ReadAction\",\"target\":[\"https:\\\/\\\/www.phyt-inov.com\\\/de\\\/wer-sind-wir\\\/\"]}]},{\"@type\":\"BreadcrumbList\",\"@id\":\"https:\\\/\\\/www.phyt-inov.com\\\/de\\\/wer-sind-wir\\\/#breadcrumb\",\"itemListElement\":[{\"@type\":\"ListItem\",\"position\":1,\"name\":\"Accueil\",\"item\":\"https:\\\/\\\/www.phyt-inov.com\\\/de\\\/startseite\\\/\"},{\"@type\":\"ListItem\",\"position\":2,\"name\":\"Wer sind wir?\"}]},{\"@type\":\"WebSite\",\"@id\":\"https:\\\/\\\/www.phyt-inov.com\\\/de\\\/#website\",\"url\":\"https:\\\/\\\/www.phyt-inov.com\\\/de\\\/\",\"name\":\"Phyt-Inov International\",\"description\":\"L&#039;efficacit\u00e9 naturelle pour vos soins quotidiens\",\"publisher\":{\"@id\":\"https:\\\/\\\/www.phyt-inov.com\\\/de\\\/#organization\"},\"alternateName\":\"phyt-inov\",\"potentialAction\":[{\"@type\":\"SearchAction\",\"target\":{\"@type\":\"EntryPoint\",\"urlTemplate\":\"https:\\\/\\\/www.phyt-inov.com\\\/de\\\/?s={search_term_string}\"},\"query-input\":{\"@type\":\"PropertyValueSpecification\",\"valueRequired\":true,\"valueName\":\"search_term_string\"}}],\"inLanguage\":\"de\"},{\"@type\":\"Organization\",\"@id\":\"https:\\\/\\\/www.phyt-inov.com\\\/de\\\/#organization\",\"name\":\"Phyt-Inov\",\"alternateName\":\"Phyt-Inov\",\"url\":\"https:\\\/\\\/www.phyt-inov.com\\\/de\\\/\",\"logo\":{\"@type\":\"ImageObject\",\"inLanguage\":\"de\",\"@id\":\"https:\\\/\\\/www.phyt-inov.com\\\/de\\\/#\\\/schema\\\/logo\\\/image\\\/\",\"url\":\"https:\\\/\\\/www.phyt-inov.com\\\/wp-content\\\/uploads\\\/2025\\\/09\\\/Logo-site-phyt-inov4_Plan-de-travail-1-2048x760-1.png\",\"contentUrl\":\"https:\\\/\\\/www.phyt-inov.com\\\/wp-content\\\/uploads\\\/2025\\\/09\\\/Logo-site-phyt-inov4_Plan-de-travail-1-2048x760-1.png\",\"width\":2048,\"height\":760,\"caption\":\"Phyt-Inov\"},\"image\":{\"@id\":\"https:\\\/\\\/www.phyt-inov.com\\\/de\\\/#\\\/schema\\\/logo\\\/image\\\/\"},\"sameAs\":[\"https:\\\/\\\/www.facebook.com\\\/phytinov\\\/\",\"https:\\\/\\\/www.youtube.com\\\/channel\\\/UCE05sYsSXuuKbLqs4Au3e4Q\",\"https:\\\/\\\/www.instagram.com\\\/phytinov\\\/\"]}]}<\/script>\n<!-- \/ Yoast SEO plugin. -->","yoast_head_json":{"title":"Wer sind wir? Unsere Geschichte & Werte | Phyt-Inov","description":"Entdecken Sie die Geschichte von Phyt-Inov, unser Engagement f\u00fcr nat\u00fcrliche Gesundheit und die Qualit\u00e4t unserer Schweizer Produkte.","robots":{"index":"index","follow":"follow","max-snippet":"max-snippet:-1","max-image-preview":"max-image-preview:large","max-video-preview":"max-video-preview:-1"},"canonical":"https:\/\/www.phyt-inov.com\/de\/wer-sind-wir\/","og_locale":"de_DE","og_type":"article","og_title":"Wer sind wir? Unsere Geschichte & Werte | Phyt-Inov","og_description":"Entdecken Sie die Geschichte von Phyt-Inov, unser Engagement f\u00fcr nat\u00fcrliche Gesundheit und die Qualit\u00e4t unserer Schweizer Produkte.","og_url":"https:\/\/www.phyt-inov.com\/de\/wer-sind-wir\/","og_site_name":"Phyt-Inov","article_publisher":"https:\/\/www.facebook.com\/phytinov\/","article_modified_time":"2026-03-30T09:09:30+00:00","og_image":[{"width":1411,"height":1069,"url":"https:\/\/www.phyt-inov.com\/wp-content\/uploads\/2025\/12\/logo_phytinov.png","type":"image\/png"}],"twitter_card":"summary_large_image","twitter_misc":{"Gesch\u00e4tzte Lesezeit":"1\u00a0Minute"},"schema":{"@context":"https:\/\/schema.org","@graph":[{"@type":"WebPage","@id":"https:\/\/www.phyt-inov.com\/de\/wer-sind-wir\/","url":"https:\/\/www.phyt-inov.com\/de\/wer-sind-wir\/","name":"Wer sind wir? Unsere Geschichte & Werte | Phyt-Inov","isPartOf":{"@id":"https:\/\/www.phyt-inov.com\/de\/#website"},"datePublished":"2025-10-06T14:54:47+00:00","dateModified":"2026-03-30T09:09:30+00:00","description":"Entdecken Sie die Geschichte von Phyt-Inov, unser Engagement f\u00fcr nat\u00fcrliche Gesundheit und die Qualit\u00e4t unserer Schweizer Produkte.","breadcrumb":{"@id":"https:\/\/www.phyt-inov.com\/de\/wer-sind-wir\/#breadcrumb"},"inLanguage":"de","potentialAction":[{"@type":"ReadAction","target":["https:\/\/www.phyt-inov.com\/de\/wer-sind-wir\/"]}]},{"@type":"BreadcrumbList","@id":"https:\/\/www.phyt-inov.com\/de\/wer-sind-wir\/#breadcrumb","itemListElement":[{"@type":"ListItem","position":1,"name":"Accueil","item":"https:\/\/www.phyt-inov.com\/de\/startseite\/"},{"@type":"ListItem","position":2,"name":"Wer sind wir?"}]},{"@type":"WebSite","@id":"https:\/\/www.phyt-inov.com\/de\/#website","url":"https:\/\/www.phyt-inov.com\/de\/","name":"Phyt-Inov International","description":"L&#039;efficacit\u00e9 naturelle pour vos soins quotidiens","publisher":{"@id":"https:\/\/www.phyt-inov.com\/de\/#organization"},"alternateName":"phyt-inov","potentialAction":[{"@type":"SearchAction","target":{"@type":"EntryPoint","urlTemplate":"https:\/\/www.phyt-inov.com\/de\/?s={search_term_string}"},"query-input":{"@type":"PropertyValueSpecification","valueRequired":true,"valueName":"search_term_string"}}],"inLanguage":"de"},{"@type":"Organization","@id":"https:\/\/www.phyt-inov.com\/de\/#organization","name":"Phyt-Inov","alternateName":"Phyt-Inov","url":"https:\/\/www.phyt-inov.com\/de\/","logo":{"@type":"ImageObject","inLanguage":"de","@id":"https:\/\/www.phyt-inov.com\/de\/#\/schema\/logo\/image\/","url":"https:\/\/www.phyt-inov.com\/wp-content\/uploads\/2025\/09\/Logo-site-phyt-inov4_Plan-de-travail-1-2048x760-1.png","contentUrl":"https:\/\/www.phyt-inov.com\/wp-content\/uploads\/2025\/09\/Logo-site-phyt-inov4_Plan-de-travail-1-2048x760-1.png","width":2048,"height":760,"caption":"Phyt-Inov"},"image":{"@id":"https:\/\/www.phyt-inov.com\/de\/#\/schema\/logo\/image\/"},"sameAs":["https:\/\/www.facebook.com\/phytinov\/","https:\/\/www.youtube.com\/channel\/UCE05sYsSXuuKbLqs4Au3e4Q","https:\/\/www.instagram.com\/phytinov\/"]}]}},"jetpack_sharing_enabled":true,"_links":{"self":[{"href":"https:\/\/www.phyt-inov.com\/de\/wp-json\/wp\/v2\/pages\/83687","targetHints":{"allow":["GET"]}}],"collection":[{"href":"https:\/\/www.phyt-inov.com\/de\/wp-json\/wp\/v2\/pages"}],"about":[{"href":"https:\/\/www.phyt-inov.com\/de\/wp-json\/wp\/v2\/types\/page"}],"author":[{"embeddable":true,"href":"https:\/\/www.phyt-inov.com\/de\/wp-json\/wp\/v2\/users\/1"}],"replies":[{"embeddable":true,"href":"https:\/\/www.phyt-inov.com\/de\/wp-json\/wp\/v2\/comments?post=83687"}],"version-history":[{"count":1,"href":"https:\/\/www.phyt-inov.com\/de\/wp-json\/wp\/v2\/pages\/83687\/revisions"}],"predecessor-version":[{"id":83690,"href":"https:\/\/www.phyt-inov.com\/de\/wp-json\/wp\/v2\/pages\/83687\/revisions\/83690"}],"wp:attachment":[{"href":"https:\/\/www.phyt-inov.com\/de\/wp-json\/wp\/v2\/media?parent=83687"}],"curies":[{"name":"wp","href":"https:\/\/api.w.org\/{rel}","templated":true}]}}